{"id":7176,"date":"2021-04-01T21:42:24","date_gmt":"2021-04-01T19:42:24","guid":{"rendered":"https:\/\/madelinefashion.pl\/?post_type=product&#038;p=7176"},"modified":"2026-01-20T10:34:38","modified_gmt":"2026-01-20T09:34:38","slug":"top-loca-z-falbanka-bezowy","status":"publish","type":"product","link":"https:\/\/madelinefashion.pl\/sk\/top-loca-z-falbanka-bezowy\/","title":{"rendered":"Top Loca s vol\u00e1nom v b\u00e9\u017eovej farbe"},"content":{"rendered":"<h3 style=\"text-align: center;\">Top Loca s vol\u00e1nom v b\u00e9\u017eovej farbe<\/h3>\n<p>Jemn\u00fd top s vol\u00e1nmi na jednom ramienku a v\u00fdstrihom do V je sexi model, ktor\u00fd dod\u00e1 na zmyselnosti ka\u017ed\u00e9mu v\u00e1\u0161mu stylingu. Vzdu\u0161n\u00fd, jemn\u00fd strih, ktor\u00fd sa hod\u00ed k mnoh\u00fdm \u0161t\u00fdlom. <strong>Elegantn\u00fd top s vol\u00e1nmi na ramienkach bude skvel\u00fdm doplnkom mnoh\u00fdch ka\u017edodenn\u00fdch a sofistikovan\u00fdch \u0161tyliz\u00e1ci\u00ed. <\/strong>S na\u0161imi modelmi bude vyzera\u0165 perfektne <a href=\"https:\/\/madelinefashion.pl\/sk\/spodnie\/\">nohavice<\/a> alebo \u0161ortky. Odpor\u00fa\u010dan\u00e1 jedna ve\u013ekos\u0165 <strong>XS SML\u00a0\u00a0<\/strong><\/p>\n<h3 style=\"text-align: center;\">Vlastnosti produktu:<\/h3>\n<p style=\"text-align: center;\">\u2013\u00a0<strong>remienkov\u00fd top<br \/>\n<\/strong>- \u0161t\u00fdlov\u00e9 a sexy<strong><br \/>\n<\/strong>- Sat\u00e9n, \u013eahk\u00fd materi\u00e1l<br \/>\n- poskakova\u0165<\/p>\n<p>&nbsp;<\/p>\n<h3 style=\"text-align: center;\">Rozmery:<\/h3>\n<ul>\n<li style=\"text-align: center;\">celkov\u00e1 d\u013a\u017eka: 60 cm<\/li>\n<li style=\"text-align: center;\">\u0161\u00edrka od pazuchy po pazuchu: 35-48 cm<\/li>\n<li style=\"text-align: center;\">\u0161\u00edrka dole: 47 cm<\/li>\n<\/ul>\n<p>&nbsp;<\/p>\n<table>\n<tbody>\n<tr>\n<td width=\"302\">Meno modela<\/td>\n<td width=\"302\">Top Loca s Frillom<\/td>\n<\/tr>\n<tr>\n<td width=\"302\">Farba<\/td>\n<td width=\"302\">B\u00e9\u017eov\u00e1<\/td>\n<\/tr>\n<tr>\n<td width=\"302\">ve\u013ekosti<\/td>\n<td width=\"302\">Univerz\u00e1lny<\/td>\n<\/tr>\n<tr>\n<td width=\"302\">M\u00f3da<\/td>\n<td width=\"302\">nadrozmern\u00e9<\/td>\n<\/tr>\n<tr>\n<td width=\"302\">Materi\u00e1l<\/td>\n<td width=\"302\">100 % Polyester<\/td>\n<\/tr>\n<\/tbody>\n<\/table>\n<p style=\"text-align: center;\"><span style=\"font-size: 10pt;\">\u00a0<\/span><\/p>\n<p style=\"text-align: center;\">Model m\u00e1\u00a0<strong>169<\/strong>\u00a0cm vysok\u00fd, nos\u00ed ve\u013ekos\u0165 ka\u017ed\u00fd de\u0148\u00a0<strong>S<\/strong><\/p>\n<p style=\"text-align: center;\">\u0160\u00edrka cez prsia 92 cm<\/p>\n<p style=\"text-align: center;\">\u0160\u00edrka v p\u00e1se 62 cm<\/p>\n<p style=\"text-align: center;\">\u0160\u00edrka v bokoch 94 cm<\/p>","protected":false},"excerpt":{"rendered":"<p>Top Loca z Falbank\u0105 Be\u017cowy Delikatny top z falbankami na jednym rami\u0105czku, z dekoltem w styl v to seksowny model, kt\u00f3ry doda ka\u017cdej Twojej stylizacji zmys\u0142owo\u015bci. Zwiewny, subtelny kr\u00f3j pasuj\u0105cy do wielu stylizacji. Elegancki top z falbankami na rami\u0105czkach, b\u0119dzie znakomitym uzupe\u0142nieniem wielu codziennych oraz wyszukanych stylizacji. Idealnie b\u0119dzie prezentowa\u0107 si\u0119 z naszymi modelami spodni<\/p>\n<div class=\"klb-readmore post-buttons\"><a class=\"button black outline size-sm\" href=\"https:\/\/madelinefashion.pl\/sk\/top-loca-z-falbanka-bezowy\/\">\u010c\u00edta\u0165 \u010falej <i class=\"klbth-icon-right-arrow\"><\/i><\/a><\/div>","protected":false},"featured_media":50305,"template":"","meta":[],"product_brand":[],"product_cat":[77],"product_tag":[292],"class_list":{"0":"post-7176","1":"product","2":"type-product","3":"status-publish","4":"has-post-thumbnail","6":"product_cat-bluzki","7":"product_tag-topy","9":"first","10":"instock","11":"sale","12":"purchasable","13":"product-type-simple"},"_links":{"self":[{"href":"https:\/\/madelinefashion.pl\/sk\/wp-json\/wp\/v2\/product\/7176","targetHints":{"allow":["GET"]}}],"collection":[{"href":"https:\/\/madelinefashion.pl\/sk\/wp-json\/wp\/v2\/product"}],"about":[{"href":"https:\/\/madelinefashion.pl\/sk\/wp-json\/wp\/v2\/types\/product"}],"wp:featuredmedia":[{"embeddable":true,"href":"https:\/\/madelinefashion.pl\/sk\/wp-json\/wp\/v2\/media\/50305"}],"wp:attachment":[{"href":"https:\/\/madelinefashion.pl\/sk\/wp-json\/wp\/v2\/media?parent=7176"}],"wp:term":[{"taxonomy":"product_brand","embeddable":true,"href":"https:\/\/madelinefashion.pl\/sk\/wp-json\/wp\/v2\/product_brand?post=7176"},{"taxonomy":"product_cat","embeddable":true,"href":"https:\/\/madelinefashion.pl\/sk\/wp-json\/wp\/v2\/product_cat?post=7176"},{"taxonomy":"product_tag","embeddable":true,"href":"https:\/\/madelinefashion.pl\/sk\/wp-json\/wp\/v2\/product_tag?post=7176"}],"curies":[{"name":"pracovn\u00fd list","href":"https:\/\/api.w.org\/{rel}","templated":true}]}}