{"id":722,"date":"2019-01-31T20:47:28","date_gmt":"2019-01-31T19:47:28","guid":{"rendered":"http:\/\/serwer2078743.home.pl\/?post_type=product&#038;p=722"},"modified":"2023-03-20T13:14:34","modified_gmt":"2023-03-20T12:14:34","slug":"body-koronkowe-odkryte-ramiona-czerwone","status":"publish","type":"product","link":"https:\/\/madelinefashion.pl\/sk\/body-koronkowe-odkryte-ramiona-czerwone\/","title":{"rendered":"\u010cipkovan\u00e9 \u010derven\u00e9 body mimo ramena"},"content":{"rendered":"<h3 style=\"text-align: center;\"><span style=\"vertical-align: inherit;\"><span style=\"vertical-align: inherit;\">\u010cipkovan\u00e9 \u010derven\u00e9 body mimo ramena<\/span><\/span><\/h3>\n<p>&nbsp;<\/p>\n<p style=\"text-align: center;\"><strong><span style=\"vertical-align: inherit;\"><span style=\"vertical-align: inherit;\">\u010cipkovan\u00e9 telov\u00e9 texty s ruk\u00e1vmi (3\/4)<\/span><\/span><\/strong><br \/>\n<span style=\"vertical-align: inherit;\"><span style=\"vertical-align: inherit;\"> Ide\u00e1lne pre elegantn\u00e9 \u0161tyliz\u00e1cie. <\/span><\/span><br \/>\n<span style=\"vertical-align: inherit;\"><span style=\"vertical-align: inherit;\">Body M\u00e1 neprieh\u013eadn\u00fa pod\u0161\u00edvku pod \u010dipkou a <\/span><\/span><strong><span style=\"vertical-align: inherit;\"><span style=\"vertical-align: inherit;\">stu\u017eovacie poh\u00e1re<\/span><\/span><\/strong><span style=\"vertical-align: inherit;\"><span style=\"vertical-align: inherit;\"> na poprsie. <\/span><\/span><br \/>\n<span style=\"vertical-align: inherit;\"><span style=\"vertical-align: inherit;\">Vyroben\u00e9 v\u00fdhradne z elastickej, pru\u017enej \u010dipky. <\/span><\/span><br \/>\n<strong><span style=\"vertical-align: inherit;\"><span style=\"vertical-align: inherit;\">\u010dipkovan\u00e9 telo naozaj mus\u00edte ma\u0165,<\/span><\/span><\/strong><span style=\"vertical-align: inherit;\"><span style=\"vertical-align: inherit;\"> ktor\u00e9 by mala ma\u0165 v \u0161atn\u00edku ka\u017ed\u00e1 \u017eena. <\/span><span style=\"vertical-align: inherit;\">Vyu\u017eite na\u0161e strihy a i. subt\u00edlne modely <\/span><span style=\"vertical-align: inherit;\">Na\u0161e \u010dipkovan\u00e9 telov\u00e9 rie\u0161enie pre rie\u0161enie, ktor\u00e9 v\u00e1m pom\u00f4\u017ee znovu uveri\u0165 vo va\u0161u kr\u00e1su \u2013 bez ak\u00fdchko\u013evek pochybnost\u00ed!<\/span><\/span><\/p>\n<p style=\"text-align: center;\"><strong><span style=\"vertical-align: inherit;\"><span style=\"vertical-align: inherit;\">Absol\u00fatny hit tejto sez\u00f3ny. <\/span><\/span><\/strong><br \/>\n<span style=\"vertical-align: inherit;\"><span style=\"vertical-align: inherit;\">Ve\u013emi by som odporu\u010dil!!!<\/span><\/span><\/p>\n<h3 style=\"text-align: center;\"><span style=\"vertical-align: inherit;\"><span style=\"vertical-align: inherit;\">Rozmery:<\/span><\/span><\/h3>\n<p style=\"text-align: center;\"><span style=\"vertical-align: inherit;\"><span style=\"vertical-align: inherit;\">\u0160\u00edrka od pazuchy po pazuchu 36-48 cm<\/span><\/span><\/p>\n<p style=\"text-align: center;\"><span style=\"vertical-align: inherit;\"><span style=\"vertical-align: inherit;\">Celkov\u00e1 d\u013a\u017eka 60-70 cm<\/span><\/span><\/p>\n<p style=\"text-align: center;\"><span style=\"vertical-align: inherit;\"><span style=\"vertical-align: inherit;\">D\u013a\u017eka ruk\u00e1va od podpazu\u0161ia 44 cm<\/span><\/span><\/p>\n<p style=\"text-align: center;\"><span style=\"vertical-align: inherit;\"><span style=\"vertical-align: inherit;\">Obvod bicepsu 20-30 cm<\/span><\/span><\/p>\n<p>&nbsp;<\/p>\n<p style=\"text-align: center;\"><span style=\"vertical-align: inherit;\"><span style=\"vertical-align: inherit;\">Rozmery sa m\u00f4\u017eu l\u00ed\u0161i\u0165. <\/span><span style=\"vertical-align: inherit;\">V\u0161etky uveden\u00e9 rozmery s\u00fa meran\u00e9 plo\u0161ne.\u00a0<\/span><\/span><strong><span style=\"vertical-align: inherit;\"><span style=\"vertical-align: inherit;\">rozmer x2<\/span><\/span><\/strong><\/p>\n<p>&nbsp;<\/p>\n<p>&nbsp;<\/p>\n<p style=\"text-align: center;\"><span style=\"vertical-align: inherit;\"><span style=\"vertical-align: inherit;\">\u00a0Model m\u00e1\u00a0 <\/span><\/span><strong><span style=\"vertical-align: inherit;\"><span style=\"vertical-align: inherit;\">169<\/span><\/span><\/strong><span style=\"vertical-align: inherit;\"><span style=\"vertical-align: inherit;\"> \u00a0cm vysok\u00fd, nos\u00ed ve\u013ekos\u0165 ka\u017ed\u00fd de\u0148\u00a0 <\/span><\/span><strong><span style=\"vertical-align: inherit;\"><span style=\"vertical-align: inherit;\">S<\/span><\/span><\/strong><\/p>\n<p style=\"text-align: center;\"><span style=\"vertical-align: inherit;\"><span style=\"vertical-align: inherit;\">\u0160\u00edrka cez prsia 92 cm<\/span><\/span><\/p>\n<p style=\"text-align: center;\"><span style=\"vertical-align: inherit;\"><span style=\"vertical-align: inherit;\">\u0160\u00edrka n\u00e1stroja 62 cm<\/span><\/span><\/p>\n<p style=\"text-align: center;\"><span style=\"vertical-align: inherit;\"><span style=\"vertical-align: inherit;\">\u0160\u00edrka v bokoch 94 cm<\/span><\/span><\/p>","protected":false},"excerpt":{"rendered":"<p>Body Koronkowe Odkryte Ramiona Czerwone &nbsp; Teksty koronkowe cia\u0142o z r\u0119kawem (3\/4) Idealne do eleganckich stylizacji. Body Posiada pod koronk\u0105 nie prze\u015bwituj\u0105c\u0105 podszewk\u0119 oraz usztywniaj\u0105ce miseczki na biust. Wykonane w ca\u0142o\u015bci z elastycznymi, rozci\u0105gliw\u0105 koronk\u0105. Cia\u0142o koronkowe na prawdziwy musi mie\u0107, kt\u00f3ry ka\u017cda kobieta mia\u0142a mie\u0107 w swojej szafie. Skorzystaj z naszych fason\u00f3w i modeli<\/p>\n<div class=\"klb-readmore post-buttons\"><a class=\"button black outline size-sm\" href=\"https:\/\/madelinefashion.pl\/sk\/body-koronkowe-odkryte-ramiona-czerwone\/\">\u010c\u00edta\u0165 \u010falej <i class=\"klbth-icon-right-arrow\"><\/i><\/a><\/div>","protected":false},"featured_media":32972,"template":"","meta":[],"product_brand":[],"product_cat":[84],"product_tag":[],"class_list":{"0":"post-722","1":"product","2":"type-product","3":"status-publish","4":"has-post-thumbnail","6":"product_cat-body","8":"first","9":"outofstock","10":"purchasable","11":"product-type-simple"},"_links":{"self":[{"href":"https:\/\/madelinefashion.pl\/sk\/wp-json\/wp\/v2\/product\/722","targetHints":{"allow":["GET"]}}],"collection":[{"href":"https:\/\/madelinefashion.pl\/sk\/wp-json\/wp\/v2\/product"}],"about":[{"href":"https:\/\/madelinefashion.pl\/sk\/wp-json\/wp\/v2\/types\/product"}],"wp:featuredmedia":[{"embeddable":true,"href":"https:\/\/madelinefashion.pl\/sk\/wp-json\/wp\/v2\/media\/32972"}],"wp:attachment":[{"href":"https:\/\/madelinefashion.pl\/sk\/wp-json\/wp\/v2\/media?parent=722"}],"wp:term":[{"taxonomy":"product_brand","embeddable":true,"href":"https:\/\/madelinefashion.pl\/sk\/wp-json\/wp\/v2\/product_brand?post=722"},{"taxonomy":"product_cat","embeddable":true,"href":"https:\/\/madelinefashion.pl\/sk\/wp-json\/wp\/v2\/product_cat?post=722"},{"taxonomy":"product_tag","embeddable":true,"href":"https:\/\/madelinefashion.pl\/sk\/wp-json\/wp\/v2\/product_tag?post=722"}],"curies":[{"name":"pracovn\u00fd list","href":"https:\/\/api.w.org\/{rel}","templated":true}]}}