{"id":7251,"date":"2021-04-01T23:21:42","date_gmt":"2021-04-01T21:21:42","guid":{"rendered":"https:\/\/madelinefashion.pl\/?post_type=product&#038;p=7251"},"modified":"2025-10-07T09:10:38","modified_gmt":"2025-10-07T07:10:38","slug":"spodnie-przekladane-wiazane-z-boku-czarne","status":"publish","type":"product","link":"https:\/\/madelinefashion.pl\/sk\/spodnie-przekladane-wiazane-z-boku-czarne\/","title":{"rendered":"\u010cierne nohavice s bo\u010dn\u00fdm viazan\u00edm"},"content":{"rendered":"<h3 style=\"text-align: center;\">\u010cierne nohavice s bo\u010dn\u00fdm viazan\u00edm<\/h3>\n<p style=\"text-align: center;\">Karen&#039;s Side Tied Layered Nohavice s\u00fa skuto\u010dn\u00fdm hitom tejto sez\u00f3ny. Dokonale sa hodia k na\u0161im bl\u00fazkam, napr\u00edklad k modelu Sasha<strong> unik\u00e1tny set<\/strong> ide\u00e1lne na jarn\u00e9 a letn\u00e9 dni. Dopl\u0148te svoj \u0161atn\u00edk o bavlnen\u00e9 nohavice. V pr\u00edpade \u010fal\u0161\u00edch ot\u00e1zok k tomuto produktu n\u00e1s nev\u00e1hajte kontaktova\u0165 telefonicky alebo prostredn\u00edctvom <a href=\"https:\/\/www.facebook.com\/madelinefashionbutik\" target=\"_blank\" rel=\"noopener\">Facebook<\/a> . Sledujte nov\u00e9 trendy s <strong>Madelinefashion.\u00a0\u00a0<\/strong>Ve\u013ekos\u0165 je univerz\u00e1lna, odpor\u00fa\u010dan\u00e1 pre d\u00e1my <strong>SML XL\u00a0<\/strong> <strong>XXL \u2013 gumka w pasie.<\/strong><\/p>\n<h3 style=\"text-align: center;\">Rozmery nohav\u00edc:<\/h3>\n<ul style=\"text-align: center;\">\n<li>Celkov\u00e1 d\u013a\u017eka: 96 cm<\/li>\n<li>Vn\u00fatorn\u00e1 d\u013a\u017eka nohav\u00edc: 68 cm<\/li>\n<li>\u0160\u00edrka v p\u00e1se: 33-46 cm (x2)<\/li>\n<li>p\u00e1s: 29 cm<\/li>\n<\/ul>\n<p>\u00a0<\/p>\n<p style=\"text-align: center;\">Rozmery sa m\u00f4\u017eu mierne l\u00ed\u0161i\u0165 od uveden\u00fdch +\/- 2cm. V\u0161etky pod<\/p>\n<p>\u00a0<\/p>\n<p style=\"text-align: center;\">Model m\u00e1\u00a0<strong>169<\/strong>\u00a0cm vysok\u00fd, nos\u00ed ve\u013ekos\u0165 ka\u017ed\u00fd de\u0148\u00a0<strong>S<\/strong><\/p>\n<p style=\"text-align: center;\">\u0160\u00edrka cez prsia 92 cm<\/p>\n<p style=\"text-align: center;\">\u0160\u00edrka v p\u00e1se 62 cm<\/p>\n<p style=\"text-align: center;\">\u0160\u00edrka v bokoch 94 cm<\/p>\n<p style=\"text-align: center;\">","protected":false},"excerpt":{"rendered":"<p>Spodnie Przek\u0142adane Wi\u0105zane z Boku Czarne Spodnie Przek\u0142adane Wi\u0105zane z Boku Karen to prawdziwy hit tego sezonu. Idealnie komponuj\u0105 si\u0119 z naszymi bluzkami\u00a0 np. modelem Sasha tworz\u0105c niepowtarzalny komplet idealny na wiosn\u0119 i letnie dni. Uzupe\u0142nij swoj\u0105 garderob\u0119 o bawe\u0142niane spodnie. W przypadku dalszych pyta\u0144 dotycz\u0105cych tego produktu, nie wahaj si\u0119 skontaktowa\u0107 z nami telefonicznie<\/p>\n<div class=\"klb-readmore post-buttons\"><a class=\"button black outline size-sm\" href=\"https:\/\/madelinefashion.pl\/sk\/spodnie-przekladane-wiazane-z-boku-czarne\/\">\u010c\u00edta\u0165 \u010falej <i class=\"klbth-icon-right-arrow\"><\/i><\/a><\/div>","protected":false},"featured_media":45136,"template":"","meta":[],"product_brand":[],"product_cat":[83],"product_tag":[475],"class_list":{"0":"post-7251","1":"product","2":"type-product","3":"status-publish","4":"has-post-thumbnail","6":"product_cat-spodnie","7":"product_tag-spodnie-dlugie","8":"pa_rozmiar-34-42-38-2","10":"first","11":"outofstock","12":"purchasable","13":"product-type-simple"},"_links":{"self":[{"href":"https:\/\/madelinefashion.pl\/sk\/wp-json\/wp\/v2\/product\/7251","targetHints":{"allow":["GET"]}}],"collection":[{"href":"https:\/\/madelinefashion.pl\/sk\/wp-json\/wp\/v2\/product"}],"about":[{"href":"https:\/\/madelinefashion.pl\/sk\/wp-json\/wp\/v2\/types\/product"}],"wp:featuredmedia":[{"embeddable":true,"href":"https:\/\/madelinefashion.pl\/sk\/wp-json\/wp\/v2\/media\/45136"}],"wp:attachment":[{"href":"https:\/\/madelinefashion.pl\/sk\/wp-json\/wp\/v2\/media?parent=7251"}],"wp:term":[{"taxonomy":"product_brand","embeddable":true,"href":"https:\/\/madelinefashion.pl\/sk\/wp-json\/wp\/v2\/product_brand?post=7251"},{"taxonomy":"product_cat","embeddable":true,"href":"https:\/\/madelinefashion.pl\/sk\/wp-json\/wp\/v2\/product_cat?post=7251"},{"taxonomy":"product_tag","embeddable":true,"href":"https:\/\/madelinefashion.pl\/sk\/wp-json\/wp\/v2\/product_tag?post=7251"}],"curies":[{"name":"pracovn\u00fd list","href":"https:\/\/api.w.org\/{rel}","templated":true}]}}