{"id":7283,"date":"2021-04-02T00:04:17","date_gmt":"2021-04-01T22:04:17","guid":{"rendered":"https:\/\/madelinefashion.pl\/?post_type=product&#038;p=7283"},"modified":"2025-10-01T07:35:30","modified_gmt":"2025-10-01T05:35:30","slug":"spodnie-z-wysokim-stanem-z-lancuszkiem-bezowe","status":"publish","type":"product","link":"https:\/\/madelinefashion.pl\/sk\/spodnie-z-wysokim-stanem-z-lancuszkiem-bezowe\/","title":{"rendered":"Nohavice s vysok\u00fdm p\u00e1som a retiazkou v b\u00e9\u017eovej farbe"},"content":{"rendered":"<h3 style=\"text-align: center;\">Nohavice s vysok\u00fdm p\u00e1som a retiazkou v b\u00e9\u017eovej farbe<\/h3>\n<p style=\"text-align: center;\">Nohavice s retiazkov\u00fdm p\u00e1som a vysok\u00fdm p\u00e1som s\u00fa to prav\u00e9 <strong>hit tejto sez\u00f3ny<\/strong>. Dokonale sa hodia k na\u0161im bl\u00fazkam, napr <strong><a href=\"https:\/\/madelinefashion.pl\/sk\/?s=Koszula+Krata+Honey&amp;post_type=product\">Med<\/a> <\/strong>vytv\u00e1ranie<strong> unik\u00e1tny set<\/strong> ide\u00e1lne na jarn\u00e9, letn\u00e9 a jesenn\u00e9 dni. Dopl\u0148te svoj \u0161atn\u00edk o najpred\u00e1vanej\u0161ie nohavice. Nohavice s vysok\u00fdm p\u00e1som z pr\u00edjemnej \u013eahkej l\u00e1tky, ktor\u00e1 sa dokonale roztiahne. Nohavice maj\u00fa ozdobu v podobe <strong>retiazka zlatej farby<\/strong>\u00a0 v p\u00e1se.<br \/>\nNa bokoch maj\u00fa dve vreck\u00e1 v \u0161t\u00fdle cargo nohav\u00edc a <strong>lem<\/strong> v spodnej \u010dasti n\u00f4h. V pr\u00edpade \u010fal\u0161\u00edch ot\u00e1zok k tomuto produktu n\u00e1s nev\u00e1hajte kontaktova\u0165 telefonicky alebo prostredn\u00edctvom <a href=\"https:\/\/www.facebook.com\/madelinefashionbutik\" target=\"_blank\" rel=\"noopener\">Facebook<\/a> . Sledujte nov\u00e9 trendy s <strong>Madelinefashion.\u00a0\u00a0<\/strong>Ve\u013ekos\u0165 je univerz\u00e1lna, odpor\u00fa\u010dan\u00e1 pre d\u00e1my <strong>SML XL\u00a0<\/strong> <b>XXL - elastick\u00fd p\u00e1s. Perfektne padn\u00fa na postavu.<\/b><\/p>\n<h3 style=\"text-align: center;\">Rozmery nohav\u00edc:<\/h3>\n<ul style=\"text-align: center;\">\n<li>Celkov\u00e1 d\u013a\u017eka: 94 cm<\/li>\n<li>Vn\u00fatorn\u00e1 d\u013a\u017eka nohav\u00edc: 63 cm<\/li>\n<li>\u0160\u00edrka v p\u00e1se: 32-45 cm (x2)<\/li>\n<li>p\u00e1s: 32 cm<\/li>\n<\/ul>\n<p>&nbsp;<\/p>\n<p style=\"text-align: center;\">Rozmery sa m\u00f4\u017eu mierne l\u00ed\u0161i\u0165 od uveden\u00fdch +\/- 2cm. V\u0161etky pod<\/p>\n<p>&nbsp;<\/p>\n<p style=\"text-align: center;\"><strong>Dokonale sa prisp\u00f4sob\u00ed ka\u017edej postave<\/strong><\/p>\n<p style=\"text-align: center;\">","protected":false},"excerpt":{"rendered":"<p>Spodnie z Wysokim Stanem z \u0141a\u0144cuszkiem Be\u017cowe Spodnie z Wysokim Stanem z \u0141a\u0144cuszkiem w Pasie to prawdziwy hit tego sezonu. Idealnie komponuj\u0105 si\u0119 z naszymi bluzkami\u00a0 np. modelem Honey tworz\u0105c niepowtarzalny komplet idealny na wiosn\u0119, lato i jesienne dni. Uzupe\u0142nij swoj\u0105 garderob\u0119 o bestsellerowe spodnie . Spodnie z wysokim stanem z przyjemnego, lekkiego materia\u0142u, kt\u00f3ry<\/p>\n<div class=\"klb-readmore post-buttons\"><a class=\"button black outline size-sm\" href=\"https:\/\/madelinefashion.pl\/sk\/spodnie-z-wysokim-stanem-z-lancuszkiem-bezowe\/\">\u010c\u00edta\u0165 \u010falej <i class=\"klbth-icon-right-arrow\"><\/i><\/a><\/div>","protected":false},"featured_media":7272,"template":"","meta":[],"product_brand":[],"product_cat":[83],"product_tag":[475],"class_list":{"0":"post-7283","1":"product","2":"type-product","3":"status-publish","4":"has-post-thumbnail","6":"product_cat-spodnie","7":"product_tag-spodnie-dlugie","8":"pa_rozmiar-34-42-38-2","10":"first","11":"instock","12":"purchasable","13":"product-type-simple"},"_links":{"self":[{"href":"https:\/\/madelinefashion.pl\/sk\/wp-json\/wp\/v2\/product\/7283","targetHints":{"allow":["GET"]}}],"collection":[{"href":"https:\/\/madelinefashion.pl\/sk\/wp-json\/wp\/v2\/product"}],"about":[{"href":"https:\/\/madelinefashion.pl\/sk\/wp-json\/wp\/v2\/types\/product"}],"wp:featuredmedia":[{"embeddable":true,"href":"https:\/\/madelinefashion.pl\/sk\/wp-json\/wp\/v2\/media\/7272"}],"wp:attachment":[{"href":"https:\/\/madelinefashion.pl\/sk\/wp-json\/wp\/v2\/media?parent=7283"}],"wp:term":[{"taxonomy":"product_brand","embeddable":true,"href":"https:\/\/madelinefashion.pl\/sk\/wp-json\/wp\/v2\/product_brand?post=7283"},{"taxonomy":"product_cat","embeddable":true,"href":"https:\/\/madelinefashion.pl\/sk\/wp-json\/wp\/v2\/product_cat?post=7283"},{"taxonomy":"product_tag","embeddable":true,"href":"https:\/\/madelinefashion.pl\/sk\/wp-json\/wp\/v2\/product_tag?post=7283"}],"curies":[{"name":"pracovn\u00fd list","href":"https:\/\/api.w.org\/{rel}","templated":true}]}}