{"id":72853,"date":"2023-01-05T12:52:51","date_gmt":"2023-01-05T11:52:51","guid":{"rendered":"https:\/\/madelinefashion.pl\/?post_type=product&#038;p=72853"},"modified":"2026-03-26T12:39:51","modified_gmt":"2026-03-26T11:39:51","slug":"sukienka-cekinowa-maxi-z-rozcieciem-alisson-czarna","status":"publish","type":"product","link":"https:\/\/madelinefashion.pl\/sk\/sukienka-cekinowa-maxi-z-rozcieciem-alisson-czarna\/","title":{"rendered":"\u0160aty Alisson Sequin Maxi Slit Black"},"content":{"rendered":"<h3 style=\"text-align: center;\">\u0160aty Alisson Sequin Maxi Slit Black<\/h3>\n<p style=\"text-align: center;\">Kr\u00e1sne flitrov\u00e9 \u0161aty priliehaj\u00face na telo. Oble\u010dte si ho na \u0161peci\u00e1lnu pr\u00edle\u017eitos\u0165 a zabezpe\u010dte, aby okolo v\u00e1s nikto \u013eahostajne nepre\u0161iel. Model s dlh\u00fdm ruk\u00e1vom, v maxi verzii a\u017e po zem, m\u00e1 rozparok, ktor\u00fd dod\u00e1va sexep\u00edl a v p\u00e1se gumi\u010dku, ktor\u00e1 frigua kr\u00e1sne zv\u00fdrazn\u00ed. \u0160aty maj\u00fa pod\u0161\u00edvku. V kombin\u00e1cii s va\u0161imi ob\u013e\u00faben\u00fdmi vysok\u00fdmi op\u00e4tkami vytvor\u00edte jedine\u010dn\u00fd vzh\u013ead. \u0160aty maj\u00fa pod\u0161\u00edvku.\u00a0 <strong>Ve\u013ekos\u0165 je UNIVERZ\u00c1LNA\u00a0<\/strong>\u00a0odpor\u00fa\u010dan\u00e9 pre d\u00e1my nosiace XS,S,M,L\u00a0<strong>,<\/strong>\u00a0ale odpor\u00fa\u010dame\u00a0<strong>presn\u00e9 meranie\u00a0<\/strong>pod\u013ea ni\u017e\u0161ie uvedenej tabu\u013eky rozmerov. Dostupn\u00e9 na na\u0161om e-shope vo viacer\u00fdch farebn\u00fdch variantoch, tak nev\u00e1hajte a vyberte si t\u00fa, ktor\u00e1 je pre v\u00e1s ako stvoren\u00e1.<\/p>\n<h3 style=\"text-align: center;\">Rozmery \u0161iat<\/h3>\n<ul style=\"text-align: center;\">\n<li>celkov\u00e1 d\u013a\u017eka 135 cm<\/li>\n<li>d\u013a\u017eka ruk\u00e1va od ramena 60 cm<\/li>\n<li>d\u013a\u017eka ruk\u00e1va od pazuchy 48 cm<\/li>\n<li>\u0161\u00edrka od pazuchy po pazuchu: 40-47 cm<\/li>\n<li>\u0161\u00edrka p\u00e1sa: 37-44 cm<\/li>\n<li>\u0161\u00edrka v p\u00e1se 34-42 cm<\/li>\n<li><\/li>\n<\/ul>\n<p style=\"text-align: center;\">Rozmery sa m\u00f4\u017eu mierne l\u00ed\u0161i\u0165 od uveden\u00fdch +\/- 2cm. V\u0161etky uveden\u00e9 rozmery s\u00fa meran\u00e9 plo\u0161ne. <strong>rozmer x2<\/strong><\/p>\n<p style=\"text-align: center;\"><strong>\u00a0<\/strong><\/p>\n<table style=\"height: 175px;\" width=\"690\">\n<tbody>\n<tr>\n<td width=\"302\">Meno modela<\/td>\n<td width=\"302\">Alisson<\/td>\n<\/tr>\n<tr>\n<td width=\"302\">Farba<\/td>\n<td width=\"302\">\u010dierna<\/td>\n<\/tr>\n<tr>\n<td width=\"302\">Zbierka<\/td>\n<td width=\"302\">jese\u0148\/zima\/jar<\/td>\n<\/tr>\n<tr>\n<td width=\"302\">ve\u013ekosti<\/td>\n<td width=\"302\">Univerz\u00e1lny<\/td>\n<\/tr>\n<tr>\n<td width=\"302\">M\u00f3da<\/td>\n<td width=\"302\">Priliehav\u00fd \/ elastick\u00fd<\/td>\n<\/tr>\n<tr>\n<td width=\"302\">Materi\u00e1l<\/td>\n<td width=\"302\">50 % Polyester 45% Visk\u00f3za 5% Elastan<\/td>\n<\/tr>\n<\/tbody>\n<\/table>\n<section class=\"page-product-box\">\n<div class=\"rte\">\n<p style=\"text-align: center;\">Model m\u00e1\u00a0<strong>169<\/strong>\u00a0cm vysok\u00fd, nos\u00ed ve\u013ekos\u0165 ka\u017ed\u00fd de\u0148\u00a0<strong>S<\/strong><\/p>\n<p style=\"text-align: center;\">\u0160\u00edrka cez prsia 92 cm<\/p>\n<p style=\"text-align: center;\">\u0160\u00edrka v p\u00e1se 62 cm<\/p>\n<p style=\"text-align: center;\">\u0160\u00edrka v bokoch 94 cm<\/p>\n<\/div>\n<\/section>","protected":false},"excerpt":{"rendered":"<p>Sukienka Cekinowa Maxi z Rozci\u0119ciem Alisson Czarna Pi\u0119kna cekinowa sukienka dopasowana do cia\u0142a.\u00a0 Za\u0142\u00f3\u017c j\u0105 na wyj\u0105tkow\u0105 okazj\u0119 i spraw, \u017ce nikt nie przejdzie obok Ciebie oboj\u0119tnie. Model na d\u0142ugi r\u0119kaw, w wersji maxi do ziemi, posiada rozci\u0119cie kt\u00f3re dodaje seksapilu oraz gumk\u0119 w talii co pi\u0119knie podkre\u015bla firgu\u0119. Sukienka posiada podszewk\u0119. W zestawieniu z<\/p>\n<div class=\"klb-readmore post-buttons\"><a class=\"button black outline size-sm\" href=\"https:\/\/madelinefashion.pl\/sk\/sukienka-cekinowa-maxi-z-rozcieciem-alisson-czarna\/\">\u010c\u00edta\u0165 \u010falej <i class=\"klbth-icon-right-arrow\"><\/i><\/a><\/div>","protected":false},"featured_media":72817,"template":"","meta":[],"product_brand":[],"product_cat":[124,395,559,558],"product_tag":[163],"class_list":{"0":"post-72853","1":"product","2":"type-product","3":"status-publish","4":"has-post-thumbnail","6":"product_cat-sukienki-okolicznosciowe","7":"product_cat-nowosci","8":"product_cat-noworoczna-sekcja-okazji","9":"product_cat-sukienki-cekinowe","10":"product_tag-sukienki-dlugie","12":"first","13":"instock","14":"sale","15":"purchasable","16":"product-type-simple"},"_links":{"self":[{"href":"https:\/\/madelinefashion.pl\/sk\/wp-json\/wp\/v2\/product\/72853","targetHints":{"allow":["GET"]}}],"collection":[{"href":"https:\/\/madelinefashion.pl\/sk\/wp-json\/wp\/v2\/product"}],"about":[{"href":"https:\/\/madelinefashion.pl\/sk\/wp-json\/wp\/v2\/types\/product"}],"wp:featuredmedia":[{"embeddable":true,"href":"https:\/\/madelinefashion.pl\/sk\/wp-json\/wp\/v2\/media\/72817"}],"wp:attachment":[{"href":"https:\/\/madelinefashion.pl\/sk\/wp-json\/wp\/v2\/media?parent=72853"}],"wp:term":[{"taxonomy":"product_brand","embeddable":true,"href":"https:\/\/madelinefashion.pl\/sk\/wp-json\/wp\/v2\/product_brand?post=72853"},{"taxonomy":"product_cat","embeddable":true,"href":"https:\/\/madelinefashion.pl\/sk\/wp-json\/wp\/v2\/product_cat?post=72853"},{"taxonomy":"product_tag","embeddable":true,"href":"https:\/\/madelinefashion.pl\/sk\/wp-json\/wp\/v2\/product_tag?post=72853"}],"curies":[{"name":"pracovn\u00fd list","href":"https:\/\/api.w.org\/{rel}","templated":true}]}}