{"id":73643,"date":"2023-01-13T12:12:04","date_gmt":"2023-01-13T11:12:04","guid":{"rendered":"https:\/\/madelinefashion.pl\/?post_type=product&#038;p=73643"},"modified":"2026-03-05T17:03:02","modified_gmt":"2026-03-05T16:03:02","slug":"tunika-swiateczna-christmas-bezowa","status":"publish","type":"product","link":"https:\/\/madelinefashion.pl\/sk\/tunika-swiateczna-christmas-bezowa\/","title":{"rendered":"Viano\u010dn\u00e1 tunika b\u00e9\u017eov\u00e1"},"content":{"rendered":"<h3 style=\"text-align: center;\">Viano\u010dn\u00e1 tunika b\u00e9\u017eov\u00e1<\/h3>\n<p style=\"text-align: center;\"><strong>Viano\u010dn\u00e1 tunika\u00a0 <\/strong>je model s viano\u010dn\u00fdmi vzormi, ako stvoren\u00fd na viano\u010dn\u00e9 stretnutia.<strong> Svetrov\u00e1 tunika <\/strong>\u00a0tento kr\u00e1sny model je vyroben\u00fd z najkvalitnej\u0161ej priadze, ktor\u00e1 v\u010faka prec\u00edznemu procesu spracovania dod\u00e1va jemnos\u0165, hebkos\u0165 a maxim\u00e1lny komfort. <b>Tunika\u00a0 <\/b>v odpor\u00fa\u010danej univerz\u00e1lnej ve\u013ekosti <b>P\u00e1n<\/b>\u00a0nosn\u00e1 ve\u013ekos\u0165\u00a0<b>S, M, L, XL<\/b>\u00a0Pritiahne pozornos\u0165 a vy budete\u00a0<b>vyzera\u0165 \u00fa\u017easne<\/b>. Vianoce s\u00fa za dverami, a tak je \u010das myslie\u0165 na pr\u00edpravy, vr\u00e1tane t\u00fdch, ktor\u00e9 s\u00favisia s osvie\u017een\u00edm \u0161atn\u00edka. V na\u0161ej predajni n\u00e1jdete <strong>viano\u010dn\u00e9 oble\u010denie<\/strong>v\u010faka tomu sa znova budete c\u00edti\u0165 <strong>k\u00fazlo Vianoc.<\/strong> <strong>Sl\u00e1vnostn\u00fd charakter <\/strong>dobre posl\u00fa\u017ei aj na ka\u017edodenn\u00e9 pou\u017eitie<strong>, <\/strong>ako aj po\u010das ve\u010dere <strong>na \u0160tedr\u00fd de\u0148.\u00a0<\/strong><\/p>\n<h3 style=\"text-align: center;\">Rozmery \u0161iat:<\/h3>\n<ul>\n<li style=\"text-align: center;\">\u0160\u00edrka od pazuchy po pazuchu 41-52 cm<\/li>\n<li style=\"text-align: center;\">Celkov\u00e1 d\u013a\u017eka 90 cm<\/li>\n<li style=\"text-align: center;\">D\u013a\u017eka ruk\u00e1va 43 cm<\/li>\n<li style=\"text-align: center;\"><\/li>\n<\/ul>\n<p style=\"text-align: center;\">Rozmery sa m\u00f4\u017eu mierne l\u00ed\u0161i\u0165 od uveden\u00fdch +\/- 2cm. V\u0161etky uveden\u00e9 rozmery s\u00fa meran\u00e9 plo\u0161ne.<strong>\u00a0<\/strong><\/p>\n<table style=\"height: 216px;\" width=\"732\">\n<tbody>\n<tr>\n<td width=\"302\">Meno modela<\/td>\n<td width=\"302\">Vianoce<\/td>\n<\/tr>\n<tr>\n<td width=\"302\">Zbierka<\/td>\n<td width=\"302\">jar\/jese\u0148\/zima<\/td>\n<\/tr>\n<tr>\n<td width=\"302\">ve\u013ekosti<\/td>\n<td width=\"302\">Univerz\u00e1lny SML XL<\/td>\n<\/tr>\n<tr>\n<td width=\"302\">Zlo\u017eenie<\/td>\n<td width=\"302\">100% akryl<\/td>\n<\/tr>\n<tr>\n<td width=\"302\">Farba<\/td>\n<td width=\"302\">Bez<\/td>\n<\/tr>\n<tr>\n<td width=\"302\">\u0160tiepenie<\/td>\n<td width=\"302\">Okr\u00fahly<\/td>\n<\/tr>\n<\/tbody>\n<\/table>\n<p style=\"text-align: center;\">Model m\u00e1\u00a0<strong>169<\/strong>\u00a0cm vysok\u00fd, nos\u00ed ve\u013ekos\u0165 ka\u017ed\u00fd de\u0148\u00a0<strong>S<\/strong><\/p>\n<p style=\"text-align: center;\">\u0160\u00edrka cez prsia 92 cm<\/p>\n<p style=\"text-align: center;\">\u0160\u00edrka v p\u00e1se 62 cm<\/p>\n<p style=\"text-align: center;\">\u0160\u00edrka v bokoch 94 cm<\/p>","protected":false},"excerpt":{"rendered":"<p>Tunika \u015awi\u0105teczna Christmas Be\u017cowa Tunika \u015awi\u0105teczna Christmas\u00a0 to model o \u015bwi\u0105tecznych wzorach, idealnie sprawdzi si\u0119 podczas \u015bwi\u0105tecznych spotka\u0144. Tunika Sweterkowa \u00a0to pi\u0119kny model wykonany jest z najwy\u017cszej jako\u015bci prz\u0119dzy, kt\u00f3ra dzi\u0119ki precyzyjnemu procesowi obr\u00f3bki dodaje mi\u0119kko\u015bci, mi\u0119kko\u015bci i maksymalnego komfortu. Tunika\u00a0 w rozmiarze uniwersalnym zalecanym dla Pa\u0144\u00a0nosz\u0105cych rozmiar\u00a0S, M, L , XL\u00a0Przyci\u0105gnie uwag\u0119 i b\u0119dziesz\u00a0wygl\u0105da\u0107<\/p>\n<div class=\"klb-readmore post-buttons\"><a class=\"button black outline size-sm\" href=\"https:\/\/madelinefashion.pl\/sk\/tunika-swiateczna-christmas-bezowa\/\">\u010c\u00edta\u0165 \u010falej <i class=\"klbth-icon-right-arrow\"><\/i><\/a><\/div>","protected":false},"featured_media":73617,"template":"","meta":[],"product_brand":[],"product_cat":[158],"product_tag":[473,296,505],"class_list":{"0":"post-73643","1":"product","2":"type-product","3":"status-publish","4":"has-post-thumbnail","6":"product_cat-sukienki-sweterkowe","7":"product_tag-kolekcja-swiateczna","8":"product_tag-tuniki","9":"product_tag-tunika-swiateczna","11":"first","12":"instock","13":"sale","14":"purchasable","15":"product-type-simple"},"_links":{"self":[{"href":"https:\/\/madelinefashion.pl\/sk\/wp-json\/wp\/v2\/product\/73643","targetHints":{"allow":["GET"]}}],"collection":[{"href":"https:\/\/madelinefashion.pl\/sk\/wp-json\/wp\/v2\/product"}],"about":[{"href":"https:\/\/madelinefashion.pl\/sk\/wp-json\/wp\/v2\/types\/product"}],"wp:featuredmedia":[{"embeddable":true,"href":"https:\/\/madelinefashion.pl\/sk\/wp-json\/wp\/v2\/media\/73617"}],"wp:attachment":[{"href":"https:\/\/madelinefashion.pl\/sk\/wp-json\/wp\/v2\/media?parent=73643"}],"wp:term":[{"taxonomy":"product_brand","embeddable":true,"href":"https:\/\/madelinefashion.pl\/sk\/wp-json\/wp\/v2\/product_brand?post=73643"},{"taxonomy":"product_cat","embeddable":true,"href":"https:\/\/madelinefashion.pl\/sk\/wp-json\/wp\/v2\/product_cat?post=73643"},{"taxonomy":"product_tag","embeddable":true,"href":"https:\/\/madelinefashion.pl\/sk\/wp-json\/wp\/v2\/product_tag?post=73643"}],"curies":[{"name":"pracovn\u00fd list","href":"https:\/\/api.w.org\/{rel}","templated":true}]}}