{"id":7385,"date":"2021-04-02T12:12:46","date_gmt":"2021-04-02T10:12:46","guid":{"rendered":"https:\/\/madelinefashion.pl\/?post_type=product&#038;p=7385"},"modified":"2025-09-09T10:36:55","modified_gmt":"2025-09-09T08:36:55","slug":"sukienka-wiazana-na-kilka-sposobow-bezowy-barcelona","status":"publish","type":"product","link":"https:\/\/madelinefashion.pl\/sk\/sukienka-wiazana-na-kilka-sposobow-bezowy-barcelona\/","title":{"rendered":"\u0160aty zaviazan\u00e9 nieko\u013ek\u00fdmi sp\u00f4sobmi b\u00e9\u017eov\u00e9 Barcelona"},"content":{"rendered":"<h3 style=\"text-align: center;\">\u0160aty zaviazan\u00e9 nieko\u013ek\u00fdmi sp\u00f4sobmi b\u00e9\u017eov\u00e9 Barcelona<\/h3>\n<p style=\"text-align: center;\"><span style=\"vertical-align: inherit;\"><span style=\"vertical-align: inherit;\"><strong>Elegantn\u00e9 \u0161aty zaviazan\u00e9 nieko\u013ek\u00fdmi sp\u00f4sobmi Barcelona\u00a0<\/strong> je bestsellerom v na\u0161om obchode. S<\/span><span style=\"vertical-align: inherit;\">pr\u00e1va, ktor\u00e9 okolo v\u00e1s nikto \u013eahostajne neprejde.<strong> Tieto jedine\u010dn\u00e9 maxi \u0161aty, ktor\u00e9 sa daj\u00fa zav\u00e4zova\u0165 r\u00f4znymi sp\u00f4sobmi, s\u00fa ide\u00e1lne na jar a leto. S\u00fa ve\u013emi elegantn\u00e9 a zaru\u010duj\u00fa \u0161ik vzh\u013ead.<\/strong>\u00a0 Vyroben\u00e9 z pr\u00edjemn\u00e9ho materi\u00e1lu na dotyk. C<\/span><\/span>odpor vytv\u00e1ra v\u00fdnimo\u010dn\u00e9 <strong>styling<\/strong>, jednoducho stvoren\u00e1 na tepl\u00e9 jarn\u00e9 a letn\u00e9 dni ako po\u010das pr\u00e1zdnin, tak aj v ruchu ve\u013ekomesta. <strong>Budete nad\u0161en\u00ed, dokonal\u00fd \u0161t\u00fdl je \u2013 jeden MODEL \u2013 ve\u013ea MO\u017dNOST\u00cd.<\/strong> Pohodln\u00e9 nosenie v sofistikovanom \u0161t\u00fdle mus\u00ed by\u0165 vo va\u0161om \u0161atn\u00edku. <strong>b<\/strong><b>ve\u013emi sexi, \u017eensk\u00e9 \u0161aty.<\/b>\u00a0Odpor\u00fa\u010da sa pre \u017eeny, ktor\u00e9 nosia ve\u013e <strong>XS SML XL.\u00a0 <\/strong>Dostupn\u00e9 v na\u0161om<strong> skladova\u0165 vo viacer\u00fdch variantoch <a href=\"https:\/\/madelinefashion.pl\/sk\/product-tag\/kombinezony\/\">farby<\/a>.\u00a0<\/strong><\/p>\n<p>\u00a0<\/p>\n<h3 style=\"text-align: center;\"><span style=\"vertical-align: inherit;\">Rozmery :<\/span><\/h3>\n<p align=\"center\">Celkov\u00e1 d\u013a\u017eka \u2013 153 cm<br \/>\n\u0160\u00edrka p\u00e1sa -29 cm -45 cm<br \/>\nCelkov\u00e1 d\u013a\u017eka od p\u00e1sa 120 cm<\/p>\n<p style=\"text-align: center;\"><span style=\"vertical-align: inherit;\"><span style=\"vertical-align: inherit;\">Rozmery sa m\u00f4\u017eu l\u00ed\u0161i\u0165 od uveden\u00fdch +\/- 2cm. <\/span><span style=\"vertical-align: inherit;\">V\u0161etky uveden\u00e9 rozmery s\u00fa meran\u00e9 plo\u0161ne.<\/span><\/span><\/p>\n<h3 style=\"text-align: center;\"><span style=\"vertical-align: inherit;\"><span style=\"vertical-align: inherit;\">Vlastnosti produktu:<br \/>\n<\/span><\/span><\/h3>\n<p style=\"text-align: center;\"><span style=\"vertical-align: inherit;\"><span style=\"vertical-align: inherit;\"><br \/>\n- mo\u017enos\u0165 viazania viacer\u00fdmi sp\u00f4sobmi<br \/>\n-elegantn\u00fd<br \/>\n- pr\u00edjemn\u00fd materi\u00e1l<br \/>\n- m\u00f3dny \u0161t\u00fdl<br \/>\n- guma v p\u00e1se<br \/>\n- vysoko kvalitn\u00fd materi\u00e1l<br \/>\n- pohodln\u00e9<br \/>\n- maxi<\/span><\/span><\/p>\n<table style=\"height: 184px;\" width=\"661\">\n<tbody>\n<tr>\n<td width=\"302\">Meno modela<\/td>\n<td width=\"302\">\u0160aty zaviazan\u00e9 nieko\u013ek\u00fdmi sp\u00f4sobmi<\/td>\n<\/tr>\n<tr>\n<td width=\"302\">Farba<\/td>\n<td width=\"302\">B\u00e9\u017eov\u00e1<\/td>\n<\/tr>\n<tr>\n<td width=\"302\">Zbierka<\/td>\n<td width=\"302\">Jar Leto Jese\u0148<\/td>\n<\/tr>\n<tr>\n<td width=\"302\">ve\u013ekosti<\/td>\n<td width=\"302\">Univerz\u00e1lny<\/td>\n<\/tr>\n<tr>\n<td width=\"302\">\u0160tiepenie<\/td>\n<td width=\"302\">Ob\u00e1lka<\/td>\n<\/tr>\n<tr>\n<td width=\"302\">D\u013a\u017eka<\/td>\n<td width=\"302\">maxi<\/td>\n<\/tr>\n<tr>\n<td width=\"302\">Materi\u00e1l<\/td>\n<td width=\"302\">95% Polyester 5% Elastan<\/td>\n<\/tr>\n<\/tbody>\n<\/table>\n<div class=\"tabs tabs-bb clear mb-80\">\n<div class=\"tab-content\">\n<div id=\"tab-description\" class=\"tab-pane fade in woocommerce-Tabs-panel--description active\">\n<p style=\"text-align: center;\">\u00a0Model m\u00e1 <strong>165<\/strong> cm vysok\u00fd, nos\u00ed ve\u013ekos\u0165 ka\u017ed\u00fd de\u0148\u00a0<strong>S<\/strong><\/p>\n<\/div>\n<\/div>\n<\/div>\n<section class=\"related products mb-80\"><\/section>\n<section class=\"page-product-box\">\n<div class=\"rte\">\n<p style=\"text-align: center;\">\n<\/div>\n<\/section>","protected":false},"excerpt":{"rendered":"<p>Sukienka Wi\u0105zana Na Kilka Sposob\u00f3w Be\u017cowy Barcelona Elegancka sukienka wi\u0105zany na kilka sposob\u00f3w Barcelona\u00a0 to bestsellerowy hit w naszym sklepie. Spraw, \u017ce nikt nie przejdzie obok Ciebie oboj\u0119tnie. Wyj\u0105tkowa sukienka maxi wi\u0105zana na wiele sposob\u00f3w to idealna propozycja na wiosn\u0119 i lato.\u00a0 Sukienka jest bardzo elegancka, dlatego zagwarantuje Ci szykowny look.\u00a0 Wykonana z przyjemnego w<\/p>\n<div class=\"klb-readmore post-buttons\"><a class=\"button black outline size-sm\" href=\"https:\/\/madelinefashion.pl\/sk\/sukienka-wiazana-na-kilka-sposobow-bezowy-barcelona\/\">\u010c\u00edta\u0165 \u010falej <i class=\"klbth-icon-right-arrow\"><\/i><\/a><\/div>","protected":false},"featured_media":7375,"template":"","meta":[],"product_brand":[],"product_cat":[125,124],"product_tag":[],"class_list":{"0":"post-7385","1":"product","2":"type-product","3":"status-publish","4":"has-post-thumbnail","6":"product_cat-sukienki","7":"product_cat-sukienki-okolicznosciowe","9":"first","10":"outofstock","11":"purchasable","12":"product-type-simple"},"_links":{"self":[{"href":"https:\/\/madelinefashion.pl\/sk\/wp-json\/wp\/v2\/product\/7385","targetHints":{"allow":["GET"]}}],"collection":[{"href":"https:\/\/madelinefashion.pl\/sk\/wp-json\/wp\/v2\/product"}],"about":[{"href":"https:\/\/madelinefashion.pl\/sk\/wp-json\/wp\/v2\/types\/product"}],"wp:featuredmedia":[{"embeddable":true,"href":"https:\/\/madelinefashion.pl\/sk\/wp-json\/wp\/v2\/media\/7375"}],"wp:attachment":[{"href":"https:\/\/madelinefashion.pl\/sk\/wp-json\/wp\/v2\/media?parent=7385"}],"wp:term":[{"taxonomy":"product_brand","embeddable":true,"href":"https:\/\/madelinefashion.pl\/sk\/wp-json\/wp\/v2\/product_brand?post=7385"},{"taxonomy":"product_cat","embeddable":true,"href":"https:\/\/madelinefashion.pl\/sk\/wp-json\/wp\/v2\/product_cat?post=7385"},{"taxonomy":"product_tag","embeddable":true,"href":"https:\/\/madelinefashion.pl\/sk\/wp-json\/wp\/v2\/product_tag?post=7385"}],"curies":[{"name":"pracovn\u00fd list","href":"https:\/\/api.w.org\/{rel}","templated":true}]}}