{"id":74238,"date":"2023-01-18T12:12:23","date_gmt":"2023-01-18T11:12:23","guid":{"rendered":"https:\/\/madelinefashion.pl\/?post_type=product&#038;p=74238"},"modified":"2026-03-26T12:39:46","modified_gmt":"2026-03-26T11:39:46","slug":"sukienka-dopasowana-laurell-dluga-biala","status":"publish","type":"product","link":"https:\/\/madelinefashion.pl\/sk\/sukienka-dopasowana-laurell-dluga-biala\/","title":{"rendered":"Dlh\u00e9 biele \u0161aty Laurell"},"content":{"rendered":"<h3 style=\"text-align: center;\">Dlh\u00e9 biele \u0161aty Laurell<\/h3>\n<p style=\"text-align: center;\"><span style=\"font-size: 10pt;\">Kr\u00e1sne dlh\u00e9 <strong>ve\u010dern\u00e9 \u0161aty zdoben\u00e9 flitrami<\/strong>. Dlh\u00e9 spolo\u010densk\u00e9 \u0161aty v bielej farbe o <strong>vypasovan\u00fd strih. <\/strong>Kr\u00e1sne odha\u013euje \u017eensk\u00e9 tvary. Dlh\u00e9 trblietav\u00e9 \u0161aty v <strong>glamour \u0161t\u00fdl<\/strong> . Je vyroben\u00e1 z elastick\u00e9ho materi\u00e1lu. Dlh\u00e9 \u0161aty bez ramienok s v\u00fdstrihom do V <strong>kr\u00e1sne odha\u013euje poprsie<\/strong>. Navy\u0161e<strong> Model m\u00e1 otvoren\u00fd chrb\u00e1t<\/strong>\u00a0a zips pre \u013eahk\u00e9 obliekanie. Zozn\u00e1mte sa s na\u0161ou ponukou <strong><a href=\"https:\/\/madelinefashion.pl\/sk\/sukienki-i-kombinezony\/sukienki-okolicznosciowe\/\">ve\u010dern\u00e9 \u0161aty<\/a>\u00a0a vyberte si model, <\/strong>v ktorom budete <strong>vyzera\u0165 ako hviezda a vy\u010dnieva\u0165 z davu. Maxi \u0161aty sa vo svetle l\u00e1mp rozpr\u00e1vkovo trblietaj\u00fa. <\/strong>Nem\u00f4\u017eete by\u0165 k tomu \u013eahostajn\u00ed.<strong> Maxi \u0161aty a\u017e po zem.<\/strong><\/span><span style=\"font-size: 10pt;\"><strong> Dlh\u00e9 biele \u0161aty so strieborno-modr\u00fdm vzorom <\/strong>Vpredu m\u00e1 v\u0161it\u00e9 ko\u0161\u00ed\u010dky, tak\u017ee nemus\u00edte nosi\u0165 podprsenku. <strong>Vavr\u00ednov\u00e9 \u0161aty <\/strong>\u00a0s\u00fa fenomen\u00e1lne pr\u00e9miov\u00e9 \u0161aty, v ktor\u00fdch sa ka\u017ed\u00e1 \u017eena m\u00f4\u017ee c\u00edti\u0165 ako filmov\u00e1 hviezda. Toto je jedno z odevov v \u0161t\u00fdle glamour, ktor\u00e9 v\u00e1m umo\u017en\u00ed za\u017eiari\u0165 po\u010das t\u00fdch najkraj\u0161\u00edch v\u00fdletov. <strong>V\u00fdstrih do V<\/strong> je zd\u00f4raznen\u00e1 v\u00fdrezom z tylovej vsadky. Podmaniv\u00fd strih - ide\u00e1lny na \u0161peci\u00e1lnu pr\u00edle\u017eitos\u0165. <strong>\u0160aty\u00a0 <\/strong>k dispoz\u00edcii <\/span><span style=\"font-size: 10pt;\">\u00a0vo ve\u013ekostiach <strong>\u00a036, 38, 40, <\/strong><strong>42<\/strong>\u00a0. \u0160aty <strong>od Madelinefashion<\/strong> je v\u00fdbornou vo\u013ebou pre <strong>svadba, ples, Silvester a in\u00e9 elegantn\u00e9 pr\u00edle\u017eitostn\u00e9 udalosti<\/strong>. Dostupn\u00e9 na na\u0161om e-shope vo viacer\u00fdch farebn\u00fdch variantoch, tak nev\u00e1hajte a vyberte si t\u00fa, ktor\u00e1 je pre v\u00e1s ako stvoren\u00e1. Ak sa neviete rozhodn\u00fa\u0165 ak\u00fa farbu, <strong>ve\u013ekos\u0165<\/strong> je pre v\u00e1s to najlep\u0161ie <strong>kontaktuj n\u00e1s<\/strong> cez <a href=\"https:\/\/www.facebook.com\/madelinefashionbutik\" target=\"_blank\" rel=\"noopener\">Facebook<\/a> alebo <a href=\"https:\/\/madelinefashion.pl\/sk\/kontakt\/\">telef\u00f3n<\/a>. Ak ve\u013ekos\u0165 nie je na str\u00e1nke, kontaktujte n\u00e1s.\u00a0 <strong>Svoje rozmery m\u00f4\u017eete \u0161pecifikova\u0165 v inform\u00e1ci\u00e1ch po n\u00e1kupe<\/strong> Ve\u013ekos\u0165 p\u00e1su a poprsia V\u00e1m vyberieme t\u00fa spr\u00e1vnu ve\u013ekos\u0165!!\u00a0<\/span><\/p>\n<h3 style=\"text-align: center;\">ROZMERY \u0161iat:<\/h3>\n<table width=\"488\">\n<tbody>\n<tr>\n<td>VE\u013dKOS\u0164<\/td>\n<td><\/td>\n<td>36<\/td>\n<td>38<\/td>\n<td>40<\/td>\n<td>42<\/td>\n<\/tr>\n<tr>\n<td>poprsia<\/td>\n<td><\/td>\n<td>88-90<\/td>\n<td>92-94<\/td>\n<td>96-98<\/td>\n<td>100-104<\/td>\n<\/tr>\n<tr>\n<td>P\u00e1s<\/td>\n<td><\/td>\n<td>70-73<\/td>\n<td>74-77<\/td>\n<td>78-81<\/td>\n<td>82-84<\/td>\n<\/tr>\n<tr>\n<td>Boky<\/td>\n<td><\/td>\n<td>\u00a090-93<\/td>\n<td>\u00a094-97<\/td>\n<td>98-101<\/td>\n<td>102-104<\/td>\n<\/tr>\n<\/tbody>\n<\/table>\n<p style=\"text-align: center;\">\u00a0 celkov\u00e1 d\u013a\u017eka cca 160 cm<\/p>\n<p style=\"text-align: center;\">\u0160aty s\u00fa dostupn\u00e9 aj v in\u00fdch farb\u00e1ch - odpor\u00fa\u010dame v\u00e1m zozn\u00e1mi\u0165 sa s na\u0161imi \u010fal\u0161\u00edmi produktmi.<\/p>\n<p style=\"text-align: center;\">Rozmery sa m\u00f4\u017eu mierne l\u00ed\u0161i\u0165 od uveden\u00fdch +\/- 2cm.<\/p>\n<p style=\"text-align: center;\"><strong>\u00a0<\/strong><\/p>\n<p>&nbsp;<\/p>\n<table>\n<tbody>\n<tr>\n<td width=\"302\">Meno modela<\/td>\n<td width=\"302\">Dlh\u00e9 \u0161aty Laurell<\/td>\n<\/tr>\n<tr>\n<td width=\"302\">Farba<\/td>\n<td width=\"302\"><span style=\"font-size: 13.3333px;\">biely<\/span><\/td>\n<\/tr>\n<tr>\n<td width=\"302\">\u0160tiepenie<\/td>\n<td width=\"302\">V \u0161t\u00fdle<\/td>\n<\/tr>\n<tr>\n<td width=\"302\">ve\u013ekosti<\/td>\n<td width=\"302\">\u00a036 38 40 42<\/td>\n<\/tr>\n<tr>\n<td width=\"302\">M\u00f3da<\/td>\n<td width=\"302\">Zhoda<\/td>\n<\/tr>\n<tr>\n<td width=\"302\">Materi\u00e1l<\/td>\n<td width=\"302\">Visk\u00f3za, polyester, bavlna<\/td>\n<\/tr>\n<tr>\n<td width=\"302\">D\u013a\u017eka<\/td>\n<td width=\"302\">Na zem<\/td>\n<\/tr>\n<\/tbody>\n<\/table>\n<p>&nbsp;<\/p>\n<p style=\"text-align: center;\">Aby ste si vybrali\u00a0<strong>perfektn\u00e9 \u0161aty<\/strong>\u00a0kontaktujte n\u00e1s pros\u00edm telefonicky alebo cez n\u00e1\u0161 facebook.<br \/>\nN\u00e1\u0161 t\u00edm v\u00e1m pom\u00f4\u017ee\u00a0<strong>Vyberte si ten spr\u00e1vny<\/strong>\u00a0.\u00a0<strong>Na \u017eelanie kupuj\u00faceho vyrob\u00edme ak\u00e9ko\u013evek \u0161aty\u00a0<\/strong><strong>opatrne mera\u0165.\u00a0<\/strong><\/p>\n<p>&nbsp;<\/p>\n<p style=\"text-align: center;\">\u00a0Model m\u00e1\u00a0<strong>169<\/strong>\u00a0cm vysok\u00fd, nos\u00ed ve\u013ekos\u0165 ka\u017ed\u00fd de\u0148\u00a0<strong>S<\/strong><\/p>\n<p style=\"text-align: center;\">\u0160\u00edrka cez prsia 92 cm<\/p>\n<p style=\"text-align: center;\">\u0160\u00edrka v p\u00e1se 62 cm<\/p>\n<p style=\"text-align: center;\">\u0160\u00edrka v bokoch 94 cm<\/p>\n<div class=\"additional-details\">\n<p style=\"text-align: center;\">\n<\/div>","protected":false},"excerpt":{"rendered":"<p>Sukienka Dopasowana Laurell D\u0142uga Bia\u0142a Pi\u0119kna d\u0142uga suknia wieczorowa zdobiona cekinami. D\u0142uga wieczorowa suknia w kolorze bia\u0142ym o dopasowanym kroju . Pi\u0119knie eksponuje kobiece kszta\u0142ty. D\u0142uga mieni\u0105ca suknia w stylu glamour . Uszyta jest z z elastycznego materia\u0142u. D\u0142uga suknia na rami\u0105czkach\u00a0 z dekoltem\u00a0 w liter\u0119 V pi\u0119knie eksponuje biust. Ponadto model posiada odkryte plecy\u00a0oraz<\/p>\n<div class=\"klb-readmore post-buttons\"><a class=\"button black outline size-sm\" href=\"https:\/\/madelinefashion.pl\/sk\/sukienka-dopasowana-laurell-dluga-biala\/\">\u010c\u00edta\u0165 \u010falej <i class=\"klbth-icon-right-arrow\"><\/i><\/a><\/div>","protected":false},"featured_media":74224,"template":"","meta":[],"product_brand":[],"product_cat":[124,395,559],"product_tag":[257,219,163],"class_list":{"0":"post-74238","1":"product","2":"type-product","3":"status-publish","4":"has-post-thumbnail","6":"product_cat-sukienki-okolicznosciowe","7":"product_cat-nowosci","8":"product_cat-noworoczna-sekcja-okazji","9":"product_tag-madelinefashion","10":"product_tag-sukienka-biala","11":"product_tag-sukienki-dlugie","13":"first","14":"instock","15":"sale","16":"purchasable","17":"product-type-variable"},"_links":{"self":[{"href":"https:\/\/madelinefashion.pl\/sk\/wp-json\/wp\/v2\/product\/74238","targetHints":{"allow":["GET"]}}],"collection":[{"href":"https:\/\/madelinefashion.pl\/sk\/wp-json\/wp\/v2\/product"}],"about":[{"href":"https:\/\/madelinefashion.pl\/sk\/wp-json\/wp\/v2\/types\/product"}],"wp:featuredmedia":[{"embeddable":true,"href":"https:\/\/madelinefashion.pl\/sk\/wp-json\/wp\/v2\/media\/74224"}],"wp:attachment":[{"href":"https:\/\/madelinefashion.pl\/sk\/wp-json\/wp\/v2\/media?parent=74238"}],"wp:term":[{"taxonomy":"product_brand","embeddable":true,"href":"https:\/\/madelinefashion.pl\/sk\/wp-json\/wp\/v2\/product_brand?post=74238"},{"taxonomy":"product_cat","embeddable":true,"href":"https:\/\/madelinefashion.pl\/sk\/wp-json\/wp\/v2\/product_cat?post=74238"},{"taxonomy":"product_tag","embeddable":true,"href":"https:\/\/madelinefashion.pl\/sk\/wp-json\/wp\/v2\/product_tag?post=74238"}],"curies":[{"name":"pracovn\u00fd list","href":"https:\/\/api.w.org\/{rel}","templated":true}]}}