{"id":74365,"date":"2023-01-19T11:21:37","date_gmt":"2023-01-19T10:21:37","guid":{"rendered":"https:\/\/madelinefashion.pl\/?post_type=product&#038;p=74365"},"modified":"2026-04-28T00:21:08","modified_gmt":"2026-04-27T22:21:08","slug":"suknia-rybka-white-bordowa","status":"publish","type":"product","link":"https:\/\/madelinefashion.pl\/sk\/suknia-rybka-white-bordowa\/","title":{"rendered":"Biele bordov\u00e9 rybie \u0161aty"},"content":{"rendered":"<h3 style=\"text-align: center;\">Biele bordov\u00e9 rybie \u0161aty<\/h3>\n<p style=\"text-align: center;\"><strong>Vysn\u00edvan\u00e9 \u0161aty <\/strong>\u00a0s origin\u00e1lom <strong>\u010dipkovan\u00fd top<\/strong> Top s v\u00fdstrihom do V zo sie\u0165oviny lemovan\u00fd guipurovou kvetinovou \u010dipkou s na\u0161it\u00fdmi kor\u00e1lkami. <strong>Vyzer\u00e1 ve\u013emi zmyselne a origin\u00e1lne.<\/strong> Zadn\u00fd diel s jemn\u00fdm v\u00fdstrihom do V. Spodok \u0161iat je vypasovan\u00fd - ala<strong> ryby<\/strong>\u00a0 pod\u0161\u00edvka zospodu. Z\u00fa\u017een\u00e1 v p\u00e1se dokonale zv\u00fdrazn\u00ed p\u00e1s. <strong>Rybie \u0161aty<\/strong> (morsk\u00e1 panna) je kvintesenciou svadobnej elegancie. Kr\u00e1sne zv\u00fdrazn\u00ed p\u00e1s, boky a poprsie. n\u00e1\u0161 <strong>\u0160aty <\/strong><strong>biely<\/strong> ga\u0161tanov\u00e1 d<span style=\"font-size: 10pt;\">dostupn\u00e9 v na\u0161ej predajni vo ve\u013ekostiach XS SML XL. Na\u0161e \u0161aty s\u00fa vynikaj\u00facou vo\u013ebou na svadby, plesy, Silvestra a in\u00e9 elegantn\u00e9 \u0161peci\u00e1lne udalosti. V na\u0161om e-shope n\u00e1jdete jedine\u010dn\u00e9 \u0161aty za mimoriadne v\u00fdhodn\u00e9 ceny \u2013\u00a0 <strong>nev\u00e1hajte a vyberte si ten, ktor\u00fd je pre v\u00e1s ide\u00e1lny<\/strong>. Ak sa neviete rozhodn\u00fa\u0165 ak\u00fa farbu, <strong>ve\u013ekos\u0165<\/strong> je pre v\u00e1s to najlep\u0161ie <strong>kontaktuj n\u00e1s<\/strong> cez <a href=\"https:\/\/www.facebook.com\/madelinefashionbutik\" target=\"_blank\" rel=\"noopener\">Facebook<\/a> alebo <a href=\"https:\/\/madelinefashion.pl\/sk\/kontakt\/\">telef\u00f3n<\/a>. Ak ve\u013ekos\u0165 nie je na str\u00e1nke, kontaktujte n\u00e1s.\u00a0<strong> Neviete ak\u00e9 svadobn\u00e9 \u0161aty si vybra\u0165? <a href=\"https:\/\/madelinefashion.pl\/sk\/product-tag\/sukienka-biala\/?orderby=price-desc\">Skontrolujte<\/a>to bude pre teba ide\u00e1lne!\u00a0<\/strong><\/span><\/p>\n<h3 style=\"text-align: center;\">ROZMERY \u0161iat:<\/h3>\n<p><img fetchpriority=\"high\" decoding=\"async\" class=\"size-medium wp-image-16801 aligncenter\" src=\"https:\/\/madelinefashion.pl\/wp-content\/uploads\/2021\/08\/wymiary-suknia-300x194.png\" alt=\"\" width=\"300\" height=\"194\" title=\"\"><\/p>\n<div class=\"additional-details\" style=\"text-align: center;\">\n<p style=\"text-align: center;\"><span style=\"font-size: 10pt;\">\u00a0<\/span><\/p>\n<\/div>\n<table width=\"740\">\n<tbody>\n<tr>\n<td width=\"100\">Ve\u013ekos\u0165<\/td>\n<td width=\"100\">34<\/td>\n<td width=\"100\">36<\/td>\n<td width=\"100\">38<\/td>\n<td width=\"100\">40<\/td>\n<td width=\"100\">42<\/td>\n<td width=\"100\">44<\/td>\n<\/tr>\n<tr>\n<td width=\"100\">poprsia<\/td>\n<td width=\"100\">84-86<\/td>\n<td width=\"100\">88-90<\/td>\n<td width=\"100\">92-94<\/td>\n<td width=\"100\">96-98<\/td>\n<td width=\"100\">100-102<\/td>\n<td width=\"100\">104-106<\/td>\n<\/tr>\n<tr>\n<td width=\"100\">P\u00e1s<\/td>\n<td width=\"100\">64<\/td>\n<td width=\"100\">68<\/td>\n<td width=\"100\">72<\/td>\n<td width=\"100\">76<\/td>\n<td width=\"100\">80<\/td>\n<td width=\"100\">84<\/td>\n<\/tr>\n<tr>\n<td width=\"100\">Boky<\/td>\n<td width=\"100\">ak\u00fdko\u013evek<\/td>\n<td width=\"100\">ak\u00fdko\u013evek<\/td>\n<td width=\"100\">ak\u00fdko\u013evek<\/td>\n<td width=\"100\">ak\u00fdko\u013evek<\/td>\n<td width=\"100\">ak\u00fdko\u013evek<\/td>\n<td width=\"100\">ak\u00fdko\u013evek<\/td>\n<\/tr>\n<\/tbody>\n<\/table>\n<p style=\"text-align: center;\"><span style=\"font-size: 10pt;\">\u00a0 <\/span><\/p>\n<p style=\"text-align: center;\"><span style=\"font-size: 10pt;\">celkov\u00e1 d\u013a\u017eka cca 157 cm\u00a0<\/span><\/p>\n<p style=\"text-align: center;\"><span style=\"font-size: 10pt;\">\u0160aty s\u00fa dostupn\u00e9 aj v in\u00fdch farb\u00e1ch - odpor\u00fa\u010dame v\u00e1m zozn\u00e1mi\u0165 sa s na\u0161imi \u010fal\u0161\u00edmi produktmi.<\/span><\/p>\n<p style=\"text-align: center;\"><span style=\"font-size: 10pt;\">Rozmery sa m\u00f4\u017eu mierne l\u00ed\u0161i\u0165 od uveden\u00fdch +\/- 2cm.\u00a0<\/span><\/p>\n<p style=\"text-align: center;\"><span style=\"font-size: 10pt;\"><strong>\u00a0<\/strong>\u00a0<\/span><\/p>\n<table width=\"620\">\n<tbody>\n<tr>\n<td width=\"302\">Meno modela<\/td>\n<td width=\"302\">Biele rybie \u0161aty<\/td>\n<\/tr>\n<tr>\n<td width=\"302\">Farba<\/td>\n<td width=\"302\">Claret<\/td>\n<\/tr>\n<tr>\n<td width=\"302\">Marka<\/td>\n<td width=\"302\">Pekn\u00e1 \u017eena<\/td>\n<\/tr>\n<tr>\n<td width=\"302\">ve\u013ekosti<\/td>\n<td width=\"302\">34 36 38 40 42<\/td>\n<\/tr>\n<tr>\n<td width=\"302\">M\u00f3da<\/td>\n<td width=\"302\">Zhoda \/ ryba<\/td>\n<\/tr>\n<tr>\n<td width=\"302\">Materi\u00e1l<\/td>\n<td width=\"302\">Visk\u00f3za, polyester, bavlna<\/td>\n<\/tr>\n<tr>\n<td width=\"302\">D\u013a\u017eka<\/td>\n<td width=\"302\">Na zem<\/td>\n<\/tr>\n<\/tbody>\n<\/table>\n<p style=\"text-align: center;\"><span style=\"font-size: 10pt;\">\u00a0<\/span><\/p>\n<p>&nbsp;<\/p>\n<p style=\"text-align: center;\"><span style=\"font-size: 10pt;\">Aby ste si vybrali <strong>perfektn\u00e9 \u0161aty<\/strong> kontaktujte n\u00e1s telefonicky alebo prostredn\u00edctvom na\u0161ej webovej str\u00e1nky <a href=\"https:\/\/www.facebook.com\/madelinefashionbutik\" target=\"_blank\" rel=\"noopener\">Facebook<\/a> .<\/span><br \/>\n<span style=\"font-size: 10pt;\">N\u00e1\u0161 t\u00edm v\u00e1m pom\u00f4\u017ee <strong>Vyberte si ten spr\u00e1vny<\/strong> . <strong>Na \u017eelanie kupuj\u00faceho vyrob\u00edme ak\u00e9ko\u013evek \u0161aty\u00a0<\/strong><strong>opatrne mera\u0165.\u00a0<\/strong><\/span><\/p>\n<div class=\"additional-details\" style=\"text-align: center;\">\n<p style=\"text-align: center;\"><span style=\"font-size: 10pt;\">\u00a0<\/span><\/p>\n<\/div>","protected":false},"excerpt":{"rendered":"<p>Suknia Rybka White Bordowa Zjawiskowa suknia \u00a0z oryginaln\u0105 koronkow\u0105 g\u00f3r\u0105 z dekoltem w szpic\u00a0 G\u00f3ra wykonana z siateczki obszytej gipiurow\u0105 kwiatow\u0105 koronk\u0105 z naszytymi koralikami. Wygl\u0105da bardzo zmys\u0142owo i oryginalnie. Plecy\u00a0 z \u0142agodnym dekoltem w liter\u0119 v. D\u00f3\u0142 sukienki dopasowany &#8211; ala rybka\u00a0 pod spodem podszewka. Zw\u0119\u017cana na wysoko\u015bci pasa wspaniale podkre\u015bla tali\u0119. Suknia rybka<\/p>\n<div class=\"klb-readmore post-buttons\"><a class=\"button black outline size-sm\" href=\"https:\/\/madelinefashion.pl\/sk\/suknia-rybka-white-bordowa\/\">\u010c\u00edta\u0165 \u010falej <i class=\"klbth-icon-right-arrow\"><\/i><\/a><\/div>","protected":false},"featured_media":74351,"template":"","meta":[],"product_brand":[],"product_cat":[395,124],"product_tag":[257,216,163],"class_list":{"0":"post-74365","1":"product","2":"type-product","3":"status-publish","4":"has-post-thumbnail","6":"product_cat-nowosci","7":"product_cat-sukienki-okolicznosciowe","8":"product_tag-madelinefashion","9":"product_tag-sukienki-bordowe","10":"product_tag-sukienki-dlugie","12":"first","13":"instock","14":"product-type-variable"},"_links":{"self":[{"href":"https:\/\/madelinefashion.pl\/sk\/wp-json\/wp\/v2\/product\/74365","targetHints":{"allow":["GET"]}}],"collection":[{"href":"https:\/\/madelinefashion.pl\/sk\/wp-json\/wp\/v2\/product"}],"about":[{"href":"https:\/\/madelinefashion.pl\/sk\/wp-json\/wp\/v2\/types\/product"}],"wp:featuredmedia":[{"embeddable":true,"href":"https:\/\/madelinefashion.pl\/sk\/wp-json\/wp\/v2\/media\/74351"}],"wp:attachment":[{"href":"https:\/\/madelinefashion.pl\/sk\/wp-json\/wp\/v2\/media?parent=74365"}],"wp:term":[{"taxonomy":"product_brand","embeddable":true,"href":"https:\/\/madelinefashion.pl\/sk\/wp-json\/wp\/v2\/product_brand?post=74365"},{"taxonomy":"product_cat","embeddable":true,"href":"https:\/\/madelinefashion.pl\/sk\/wp-json\/wp\/v2\/product_cat?post=74365"},{"taxonomy":"product_tag","embeddable":true,"href":"https:\/\/madelinefashion.pl\/sk\/wp-json\/wp\/v2\/product_tag?post=74365"}],"curies":[{"name":"pracovn\u00fd list","href":"https:\/\/api.w.org\/{rel}","templated":true}]}}