{"id":75661,"date":"2023-01-31T16:58:00","date_gmt":"2023-01-31T15:58:00","guid":{"rendered":"https:\/\/madelinefashion.pl\/?post_type=product&#038;p=75661"},"modified":"2026-03-26T12:39:44","modified_gmt":"2026-03-26T11:39:44","slug":"sukienka-asymetryczna-brokatowa-turkusowa-alika","status":"publish","type":"product","link":"https:\/\/madelinefashion.pl\/sk\/sukienka-asymetryczna-brokatowa-turkusowa-alika\/","title":{"rendered":"Asymetrick\u00e9 trblietav\u00e9 tyrkysov\u00e9 \u0161aty Alika"},"content":{"rendered":"<h3 style=\"text-align: center;\">Asymetrick\u00e9 trblietav\u00e9 tyrkysov\u00e9 \u0161aty Alika<\/h3>\n<p style=\"text-align: center;\"><span style=\"font-size: 10pt;\">Kr\u00e1sne \u0161aty<b> Asymetrick\u00e9<\/b> brok\u00e1t na popruhoch. Kr\u00e1sne odha\u013euje \u017eensk\u00e9 tvary - spodn\u00e1 \u010das\u0165 \u0161iat je roz\u0161\u00edren\u00e1 - asymetrick\u00e1. Z\u00fa\u017een\u00e9 vo v\u00fd\u0161ke p\u00e1sa <strong>dokonale zv\u00fdraz\u0148uje p\u00e1s<\/strong>.\u00a0 <\/span>\u0160aty s ob\u00e1lkov\u00fdm v\u00fdstrihom zap\u00ednan\u00fdm vzadu na zips. Styling ur\u010den\u00fd pre \u017eeny, ktor\u00e9 si cenia <strong>sexy a jedine\u010dn\u00fd vzh\u013ead<\/strong>. \u0160aty s krat\u0161ou asymetrickou stranou. <span style=\"font-size: 10pt;\"><strong>\u0160aty s\u00fa \u00fa\u017easne \u0161irok\u00e9 a vyzeraj\u00fa \u00fa\u017easne pri tanci a ch\u00f4dzi.<\/strong> Je to model, ved\u013ea ktor\u00e9ho nem\u00f4\u017eete \u013eahostajne prejs\u0165.<strong> Brok\u00e1tov\u00e9 midi \u0161aty pod kolen\u00e1. Vyroben\u00e9 a \u0161it\u00e9 v Po\u013esku - <\/strong>vyroben\u00e9 z najkvalitnej\u0161\u00edch materi\u00e1lov. Ide\u00e1lne na ka\u017ed\u00fa pr\u00edle\u017eitos\u0165. <strong>Musie\u0165 ma\u0165<\/strong> ka\u017ed\u00e1 elegantn\u00e1 \u017eena!\u00a0 <\/span><span style=\"font-size: 10pt;\">Zozn\u00e1mte sa s na\u0161ou ponukou <strong><a href=\"https:\/\/madelinefashion.pl\/sk\/sukienki-i-kombinezony\/sukienki-okolicznosciowe\/\">ve\u010dern\u00e9 \u0161aty<\/a>\u00a0a vyberte si model, <\/strong>v ktorom budete <strong>vyzera\u0165 ako hviezda a vy\u010dnieva\u0165 z davu.\u00a0 <\/strong>Najnov\u0161ie n\u00e1vrhy tejto sez\u00f3ny! <\/span><span style=\"font-size: 10pt;\">Dostupn\u00e9 v na\u0161om e-shope v <strong>nieko\u013eko farebn\u00fdch variantov<\/strong>tak nev\u00e1hajte a vyberte si ten, ktor\u00fd je pre v\u00e1s ide\u00e1lny. Ak sa neviete rozhodn\u00fa\u0165 ak\u00fa farbu, <strong>ve\u013ekos\u0165<\/strong> je pre v\u00e1s to najlep\u0161ie <strong>kontaktuj n\u00e1s<\/strong> cez <a href=\"https:\/\/www.facebook.com\/madelinefashionbutik\" target=\"_blank\" rel=\"noopener\">Facebook<\/a> alebo <a href=\"https:\/\/madelinefashion.pl\/sk\/kontakt\/\">telef\u00f3n<\/a>. Ak ve\u013ekos\u0165 nie je na str\u00e1nke, kontaktujte n\u00e1s.\u00a0<\/span><\/p>\n<p>&nbsp;<\/p>\n<h3 style=\"text-align: center;\">Rozmery:<\/h3>\n<p style=\"text-align: center;\"><strong>36\/sek<\/strong><br \/>\nCelkov\u00e1 d\u013a\u017eka - 150 cm<br \/>\nCelkov\u00e1 d\u013a\u017eka strany - 83 cm<br \/>\n\u0160\u00edrka od pazuchy po pazuchu - 40-48 cm<br \/>\n\u0160\u00edrka p\u00e1sa - 32-36 cm<\/p>\n<p style=\"text-align: center;\"><strong>38\/m<\/strong><br \/>\nCelkov\u00e1 d\u013a\u017eka - 137 cm<br \/>\nCelkov\u00e1 d\u013a\u017eka strany - 97 cm<br \/>\n\u0160\u00edrka od pazuchy po pazuchu - 42-50 cm<br \/>\n\u0160\u00edrka p\u00e1sa - 35-39 cm<\/p>\n<p style=\"text-align: center;\"><strong>40\/l<\/strong><br \/>\nCelkov\u00e1 d\u013a\u017eka - 138 cm<br \/>\nCelkov\u00e1 d\u013a\u017eka strany - 98 cm<br \/>\n\u0160\u00edrka od pazuchy po pazuchu - 44-53 cm<br \/>\n\u0160\u00edrka p\u00e1sa - 38-42 cm<\/p>\n<p style=\"text-align: center;\">Rozmery sa m\u00f4\u017eu mierne l\u00ed\u0161i\u0165 od uveden\u00fdch +\/- 2cm. <strong>Uveden\u00fd rozmer Ploch\u00fd x2\u00a0<\/strong><\/p>\n<p style=\"text-align: center;\"><strong>\u00a0<\/strong><\/p>\n<table width=\"591\">\n<tbody>\n<tr>\n<td width=\"302\">Meno modela<\/td>\n<td width=\"302\">Asymetrick\u00e9 brok\u00e1tov\u00e9 \u0161aty Alika<\/td>\n<\/tr>\n<tr>\n<td width=\"302\">Farba<\/td>\n<td width=\"302\">tyrkysov\u00e1<\/td>\n<\/tr>\n<tr>\n<td width=\"302\">Marka<\/td>\n<td width=\"302\">kolekcia adika<\/td>\n<\/tr>\n<tr>\n<td width=\"302\">ve\u013ekosti<\/td>\n<td width=\"302\">36 38 40<\/td>\n<\/tr>\n<tr>\n<td width=\"302\">M\u00f3da<\/td>\n<td width=\"302\">Zhoda<\/td>\n<\/tr>\n<tr>\n<td width=\"302\">Materi\u00e1l<\/td>\n<td width=\"302\">95% Polyester 5% Elastan<\/td>\n<\/tr>\n<tr>\n<td width=\"302\">D\u013a\u017eka<\/td>\n<td width=\"302\">Cez koleno<\/td>\n<\/tr>\n<\/tbody>\n<\/table>\n<p>&nbsp;<\/p>\n<p style=\"text-align: center;\">Model m\u00e1\u00a0<strong>169<\/strong>\u00a0cm vysok\u00fd, nos\u00ed ve\u013ekos\u0165 ka\u017ed\u00fd de\u0148\u00a0<strong>S<\/strong><\/p>\n<p style=\"text-align: center;\">\u0160\u00edrka cez prsia 92 cm<\/p>\n<p style=\"text-align: center;\">\u0160\u00edrka v p\u00e1se 62 cm<\/p>\n<p style=\"text-align: center;\">\u0160\u00edrka v bokoch 94 cm<\/p>","protected":false},"excerpt":{"rendered":"<p>Tyrkysov\u00e9 asymetrick\u00e9 trblietav\u00e9 \u0161aty Alika. Kr\u00e1sne asymetrick\u00e9 brok\u00e1tov\u00e9 \u0161aty s ramienkami. Kr\u00e1sne zv\u00fdraz\u0148uj\u00fa \u017eensk\u00e9 tvary - roz\u0161\u00edren\u00fd, asymetrick\u00fd lem \u0161iat. Z\u00fa\u017een\u00e9 v p\u00e1se kr\u00e1sne zv\u00fdraz\u0148uj\u00fa p\u00e1s. \u0160aty maj\u00fa zavinovac\u00ed v\u00fdstrih a zips vzadu. Tento \u0161t\u00fdl je ur\u010den\u00fd pre \u017eeny, ktor\u00e9 si cenia sexi a jedine\u010dn\u00fd vzh\u013ead. \u0160aty maj\u00fa krat\u0161iu, asymetrick\u00fa stranu. \u0160aty s\u00fa kr\u00e1sne spl\u00fdvav\u00e9 a \u00fa\u017easne lichotiv\u00e9.<\/p>\n<div class=\"klb-readmore post-buttons\"><a class=\"button black outline size-sm\" href=\"https:\/\/madelinefashion.pl\/sk\/sukienka-asymetryczna-brokatowa-turkusowa-alika\/\">\u010c\u00edta\u0165 \u010falej <i class=\"klbth-icon-right-arrow\"><\/i><\/a><\/div>","protected":false},"featured_media":75615,"template":"","meta":[],"product_brand":[],"product_cat":[124,559,560],"product_tag":[],"class_list":{"0":"post-75661","1":"product","2":"type-product","3":"status-publish","4":"has-post-thumbnail","6":"product_cat-sukienki-okolicznosciowe","7":"product_cat-noworoczna-sekcja-okazji","8":"product_cat-sukienki-brokatowe","10":"first","11":"outofstock","12":"product-type-variable"},"_links":{"self":[{"href":"https:\/\/madelinefashion.pl\/sk\/wp-json\/wp\/v2\/product\/75661","targetHints":{"allow":["GET"]}}],"collection":[{"href":"https:\/\/madelinefashion.pl\/sk\/wp-json\/wp\/v2\/product"}],"about":[{"href":"https:\/\/madelinefashion.pl\/sk\/wp-json\/wp\/v2\/types\/product"}],"wp:featuredmedia":[{"embeddable":true,"href":"https:\/\/madelinefashion.pl\/sk\/wp-json\/wp\/v2\/media\/75615"}],"wp:attachment":[{"href":"https:\/\/madelinefashion.pl\/sk\/wp-json\/wp\/v2\/media?parent=75661"}],"wp:term":[{"taxonomy":"product_brand","embeddable":true,"href":"https:\/\/madelinefashion.pl\/sk\/wp-json\/wp\/v2\/product_brand?post=75661"},{"taxonomy":"product_cat","embeddable":true,"href":"https:\/\/madelinefashion.pl\/sk\/wp-json\/wp\/v2\/product_cat?post=75661"},{"taxonomy":"product_tag","embeddable":true,"href":"https:\/\/madelinefashion.pl\/sk\/wp-json\/wp\/v2\/product_tag?post=75661"}],"curies":[{"name":"pracovn\u00fd list","href":"https:\/\/api.w.org\/{rel}","templated":true}]}}