{"id":75750,"date":"2023-02-01T14:04:38","date_gmt":"2023-02-01T13:04:38","guid":{"rendered":"https:\/\/madelinefashion.pl\/?post_type=product&#038;p=75750"},"modified":"2026-03-26T12:39:43","modified_gmt":"2026-03-26T11:39:43","slug":"sukienka-biala-dopasowana-juliette","status":"publish","type":"product","link":"https:\/\/madelinefashion.pl\/sk\/sukienka-biala-dopasowana-juliette\/","title":{"rendered":"\u0160aty biele vypasovan\u00e9 Juliette\u00a0"},"content":{"rendered":"<h3 style=\"text-align: center;\">\u0160aty biele vypasovan\u00e9 Juliette<\/h3>\n<p style=\"text-align: center;\"><strong>Vysn\u00edvan\u00e9 \u0161aty <\/strong>\u00a0s origin\u00e1lom <strong>\u010dipkovan\u00fd top<\/strong> Top s v\u00fdstrihom do V zo sie\u0165oviny lemovan\u00fd guipurovou kvetinovou \u010dipkou s na\u0161it\u00fdmi kor\u00e1lkami. <strong>Vyzer\u00e1 ve\u013emi zmyselne a origin\u00e1lne.<\/strong> Chrb\u00e1t m\u00e1 jemn\u00fd v\u00fdstrih do V. Spodn\u00fd diel \u0161iat je priliehav\u00fd \u2013 ala<strong> ryby<\/strong>\u00a0 pod\u0161\u00edvka zospodu. Z\u00fa\u017een\u00e1 v p\u00e1se dokonale zv\u00fdrazn\u00ed p\u00e1s. <strong>Juliette<\/strong>\u00a0je podstatou elegancie. Kr\u00e1sne zv\u00fdrazn\u00ed p\u00e1s, boky a poprsie. n\u00e1\u0161 <strong>Svadobn\u00e9 \u0161aty Juliette <\/strong>vo farbe <strong>biely<\/strong> d<span style=\"font-size: 10pt;\">dostupn\u00e9 v na\u0161ej predajni vo ve\u013ekostiach XS SML XL. <\/span><strong>Rybie svadobn\u00e9 \u0161aty\u00a0<\/strong>je strih venovan\u00fd nevest\u00e1m, ktor\u00e9 rady zv\u00fdraz\u0148uj\u00fa svoju postavu.\u017diadny in\u00fd strih to\u013eko nezv\u00fdraz\u0148uje \u017eensk\u00e9 tvary.\u00a0<strong>Rybie \u0161aty<\/strong>\u00a0alebo\u00a0<strong>Morsk\u00e1 panna<\/strong> toto je ten najsexi \u0161t\u00fdl <strong>svadobn\u00e9 \u0161aty<\/strong>. Bu\u010fte zmyseln\u00ed, l\u00e1kav\u00ed a o\u010daruj\u00faci.<br \/>\n<span style=\"font-size: 10pt;\"><span style=\"font-size: 10pt;\">Na\u0161e \u0161aty s\u00fa perfektnou vo\u013ebou na svadby, plesy, Silvestra a in\u00e9 elegantn\u00e9 \u0161peci\u00e1lne pr\u00edle\u017eitosti. V na\u0161om internetovom obchode n\u00e1jdete jedine\u010dn\u00e9 \u0161aty za neuverite\u013ene prijate\u013en\u00e9 ceny \u2013\u00a0 <\/span><strong style=\"font-size: 10pt;\">nev\u00e1hajte a vyberte si ten, ktor\u00fd je pre v\u00e1s ide\u00e1lny<\/strong><span style=\"font-size: 10pt;\">. Ak sa neviete rozhodn\u00fa\u0165 ak\u00fa farbu, <\/span><strong style=\"font-size: 10pt;\">ve\u013ekos\u0165<\/strong><span style=\"font-size: 10pt;\"> je pre v\u00e1s to najlep\u0161ie <\/span><strong style=\"font-size: 10pt;\">kontaktuj n\u00e1s<\/strong><span style=\"font-size: 10pt;\"> cez <\/span><a style=\"font-size: 10pt;\" href=\"https:\/\/www.facebook.com\/madelinefashionbutik\" target=\"_blank\" rel=\"noopener\">Facebook<\/a><span style=\"font-size: 10pt;\"> alebo <\/span><a style=\"font-size: 10pt;\" href=\"https:\/\/madelinefashion.pl\/sk\/kontakt\/\">telef\u00f3n<\/a><span style=\"font-size: 10pt;\">. Ak ve\u013ekos\u0165 nie je na str\u00e1nke, kontaktujte n\u00e1s.\u00a0<\/span><b style=\"font-size: 10pt;\">\u00a0<\/b><br \/>\n<b style=\"font-size: 10pt;\"><br \/>\nCh\u00e1peme, ak\u00e9 d\u00f4le\u017eit\u00e9 rozhodnutie rob\u00edte. Aby v\u00e1m bol v\u00e1\u0161 v\u00fdtvor dokonale u\u0161it\u00fd na mieru v najd\u00f4le\u017eitej\u0161\u00ed de\u0148 v\u00e1\u0161ho \u017eivota, uve\u010fte to pros\u00edm v inform\u00e1ci\u00e1ch po k\u00fape <\/b><span style=\"font-size: 13.3333px;\"><b>vlastn\u00e9<\/b><\/span><b style=\"font-size: 10pt;\"> rozmery \ud83d\ude09\u00a0<\/b><br \/>\n<\/span><\/p>\n<h3 style=\"text-align: center;\">ROZMERY \u0161iat:<\/h3>\n<p><img fetchpriority=\"high\" decoding=\"async\" class=\"size-medium wp-image-16801 aligncenter\" src=\"https:\/\/madelinefashion.pl\/wp-content\/uploads\/2021\/08\/wymiary-suknia-300x194.png\" alt=\"\" width=\"300\" height=\"194\" title=\"\"><\/p>\n<div class=\"additional-details\" style=\"text-align: center;\">\n<p style=\"text-align: center;\"><span style=\"font-size: 10pt;\">\u00a0<\/span><\/p>\n<\/div>\n<table width=\"740\">\n<tbody>\n<tr>\n<td width=\"100\">Ve\u013ekos\u0165<\/td>\n<td width=\"100\">34<\/td>\n<td width=\"100\">36<\/td>\n<td width=\"100\">38<\/td>\n<td width=\"100\">40<\/td>\n<td width=\"100\">42<\/td>\n<td width=\"100\">44<\/td>\n<\/tr>\n<tr>\n<td width=\"100\">poprsia<\/td>\n<td width=\"100\">84-86<\/td>\n<td width=\"100\">88-90<\/td>\n<td width=\"100\">92-94<\/td>\n<td width=\"100\">96-98<\/td>\n<td width=\"100\">100-102<\/td>\n<td width=\"100\">104-106<\/td>\n<\/tr>\n<tr>\n<td width=\"100\">P\u00e1s<\/td>\n<td width=\"100\">64<\/td>\n<td width=\"100\">68<\/td>\n<td width=\"100\">72<\/td>\n<td width=\"100\">76<\/td>\n<td width=\"100\">80<\/td>\n<td width=\"100\">84<\/td>\n<\/tr>\n<tr>\n<td width=\"100\">Boky<\/td>\n<td width=\"100\">ak\u00fdko\u013evek<\/td>\n<td width=\"100\">ak\u00fdko\u013evek<\/td>\n<td width=\"100\">ak\u00fdko\u013evek<\/td>\n<td width=\"100\">ak\u00fdko\u013evek<\/td>\n<td width=\"100\">ak\u00fdko\u013evek<\/td>\n<td width=\"100\">ak\u00fdko\u013evek<\/td>\n<\/tr>\n<\/tbody>\n<\/table>\n<p style=\"text-align: center;\"><span style=\"font-size: 10pt;\">\u00a0 <\/span><\/p>\n<p style=\"text-align: center;\"><span style=\"font-size: 10pt;\">celkov\u00e1 d\u013a\u017eka cca 157 cm\u00a0<\/span><\/p>\n<p style=\"text-align: center;\"><span style=\"font-size: 10pt;\">\u0160aty s\u00fa dostupn\u00e9 aj v in\u00fdch farb\u00e1ch - odpor\u00fa\u010dame v\u00e1m zozn\u00e1mi\u0165 sa s na\u0161imi \u010fal\u0161\u00edmi produktmi.<\/span><\/p>\n<p style=\"text-align: center;\"><span style=\"font-size: 10pt;\">Rozmery sa m\u00f4\u017eu mierne l\u00ed\u0161i\u0165 od uveden\u00fdch +\/- 2cm.\u00a0<\/span><\/p>\n<p style=\"text-align: center;\"><span style=\"font-size: 10pt;\"><strong>\u00a0<\/strong>\u00a0<\/span><\/p>\n<table width=\"620\">\n<tbody>\n<tr>\n<td width=\"302\">Meno modela<\/td>\n<td width=\"302\">Priliehav\u00e9 \u0161aty Juliette<\/td>\n<\/tr>\n<tr>\n<td width=\"302\">Farba<\/td>\n<td width=\"302\">biely<\/td>\n<\/tr>\n<tr>\n<td width=\"302\">Marka<\/td>\n<td width=\"302\">Pekn\u00e1 \u017eena<\/td>\n<\/tr>\n<tr>\n<td width=\"302\">ve\u013ekosti<\/td>\n<td width=\"302\">34 36 38 40<\/td>\n<\/tr>\n<tr>\n<td width=\"302\">M\u00f3da<\/td>\n<td width=\"302\">Zhoda \/ ryba<\/td>\n<\/tr>\n<tr>\n<td width=\"302\">Materi\u00e1l<\/td>\n<td width=\"302\">Visk\u00f3za, polyester, bavlna<\/td>\n<\/tr>\n<tr>\n<td width=\"302\">D\u013a\u017eka<\/td>\n<td width=\"302\">Na zem<\/td>\n<\/tr>\n<\/tbody>\n<\/table>\n<p style=\"text-align: center;\"><span style=\"font-size: 10pt;\">\u00a0<\/span><\/p>\n<p>\u00a0<\/p>\n<p style=\"text-align: center;\"><span style=\"font-size: 10pt;\">Aby ste si vybrali <strong>perfektn\u00e9 \u0161aty<\/strong> kontaktujte n\u00e1s telefonicky alebo prostredn\u00edctvom na\u0161ej webovej str\u00e1nky <a href=\"https:\/\/www.facebook.com\/madelinefashionbutik\" target=\"_blank\" rel=\"noopener\">Facebook<\/a> .<\/span><br \/>\n<span style=\"font-size: 10pt;\">N\u00e1\u0161 t\u00edm v\u00e1m pom\u00f4\u017ee <strong>Vyberte si ten spr\u00e1vny<\/strong> . <strong>Na \u017eelanie kupuj\u00faceho vyrob\u00edme ak\u00e9ko\u013evek \u0161aty\u00a0<\/strong><strong>opatrne mera\u0165.\u00a0<\/strong><\/span><\/p>\n<div class=\"additional-details\" style=\"text-align: center;\">\n<p style=\"text-align: center;\"><span style=\"font-size: 10pt;\">\u00a0<\/span><\/p>\n<\/div>","protected":false},"excerpt":{"rendered":"<p>Sukienka Bia\u0142a Dopasowana Juliette Zjawiskowa suknia \u00a0z oryginaln\u0105 koronkow\u0105 g\u00f3r\u0105 z dekoltem w szpic\u00a0 G\u00f3ra wykonana z siateczki obszytej gipiurow\u0105 kwiatow\u0105 koronk\u0105 z naszytymi koralikami. Wygl\u0105da bardzo zmys\u0142owo i oryginalnie. Plecy\u00a0 z \u0142agodnym dekoltem w liter\u0119 v. D\u00f3\u0142 sukienki dopasowany \u2013 ala rybka\u00a0 pod spodem podszewka. Zw\u0119\u017cana na wysoko\u015bci pasa wspaniale podkre\u015bla tali\u0119. Juliette\u00a0to kwintesencja<\/p>\n<div class=\"klb-readmore post-buttons\"><a class=\"button black outline size-sm\" href=\"https:\/\/madelinefashion.pl\/sk\/sukienka-biala-dopasowana-juliette\/\">\u010c\u00edta\u0165 \u010falej <i class=\"klbth-icon-right-arrow\"><\/i><\/a><\/div>","protected":false},"featured_media":93884,"template":"","meta":[],"product_brand":[],"product_cat":[395,124,559],"product_tag":[257,219,163],"class_list":{"0":"post-75750","1":"product","2":"type-product","3":"status-publish","4":"has-post-thumbnail","6":"product_cat-nowosci","7":"product_cat-sukienki-okolicznosciowe","8":"product_cat-noworoczna-sekcja-okazji","9":"product_tag-madelinefashion","10":"product_tag-sukienka-biala","11":"product_tag-sukienki-dlugie","13":"first","14":"outofstock","15":"product-type-variable"},"_links":{"self":[{"href":"https:\/\/madelinefashion.pl\/sk\/wp-json\/wp\/v2\/product\/75750","targetHints":{"allow":["GET"]}}],"collection":[{"href":"https:\/\/madelinefashion.pl\/sk\/wp-json\/wp\/v2\/product"}],"about":[{"href":"https:\/\/madelinefashion.pl\/sk\/wp-json\/wp\/v2\/types\/product"}],"wp:featuredmedia":[{"embeddable":true,"href":"https:\/\/madelinefashion.pl\/sk\/wp-json\/wp\/v2\/media\/93884"}],"wp:attachment":[{"href":"https:\/\/madelinefashion.pl\/sk\/wp-json\/wp\/v2\/media?parent=75750"}],"wp:term":[{"taxonomy":"product_brand","embeddable":true,"href":"https:\/\/madelinefashion.pl\/sk\/wp-json\/wp\/v2\/product_brand?post=75750"},{"taxonomy":"product_cat","embeddable":true,"href":"https:\/\/madelinefashion.pl\/sk\/wp-json\/wp\/v2\/product_cat?post=75750"},{"taxonomy":"product_tag","embeddable":true,"href":"https:\/\/madelinefashion.pl\/sk\/wp-json\/wp\/v2\/product_tag?post=75750"}],"curies":[{"name":"pracovn\u00fd list","href":"https:\/\/api.w.org\/{rel}","templated":true}]}}