{"id":7596,"date":"2021-04-09T18:54:10","date_gmt":"2021-04-09T16:54:10","guid":{"rendered":"https:\/\/madelinefashion.pl\/?post_type=product&#038;p=7596"},"modified":"2026-01-20T10:34:38","modified_gmt":"2026-01-20T09:34:38","slug":"t-shirt-ramones-karmelowy","status":"publish","type":"product","link":"https:\/\/madelinefashion.pl\/sk\/t-shirt-ramones-karmelowy\/","title":{"rendered":"Tri\u010dko Ramones Caramel"},"content":{"rendered":"<h3 style=\"text-align: center;\">Tri\u010dko Ramones Caramel<\/h3>\n<p style=\"text-align: center;\"><strong>Ru\u017eov\u00e9 tri\u010dko s potla\u010dou \u201eRAMONES\u201d<\/strong> \u2013 s v\u00fdstrihom do V pri v\u00fdstrihu. Je to bl\u00fazka, ktor\u00e1 sa bude hodi\u0165 k v\u00e4\u010d\u0161ine \u0161t\u00fdlov \u2013 v\u010faka vzoru. Pr\u00edjemn\u00fd na dotyk, priedu\u0161n\u00fd materi\u00e1l v\u00e1m poskytne pohodlie. Jednoduch\u00e9 univerz\u00e1lne tri\u010dko sa d\u00e1 nosi\u0165 po\u010das cel\u00e9ho roka bez oh\u013eadu na ro\u010dn\u00e9 obdobie. Skombinujte ju s d\u017e\u00ednsovou katanou a voskovan\u00fdmi nohavicami. Dostupn\u00e9 v na\u0161ej predajni v r\u00f4znych farb\u00e1ch. Ide o model, v ktorom nezostanete bez pov\u0161imnutia. ve\u013ekos\u0165 je<strong> univerz\u00e1lne odpor\u00fa\u010dan\u00e9 od S po XXL\u00a0<\/strong><\/p>\n<h3 style=\"text-align: center;\">Rozmery :<\/h3>\n<ul>\n<li style=\"text-align: center;\">\u00a0\u00a0\u00a0\u00a0\u00a0\u00a0\u00a0 Celkov\u00e1 d\u013a\u017eka: 69 cm<\/li>\n<li style=\"text-align: center;\">\u00a0 \u00a0 \u00a0 \u00a0 \u0160\u00edrka od pazuchy po pazuchu: 53 cm - 68 cm<\/li>\n<li style=\"text-align: center;\">\u0160\u00edrka v spodnej \u010dasti: 55 cm - 68 cm<br \/>\nD\u013a\u017eka ruk\u00e1va od podpazu\u0161ia: 7 cm<br \/>\nD\u013a\u017eka ruk\u00e1va od ramena: 16 cm<\/li>\n<\/ul>\n<p style=\"text-align: center;\">Rozmery sa m\u00f4\u017eu mierne l\u00ed\u0161i\u0165 od uveden\u00fdch +\/- 2cm. V\u0161etky uveden\u00e9 rozmery s\u00fa meran\u00e9 plo\u0161ne.<\/p>\n<table>\n<tbody>\n<tr>\n<td width=\"302\">Meno modela<\/td>\n<td width=\"302\">Tri\u010dko Ramones<\/td>\n<\/tr>\n<tr>\n<td width=\"302\">Farba<\/td>\n<td width=\"302\">karamel<\/td>\n<\/tr>\n<tr>\n<td width=\"302\">ve\u013ekosti<\/td>\n<td width=\"302\">Univerz\u00e1lny<\/td>\n<\/tr>\n<tr>\n<td width=\"302\">M\u00f3da<\/td>\n<td width=\"302\">nadrozmern\u00e9<\/td>\n<\/tr>\n<tr>\n<td width=\"302\">Materi\u00e1l<\/td>\n<td width=\"302\">95 % Bavlna 5% Elastan<\/td>\n<\/tr>\n<\/tbody>\n<\/table>\n<p style=\"text-align: center;\"><span style=\"font-size: 10pt;\">\u00a0<\/span><\/p>\n<p style=\"text-align: center;\">Model m\u00e1\u00a0<strong>169<\/strong>\u00a0cm vysok\u00fd, nos\u00ed ve\u013ekos\u0165 ka\u017ed\u00fd de\u0148\u00a0<strong>S<\/strong><\/p>\n<p style=\"text-align: center;\">\u0160\u00edrka hrudn\u00edka 91 cm<\/p>\n<p style=\"text-align: center;\">\u0160\u00edrka p\u00e1su 71 cm<\/p>\n<p style=\"text-align: center;\">\u0160\u00edrka bokov 96 cm<\/p>\n<div class=\"additional-details\" style=\"text-align: center;\"><\/div>","protected":false},"excerpt":{"rendered":"<p>T-shirt Ramones Karmelowy R\u00f3\u017cowy T-shirt z\u00a0 nadrukiem &#8222;RAMONES&#8221; &#8211; z wyci\u0119ciem\u00a0 w stylu V na dekolcie. Jest to bluzka , kt\u00f3ra b\u0119dzie pasowa\u0142a do wi\u0119kszo\u015bci stylizacji\u2013 ze wzgl\u0119du na wz\u00f3r. Przyjemny w dotyku, oddychaj\u0105cy materia\u0142 zapewni Ci komfort noszenia. Prosty, uniwersalny T-shirt mo\u017cesz nosi\u0107 przez ca\u0142y rok, niezale\u017cnie od pory roku. Po\u0142\u0105cz go z jeansowi<\/p>\n<div class=\"klb-readmore post-buttons\"><a class=\"button black outline size-sm\" href=\"https:\/\/madelinefashion.pl\/sk\/t-shirt-ramones-karmelowy\/\">\u010c\u00edta\u0165 \u010falej <i class=\"klbth-icon-right-arrow\"><\/i><\/a><\/div>","protected":false},"featured_media":112659,"template":"","meta":[],"product_brand":[],"product_cat":[77,85],"product_tag":[],"class_list":{"0":"post-7596","1":"product","2":"type-product","3":"status-publish","4":"has-post-thumbnail","6":"product_cat-bluzki","7":"product_cat-t-shirty","8":"pa_rozmiar-l-xl","9":"pa_rozmiar-s-m","11":"first","12":"outofstock","13":"sale","14":"purchasable","15":"product-type-simple"},"_links":{"self":[{"href":"https:\/\/madelinefashion.pl\/sk\/wp-json\/wp\/v2\/product\/7596","targetHints":{"allow":["GET"]}}],"collection":[{"href":"https:\/\/madelinefashion.pl\/sk\/wp-json\/wp\/v2\/product"}],"about":[{"href":"https:\/\/madelinefashion.pl\/sk\/wp-json\/wp\/v2\/types\/product"}],"wp:featuredmedia":[{"embeddable":true,"href":"https:\/\/madelinefashion.pl\/sk\/wp-json\/wp\/v2\/media\/112659"}],"wp:attachment":[{"href":"https:\/\/madelinefashion.pl\/sk\/wp-json\/wp\/v2\/media?parent=7596"}],"wp:term":[{"taxonomy":"product_brand","embeddable":true,"href":"https:\/\/madelinefashion.pl\/sk\/wp-json\/wp\/v2\/product_brand?post=7596"},{"taxonomy":"product_cat","embeddable":true,"href":"https:\/\/madelinefashion.pl\/sk\/wp-json\/wp\/v2\/product_cat?post=7596"},{"taxonomy":"product_tag","embeddable":true,"href":"https:\/\/madelinefashion.pl\/sk\/wp-json\/wp\/v2\/product_tag?post=7596"}],"curies":[{"name":"pracovn\u00fd list","href":"https:\/\/api.w.org\/{rel}","templated":true}]}}