{"id":76014,"date":"2023-02-03T14:49:23","date_gmt":"2023-02-03T13:49:23","guid":{"rendered":"https:\/\/madelinefashion.pl\/?post_type=product&#038;p=76014"},"modified":"2026-03-01T12:58:12","modified_gmt":"2026-03-01T11:58:12","slug":"torebka-damska-zlota-kopertowa-z-mucha","status":"publish","type":"product","link":"https:\/\/madelinefashion.pl\/sk\/torebka-damska-zlota-kopertowa-z-mucha\/","title":{"rendered":"D\u00e1mska zlat\u00e1 ob\u00e1lkov\u00e1 ta\u0161ka s mot\u00fdlikom"},"content":{"rendered":"<h3 style=\"text-align: center;\">D\u00e1mska zlat\u00e1 ob\u00e1lkov\u00e1 ta\u0161ka s mot\u00fdlikom<\/h3>\n<p style=\"text-align: center;\">Kabelka je nevyhnutnos\u0165ou<strong> \u0161atn\u00edk ka\u017edej \u017eeny<\/strong>. Tento model je elegantn\u00fd. Elegantn\u00e1 kabelka pre \u017eeny, ktor\u00e9 sleduj\u00fa najnov\u0161ie m\u00f3dne trendy. Bude skvel\u00fdm doplnkom form\u00e1lnych \u0161tyliz\u00e1ci\u00ed. M\u00f4\u017eete si ho obliec\u0165 ku kab\u00e1tu, \u0161at\u00e1m, ale aj k d\u00e1mskemu obleku \u2013 bude vyzera\u0165 skvele v ka\u017edej z t\u00fdchto kombin\u00e1ci\u00ed.<\/p>\n<h3 style=\"text-align: center;\"><\/h3>\n<p>&nbsp;<\/p>\n<h3 style=\"text-align: center;\">Rozmery ta\u0161ky:<\/h3>\n<ul style=\"text-align: center;\">\n<li>v\u00fd\u0161ka - 13 cm<\/li>\n<li>\u0161\u00edrka - 16 cm<\/li>\n<li>d\u013a\u017eka - 21 cm<\/li>\n<\/ul>","protected":false},"excerpt":{"rendered":"<p>Torebka Damska Z\u0142ota Kopertowa z Much\u0105 Torebka, to niezb\u0119dny przedmiot w garderobie ka\u017cdej kobiety. Ten model charakteryzuje si\u0119 elegancj\u0105.\u00a0 Elegancka torebka damska dla kobiet pod\u0105\u017caj\u0105cych za najnowszymi trendami w modzie. Sstanowi \u015bwietne uzupe\u0142nienie formalnych stylizacji. Mo\u017cesz za\u0142o\u017cy\u0107 j\u0105 do p\u0142aszcza, sukienki, a tak\u017ce damskiego garnituru &#8211; w ka\u017cdym tym zestawieniu b\u0119dzie wygl\u0105da\u0107 \u015bwietnie. &nbsp; Wymiary<\/p>\n<div class=\"klb-readmore post-buttons\"><a class=\"button black outline size-sm\" href=\"https:\/\/madelinefashion.pl\/sk\/torebka-damska-zlota-kopertowa-z-mucha\/\">\u010c\u00edta\u0165 \u010falej <i class=\"klbth-icon-right-arrow\"><\/i><\/a><\/div>","protected":false},"featured_media":75993,"template":"","meta":[],"product_brand":[],"product_cat":[113],"product_tag":[412],"class_list":{"0":"post-76014","1":"product","2":"type-product","3":"status-publish","4":"has-post-thumbnail","6":"product_cat-dodatki","7":"product_tag-torebki-damskie","9":"first","10":"outofstock","11":"sale","12":"purchasable","13":"product-type-simple"},"_links":{"self":[{"href":"https:\/\/madelinefashion.pl\/sk\/wp-json\/wp\/v2\/product\/76014","targetHints":{"allow":["GET"]}}],"collection":[{"href":"https:\/\/madelinefashion.pl\/sk\/wp-json\/wp\/v2\/product"}],"about":[{"href":"https:\/\/madelinefashion.pl\/sk\/wp-json\/wp\/v2\/types\/product"}],"wp:featuredmedia":[{"embeddable":true,"href":"https:\/\/madelinefashion.pl\/sk\/wp-json\/wp\/v2\/media\/75993"}],"wp:attachment":[{"href":"https:\/\/madelinefashion.pl\/sk\/wp-json\/wp\/v2\/media?parent=76014"}],"wp:term":[{"taxonomy":"product_brand","embeddable":true,"href":"https:\/\/madelinefashion.pl\/sk\/wp-json\/wp\/v2\/product_brand?post=76014"},{"taxonomy":"product_cat","embeddable":true,"href":"https:\/\/madelinefashion.pl\/sk\/wp-json\/wp\/v2\/product_cat?post=76014"},{"taxonomy":"product_tag","embeddable":true,"href":"https:\/\/madelinefashion.pl\/sk\/wp-json\/wp\/v2\/product_tag?post=76014"}],"curies":[{"name":"pracovn\u00fd list","href":"https:\/\/api.w.org\/{rel}","templated":true}]}}