{"id":76102,"date":"2023-02-03T16:01:47","date_gmt":"2023-02-03T15:01:47","guid":{"rendered":"https:\/\/madelinefashion.pl\/?post_type=product&#038;p=76102"},"modified":"2026-01-20T10:33:40","modified_gmt":"2026-01-20T09:33:40","slug":"sukienka-carmelowa-koszulowa-elbise","status":"publish","type":"product","link":"https:\/\/madelinefashion.pl\/sk\/sukienka-carmelowa-koszulowa-elbise\/","title":{"rendered":"Elbise karamelov\u00e9 ko\u0161e\u013eov\u00e9 \u0161aty"},"content":{"rendered":"<h3 style=\"text-align: center;\">Elbise karamelov\u00e9 ko\u0161e\u013eov\u00e9 \u0161aty<\/h3>\n<p>&nbsp;<\/p>\n<p style=\"text-align: center;\"><strong>Ko\u0161e\u013eov\u00e9 \u0161aty<\/strong> je vynikaj\u00facou vo\u013ebou, ak chcete vytvori\u0165 elegantnej\u0161\u00ed \u0161t\u00fdl. K \u0161at\u00e1m bol pripevnen\u00fd opasok. \u0160aty sa zap\u00ednaj\u00fa na mal\u00e9 gomb\u00edky, ktor\u00fdmi si nastav\u00edte h\u013abku v\u00fdstrihu. V\u00fdstrih \u0161iat bol ukon\u010den\u00fd golierom. \u0160aty s \u00faspechom vyu\u017eijete vo form\u00e1lnych \u0161tyliz\u00e1ci\u00e1ch. Jeho zauj\u00edmav\u00fd strih nielen zamaskuje nedokonalosti, ale dokonale zv\u00fdrazn\u00ed l\u00fdtka \u010di poprsie. \u0160aty s\u00fa z pr\u00edjemn\u00e9ho, mierne stre\u010dov\u00e9ho materi\u00e1lu. V na\u0161ej predajni ho zlad\u00edte s top\u00e1nkami a kabelkou. \u0160aty v karamelovej farbe s\u00fa rozhodne ve\u013emi v\u0161estrann\u00fdm k\u00faskom oble\u010denia<\/p>\n<p style=\"text-align: center;\">Ve\u013ekos\u0165 \u0161iat <strong>SML XL\u00a0<\/strong><\/p>\n<h3 style=\"text-align: center;\">Rozmery:<\/h3>\n<ul>\n<li style=\"text-align: center;\"><strong>S\/36<\/strong><\/li>\n<li style=\"text-align: center;\">CELKOV\u00c1 D\u0139\u017dKA 94 cm<\/li>\n<li style=\"text-align: center;\">\u0160\u00cdRKA OD AARM AARM 48 cm<\/li>\n<li style=\"text-align: center;\">D\u0139\u017dKA RUK\u00c1VU OD RAMENA 48 cm<\/li>\n<li style=\"text-align: center;\">D\u0139\u017dKA RUK\u00c1VU OD PA\u017d\u00cd 35 cm<\/li>\n<li style=\"text-align: center;\"><\/li>\n<li style=\"text-align: center;\"><strong>M\/38<\/strong><\/li>\n<li style=\"text-align: center;\">CELKOV\u00c1 D\u0139\u017dKA 95 cm<\/li>\n<li style=\"text-align: center;\">\u0160\u00cdRKA OD AARM AARM 50 cm<\/li>\n<li style=\"text-align: center;\">D\u0139\u017dKA RUK\u00c1VU OD RAMENA 49 cm<\/li>\n<li style=\"text-align: center;\">D\u0139\u017dKA RUK\u00c1VU OD PA\u017d\u00cd 35 cm<\/li>\n<li style=\"text-align: center;\"><\/li>\n<li style=\"text-align: center;\"><strong>L\/40<\/strong><br \/>\nCELKOV\u00c1 D\u0139\u017dKA 96 cm<\/li>\n<li style=\"text-align: center;\">\u0160\u00cdRKA OD AARM AARM 52 cm<\/li>\n<li style=\"text-align: center;\">D\u0139\u017dKA RUK\u00c1VU OD RAMENA 50 cm<\/li>\n<li style=\"text-align: center;\">D\u0139\u017dKA RUK\u00c1VU OD PA\u017d\u00cd 35 cm<\/li>\n<li><\/li>\n<li style=\"text-align: center;\"><strong>42\/XL<\/strong><\/li>\n<li style=\"text-align: center;\">CELKOV\u00c1 D\u0139\u017dKA 97 cm<\/li>\n<li style=\"text-align: center;\">\u0160\u00cdRKA OD AARM AARM 54 cm<\/li>\n<li style=\"text-align: center;\">D\u0139\u017dKA RUK\u00c1VU OD RAMENA 51 cm<\/li>\n<li style=\"text-align: center;\">D\u0139\u017dKA RUK\u00c1VU OD PA\u017d\u00cd 35 cm<br \/>\n<strong>D\u013a\u017eka opasku 95 cm<\/strong><\/li>\n<li style=\"text-align: center;\"><\/li>\n<\/ul>\n<p style=\"text-align: center;\">Rozmery sa m\u00f4\u017eu l\u00ed\u0161i\u0165 od uveden\u00fdch +\/- 2cm. V\u0161etky uveden\u00e9 rozmery s\u00fa meran\u00e9 plo\u0161ne. Rozmer <strong>x2<\/strong><\/p>\n<table class=\"table\" width=\"591\">\n<tbody>\n<tr>\n<td width=\"302\">Meno modela<\/td>\n<td width=\"302\">Elbise karamelov\u00e9 ko\u0161e\u013eov\u00e9 \u0161aty<\/td>\n<\/tr>\n<tr>\n<td width=\"302\">Farba<\/td>\n<td width=\"302\">karamel<\/td>\n<\/tr>\n<tr>\n<td width=\"302\">zap\u00ednanie<\/td>\n<td width=\"302\">S gomb\u00edkmi<\/td>\n<\/tr>\n<tr>\n<td width=\"302\">Ve\u013ekos\u0165<\/td>\n<td width=\"302\">S, M, L, XL<\/td>\n<\/tr>\n<tr>\n<td width=\"302\">Zahrnut\u00e9<\/td>\n<td width=\"302\">Opasok<\/td>\n<\/tr>\n<tr>\n<td width=\"302\">Materi\u00e1l<\/td>\n<td width=\"302\">\u00a077% Bavlna 21%Polyester 2% Elastan<\/td>\n<\/tr>\n<tr>\n<td width=\"302\">D\u013a\u017eka<\/td>\n<td width=\"302\">Na koleno<\/td>\n<\/tr>\n<\/tbody>\n<\/table>\n<p>&nbsp;<\/p>\n<p>&nbsp;<\/p>\n<p style=\"text-align: center;\">Model m\u00e1\u00a0<strong>169<\/strong>\u00a0cm vysok\u00fd, nos\u00ed ve\u013ekos\u0165 ka\u017ed\u00fd de\u0148\u00a0<strong>S<\/strong><\/p>\n<p style=\"text-align: center;\">\u0160\u00edrka cez prsia 92 cm<\/p>\n<p style=\"text-align: center;\">\u0160\u00edrka v p\u00e1se 62 cm<\/p>\n<p style=\"text-align: center;\">\u0160\u00edrka v bokoch 94 cm<\/p>","protected":false},"excerpt":{"rendered":"<p>Sukienka Karmelowa Koszulowa Elbise &nbsp; Koszulowa sukienka to doskona\u0142y wyb\u00f3r je\u015bli chcesz stworzy\u0107 bardziej eleganck\u0105 stylizacj\u0119. Do sukienki zosta\u0142 do\u0142\u0105czony \u00a0pasek.\u00a0 Sukienka zapinana jest na drobne guziczki, za pomoc\u0105 kt\u00f3rych mo\u017cesz regulowa\u0107 g\u0142\u0119boko\u015b\u0107 dekoltu. Dekolt sukienki zosta\u0142 wyko\u0144czony ko\u0142nierzykiem.\u00a0 Sukienk\u0119 z powodzeniem wykorzystasz w wizytowych stylizacjach.\u00a0 Jej ciekawy kr\u00f3j nie tylko maskuje niedoskona\u0142o\u015bci, ale r\u00f3wnie\u017c<\/p>\n<div class=\"klb-readmore post-buttons\"><a class=\"button black outline size-sm\" href=\"https:\/\/madelinefashion.pl\/sk\/sukienka-carmelowa-koszulowa-elbise\/\">\u010c\u00edta\u0165 \u010falej <i class=\"klbth-icon-right-arrow\"><\/i><\/a><\/div>","protected":false},"featured_media":76060,"template":"","meta":[],"product_brand":[],"product_cat":[125,92,395],"product_tag":[],"class_list":{"0":"post-76102","1":"product","2":"type-product","3":"status-publish","4":"has-post-thumbnail","6":"product_cat-sukienki","7":"product_cat-koszule","8":"product_cat-nowosci","10":"first","11":"instock","12":"sale","13":"purchasable","14":"product-type-variable"},"_links":{"self":[{"href":"https:\/\/madelinefashion.pl\/sk\/wp-json\/wp\/v2\/product\/76102","targetHints":{"allow":["GET"]}}],"collection":[{"href":"https:\/\/madelinefashion.pl\/sk\/wp-json\/wp\/v2\/product"}],"about":[{"href":"https:\/\/madelinefashion.pl\/sk\/wp-json\/wp\/v2\/types\/product"}],"wp:featuredmedia":[{"embeddable":true,"href":"https:\/\/madelinefashion.pl\/sk\/wp-json\/wp\/v2\/media\/76060"}],"wp:attachment":[{"href":"https:\/\/madelinefashion.pl\/sk\/wp-json\/wp\/v2\/media?parent=76102"}],"wp:term":[{"taxonomy":"product_brand","embeddable":true,"href":"https:\/\/madelinefashion.pl\/sk\/wp-json\/wp\/v2\/product_brand?post=76102"},{"taxonomy":"product_cat","embeddable":true,"href":"https:\/\/madelinefashion.pl\/sk\/wp-json\/wp\/v2\/product_cat?post=76102"},{"taxonomy":"product_tag","embeddable":true,"href":"https:\/\/madelinefashion.pl\/sk\/wp-json\/wp\/v2\/product_tag?post=76102"}],"curies":[{"name":"pracovn\u00fd list","href":"https:\/\/api.w.org\/{rel}","templated":true}]}}