{"id":76139,"date":"2023-02-03T17:42:26","date_gmt":"2023-02-03T16:42:26","guid":{"rendered":"https:\/\/madelinefashion.pl\/?post_type=product&#038;p=76139"},"modified":"2026-03-26T12:39:43","modified_gmt":"2026-03-26T11:39:43","slug":"sukienka-cekinowa-maxi-czerwona-tequilla-z-rozcieciem","status":"publish","type":"product","link":"https:\/\/madelinefashion.pl\/sk\/sukienka-cekinowa-maxi-czerwona-tequilla-z-rozcieciem\/","title":{"rendered":"\u010cerven\u00e9 tequillov\u00e9 flitrov\u00e9 maxi \u0161aty s rozparkom"},"content":{"rendered":"<h3 style=\"text-align: center;\">\u010cerven\u00e9 tequillov\u00e9 flitrov\u00e9 maxi \u0161aty s rozparkom<\/h3>\n<p style=\"text-align: center;\">Kr\u00e1sne dlh\u00e9 ve\u010dern\u00e9 \u0161aty zdoben\u00e9 trblietav\u00fdmi kri\u0161t\u00e1\u013eov\u00fdmi flitrami. Kr\u00e1sne zv\u00fdraz\u0148uj\u00fa \u017eensk\u00e9 krivky. Tieto dlh\u00e9 \u0161aty maj\u00fa ryb\u00ed v\u00fdstrih. Tento model sa vyzna\u010duje aj v\u00fdrazn\u00fdmi kor\u00e1lkami, ktor\u00e9 padaj\u00fa cez ramen\u00e1. Prezrite si n\u00e1\u0161 v\u00fdber ve\u010dern\u00fdch \u0161iat a vyberte si \u0161t\u00fdl, v ktorom budete vyzera\u0165 ako hviezda a vyniknete z davu. \u0160aty maj\u00fa vpredu v\u0161it\u00e9 ko\u0161\u00ed\u010dky, v\u010faka \u010domu nie je potrebn\u00e1 podprsenka. Bo\u010dn\u00fd rozparok dod\u00e1va n\u00e1dych sexep\u00edlu. \u0160aty Tequilla, vyroben\u00e9 a u\u0161it\u00e9 v Po\u013esku, s\u00fa dostupn\u00e9 vo ve\u013ekostiach 34, 36, 38, 40, 42, 44, 46 a 48. \u0160aty Pretty Women s\u00fa perfektnou vo\u013ebou na svadby, stu\u017ekov\u00e9, Silvestra a in\u00e9 elegantn\u00e9 pr\u00edle\u017eitosti. V na\u0161om internetovom obchode s\u00fa k dispoz\u00edcii v nieko\u013ek\u00fdch farebn\u00fdch variantoch, nev\u00e1hajte si vybra\u0165 tie, ktor\u00e9 s\u00fa pre v\u00e1s ide\u00e1lne. Ak si nie ste ist\u00ed, ktor\u00e1 farba alebo ve\u013ekos\u0165 je pre v\u00e1s najlep\u0161ia, kontaktujte n\u00e1s prostredn\u00edctvom Facebooku alebo telefonicky. Ak va\u0161a ve\u013ekos\u0165 nie je k dispoz\u00edcii na webovej str\u00e1nke, kontaktujte n\u00e1s. Po n\u00e1kupe n\u00e1m, pros\u00edm, do spr\u00e1vy uve\u010fte miery v\u00e1\u0161ho p\u00e1su a hrudn\u00edka a my v\u00e1m n\u00e1jdeme spr\u00e1vnu ve\u013ekos\u0165!<\/p>\n<h3 style=\"text-align: center;\">ROZMERY \u0161iat:<\/h3>\n<table width=\"556\">\n<tbody>\n<tr>\n<td><strong>VE\u013dKOS\u0164<\/strong><\/td>\n<td><strong>poprsia<\/strong><\/td>\n<td><strong>P\u00e1s<\/strong><\/td>\n<td><strong>Boky<\/strong><\/td>\n<\/tr>\n<tr>\n<td><strong>34<\/strong><\/td>\n<td>84-86<\/td>\n<td>64-68<\/td>\n<td>\u00a082-90<\/td>\n<\/tr>\n<tr>\n<td><strong>36<\/strong><\/td>\n<td>88-90<\/td>\n<td>68-72<\/td>\n<td>\u00a086-92<\/td>\n<\/tr>\n<tr>\n<td><strong>38<\/strong><\/td>\n<td>92-94<\/td>\n<td>72-76<\/td>\n<td>\u00a090-96<\/td>\n<\/tr>\n<tr>\n<td><strong>40<\/strong><\/td>\n<td>96-98<\/td>\n<td>76-80<\/td>\n<td>\u00a094-106<\/td>\n<\/tr>\n<tr>\n<td><strong>42<\/strong><\/td>\n<td>100-104<\/td>\n<td>80-84<\/td>\n<td>\u00a098-108<\/td>\n<\/tr>\n<\/tbody>\n<\/table>\n<p style=\"text-align: center;\">\u00a0 celkov\u00e1 d\u013a\u017eka cca 157 cm<\/p>\n<p style=\"text-align: center;\">\u0160aty s\u00fa dostupn\u00e9 aj v in\u00fdch farb\u00e1ch - odpor\u00fa\u010dame v\u00e1m zozn\u00e1mi\u0165 sa s na\u0161imi \u010fal\u0161\u00edmi produktmi.<\/p>\n<p style=\"text-align: center;\">Rozmery sa m\u00f4\u017eu mierne l\u00ed\u0161i\u0165 od uveden\u00fdch +\/- 2cm.<\/p>\n<p style=\"text-align: center;\"><strong>\u00a0<\/strong><\/p>\n<table>\n<tbody>\n<tr>\n<td width=\"302\">Meno modela<\/td>\n<td width=\"302\">Maxi flitrov\u00e9 \u0161aty Tequilla Bis<\/td>\n<\/tr>\n<tr>\n<td width=\"302\">Farba<\/td>\n<td width=\"302\"><span style=\"font-size: 10pt;\">\u010cerven\u00e1<\/span><\/td>\n<\/tr>\n<tr>\n<td width=\"302\">Marka<\/td>\n<td width=\"302\">Pekn\u00e1 \u017eena<\/td>\n<\/tr>\n<tr>\n<td width=\"302\">ve\u013ekosti<\/td>\n<td width=\"302\">34 36 38 40 42 44 46<\/td>\n<\/tr>\n<tr>\n<td width=\"302\">M\u00f3da<\/td>\n<td width=\"302\">Zhoda<\/td>\n<\/tr>\n<tr>\n<td width=\"302\">Materi\u00e1l<\/td>\n<td width=\"302\">Visk\u00f3za, polyester, bavlna<\/td>\n<\/tr>\n<tr>\n<td width=\"302\">D\u013a\u017eka<\/td>\n<td width=\"302\">Na zem<\/td>\n<\/tr>\n<\/tbody>\n<\/table>\n<p>&nbsp;<\/p>\n<p style=\"text-align: center;\">Aby ste si vybrali\u00a0<strong>perfektn\u00e9 \u0161aty<\/strong>\u00a0kontaktujte n\u00e1s pros\u00edm telefonicky alebo cez n\u00e1\u0161 facebook.<br \/>\nN\u00e1\u0161 t\u00edm v\u00e1m pom\u00f4\u017ee\u00a0<strong>Vyberte si ten spr\u00e1vny<\/strong>\u00a0.\u00a0<strong>Na \u017eelanie kupuj\u00faceho vyrob\u00edme ak\u00e9ko\u013evek \u0161aty\u00a0<\/strong><strong>opatrne mera\u0165.\u00a0<\/strong><\/p>\n<div class=\"additional-details\">\n<p style=\"text-align: center;\">\n<\/div>","protected":false},"excerpt":{"rendered":"<p>Sukienka Cekinowa Maxi Czerwona Tequilla z Rozci\u0119ciem Pi\u0119kna d\u0142uga suknia wieczorowa zdobiona cekinami w postaci mieni\u0105cych si\u0119 kryszta\u0142k\u00f3w. Pi\u0119knie eksponuje kobiece kszta\u0142ty. D\u0142uga suknia z dekoltem w stylu rybka. Ponadto model posiada bardzo efektowne koraliki opadaj\u0105ce na ramiona.\u00a0 \u00a0Zapoznaj si\u0119 z nasz\u0105 ofert\u0105 sukni wieczorowych\u00a0i wybierz model, w kt\u00f3rej b\u0119dziesz wygl\u0105da\u0107 jak gwiazda i wyr\u00f3\u017cnisz<\/p>\n<div class=\"klb-readmore post-buttons\"><a class=\"button black outline size-sm\" href=\"https:\/\/madelinefashion.pl\/sk\/sukienka-cekinowa-maxi-czerwona-tequilla-z-rozcieciem\/\">\u010c\u00edta\u0165 \u010falej <i class=\"klbth-icon-right-arrow\"><\/i><\/a><\/div>","protected":false},"featured_media":76136,"template":"","meta":[],"product_brand":[],"product_cat":[124,395,559,558,569,564],"product_tag":[257,258,163],"class_list":{"0":"post-76139","1":"product","2":"type-product","3":"status-publish","4":"has-post-thumbnail","6":"product_cat-sukienki-okolicznosciowe","7":"product_cat-nowosci","8":"product_cat-noworoczna-sekcja-okazji","9":"product_cat-sukienki-cekinowe","10":"product_cat-sukienki-dopasowane","11":"product_cat-sukienki-plus-size","12":"product_tag-madelinefashion","13":"product_tag-sukienka-czerwona","14":"product_tag-sukienki-dlugie","16":"first","17":"instock","18":"sale","19":"purchasable","20":"product-type-variable"},"_links":{"self":[{"href":"https:\/\/madelinefashion.pl\/sk\/wp-json\/wp\/v2\/product\/76139","targetHints":{"allow":["GET"]}}],"collection":[{"href":"https:\/\/madelinefashion.pl\/sk\/wp-json\/wp\/v2\/product"}],"about":[{"href":"https:\/\/madelinefashion.pl\/sk\/wp-json\/wp\/v2\/types\/product"}],"wp:featuredmedia":[{"embeddable":true,"href":"https:\/\/madelinefashion.pl\/sk\/wp-json\/wp\/v2\/media\/76136"}],"wp:attachment":[{"href":"https:\/\/madelinefashion.pl\/sk\/wp-json\/wp\/v2\/media?parent=76139"}],"wp:term":[{"taxonomy":"product_brand","embeddable":true,"href":"https:\/\/madelinefashion.pl\/sk\/wp-json\/wp\/v2\/product_brand?post=76139"},{"taxonomy":"product_cat","embeddable":true,"href":"https:\/\/madelinefashion.pl\/sk\/wp-json\/wp\/v2\/product_cat?post=76139"},{"taxonomy":"product_tag","embeddable":true,"href":"https:\/\/madelinefashion.pl\/sk\/wp-json\/wp\/v2\/product_tag?post=76139"}],"curies":[{"name":"pracovn\u00fd list","href":"https:\/\/api.w.org\/{rel}","templated":true}]}}