{"id":76492,"date":"2023-02-06T11:11:48","date_gmt":"2023-02-06T10:11:48","guid":{"rendered":"https:\/\/madelinefashion.pl\/?post_type=product&#038;p=76492"},"modified":"2026-01-20T10:33:40","modified_gmt":"2026-01-20T09:33:40","slug":"koszula-z-koronka-khaki-sabra","status":"publish","type":"product","link":"https:\/\/madelinefashion.pl\/sk\/koszula-z-koronka-khaki-sabra\/","title":{"rendered":"Khaki Sabra \u010dipkovan\u00e1 ko\u0161e\u013ea"},"content":{"rendered":"<h3 style=\"text-align: center;\">Khaki Sabra \u010dipkovan\u00e1 ko\u0161e\u013ea<\/h3>\n<p style=\"text-align: center;\">Ko\u0161e\u013ea s lemom na ruk\u00e1voch, asymetrick\u00e1. Ko\u0161e\u013ea je s \u010dipkou na ruk\u00e1voch a vo v\u00fdstrihu. M\u00e1 v\u00fdstrih v tvare V,<br \/>\n\u010do opticky predl\u017euje krk a zo\u0161t\u00edh\u013euje siluetu. Bude skvel\u00fd v mnoh\u00fdch elegantn\u00fdch a ka\u017edodenn\u00fdch \u0161tyliz\u00e1ci\u00e1ch.<\/p>\n<div class=\"product-actions\">\n<form id=\"add-to-cart-or-refresh\" action=\"https:\/\/super-store.pl\/koszyk\" method=\"post\">\n<div class=\"product-variants\">\n<div id=\"box_why\"><\/div>\n<\/div>\n<\/form>\n<\/div>\n<h3 style=\"text-align: center;\">\u00a0 \u00a0 \u00a0Rozmery:<\/h3>\n<p style=\"text-align: center;\"><strong>S\/M<\/strong><\/p>\n<p style=\"text-align: center;\">celkov\u00e1 predn\u00e1 d\u013a\u017eka: 65 cm<br \/>\ncelkov\u00e1 d\u013a\u017eka chrbta: 69,5 cm<br \/>\n\u0161\u00edrka od pazuchy po pazuchu: 52 cm<br \/>\nd\u013a\u017eka ruk\u00e1va od ramena: 62 cm<br \/>\nd\u013a\u017eka ruk\u00e1va od podpazu\u0161ia: 47 cm<\/p>\n<p style=\"text-align: center;\"><strong>L\/XL<\/strong><\/p>\n<p style=\"text-align: center;\">celkov\u00e1 predn\u00e1 d\u013a\u017eka: 65 cm<br \/>\ncelkov\u00e1 d\u013a\u017eka chrbta: 69,5 cm<br \/>\n\u0161\u00edrka od pazuchy po pazuchu: 54 cm<br \/>\nd\u013a\u017eka ruk\u00e1va od ramena: 63 cm<br \/>\nd\u013a\u017eka ruk\u00e1va od podpazu\u0161ia: 48 cm<\/p>\n<ul>\n<li style=\"list-style-type: none;\"><\/li>\n<\/ul>\n<table style=\"height: 288px;\" width=\"432\">\n<tbody>\n<tr>\n<td>Meno modela<\/td>\n<td>\n<p style=\"text-align: left;\">Khaki Sabra \u010dipkovan\u00e1 ko\u0161e\u013ea<\/p>\n<\/td>\n<\/tr>\n<tr>\n<td>Farba<\/td>\n<td>kaki<\/td>\n<\/tr>\n<tr>\n<td>Zbierka<\/td>\n<td>Jar leto jese\u0148 zima<\/td>\n<\/tr>\n<tr>\n<td>Ve\u013ekos\u0165<\/td>\n<td>Univerz\u00e1lny<\/td>\n<\/tr>\n<tr>\n<td>Vzor<\/td>\n<td>\u010cipka<\/td>\n<\/tr>\n<tr>\n<td>zap\u00ednanie<\/td>\n<td>tla\u010didl\u00e1<\/td>\n<\/tr>\n<tr>\n<td>Zlo\u017eenie materi\u00e1lov<\/td>\n<td>Polyester 100%<\/td>\n<\/tr>\n<\/tbody>\n<\/table>\n<p>&nbsp;<\/p>\n<p style=\"text-align: center;\">Model m\u00e1\u00a0<strong>169<\/strong>\u00a0cm vysok\u00fd, nos\u00ed ve\u013ekos\u0165 ka\u017ed\u00fd de\u0148\u00a0<strong>S<\/strong><\/p>\n<p style=\"text-align: center;\">\u0160\u00edrka cez prsia 92 cm<\/p>\n<p style=\"text-align: center;\">\u0160\u00edrka v p\u00e1se 62 cm<\/p>\n<p style=\"text-align: center;\">\u0160\u00edrka v bokoch 94 cm<\/p>","protected":false},"excerpt":{"rendered":"<p>Koszula z Koronk\u0105 Khaki Sabra Koszula ze \u015bci\u0105gaczem na r\u0119kawkach , asymetryczna.\u00a0 Koszula jest z koronk\u0105 na r\u0119kawach oraz na dekolcie. Posiada dekolt w kszta\u0142cie litery V, kt\u00f3ry optycznie wyd\u0142u\u017ca szyj\u0119 i wysmukla sylwetk\u0119. Wspaniale sprawdzi si\u0119 w wielu eleganckich jak i codziennych stylizacjach. \u00a0 \u00a0 \u00a0Wymiary: S\/M d\u0142ugo\u015b\u0107 ca\u0142kowita prz\u00f3d: 65 cm d\u0142ugo\u015b\u0107 ca\u0142kowita<\/p>\n<div class=\"klb-readmore post-buttons\"><a class=\"button black outline size-sm\" href=\"https:\/\/madelinefashion.pl\/sk\/koszula-z-koronka-khaki-sabra\/\">\u010c\u00edta\u0165 \u010falej <i class=\"klbth-icon-right-arrow\"><\/i><\/a><\/div>","protected":false},"featured_media":76436,"template":"","meta":[],"product_brand":[],"product_cat":[92],"product_tag":[],"class_list":{"0":"post-76492","1":"product","2":"type-product","3":"status-publish","4":"has-post-thumbnail","6":"product_cat-koszule","7":"pa_rozmiar-s-m","8":"pa_rozmiar-l-xl","10":"first","11":"instock","12":"sale","13":"purchasable","14":"product-type-variable"},"_links":{"self":[{"href":"https:\/\/madelinefashion.pl\/sk\/wp-json\/wp\/v2\/product\/76492","targetHints":{"allow":["GET"]}}],"collection":[{"href":"https:\/\/madelinefashion.pl\/sk\/wp-json\/wp\/v2\/product"}],"about":[{"href":"https:\/\/madelinefashion.pl\/sk\/wp-json\/wp\/v2\/types\/product"}],"wp:featuredmedia":[{"embeddable":true,"href":"https:\/\/madelinefashion.pl\/sk\/wp-json\/wp\/v2\/media\/76436"}],"wp:attachment":[{"href":"https:\/\/madelinefashion.pl\/sk\/wp-json\/wp\/v2\/media?parent=76492"}],"wp:term":[{"taxonomy":"product_brand","embeddable":true,"href":"https:\/\/madelinefashion.pl\/sk\/wp-json\/wp\/v2\/product_brand?post=76492"},{"taxonomy":"product_cat","embeddable":true,"href":"https:\/\/madelinefashion.pl\/sk\/wp-json\/wp\/v2\/product_cat?post=76492"},{"taxonomy":"product_tag","embeddable":true,"href":"https:\/\/madelinefashion.pl\/sk\/wp-json\/wp\/v2\/product_tag?post=76492"}],"curies":[{"name":"pracovn\u00fd list","href":"https:\/\/api.w.org\/{rel}","templated":true}]}}