{"id":76591,"date":"2023-02-06T15:27:22","date_gmt":"2023-02-06T14:27:22","guid":{"rendered":"https:\/\/madelinefashion.pl\/?post_type=product&#038;p=76591"},"modified":"2026-02-16T15:02:24","modified_gmt":"2026-02-16T14:02:24","slug":"skorzane-sandaly-z-wycieciami-czarne-broadway","status":"publish","type":"product","link":"https:\/\/madelinefashion.pl\/sk\/skorzane-sandaly-z-wycieciami-czarne-broadway\/","title":{"rendered":"\u010cierne Broadway vystrihnut\u00e9 ko\u017een\u00e9 sand\u00e1le"},"content":{"rendered":"<h3 style=\"text-align: center;\">\u010cierne Broadway vystrihnut\u00e9 ko\u017een\u00e9 sand\u00e1le<\/h3>\n<p>Nezvy\u010dajn\u00e9 d\u00e1mske sand\u00e1le na vysokom podp\u00e4tku v podobe mas\u00edvneho st\u013apika a platformy. Maj\u00fa zvr\u0161ok s efektn\u00fdmi v\u00fdrezmi a vystu\u017een\u00fdm op\u00e4tkom. Zap\u00ednanie okolo \u010dlenku pomocou dvoch nastavite\u013en\u00fdch remienkov s prackou. Vyroben\u00e9 v\u00fdhradne z eko ko\u017ee. Vlo\u017eka sa pohodlne pou\u017e\u00edva. Otvoren\u00fd nos, zaoblen\u00fd. Zauj\u00edmav\u00fd strih, v\u010faka ktor\u00e9mu vyniknete z davu.\u00a0<b>Pri v\u00fdbere ve\u013ekosti sa ria\u010fte tabu\u013ekou ve\u013ekost\u00ed.<\/b><\/p>\n<h3 style=\"text-align: center;\">Charakteristika:<\/h3>\n<ul>\n<li style=\"text-align: center;\">Klasick\u00e9 \u010di\u017emy na st\u013apiku - elegancia a pote\u0161enie z pou\u017e\u00edvania<\/li>\n<li style=\"text-align: center;\">M\u00f3dne \u2013 odpor\u00fa\u010dan\u00e9 blogermi<\/li>\n<li style=\"text-align: center;\">Pevn\u00fd op\u00e4tok - chod\u00ed sa v nich stabilne<\/li>\n<li style=\"text-align: center;\">Pohodln\u00e9 - pohodlne v nich str\u00e1vite cel\u00fd de\u0148<\/li>\n<li style=\"text-align: center;\">Klasick\u00fd vzh\u013ead - univerz\u00e1lny a nad\u010dasov\u00fd strih<\/li>\n<\/ul>\n<p>&nbsp;<\/p>\n<h3 style=\"text-align: center;\">Rozmery<\/h3>\n<ul>\n<li style=\"text-align: center;\">V\u00fd\u0161ka podp\u00e4tku 11,5 cm<\/li>\n<li style=\"text-align: center;\">Platforma \/ podo\u0161va: 3 cm<\/li>\n<\/ul>\n<table width=\"540\">\n<thead>\n<tr>\n<td width=\"216\"><strong>Ve\u013ekos\u0165 E\u00da<\/strong><\/td>\n<td width=\"316\"><strong>D\u013a\u017eka vlo\u017eky<\/strong><\/td>\n<\/tr>\n<\/thead>\n<tbody>\n<tr>\n<td width=\"216\"><strong>36<\/strong><\/td>\n<td width=\"316\">24 cm<\/td>\n<\/tr>\n<tr>\n<td width=\"216\"><strong>37<\/strong><\/td>\n<td width=\"316\">24,5 cm<\/td>\n<\/tr>\n<tr>\n<td width=\"216\"><strong>38<\/strong><\/td>\n<td width=\"316\">25 cm<\/td>\n<\/tr>\n<tr>\n<td width=\"216\"><strong>39<\/strong><\/td>\n<td width=\"316\">25,5 cm<\/td>\n<\/tr>\n<tr>\n<td width=\"216\"><strong>40<\/strong><\/td>\n<td width=\"316\">26 cm<\/td>\n<\/tr>\n<tr>\n<td width=\"216\"><strong>41<\/strong><\/td>\n<td width=\"316\">26,5 cm<\/td>\n<\/tr>\n<\/tbody>\n<\/table>\n<div class=\"wrap-content\">\n<div class=\"main-container container\">\n<div class=\"row\">\n<section class=\"main-content sidebar-left-false\">\n<div class=\"product-page page\">\n<div class=\"page-content\">\n<div id=\"ProductSizing\" class=\"product-sizing modal fade in\" tabindex=\"-1\" role=\"dialog\" aria-hidden=\"false\">\n<div class=\"modal-dialog\">\n<div class=\"modal-content\">\n<div class=\"widget html_editor\">\n<p>&nbsp;<\/p>\n<\/div>\n<p>&nbsp;<\/p>\n<\/div>\n<\/div>\n<\/div>\n<\/div>\n<\/div>\n<\/section>\n<\/div>\n<\/div>\n<\/div>\n<div class=\"wrap-footer\">\n<footer class=\"\">\n<div class=\"container\">\n<div class=\"footer-newsletter-box\"><\/div>\n<\/div>\n<\/footer>\n<\/div>\n<table>\n<tbody>\n<tr>\n<td width=\"302\">Meno modela<\/td>\n<td width=\"302\">\u010cierne Broadway vystrihnut\u00e9 ko\u017een\u00e9 sand\u00e1le<\/td>\n<\/tr>\n<tr>\n<td width=\"302\">Farba<\/td>\n<td width=\"302\">\u010dierna<\/td>\n<\/tr>\n<tr>\n<td width=\"302\">ve\u013ekosti<\/td>\n<td width=\"302\">36 37\u00a0 38\u00a0 39 40 41<\/td>\n<\/tr>\n<tr>\n<td width=\"302\">Materi\u00e1l<\/td>\n<td width=\"302\">Ekoko\u017ea<\/td>\n<\/tr>\n<tr>\n<td width=\"302\">Otep\u013eovanie<\/td>\n<td width=\"302\">Nie<\/td>\n<\/tr>\n<tr>\n<td width=\"302\">Typ p\u00e4ty<\/td>\n<td width=\"302\">Pr\u00edspevok<\/td>\n<\/tr>\n<tr>\n<td width=\"302\">Zbierka<\/td>\n<td width=\"302\">jar\/jese\u0148\/zima<\/td>\n<\/tr>\n<\/tbody>\n<\/table>\n<div class=\"tabs tabs-bb clear mb-80\">\n<div class=\"tab-content\">\n<div id=\"tab-description\" class=\"tab-pane fade in woocommerce-Tabs-panel--description active\">\n<p style=\"text-align: left;\">r4l9672-2<\/p>\n<\/div>\n<\/div>\n<\/div>\n<section class=\"up-sells upsells products mb-80\"><\/section>\n<p>&nbsp;<\/p>","protected":false},"excerpt":{"rendered":"<p>Sk\u00f3rzane Sanda\u0142y z Wyci\u0119ciami Czarne Broadway Niezwyk\u0142e sanda\u0142ki damskie na obcasie w postaci masywnego s\u0142upka oraz platformie. Posiadaj\u0105 cholewk\u0119 z efektownymi wyci\u0119ciami oraz usztywniany zapi\u0119tek. Zapinane wok\u00f3\u0142 kostki na dwa regulowane paski ze sprz\u0105czk\u0105. Wykonane w ca\u0142o\u015bci z eko sk\u00f3ry. Wk\u0142adka komfortowa w u\u017cytkowaniu. Nosek odkryty, zaokr\u0105glony. Ciekawy fason, kt\u00f3ry wyr\u00f3\u017cni Ci\u0119 z t\u0142umu.\u00a0Przy wyborze<\/p>\n<div class=\"klb-readmore post-buttons\"><a class=\"button black outline size-sm\" href=\"https:\/\/madelinefashion.pl\/sk\/skorzane-sandaly-z-wycieciami-czarne-broadway\/\">\u010c\u00edta\u0165 \u010falej <i class=\"klbth-icon-right-arrow\"><\/i><\/a><\/div>","protected":false},"featured_media":76554,"template":"","meta":[],"product_brand":[],"product_cat":[400],"product_tag":[492,496],"class_list":{"0":"post-76591","1":"product","2":"type-product","3":"status-publish","4":"has-post-thumbnail","6":"product_cat-buty","7":"product_tag-botki","8":"product_tag-sandalki","10":"first","11":"instock","12":"sale","13":"purchasable","14":"product-type-variable"},"_links":{"self":[{"href":"https:\/\/madelinefashion.pl\/sk\/wp-json\/wp\/v2\/product\/76591","targetHints":{"allow":["GET"]}}],"collection":[{"href":"https:\/\/madelinefashion.pl\/sk\/wp-json\/wp\/v2\/product"}],"about":[{"href":"https:\/\/madelinefashion.pl\/sk\/wp-json\/wp\/v2\/types\/product"}],"wp:featuredmedia":[{"embeddable":true,"href":"https:\/\/madelinefashion.pl\/sk\/wp-json\/wp\/v2\/media\/76554"}],"wp:attachment":[{"href":"https:\/\/madelinefashion.pl\/sk\/wp-json\/wp\/v2\/media?parent=76591"}],"wp:term":[{"taxonomy":"product_brand","embeddable":true,"href":"https:\/\/madelinefashion.pl\/sk\/wp-json\/wp\/v2\/product_brand?post=76591"},{"taxonomy":"product_cat","embeddable":true,"href":"https:\/\/madelinefashion.pl\/sk\/wp-json\/wp\/v2\/product_cat?post=76591"},{"taxonomy":"product_tag","embeddable":true,"href":"https:\/\/madelinefashion.pl\/sk\/wp-json\/wp\/v2\/product_tag?post=76591"}],"curies":[{"name":"pracovn\u00fd list","href":"https:\/\/api.w.org\/{rel}","templated":true}]}}