{"id":76606,"date":"2023-02-06T15:38:27","date_gmt":"2023-02-06T14:38:27","guid":{"rendered":"https:\/\/madelinefashion.pl\/?post_type=product&#038;p=76606"},"modified":"2026-04-18T20:10:54","modified_gmt":"2026-04-18T18:10:54","slug":"czarne-skorzane-botki-sztyblety-z-wycieciami","status":"publish","type":"product","link":"https:\/\/madelinefashion.pl\/sk\/czarne-skorzane-botki-sztyblety-z-wycieciami\/","title":{"rendered":"\u010cierne ko\u017een\u00e9 \u010di\u017emy Jodhpur"},"content":{"rendered":"<h3 style=\"text-align: center;\">\u010cierne ko\u017een\u00e9 \u010di\u017emy Jodhpur<\/h3>\n<p>Mimoriadne pohodln\u00e9 a pohodln\u00e9 v\u010faka pou\u017eitiu optim\u00e1lneho profilovania pre jemn\u00e9 \u017eensk\u00e9 chodidlo a m\u00e4kkej vlo\u017eke. \u010ci\u017emy radi zlad\u00edte k mnoh\u00fdm \u0161t\u00fdlom. \u010ci\u017emy Jodhpur vyroben\u00e9 z ekologickej ko\u017ee. <strong>Zvr\u0161ok je ukon\u010den\u00fd v\u00fdrezmi a ozdoben\u00fd strieborn\u00fdmi kamienkami. Naz\u00favac\u00ed model. <\/strong>Bud\u00fa skvelou ozdobou pre ka\u017edodenn\u00e9 \u0161tyliz\u00e1cie.<\/p>\n<h3 style=\"text-align: center;\">Charakteristika:<\/h3>\n<ul>\n<li style=\"text-align: center;\">\u010ci\u017emy na st\u013apiku - elegancia a rados\u0165 z pou\u017e\u00edvania<\/li>\n<li style=\"text-align: center;\">M\u00f3dne \u2013 odpor\u00fa\u010dan\u00e9 blogermi<\/li>\n<li style=\"text-align: center;\">Pevn\u00fd op\u00e4tok - chod\u00ed sa v nich stabilne<\/li>\n<li style=\"text-align: center;\">Pohodln\u00e9 - pohodlne v nich str\u00e1vite cel\u00fd de\u0148<\/li>\n<\/ul>\n<div class=\"mb-4\" style=\"text-align: center;\"><b>Farba:\u00a0<\/b>\u010dierna<\/div>\n<div class=\"mb-4\" style=\"text-align: center;\" data-key=\"foot-thickness\"><b>\u0161\u00edrka chodidla:\u00a0<\/b>Neutr\u00e1lne<\/div>\n<div class=\"mb-4\" style=\"text-align: center;\" data-key=\"type-of-heel\"><b>Typ podp\u00e4tku:\u00a0<\/b>Pr\u00edspevok<\/div>\n<div class=\"mb-4\" style=\"text-align: center;\" data-key=\"cloth\"><b>Materi\u00e1l:\u00a0<\/b>Ekoko\u017ea<\/div>\n<div class=\"mb-4\" style=\"text-align: center;\" data-key=\"nose-of-shoe\"><b>\u0160pi\u010dka top\u00e1nky:\u00a0<\/b>Tonsil<\/div>\n<div class=\"mb-4\" style=\"text-align: center;\"><b>V\u00fd\u0161ka podp\u00e4tku: <\/b>5 cm<\/div>\n<h3 style=\"text-align: center;\"><\/h3>\n<table width=\"540\">\n<thead>\n<tr>\n<td width=\"216\"><strong>Ve\u013ekos\u0165 E\u00da<\/strong><\/td>\n<td width=\"316\"><strong>D\u013a\u017eka vlo\u017eky<\/strong><\/td>\n<\/tr>\n<\/thead>\n<tbody>\n<tr>\n<td width=\"216\"><strong>36<\/strong><\/td>\n<td width=\"316\">23,5 cm<\/td>\n<\/tr>\n<tr>\n<td width=\"216\"><strong>37<\/strong><\/td>\n<td width=\"316\">24 cm<\/td>\n<\/tr>\n<tr>\n<td width=\"216\"><strong>38<\/strong><\/td>\n<td width=\"316\">24,5 cm<\/td>\n<\/tr>\n<tr>\n<td width=\"216\"><strong>39<\/strong><\/td>\n<td width=\"316\">25 cm<\/td>\n<\/tr>\n<tr>\n<td width=\"216\"><strong>40<\/strong><\/td>\n<td width=\"316\">25,5 cm<\/td>\n<\/tr>\n<tr>\n<td width=\"216\"><strong>41<\/strong><\/td>\n<td width=\"316\">26 cm<\/td>\n<\/tr>\n<\/tbody>\n<\/table>\n<div class=\"wrap-content\">\n<div class=\"main-container container\">\n<div class=\"row\">\n<section class=\"main-content sidebar-left-false\">\n<div class=\"product-page page\">\n<div class=\"page-content\">\n<div id=\"ProductSizing\" class=\"product-sizing modal fade in\" tabindex=\"-1\" role=\"dialog\" aria-hidden=\"false\">\n<div class=\"modal-dialog\">\n<div class=\"modal-content\">\n<div class=\"widget html_editor\">\n<p>&nbsp;<\/p>\n<\/div>\n<p>&nbsp;<\/p>\n<\/div>\n<\/div>\n<\/div>\n<\/div>\n<\/div>\n<\/section>\n<\/div>\n<\/div>\n<\/div>\n<div class=\"wrap-footer\">\n<footer class=\"\">\n<div class=\"container\">\n<div class=\"footer-newsletter-box\"><\/div>\n<\/div>\n<\/footer>\n<\/div>\n<table>\n<tbody>\n<tr>\n<td width=\"302\">Meno modela<\/td>\n<td width=\"302\">\u010cierne ko\u017een\u00e9 \u010di\u017emy Jodhpur<\/td>\n<\/tr>\n<tr>\n<td width=\"302\">Farba<\/td>\n<td width=\"302\">\u010dierna<\/td>\n<\/tr>\n<tr>\n<td width=\"302\">ve\u013ekosti<\/td>\n<td width=\"302\">36 37\u00a0 38\u00a0 39 40 41<\/td>\n<\/tr>\n<tr>\n<td width=\"302\">Materi\u00e1l<\/td>\n<td width=\"302\">Ekoko\u017ea<\/td>\n<\/tr>\n<tr>\n<td width=\"302\">Otep\u013eovanie<\/td>\n<td width=\"302\">\u00c1no<\/td>\n<\/tr>\n<tr>\n<td width=\"302\">Typ p\u00e4ty<\/td>\n<td width=\"302\">Pr\u00edspevok<\/td>\n<\/tr>\n<tr>\n<td width=\"302\">Zbierka<\/td>\n<td width=\"302\">Jar jese\u0148<\/td>\n<\/tr>\n<\/tbody>\n<\/table>\n<div class=\"tabs tabs-bb clear mb-80\">\n<div class=\"tab-content\">\n<div id=\"tab-description\" class=\"tab-pane fade in woocommerce-Tabs-panel--description active\">\n<p style=\"text-align: center;\">\n<\/div>\n<\/div>\n<\/div>\n<section class=\"up-sells upsells products mb-80\"><\/section>\n<p style=\"text-align: left;\">RQ358<\/p>","protected":false},"excerpt":{"rendered":"<p>Czarne Sk\u00f3rzane Botki Sztyblety z Wyci\u0119ciami Niezwykle wygodne i komfortowe dzi\u0119ki zastosowaniu optymalnego wyprofilowania do kobiecej delikatnej stopy oraz mi\u0119kkiej wk\u0142adce. Botki\u00a0 z przyjemno\u015bci\u0105 dopasujesz do licznych stylizacji. Sztyblety wykonane ze sk\u00f3ry ekologicznej. Cholewka wyko\u0144czona wyci\u0119ciami i zdobiona srebrnymi d\u017cetami. Model wsuwany. B\u0119d\u0105 \u015bwietn\u0105 ozdob\u0105 do codziennych stylizacji. Cechy charakterystyczne: Botki na s\u0142upku &#8211; elegancja<\/p>\n<div class=\"klb-readmore post-buttons\"><a class=\"button black outline size-sm\" href=\"https:\/\/madelinefashion.pl\/sk\/czarne-skorzane-botki-sztyblety-z-wycieciami\/\">\u010c\u00edta\u0165 \u010falej <i class=\"klbth-icon-right-arrow\"><\/i><\/a><\/div>","protected":false},"featured_media":76561,"template":"","meta":[],"product_brand":[],"product_cat":[400],"product_tag":[492],"class_list":{"0":"post-76606","1":"product","2":"type-product","3":"status-publish","4":"has-post-thumbnail","6":"product_cat-buty","7":"product_tag-botki","9":"first","10":"instock","11":"sale","12":"purchasable","13":"product-type-variable"},"_links":{"self":[{"href":"https:\/\/madelinefashion.pl\/sk\/wp-json\/wp\/v2\/product\/76606","targetHints":{"allow":["GET"]}}],"collection":[{"href":"https:\/\/madelinefashion.pl\/sk\/wp-json\/wp\/v2\/product"}],"about":[{"href":"https:\/\/madelinefashion.pl\/sk\/wp-json\/wp\/v2\/types\/product"}],"wp:featuredmedia":[{"embeddable":true,"href":"https:\/\/madelinefashion.pl\/sk\/wp-json\/wp\/v2\/media\/76561"}],"wp:attachment":[{"href":"https:\/\/madelinefashion.pl\/sk\/wp-json\/wp\/v2\/media?parent=76606"}],"wp:term":[{"taxonomy":"product_brand","embeddable":true,"href":"https:\/\/madelinefashion.pl\/sk\/wp-json\/wp\/v2\/product_brand?post=76606"},{"taxonomy":"product_cat","embeddable":true,"href":"https:\/\/madelinefashion.pl\/sk\/wp-json\/wp\/v2\/product_cat?post=76606"},{"taxonomy":"product_tag","embeddable":true,"href":"https:\/\/madelinefashion.pl\/sk\/wp-json\/wp\/v2\/product_tag?post=76606"}],"curies":[{"name":"pracovn\u00fd list","href":"https:\/\/api.w.org\/{rel}","templated":true}]}}