{"id":76613,"date":"2023-02-06T15:48:13","date_gmt":"2023-02-06T14:48:13","guid":{"rendered":"https:\/\/madelinefashion.pl\/?post_type=product&#038;p=76613"},"modified":"2026-02-28T14:07:56","modified_gmt":"2026-02-28T13:07:56","slug":"kozaki-skorzane-wsuwane-na-szpilce-z-klodka-czarne","status":"publish","type":"product","link":"https:\/\/madelinefashion.pl\/sk\/kozaki-skorzane-wsuwane-na-szpilce-z-klodka-czarne\/","title":{"rendered":"Ko\u017een\u00e9 \u010di\u017emy Slip On Pin with Visiaci z\u00e1mok \u010cierna"},"content":{"rendered":"<h3 style=\"text-align: center;\">Ko\u017een\u00e9 \u010di\u017emy Slip On Pin with Visiaci z\u00e1mok \u010cierna<\/h3>\n<p>\u010cierne \u010di\u017emy do pol l\u00fdtok s\u00fa model vyroben\u00fd s tou najv\u00e4\u010d\u0161ou starostlivos\u0165ou. Tieto top\u00e1nky ur\u010dite zap\u00f4sobia na ka\u017ed\u00e9ho. Obuv je vyroben\u00e1 z ekologickej ko\u017ee. Top\u00e1nky so \u0161pendl\u00edkom, \u010diasto\u010dne zakryt\u00e9 m\u00f3dne vyhrnut\u00fdm vo\u013en\u00fdm zvr\u0161kom. Horn\u00e1 \u010das\u0165 siaha do polovice l\u00fdtok. Mand\u013eov\u00fd nos, \u0161t\u00edhly. Okraj zvr\u0161ku zdob\u00ed remienok s pr\u00edveskom v tvare visiaceho z\u00e1mku. naz\u00favanie. Skvele doplnia jesenno-zimn\u00fd styling k \u0161at\u00e1m, aj \u010di\u017em\u00e1m <strong>Hit sez\u00f3ny!<\/strong><\/p>\n<p style=\"text-align: center;\">Bud\u00fa skvelou ozdobou pre ka\u017edodenn\u00e9 \u0161tyliz\u00e1cie.<br \/>\n\u0160tandardn\u00e9 d\u013a\u017eky vlo\u017eiek.<\/p>\n<h3 style=\"text-align: center;\">Rozmery<\/h3>\n<p style=\"text-align: center;\"><b>V\u00fd\u0161ka podp\u00e4tku:\u00a0<\/b>9 cm<\/p>\n<table width=\"540\">\n<thead>\n<tr>\n<td width=\"216\"><strong>Ve\u013ekos\u0165 E\u00da<\/strong><\/td>\n<td width=\"316\"><strong>D\u013a\u017eka vlo\u017eky<\/strong><\/td>\n<\/tr>\n<\/thead>\n<tbody>\n<tr>\n<td width=\"216\"><strong>36<\/strong><\/td>\n<td width=\"316\">23,5 cm<\/td>\n<\/tr>\n<tr>\n<td width=\"216\"><strong>37<\/strong><\/td>\n<td width=\"316\">24 cm<\/td>\n<\/tr>\n<tr>\n<td width=\"216\"><strong>38<\/strong><\/td>\n<td width=\"316\">24,5 cm<\/td>\n<\/tr>\n<tr>\n<td width=\"216\"><strong>39<\/strong><\/td>\n<td width=\"316\">25,5 cm<\/td>\n<\/tr>\n<tr>\n<td width=\"216\"><strong>40<\/strong><\/td>\n<td width=\"316\">26 cm<\/td>\n<\/tr>\n<tr>\n<td width=\"216\"><strong>41<\/strong><\/td>\n<td width=\"316\">26,5 cm<\/td>\n<\/tr>\n<\/tbody>\n<\/table>\n<div class=\"wrap-content\">\n<div class=\"main-container container\">\n<div class=\"row\">\n<section class=\"main-content sidebar-left-false\">\n<div class=\"product-page page\">\n<div class=\"page-content\">\n<div id=\"ProductSizing\" class=\"product-sizing modal fade in\" tabindex=\"-1\" role=\"dialog\" aria-hidden=\"false\">\n<div class=\"modal-dialog\">\n<div class=\"modal-content\">\n<div class=\"widget html_editor\">\n<p>&nbsp;<\/p>\n<\/div>\n<p>&nbsp;<\/p>\n<\/div>\n<\/div>\n<\/div>\n<\/div>\n<\/div>\n<\/section>\n<\/div>\n<\/div>\n<\/div>\n<div class=\"wrap-footer\">\n<footer class=\"\">\n<div class=\"container\">\n<div class=\"footer-newsletter-box\"><\/div>\n<\/div>\n<\/footer>\n<\/div>\n<table>\n<tbody>\n<tr>\n<td width=\"302\">Meno modela<\/td>\n<td width=\"302\">Ko\u017een\u00e9 \u010di\u017emy Slip On Pin with Visiaci z\u00e1mok \u010cierna<\/td>\n<\/tr>\n<tr>\n<td width=\"302\">Farba<\/td>\n<td width=\"302\">\u010dierna<\/td>\n<\/tr>\n<tr>\n<td width=\"302\">ve\u013ekosti<\/td>\n<td width=\"302\">36 37\u00a0 38\u00a0 39 40 41<\/td>\n<\/tr>\n<tr>\n<td width=\"302\">Materi\u00e1l<\/td>\n<td width=\"302\">Ekoko\u017ea<\/td>\n<\/tr>\n<tr>\n<td width=\"302\">Otep\u013eovanie<\/td>\n<td width=\"302\">\u00c1no<\/td>\n<\/tr>\n<tr>\n<td width=\"302\">Spona<\/td>\n<td width=\"302\">Nedostatok<\/td>\n<\/tr>\n<tr>\n<td width=\"302\">Zbierka<\/td>\n<td width=\"302\">Jesenn\u00e1 zima<\/td>\n<\/tr>\n<\/tbody>\n<\/table>\n<div class=\"tabs tabs-bb clear mb-80\">\n<div class=\"tab-content\">\n<div id=\"tab-description\" class=\"tab-pane fade in woocommerce-Tabs-panel--description active\">\n<p style=\"text-align: center;\">\n<\/div>\n<\/div>\n<\/div>\n<section class=\"up-sells upsells products mb-80\"><\/section>\n<p style=\"text-align: center;\">","protected":false},"excerpt":{"rendered":"<p>Kozaki Sk\u00f3rzane Wsuwane Na Szpilce z K\u0142\u00f3dk\u0105 Czarne Kozaki do \u0142ydki w kolorze czarnym\u00a0 to model wykonany z najwi\u0119ksz\u0105 staranno\u015bci\u0105. Z pewno\u015bci\u0105 te buty zrobi\u0105 wra\u017cenie na ka\u017cdym. Obuwie jest wykonane ze sk\u00f3ry ekologicznej. Buty\u00a0 szpilce, cz\u0119\u015bciowo zakrytej przed modnie wywini\u0119t\u0105, lu\u017an\u0105 cholewk\u0119. Cholewka si\u0119ga do po\u0142owy \u0142ydki. Nosek migda\u0142kowy, smuk\u0142y. Brzeg cholewki zdobi pasek<\/p>\n<div class=\"klb-readmore post-buttons\"><a class=\"button black outline size-sm\" href=\"https:\/\/madelinefashion.pl\/sk\/kozaki-skorzane-wsuwane-na-szpilce-z-klodka-czarne\/\">\u010c\u00edta\u0165 \u010falej <i class=\"klbth-icon-right-arrow\"><\/i><\/a><\/div>","protected":false},"featured_media":76562,"template":"","meta":[],"product_brand":[],"product_cat":[400],"product_tag":[493],"class_list":{"0":"post-76613","1":"product","2":"type-product","3":"status-publish","4":"has-post-thumbnail","6":"product_cat-buty","7":"product_tag-kozaki","9":"first","10":"instock","11":"sale","12":"purchasable","13":"product-type-variable"},"_links":{"self":[{"href":"https:\/\/madelinefashion.pl\/sk\/wp-json\/wp\/v2\/product\/76613","targetHints":{"allow":["GET"]}}],"collection":[{"href":"https:\/\/madelinefashion.pl\/sk\/wp-json\/wp\/v2\/product"}],"about":[{"href":"https:\/\/madelinefashion.pl\/sk\/wp-json\/wp\/v2\/types\/product"}],"wp:featuredmedia":[{"embeddable":true,"href":"https:\/\/madelinefashion.pl\/sk\/wp-json\/wp\/v2\/media\/76562"}],"wp:attachment":[{"href":"https:\/\/madelinefashion.pl\/sk\/wp-json\/wp\/v2\/media?parent=76613"}],"wp:term":[{"taxonomy":"product_brand","embeddable":true,"href":"https:\/\/madelinefashion.pl\/sk\/wp-json\/wp\/v2\/product_brand?post=76613"},{"taxonomy":"product_cat","embeddable":true,"href":"https:\/\/madelinefashion.pl\/sk\/wp-json\/wp\/v2\/product_cat?post=76613"},{"taxonomy":"product_tag","embeddable":true,"href":"https:\/\/madelinefashion.pl\/sk\/wp-json\/wp\/v2\/product_tag?post=76613"}],"curies":[{"name":"pracovn\u00fd list","href":"https:\/\/api.w.org\/{rel}","templated":true}]}}