{"id":77109,"date":"2023-02-09T13:14:10","date_gmt":"2023-02-09T12:14:10","guid":{"rendered":"https:\/\/madelinefashion.pl\/?post_type=product&#038;p=77109"},"modified":"2026-03-01T12:58:11","modified_gmt":"2026-03-01T11:58:11","slug":"mis-z-roz-czerwony-40-cm-pudelko-prezent","status":"publish","type":"product","link":"https:\/\/madelinefashion.pl\/sk\/mis-z-roz-czerwony-40-cm-pudelko-prezent\/","title":{"rendered":"Medved\u00edk \u010derven\u00e1 ru\u017ea 40 cm + dar\u010dekov\u00e1 krabi\u010dka"},"content":{"rendered":"<h3 style=\"text-align: center;\">Medved\u00edk \u010derven\u00e1 ru\u017ea 40 cm + dar\u010dekov\u00e1 krabi\u010dka<\/h3>\n<p>&nbsp;<\/p>\n<p style=\"text-align: center;\"><strong>Medved\u00edk vyroben\u00fd z lupe\u0148ov ru\u017e\u00ed<\/strong> je pr\u00edle\u017eitos\u0165 da\u0165 jedine\u010dn\u00fd dar\u010dek, <strong>v\u00fdnimo\u010dn\u00e1 \u017eena<\/strong>. Tento n\u00e1pad bol vytvoren\u00fd pre ka\u017ed\u00fa \u017eenu, ktor\u00e1 miluje ru\u017ee a medved\u00edkov.\u00a0<b>Prekvapte svoju \u017eenu jedine\u010dn\u00fdm dar\u010dekom!<\/b><br \/>\n<strong>Najm\u00f3dnej\u0161\u00ed dar\u010dek v poslednej dobe<\/strong>, ktor\u00fd bol vytvoren\u00fd pre \u0161peci\u00e1lne pr\u00edle\u017eitosti.<b> Big Bear je starostlivo pripraven\u00fd prekvapi\u0165 tou najvy\u0161\u0161ou kvalitou a sta\u0165 sa luxusn\u00fdm a nad\u010dasov\u00fdm dar\u010dekom<\/b>pre ka\u017ed\u00fa \u017eenu. Tento roztomil\u00fd medved\u00edk je vyroben\u00fd z umel\u00fdch ru\u017e\u00ed, tak\u017ee sa o jeho trv\u00e1cnos\u0165 b\u00e1\u0165 nemus\u00edte. <b>Medved\u00edk s ru\u017eami -<\/b>\u00a0perfektn\u00fd dar\u010dek od srdca, ktor\u00fd povie viac ako 1000 slov!\u00a0<b>Ide\u00e1lny dar\u010dek<\/b>\u00a0na <strong>Valent\u00edn<\/strong>, <strong>narodeniny, z\u00e1snuby alebo in\u00e9 pr\u00edle\u017eitosti.<\/strong><\/p>\n<p style=\"text-align: center;\">Ru\u017ei\u010dky, z ktor\u00fdch je medved\u00edk vyroben\u00fd, s\u00fa\u00a0<b>vyroben\u00e9 z PE materi\u00e1lu,<\/b>\u00a0tak s\u00fa\u00a0<b>trvanliv\u00e9<\/b>\u00a0a\u00a0<b>bez z\u00e1pachu<br \/>\nModel je dostupn\u00fd vo viacer\u00fdch farebn\u00fdch variantoch.\u00a0<\/b><\/p>\n<p>&nbsp;<\/p>\n<h3 style=\"text-align: center;\">\u0161pecifik\u00e1cia:<\/h3>\n<ul>\n<li style=\"text-align: center;\"><\/li>\n<li style=\"text-align: center;\">Vysoko kvalitn\u00fd v\u00fdrobok<\/li>\n<li style=\"text-align: center;\">Medved\u00edk s ru\u017eami s v\u00fd\u0161kou\u00a0<b>40 cm<\/b><\/li>\n<li style=\"text-align: center;\"><b>Ru\u010dne vyroben\u00fd dar\u010dek<\/b><\/li>\n<li style=\"text-align: center;\"><b>Skvel\u00fd tip na dar\u010dek pre milovan\u00fa osobu<\/b><\/li>\n<li style=\"text-align: center;\"><b>\u010cerven\u00e1 farba<\/b><\/li>\n<li style=\"text-align: center;\"><b>Vr\u00e1tane krabice<\/b><\/li>\n<\/ul>","protected":false},"excerpt":{"rendered":"<p>Mi\u015b z R\u00f3\u017c Czerwony 40 cm + Pude\u0142ko Prezent &nbsp; Mi\u015b z p\u0142atk\u00f3w r\u00f3\u017c to szansa na podarowanie wyj\u0105tkowego prezentu, wyj\u0105tkowej kobiecie. Pomys\u0142 ten powsta\u0142 z my\u015bl\u0105 o ka\u017cdej kobiecie kt\u00f3ra uwielbia r\u00f3\u017ce oraz misie.\u00a0Zaskocz swoj\u0105 kobiet\u0119 wyj\u0105tkowym prezentem! Najmodniejszy w ostatnim czasie prezent, kt\u00f3ry powsta\u0142 z my\u015bl\u0105 o wyj\u0105tkowych okazjach. Du\u017cy Mi\u015b jest pieczo\u0142owicie<\/p>\n<div class=\"klb-readmore post-buttons\"><a class=\"button black outline size-sm\" href=\"https:\/\/madelinefashion.pl\/sk\/mis-z-roz-czerwony-40-cm-pudelko-prezent\/\">\u010c\u00edta\u0165 \u010falej <i class=\"klbth-icon-right-arrow\"><\/i><\/a><\/div>","protected":false},"featured_media":26843,"template":"","meta":[],"product_brand":[],"product_cat":[113,395],"product_tag":[],"class_list":{"0":"post-77109","1":"product","2":"type-product","3":"status-publish","4":"has-post-thumbnail","6":"product_cat-dodatki","7":"product_cat-nowosci","9":"first","10":"instock","11":"sale","12":"purchasable","13":"product-type-simple"},"_links":{"self":[{"href":"https:\/\/madelinefashion.pl\/sk\/wp-json\/wp\/v2\/product\/77109","targetHints":{"allow":["GET"]}}],"collection":[{"href":"https:\/\/madelinefashion.pl\/sk\/wp-json\/wp\/v2\/product"}],"about":[{"href":"https:\/\/madelinefashion.pl\/sk\/wp-json\/wp\/v2\/types\/product"}],"wp:featuredmedia":[{"embeddable":true,"href":"https:\/\/madelinefashion.pl\/sk\/wp-json\/wp\/v2\/media\/26843"}],"wp:attachment":[{"href":"https:\/\/madelinefashion.pl\/sk\/wp-json\/wp\/v2\/media?parent=77109"}],"wp:term":[{"taxonomy":"product_brand","embeddable":true,"href":"https:\/\/madelinefashion.pl\/sk\/wp-json\/wp\/v2\/product_brand?post=77109"},{"taxonomy":"product_cat","embeddable":true,"href":"https:\/\/madelinefashion.pl\/sk\/wp-json\/wp\/v2\/product_cat?post=77109"},{"taxonomy":"product_tag","embeddable":true,"href":"https:\/\/madelinefashion.pl\/sk\/wp-json\/wp\/v2\/product_tag?post=77109"}],"curies":[{"name":"pracovn\u00fd list","href":"https:\/\/api.w.org\/{rel}","templated":true}]}}