{"id":77133,"date":"2023-02-09T16:46:29","date_gmt":"2023-02-09T15:46:29","guid":{"rendered":"https:\/\/madelinefashion.pl\/?post_type=product&#038;p=77133"},"modified":"2025-09-09T10:19:37","modified_gmt":"2025-09-09T08:19:37","slug":"komplet-slubny-toscana-bialy-dwuczesciowy","status":"publish","type":"product","link":"https:\/\/madelinefashion.pl\/sk\/komplet-slubny-toscana-bialy-dwuczesciowy\/","title":{"rendered":"Dvojdielny svadobn\u00fd set Toscana White"},"content":{"rendered":"<h3 style=\"text-align: center;\">Dvojdielny svadobn\u00fd set Toscana White<\/h3>\n<p style=\"text-align: center;\"><span style=\"font-size: 10pt;\">Kr\u00e1sny svadobn\u00fd set. Navrchu je elegantn\u00e1 \u010dipkovan\u00e1 bl\u00fazka, na spodku je maxi vypasovan\u00e1 biela suk\u0148a. Kr\u00e1sne odha\u013euje \u017eensk\u00e9 tvary. Model, ktor\u00fd m\u00e1 \u010drty jednoduchosti a elegancie. Dokonale sa prisp\u00f4sob\u00ed postave. <strong>Efekt dop\u013a\u0148a bohato zdoben\u00fd vrch s\u00fapravy.<\/strong><strong>\u00a0<\/strong>Zozn\u00e1mte sa s na\u0161ou ponukou <strong><a href=\"https:\/\/madelinefashion.pl\/sk\/product-tag\/sukienka-biala\/\">\u0161aty <\/a>biela a vyberte si model, <\/strong>v ktorom budete <strong>vyzera\u0165 ako hviezda a vy\u010dnieva\u0165 z davu. <\/strong>Nem\u00f4\u017eete by\u0165 k tomu \u013eahostajn\u00ed. <\/span><span style=\"font-size: 10pt;\">Pr\u00e9miov\u00e9 dlh\u00e9 \u0161aty so zap\u00ednan\u00edm na skryt\u00fd zips vzadu. <strong>Svadobn\u00e9 \u0161aty kr\u00e1sne odr\u00e1\u017eaj\u00fa svetlo, ka\u017ed\u00e1 z d\u00e1m v nich bude vyzera\u0165 \u00fachvatne. <\/strong>Vyroben\u00e9 a \u0161it\u00e9 v Po\u013esku. K dispoz\u00edcii dlh\u00e9 plesov\u00e9 \u0161aty <\/span><span style=\"font-size: 10pt;\">\u00a0vo ve\u013ekostiach <strong>34, 36, 38,40,42 ,44. <\/strong>\u00a0\u0160aty <a href=\"https:\/\/madelinefashion.pl\/sk\/product-tag\/pretty-women\/\"><strong>Pekn\u00e1 \u017eena<\/strong><\/a> je vynikaj\u00facou vo\u013ebou na svadbu, ples, Silvestra a in\u00e9 elegantn\u00e9 \u0161peci\u00e1lne udalosti. S\u00faprava Toscana je ide\u00e1lnou vo\u013ebou pre \u017eeny, ktor\u00e9 chc\u00fa nie\u010do in\u00e9 ako tradi\u010dn\u00e9 svadobn\u00e9 \u0161aty. Ak sa neviete rozhodn\u00fa\u0165, ktor\u00fd\u00a0 <strong>ve\u013ekos\u0165<\/strong> je pre v\u00e1s to najlep\u0161ie <strong>kontaktuj n\u00e1s<\/strong> cez <a href=\"https:\/\/www.facebook.com\/madelinefashionbutik\" target=\"_blank\" rel=\"noopener\">Facebook<\/a> alebo <a href=\"https:\/\/madelinefashion.pl\/sk\/kontakt\/\">telef\u00f3n<\/a>. Ak ve\u013ekos\u0165 nie je na str\u00e1nke, kontaktujte n\u00e1s.\u00a0 <strong>Svoje rozmery m\u00f4\u017eete \u0161pecifikova\u0165 v inform\u00e1ci\u00e1ch po n\u00e1kupe<\/strong> Ve\u013ekos\u0165 p\u00e1su a poprsia V\u00e1m vyberieme t\u00fa spr\u00e1vnu ve\u013ekos\u0165!!\u00a0<\/span><\/p>\n<h3 style=\"text-align: center;\">ROZMERY \u0161iat:<\/h3>\n<p style=\"text-align: center;\"><img fetchpriority=\"high\" decoding=\"async\" class=\"alignnone size-medium wp-image-16801\" src=\"https:\/\/madelinefashion.pl\/wp-content\/uploads\/2021\/08\/wymiary-suknia-300x194.png\" alt=\"\" width=\"300\" height=\"194\" title=\"\"><\/p>\n<table style=\"height: 186px;\" width=\"901\">\n<tbody>\n<tr>\n<td width=\"103\">Ve\u013ekos\u0165<\/td>\n<td width=\"103\">34<\/td>\n<td width=\"103\">36<\/td>\n<td width=\"103\">38<\/td>\n<td width=\"103\">40<\/td>\n<td width=\"133\">42<\/td>\n<\/tr>\n<tr>\n<td width=\"103\">poprsia<\/td>\n<td width=\"103\">84-86<\/td>\n<td width=\"103\">88-90<\/td>\n<td width=\"103\">92-94<\/td>\n<td width=\"103\">96-98<\/td>\n<td width=\"133\">100-102<\/td>\n<\/tr>\n<tr>\n<td width=\"103\">P\u00e1s<\/td>\n<td width=\"103\">64<\/td>\n<td width=\"103\">68<\/td>\n<td width=\"103\">72<\/td>\n<td width=\"103\">76<\/td>\n<td width=\"133\">80<\/td>\n<\/tr>\n<tr>\n<td width=\"103\">Boky<\/td>\n<td width=\"103\">ak\u00fdko\u013evek<\/td>\n<td width=\"103\">ak\u00fdko\u013evek<\/td>\n<td width=\"103\">ak\u00fdko\u013evek<\/td>\n<td width=\"103\">ak\u00fdko\u013evek<\/td>\n<td width=\"133\">ak\u00fdko\u013evek<\/td>\n<\/tr>\n<\/tbody>\n<\/table>\n<p style=\"text-align: center;\">celkov\u00e1 d\u013a\u017eka cca 158 cm<\/p>\n<p style=\"text-align: center;\">\u0160aty s\u00fa dostupn\u00e9 aj v in\u00fdch farb\u00e1ch - odpor\u00fa\u010dame v\u00e1m zozn\u00e1mi\u0165 sa s na\u0161imi \u010fal\u0161\u00edmi produktmi.<\/p>\n<p style=\"text-align: center;\">Rozmery sa m\u00f4\u017eu mierne l\u00ed\u0161i\u0165 od uveden\u00fdch +\/- 2cm.<\/p>\n<p style=\"text-align: center;\"><strong>\u00a0<\/strong><\/p>\n<p>\u00a0<\/p>\n<table>\n<tbody>\n<tr>\n<td width=\"302\">Meno modela<\/td>\n<td width=\"302\">Dvojdielny svadobn\u00fd set Toscana White<\/td>\n<\/tr>\n<tr>\n<td width=\"302\">Farba<\/td>\n<td width=\"302\">biely<\/td>\n<\/tr>\n<tr>\n<td width=\"302\">Marka<\/td>\n<td width=\"302\">Pekn\u00e1 \u017eena<\/td>\n<\/tr>\n<tr>\n<td width=\"302\">ve\u013ekosti<\/td>\n<td width=\"302\">34 36 38 40, 42, 44<\/td>\n<\/tr>\n<tr>\n<td width=\"302\">M\u00f3da<\/td>\n<td width=\"302\">Zhoda<\/td>\n<\/tr>\n<tr>\n<td width=\"302\">Materi\u00e1l<\/td>\n<td width=\"302\">Visk\u00f3za, polyester, bavlna<\/td>\n<\/tr>\n<tr>\n<td width=\"302\">D\u013a\u017eka<\/td>\n<td width=\"302\">Na zem<\/td>\n<\/tr>\n<\/tbody>\n<\/table>\n<p>\u00a0<\/p>\n<p style=\"text-align: center;\">Aby ste si vybrali\u00a0<strong>perfektn\u00e9 \u0161aty<\/strong>\u00a0kontaktujte n\u00e1s telefonicky alebo prostredn\u00edctvom na\u0161ej webovej str\u00e1nky <a href=\"https:\/\/www.facebook.com\/madelinefashionbutik\" target=\"_blank\" rel=\"noopener\">Facebook<\/a> .<br \/>\nN\u00e1\u0161 t\u00edm v\u00e1m pom\u00f4\u017ee\u00a0<strong>Vyberte si ten spr\u00e1vny<\/strong>\u00a0.\u00a0<strong>Na \u017eelanie kupuj\u00faceho vyrob\u00edme ak\u00e9ko\u013evek \u0161aty\u00a0<\/strong><strong>opatrne mera\u0165.\u00a0<\/strong><\/p>\n<div class=\"additional-details\">\n<p style=\"text-align: center;\">\n<\/div>","protected":false},"excerpt":{"rendered":"<p>Komplet \u015alubny Toscana Bia\u0142y Dwucz\u0119\u015bciowy Pi\u0119kny komplet \u015blubny. G\u00f3ra to elegancka koronkowa bluzka, za to d\u00f3\u0142 to maxi dopasowana, bia\u0142a sp\u00f3dnica. Pi\u0119knie eksponuje kobiece kszta\u0142ty. Model, kt\u00f3ry posiada w sobie cechy prostoty i elegancji. Doskonale dopasowuje si\u0119 do figury. Efektu dope\u0142nia bogato zdobiona g\u00f3ra kompletu.\u00a0Zapoznaj si\u0119 z nasz\u0105 ofert\u0105 sukni bia\u0142ych i wybierz model, w<\/p>\n<div class=\"klb-readmore post-buttons\"><a class=\"button black outline size-sm\" href=\"https:\/\/madelinefashion.pl\/sk\/komplet-slubny-toscana-bialy-dwuczesciowy\/\">\u010c\u00edta\u0165 \u010falej <i class=\"klbth-icon-right-arrow\"><\/i><\/a><\/div>","protected":false},"featured_media":77119,"template":"","meta":[],"product_brand":[],"product_cat":[124,395],"product_tag":[257,219,163],"class_list":{"0":"post-77133","1":"product","2":"type-product","3":"status-publish","4":"has-post-thumbnail","6":"product_cat-sukienki-okolicznosciowe","7":"product_cat-nowosci","8":"product_tag-madelinefashion","9":"product_tag-sukienka-biala","10":"product_tag-sukienki-dlugie","12":"first","13":"outofstock","14":"product-type-variable"},"_links":{"self":[{"href":"https:\/\/madelinefashion.pl\/sk\/wp-json\/wp\/v2\/product\/77133","targetHints":{"allow":["GET"]}}],"collection":[{"href":"https:\/\/madelinefashion.pl\/sk\/wp-json\/wp\/v2\/product"}],"about":[{"href":"https:\/\/madelinefashion.pl\/sk\/wp-json\/wp\/v2\/types\/product"}],"wp:featuredmedia":[{"embeddable":true,"href":"https:\/\/madelinefashion.pl\/sk\/wp-json\/wp\/v2\/media\/77119"}],"wp:attachment":[{"href":"https:\/\/madelinefashion.pl\/sk\/wp-json\/wp\/v2\/media?parent=77133"}],"wp:term":[{"taxonomy":"product_brand","embeddable":true,"href":"https:\/\/madelinefashion.pl\/sk\/wp-json\/wp\/v2\/product_brand?post=77133"},{"taxonomy":"product_cat","embeddable":true,"href":"https:\/\/madelinefashion.pl\/sk\/wp-json\/wp\/v2\/product_cat?post=77133"},{"taxonomy":"product_tag","embeddable":true,"href":"https:\/\/madelinefashion.pl\/sk\/wp-json\/wp\/v2\/product_tag?post=77133"}],"curies":[{"name":"pracovn\u00fd list","href":"https:\/\/api.w.org\/{rel}","templated":true}]}}