{"id":78376,"date":"2023-02-22T16:40:52","date_gmt":"2023-02-22T15:40:52","guid":{"rendered":"https:\/\/madelinefashion.pl\/?post_type=product&#038;p=78376"},"modified":"2026-01-20T10:33:37","modified_gmt":"2026-01-20T09:33:37","slug":"koszula-biala-ze-zlotym-nadrukiem","status":"publish","type":"product","link":"https:\/\/madelinefashion.pl\/sk\/koszula-biala-ze-zlotym-nadrukiem\/","title":{"rendered":"Biela ko\u0161e\u013ea so zlatou potla\u010dou"},"content":{"rendered":"<h3 style=\"text-align: center;\">Biela ko\u0161e\u013ea so zlatou potla\u010dou<\/h3>\n<p style=\"text-align: center;\">o ko\u0161e\u013eu\u00a0<strong>oversized strih<\/strong> je to skvel\u00e1 vo\u013eba na r\u00f4zne pr\u00edle\u017eitosti! <strong>\u00a0<\/strong>Strihovo sa hod\u00ed k nohaviciam alebo leg\u00ednam. Na\u0161a ko\u0161e\u013ea m\u00f4\u017ee by\u0165 z\u00e1kladom mnoh\u00fdch elegantn\u00fdch a nad\u010dasov\u00fdch \u0161t\u00fdlov. Ko\u0161e\u013ea je ide\u00e1lnym n\u00e1vrhom do pr\u00e1ce, na ka\u017ed\u00fd de\u0148, na rodinn\u00e9 stretnutia a mnoh\u00e9 in\u00e9 pr\u00edle\u017eitosti.<\/p>\n<h3 style=\"text-align: center;\">\u00a0 \u00a0 \u00a0Rozmery:<\/h3>\n<ul style=\"text-align: center;\">\n<li style=\"list-style-type: none;\">\n<ul>\n<li><strong>36\/S<\/strong><\/li>\n<li>celkov\u00e1 predn\u00e1 d\u013a\u017eka: 75 cm<br \/>\ncelkov\u00e1 d\u013a\u017eka chrbta: 83 cm<\/li>\n<li>\u0161\u00edrka od pazuchy po pazuchu: 50 cm<\/li>\n<li>d\u013a\u017eka ruk\u00e1va od ramena: 36 cm<\/li>\n<li>d\u013a\u017eka ruk\u00e1va od pazuchy: 40 cm<strong>38\/M<\/strong><\/li>\n<li>celkov\u00e1 predn\u00e1 d\u013a\u017eka: 76 cm<br \/>\ncelkov\u00e1 d\u013a\u017eka chrbta: 84 cm<\/li>\n<li>\u0161\u00edrka od pazuchy po pazuchu: 54 cm<\/li>\n<li>d\u013a\u017eka ruk\u00e1va od ramena: 36 cm<\/li>\n<li>d\u013a\u017eka ruk\u00e1va od pazuchy: 40 cm<\/li>\n<li><\/li>\n<li><strong>40\/L<br \/>\n<\/strong>celkov\u00e1 predn\u00e1 d\u013a\u017eka: 77 cm<br \/>\ncelkov\u00e1 d\u013a\u017eka chrbta: 85 cm<\/li>\n<li>\u0161\u00edrka od pazuchy po pazuchu: 58,5 cm<\/li>\n<li>d\u013a\u017eka ruk\u00e1va od ramena: 36 cm<\/li>\n<li>d\u013a\u017eka ruk\u00e1va od pazuchy: 40 cm<\/li>\n<li><\/li>\n<\/ul>\n<p>Rozmery sa m\u00f4\u017eu mierne l\u00ed\u0161i\u0165 od uveden\u00fdch +\/- 2cm. V\u0161etky uveden\u00e9 rozmery s\u00fa meran\u00e9 plo\u0161ne. rozmer x2<\/li>\n<\/ul>\n<table style=\"height: 288px;\" width=\"432\">\n<tbody>\n<tr>\n<td>Meno modela<\/td>\n<td>\n<p style=\"text-align: left;\">Ko\u0161e\u013ea so zlatou potla\u010dou<\/p>\n<\/td>\n<\/tr>\n<tr>\n<td>Farba<\/td>\n<td>biely<\/td>\n<\/tr>\n<tr>\n<td>Zbierka<\/td>\n<td>Jar leto jese\u0148 zima<\/td>\n<\/tr>\n<tr>\n<td>Ve\u013ekos\u0165<\/td>\n<td>Univerz\u00e1lny<\/td>\n<\/tr>\n<tr>\n<td>M\u00f3da<\/td>\n<td>nadrozmern\u00e9<\/td>\n<\/tr>\n<tr>\n<td>zap\u00ednanie<\/td>\n<td>Nedostatok<\/td>\n<\/tr>\n<tr>\n<td>Zlo\u017eenie materi\u00e1lov<\/td>\n<td>\u00a050% Polyester, 40% Visk\u00f3za 10% Elastan<\/td>\n<\/tr>\n<\/tbody>\n<\/table>\n<p style=\"text-align: center;\">Model m\u00e1\u00a0<strong>169<\/strong>\u00a0cm vysok\u00fd, nos\u00ed ve\u013ekos\u0165 ka\u017ed\u00fd de\u0148\u00a0<strong>S<\/strong><\/p>\n<p style=\"text-align: center;\">\u0160\u00edrka cez prsia 92 cm<\/p>\n<p style=\"text-align: center;\">\u0160\u00edrka v p\u00e1se 62 cm<\/p>\n<p style=\"text-align: center;\">\u0160\u00edrka v bokoch 94 cm<\/p>\n<p style=\"text-align: center;\"><strong>\u00a0<\/strong><\/p>","protected":false},"excerpt":{"rendered":"<p>Koszula Bia\u0142a Ze Z\u0142otym Nadrukiem Koszula o\u00a0oversizowym kroju to \u015bwietny wyb\u00f3r na r\u00f3\u017cne okazje! \u00a0Fason idealnie nadaje si\u0119 do spodni lub getr\u00f3w. Nasza koszula\u00a0 mo\u017ce stanowi\u0107 baz\u0119 do wielu eleganckich i ponadczasowych stylizacji. Koszula jest idealn\u0105 propozycj\u0105 do pracy, na co dzie\u0144, na spotkania rodzinne oraz wiele innych okazji. \u00a0 \u00a0 \u00a0Wymiary: 36\/S d\u0142ugo\u015b\u0107 ca\u0142kowita<\/p>\n<div class=\"klb-readmore post-buttons\"><a class=\"button black outline size-sm\" href=\"https:\/\/madelinefashion.pl\/sk\/koszula-biala-ze-zlotym-nadrukiem\/\">\u010c\u00edta\u0165 \u010falej <i class=\"klbth-icon-right-arrow\"><\/i><\/a><\/div>","protected":false},"featured_media":78320,"template":"","meta":[],"product_brand":[],"product_cat":[92,395],"product_tag":[414],"class_list":{"0":"post-78376","1":"product","2":"type-product","3":"status-publish","4":"has-post-thumbnail","6":"product_cat-koszule","7":"product_cat-nowosci","8":"product_tag-koszule","9":"pa_rozmiar-s","10":"pa_rozmiar-m","11":"pa_rozmiar-l","13":"first","14":"instock","15":"sale","16":"purchasable","17":"product-type-variable"},"_links":{"self":[{"href":"https:\/\/madelinefashion.pl\/sk\/wp-json\/wp\/v2\/product\/78376","targetHints":{"allow":["GET"]}}],"collection":[{"href":"https:\/\/madelinefashion.pl\/sk\/wp-json\/wp\/v2\/product"}],"about":[{"href":"https:\/\/madelinefashion.pl\/sk\/wp-json\/wp\/v2\/types\/product"}],"wp:featuredmedia":[{"embeddable":true,"href":"https:\/\/madelinefashion.pl\/sk\/wp-json\/wp\/v2\/media\/78320"}],"wp:attachment":[{"href":"https:\/\/madelinefashion.pl\/sk\/wp-json\/wp\/v2\/media?parent=78376"}],"wp:term":[{"taxonomy":"product_brand","embeddable":true,"href":"https:\/\/madelinefashion.pl\/sk\/wp-json\/wp\/v2\/product_brand?post=78376"},{"taxonomy":"product_cat","embeddable":true,"href":"https:\/\/madelinefashion.pl\/sk\/wp-json\/wp\/v2\/product_cat?post=78376"},{"taxonomy":"product_tag","embeddable":true,"href":"https:\/\/madelinefashion.pl\/sk\/wp-json\/wp\/v2\/product_tag?post=78376"}],"curies":[{"name":"pracovn\u00fd list","href":"https:\/\/api.w.org\/{rel}","templated":true}]}}