{"id":78782,"date":"2023-02-27T10:40:23","date_gmt":"2023-02-27T09:40:23","guid":{"rendered":"https:\/\/madelinefashion.pl\/?post_type=product&#038;p=78782"},"modified":"2026-02-13T15:27:28","modified_gmt":"2026-02-13T14:27:28","slug":"ramoneska-ala-plaszczyk-maxi-eco-skora-z-paskiem-giorgia","status":"publish","type":"product","link":"https:\/\/madelinefashion.pl\/sk\/ramoneska-ala-plaszczyk-maxi-eco-skora-z-paskiem-giorgia\/","title":{"rendered":"Ko\u017een\u00fd kab\u00e1t Ramones a&#039;la Maxi Eco s opaskom Giorgia"},"content":{"rendered":"<h3 style=\"text-align: center;\">Ko\u017een\u00fd kab\u00e1t Ramones a&#039;la Maxi Eco s opaskom Giorgia<\/h3>\n<p style=\"text-align: center;\"><strong>Senza\u010dn\u00e1 bunda Ramones <\/strong>vyroben\u00e9 z m\u00e4kkej eko ko\u017ee v \u010diernej farbe. Model <strong>vybaven\u00e9<\/strong> s bedrov\u00fdm p\u00e1som. <strong>Perfektne sed\u00ed na postave. Ko\u017een\u00e1 bunda\u00a0 <\/strong>toto je jeden z na\u0161ich n\u00e1vrhov na nadch\u00e1dzaj\u00face jarn\u00e9 dni. <strong>Najpred\u00e1vanej\u0161\u00ed<\/strong> Model. D\u00e1 sa pou\u017ei\u0165 v akomko\u013evek \u0161t\u00fdle, ako ku klasick\u00fdm d\u017e\u00ednsom, bielemu tri\u010dku na ka\u017edodenn\u00e9 vych\u00e1dzky, tak aj k d\u00e1mskym \u0161at\u00e1m, ktor\u00fdm dod\u00e1va rockov\u00fd vzh\u013ead. <strong>charakter<\/strong>. Klasick\u00e9, mierne z\u00fa\u017een\u00e9 ruk\u00e1vy. Na bokoch vreck\u00e1 na zips. Bunda s ve\u013ek\u00fdmi chlop\u0148ami zap\u00ednan\u00e1 na zips, nezateplen\u00e1 na pod\u0161\u00edvke. Je to ist\u00e9 <strong>musie\u0165 ma\u0165<\/strong> v ka\u017edom \u0161atn\u00edku! Tento model je ide\u00e1lny na jar alebo jese\u0148 a na chladnej\u0161ie letn\u00e9 dni. V\u010faka vhodne zvolen\u00fdm doplnkom \u013eahko vytvor\u00edte jedine\u010dn\u00e9 \u0161tyliz\u00e1cie na spolo\u010densk\u00e9 udalosti \u010di oslavy. Model m\u00e1 dve vreck\u00e1 so strieborn\u00fdmi patentkami. <strong>Vy\u010dnieva\u0165 z davu<\/strong> s na\u0161ou eko ko\u017eenou bundou. Fant\u00e1zii sa medze neklad\u00fa, preto nev\u00e1hajte a<strong> vytvorte si svoj vlastn\u00fd \u0161t\u00fdl<\/strong>. Ramones prich\u00e1dza vo ve\u013ekosti<strong> SML XL.\u00a0\u00a0<\/strong>Ak m\u00e1te nejak\u00e9 ot\u00e1zky, sme tu, aby sme v\u00e1m pomohli.<\/p>\n<h3 style=\"text-align: center;\">Rozmery:<\/h3>\n<p align=\"center\"><strong>36\/S<\/strong><\/p>\n<p align=\"center\">Celkov\u00e1 predn\u00e1 d\u013a\u017eka - 87 cm<br \/>\nCelkov\u00e1 d\u013a\u017eka chrbta - 84 cm<br \/>\n\u0160\u00edrka v p\u00e1se - 43 cm<br \/>\n\u0160\u00edrka od pazuchy po pazuchu - 44 cm x2<br \/>\nD\u013a\u017eka ruk\u00e1va od ramena - 59 cm<br \/>\nD\u013a\u017eka ruk\u00e1va od podpazu\u0161ia - 42 cm<br \/>\n\u0160\u00edrka v spodnej \u010dasti - 51 cm<\/p>\n<p align=\"center\"><strong>38\/M<\/strong><\/p>\n<p align=\"center\">Celkov\u00e1 predn\u00e1 d\u013a\u017eka - 88 cm<br \/>\nCelkov\u00e1 d\u013a\u017eka chrbta - 85 cm<br \/>\n\u0160\u00edrka v p\u00e1se - 40 cm<br \/>\n\u0160\u00edrka od pazuchy po pazuchu - 45 cm x2<br \/>\nD\u013a\u017eka ruk\u00e1va od ramena - 59 cm<br \/>\nD\u013a\u017eka ruk\u00e1va od podpazu\u0161ia - 43 cm<br \/>\n\u0160\u00edrka v spodnej \u010dasti - 52 cm<br \/>\n<strong><br \/>\n40\/L<\/strong><\/p>\n<p align=\"center\">Celkov\u00e1 predn\u00e1 d\u013a\u017eka - 89 cm<br \/>\nCelkov\u00e1 d\u013a\u017eka chrbta - 86 cm<br \/>\n\u0160\u00edrka v p\u00e1se - 45 cm<br \/>\n\u0160\u00edrka od pazuchy po pazuchu - 45 cm x2<br \/>\nD\u013a\u017eka ruk\u00e1va od ramena - 60 cm<br \/>\nD\u013a\u017eka ruk\u00e1va od podpazu\u0161ia - 44 cm<br \/>\n\u0160\u00edrka v spodnej \u010dasti - 53 cm<\/p>\n<p style=\"text-align: center;\"><strong>42\/XL<\/strong><\/p>\n<p align=\"center\">Celkov\u00e1 predn\u00e1 d\u013a\u017eka - 91 cm<br \/>\nCelkov\u00e1 d\u013a\u017eka chrbta - 88 cm<br \/>\n\u0160\u00edrka v p\u00e1se - 45 cm<br \/>\n\u0160\u00edrka od pazuchy po pazuchu - 46 cm x2<br \/>\nD\u013a\u017eka ruk\u00e1va od ramena - 60 cm<br \/>\nD\u013a\u017eka ruk\u00e1va od podpazu\u0161ia - 45 cm<br \/>\n\u0160\u00edrka v spodnej \u010dasti - 54 cm<\/p>\n<p style=\"text-align: center;\">Rozmery sa m\u00f4\u017eu mierne l\u00ed\u0161i\u0165 od uveden\u00fdch +\/- 2cm. V\u0161etky uveden\u00e9 rozmery s\u00fa <strong>meran\u00fd byt<\/strong>.\u00a0<strong>rozmer x2<\/strong><\/p>\n<p>&nbsp;<\/p>\n<table width=\"605\">\n<tbody>\n<tr>\n<td width=\"302\">Meno modela<\/td>\n<td width=\"302\">Ko\u017een\u00fd kab\u00e1t Ramones a&#039;la Maxi Eco s opaskom Giorgia<\/td>\n<\/tr>\n<tr>\n<td width=\"302\">Farba<\/td>\n<td width=\"302\">\u010dierna<\/td>\n<\/tr>\n<tr>\n<td width=\"302\">ve\u013ekosti<\/td>\n<td width=\"302\">SML XL<\/td>\n<\/tr>\n<tr>\n<td width=\"302\">M\u00f3da<\/td>\n<td width=\"302\">Priliehav\u00e9 \/ \u0161t\u00edhle<\/td>\n<\/tr>\n<tr>\n<td width=\"302\">Hood<\/td>\n<td width=\"302\">Nie<\/td>\n<\/tr>\n<tr>\n<td width=\"302\">Kvalita<\/td>\n<td width=\"302\">Premium<\/td>\n<\/tr>\n<tr>\n<td width=\"302\">zap\u00ednanie<\/td>\n<td width=\"302\">Z\u00e1mok<\/td>\n<\/tr>\n<\/tbody>\n<\/table>\n<p style=\"text-align: center;\"><strong>\u00a0Modelka je vysok\u00e1 169 cm a be\u017ene nos\u00ed ve\u013ekos\u0165 S<\/strong><\/p>\n<p style=\"text-align: center;\"><strong>\u0160\u00edrka cez prsia 92 cm<\/strong><\/p>\n<p style=\"text-align: center;\"><strong>\u0160\u00edrka v p\u00e1se 62 cm<\/strong><\/p>\n<p style=\"text-align: center;\"><strong>\u0160\u00edrka v bokoch 94 cm<\/strong><\/p>\n<p style=\"text-align: center;\">","protected":false},"excerpt":{"rendered":"<p>Ramoneska a&#8217;la P\u0142aszczyk Maxi Eco Sk\u00f3ra z Paskiem Giorgia Rewelacyjna ramoneska wykonana z mi\u0119kkiej eko sk\u00f3ry w kolorze czarnym.\u00a0Model taliowany z paskiem w pasie. Fantastycznie dopasowuje si\u0119 do sylwetki. Kurtka sk\u00f3rzana\u00a0 to jedna z naszych propozycji na nadchodz\u0105ce wiosenne dni. Bestsellerowy model. Mo\u017cna j\u0105 wykorzysta\u0107 w ka\u017cdej stylizacji, zar\u00f3wno do klasycznych jeans\u00f3w, bia\u0142ego t-shirtu na<\/p>\n<div class=\"klb-readmore post-buttons\"><a class=\"button black outline size-sm\" href=\"https:\/\/madelinefashion.pl\/sk\/ramoneska-ala-plaszczyk-maxi-eco-skora-z-paskiem-giorgia\/\">\u010c\u00edta\u0165 \u010falej <i class=\"klbth-icon-right-arrow\"><\/i><\/a><\/div>","protected":false},"featured_media":78772,"template":"","meta":[],"product_brand":[],"product_cat":[117,395],"product_tag":[295],"class_list":{"0":"post-78782","1":"product","2":"type-product","3":"status-publish","4":"has-post-thumbnail","6":"product_cat-kurtki","7":"product_cat-nowosci","8":"product_tag-ramoneski","9":"pa_rozmiar-s","10":"pa_rozmiar-m","11":"pa_rozmiar-l","12":"pa_rozmiar-xl","14":"first","15":"instock","16":"sale","17":"purchasable","18":"product-type-variable"},"_links":{"self":[{"href":"https:\/\/madelinefashion.pl\/sk\/wp-json\/wp\/v2\/product\/78782","targetHints":{"allow":["GET"]}}],"collection":[{"href":"https:\/\/madelinefashion.pl\/sk\/wp-json\/wp\/v2\/product"}],"about":[{"href":"https:\/\/madelinefashion.pl\/sk\/wp-json\/wp\/v2\/types\/product"}],"wp:featuredmedia":[{"embeddable":true,"href":"https:\/\/madelinefashion.pl\/sk\/wp-json\/wp\/v2\/media\/78772"}],"wp:attachment":[{"href":"https:\/\/madelinefashion.pl\/sk\/wp-json\/wp\/v2\/media?parent=78782"}],"wp:term":[{"taxonomy":"product_brand","embeddable":true,"href":"https:\/\/madelinefashion.pl\/sk\/wp-json\/wp\/v2\/product_brand?post=78782"},{"taxonomy":"product_cat","embeddable":true,"href":"https:\/\/madelinefashion.pl\/sk\/wp-json\/wp\/v2\/product_cat?post=78782"},{"taxonomy":"product_tag","embeddable":true,"href":"https:\/\/madelinefashion.pl\/sk\/wp-json\/wp\/v2\/product_tag?post=78782"}],"curies":[{"name":"pracovn\u00fd list","href":"https:\/\/api.w.org\/{rel}","templated":true}]}}