{"id":78787,"date":"2023-02-27T11:17:51","date_gmt":"2023-02-27T10:17:51","guid":{"rendered":"https:\/\/madelinefashion.pl\/?post_type=product&#038;p=78787"},"modified":"2026-01-15T12:43:06","modified_gmt":"2026-01-15T11:43:06","slug":"ramoneska-czarna-dopasowana-drole-de-copine","status":"publish","type":"product","link":"https:\/\/madelinefashion.pl\/sk\/ramoneska-czarna-dopasowana-drole-de-copine\/","title":{"rendered":"Ramones Black Fit Drole De Copine"},"content":{"rendered":"<h3 style=\"text-align: center;\">Ramones Black Fit Drole De Copine<\/h3>\n<p style=\"text-align: center;\"><strong>Senza\u010dn\u00e1 bunda Ramones <\/strong>Tento model je vyroben\u00fd z m\u00e4kkej \u010diernej umelej ko\u017ee a je sol\u00eddne spracovan\u00fd s d\u00f4razom na najmen\u0161\u00ed detail. Zap\u00edna sa na strieborn\u00fd zips, ktor\u00fd je pri\u0161it\u00fd pod miernym uhlom. Bunda m\u00e1 stojat\u00fd golier s dvoma klopami, ktor\u00e9 sa daj\u00fa vyklopi\u0165 do str\u00e1n. Bunda m\u00e1 vpredu dve funk\u010dn\u00e9 vreck\u00e1 na zips. Zadn\u00e1 \u010das\u0165 bundy je u\u0161it\u00e1 z nieko\u013ek\u00fdch kusov ko\u017ee pre perfektn\u00e9 padnutie. Pod\u0161\u00edvka dokonale lad\u00ed s farbou bundy. M\u00f4\u017eete ju nosi\u0165 s nohavicami alebo cez \u017eensk\u00e9 \u0161aty, \u010d\u00edm roz\u0161\u00edrite svoj \u0161t\u00fdl a dod\u00e1te jej jedine\u010dn\u00fd charakter.\u00a0 <strong>Najpred\u00e1vanej\u0161\u00ed<\/strong> model. Klasick\u00e9, mierne z\u00fa\u017een\u00e9 ruk\u00e1vy. Toto je ur\u010dite <strong>musie\u0165 ma\u0165<\/strong> v ka\u017edom \u0161atn\u00edku! Tento \u0161t\u00fdl je ide\u00e1lny na jar alebo jese\u0148, ako aj na chladnej\u0161ie letn\u00e9 dni. So starostlivo vybran\u00fdmi doplnkami si \u013eahko vytvor\u00edte jedine\u010dn\u00e9 outfity na spolo\u010densk\u00e9 udalosti alebo oslavy. <strong>Vy\u010dnieva\u0165 z davu<\/strong> s na\u0161ou eko ko\u017eenou bundou. Fant\u00e1zii sa medze neklad\u00fa, preto nev\u00e1hajte a<strong> vytvorte si svoj vlastn\u00fd \u0161t\u00fdl<\/strong>. Ramones prich\u00e1dza vo ve\u013ekosti<strong> SML XL.\u00a0\u00a0<\/strong><\/p>\n<h3 style=\"text-align: center;\">Rozmery:<\/h3>\n<p align=\"center\"><strong>36\/S<\/strong><\/p>\n<p align=\"center\">Celkov\u00e1 d\u013a\u017eka vpredu \u2013 76 cm<br \/>\nCelkov\u00e1 d\u013a\u017eka chrbta \u2013 71 cm<br \/>\n\u0160\u00edrka p\u00e1su \u2013 36 cm<br \/>\n\u0160\u00edrka od podpazu\u0161ia k podpazu\u0161iu \u2013 40 cm x 2<br \/>\nD\u013a\u017eka ruk\u00e1va od ramena - 59 cm<br \/>\nD\u013a\u017eka ruk\u00e1va od podpazu\u0161ia - 43 cm<br \/>\n\u0160\u00edrka v spodnej \u010dasti - 42 cm<\/p>\n<p align=\"center\"><strong>38\/M<\/strong><\/p>\n<p align=\"center\">Celkov\u00e1 d\u013a\u017eka prednej \u010dasti \u2013 77 cm<br \/>\nCelkov\u00e1 d\u013a\u017eka chrbta - 72 cm<br \/>\n\u0160\u00edrka v p\u00e1se - 38 cm<br \/>\n\u0160\u00edrka od podpazu\u0161ia k podpazu\u0161iu \u2013 41 cm x 2<br \/>\nD\u013a\u017eka ruk\u00e1va od ramena - 60 cm<br \/>\nD\u013a\u017eka ruk\u00e1va od podpazu\u0161ia - 44 cm<br \/>\n\u0160\u00edrka v spodnej \u010dasti - 43 cm<br \/>\n<strong><br \/>\n40\/L<\/strong><\/p>\n<p align=\"center\">Celkov\u00e1 d\u013a\u017eka vpredu \u2013 78 cm<br \/>\nCelkov\u00e1 d\u013a\u017eka chrbta \u2013 73 cm<br \/>\n\u0160\u00edrka v p\u00e1se - 40 cm<br \/>\n\u0160\u00edrka od podpazu\u0161ia k podpazu\u0161iu \u2013 43 cm x 2<br \/>\nD\u013a\u017eka ruk\u00e1va od ramena - 61 cm<br \/>\nD\u013a\u017eka ruk\u00e1va od podpazu\u0161ia - 44 cm<br \/>\n\u0160\u00edrka v spodnej \u010dasti - 44 cm<\/p>\n<p style=\"text-align: center;\"><strong>42\/XL<\/strong><\/p>\n<p align=\"center\">Celkov\u00e1 d\u013a\u017eka vpredu \u2013 79 cm<br \/>\nCelkov\u00e1 d\u013a\u017eka chrbta - 74 cm<br \/>\n\u0160\u00edrka v p\u00e1se - 45 cm<br \/>\n\u0160\u00edrka od podpazu\u0161ia k podpazu\u0161iu \u2013 45 cm x<br \/>\nD\u013a\u017eka ruk\u00e1va od ramena \u2013 62 cm<br \/>\nD\u013a\u017eka ruk\u00e1va od podpazu\u0161ia - 45 cm<br \/>\n\u0160\u00edrka v spodnej \u010dasti - 45 cm<\/p>\n<p style=\"text-align: center;\">Rozmery sa m\u00f4\u017eu mierne l\u00ed\u0161i\u0165 od uveden\u00fdch +\/- 2cm. V\u0161etky uveden\u00e9 rozmery s\u00fa <strong>meran\u00fd byt<\/strong>.\u00a0<strong>rozmer x2<\/strong><\/p>\n<p>&nbsp;<\/p>\n<table width=\"605\">\n<tbody>\n<tr>\n<td width=\"302\">Meno modela<\/td>\n<td width=\"302\">Vypasovan\u00e1 motork\u00e1rska bunda Drole De Copine<\/td>\n<\/tr>\n<tr>\n<td width=\"302\">Farba<\/td>\n<td width=\"302\">\u010dierna<\/td>\n<\/tr>\n<tr>\n<td width=\"302\">ve\u013ekosti<\/td>\n<td width=\"302\">SML XL<\/td>\n<\/tr>\n<tr>\n<td width=\"302\">M\u00f3da<\/td>\n<td width=\"302\">Priliehav\u00e9 \/ \u0161t\u00edhle<\/td>\n<\/tr>\n<tr>\n<td width=\"302\">Hood<\/td>\n<td width=\"302\">Nie<\/td>\n<\/tr>\n<tr>\n<td width=\"302\">Kvalita<\/td>\n<td width=\"302\">Premium<\/td>\n<\/tr>\n<tr>\n<td width=\"302\">zap\u00ednanie<\/td>\n<td width=\"302\">Z\u00e1mok<\/td>\n<\/tr>\n<\/tbody>\n<\/table>\n<p style=\"text-align: center;\"><strong>\u00a0Modelka je vysok\u00e1 169 cm a be\u017ene nos\u00ed ve\u013ekos\u0165 S<\/strong><\/p>\n<p style=\"text-align: center;\"><strong>\u0160\u00edrka cez prsia 92 cm<\/strong><\/p>\n<p style=\"text-align: center;\"><strong>\u0160\u00edrka v p\u00e1se 62 cm<\/strong><\/p>\n<p style=\"text-align: center;\"><strong>\u0160\u00edrka v bokoch 94 cm<\/strong><\/p>\n<p style=\"text-align: center;\">","protected":false},"excerpt":{"rendered":"<p>Ramoneska Czarna Dopasowana Drole De Copine Rewelacyjna ramoneska wykonana z mi\u0119kkiej eko sk\u00f3ry w kolorze czarnym. Jest to model solidnie wykonany, z dba\u0142o\u015bci\u0105 o najmniejszy szczeg\u00f3\u0142. Zapinana na srebrny zamek wszyty pod lekkim skosem. Ko\u0142nierz kurtki typu st\u00f3jka z mo\u017cliwo\u015bci\u0105 roz\u0142o\u017cenia dw\u00f3ch klap na boki. Kurtka posiada dwie funkcjonalne kieszonki na przodzie zapinane na zamki.<\/p>\n<div class=\"klb-readmore post-buttons\"><a class=\"button black outline size-sm\" href=\"https:\/\/madelinefashion.pl\/sk\/ramoneska-czarna-dopasowana-drole-de-copine\/\">\u010c\u00edta\u0165 \u010falej <i class=\"klbth-icon-right-arrow\"><\/i><\/a><\/div>","protected":false},"featured_media":78767,"template":"","meta":[],"product_brand":[],"product_cat":[117,395],"product_tag":[295],"class_list":{"0":"post-78787","1":"product","2":"type-product","3":"status-publish","4":"has-post-thumbnail","6":"product_cat-kurtki","7":"product_cat-nowosci","8":"product_tag-ramoneski","9":"pa_rozmiar-xl","10":"pa_rozmiar-s","11":"pa_rozmiar-m","12":"pa_rozmiar-l","14":"first","15":"instock","16":"sale","17":"purchasable","18":"product-type-variable"},"_links":{"self":[{"href":"https:\/\/madelinefashion.pl\/sk\/wp-json\/wp\/v2\/product\/78787","targetHints":{"allow":["GET"]}}],"collection":[{"href":"https:\/\/madelinefashion.pl\/sk\/wp-json\/wp\/v2\/product"}],"about":[{"href":"https:\/\/madelinefashion.pl\/sk\/wp-json\/wp\/v2\/types\/product"}],"wp:featuredmedia":[{"embeddable":true,"href":"https:\/\/madelinefashion.pl\/sk\/wp-json\/wp\/v2\/media\/78767"}],"wp:attachment":[{"href":"https:\/\/madelinefashion.pl\/sk\/wp-json\/wp\/v2\/media?parent=78787"}],"wp:term":[{"taxonomy":"product_brand","embeddable":true,"href":"https:\/\/madelinefashion.pl\/sk\/wp-json\/wp\/v2\/product_brand?post=78787"},{"taxonomy":"product_cat","embeddable":true,"href":"https:\/\/madelinefashion.pl\/sk\/wp-json\/wp\/v2\/product_cat?post=78787"},{"taxonomy":"product_tag","embeddable":true,"href":"https:\/\/madelinefashion.pl\/sk\/wp-json\/wp\/v2\/product_tag?post=78787"}],"curies":[{"name":"pracovn\u00fd list","href":"https:\/\/api.w.org\/{rel}","templated":true}]}}