{"id":78814,"date":"2023-02-27T12:52:00","date_gmt":"2023-02-27T11:52:00","guid":{"rendered":"https:\/\/madelinefashion.pl\/?post_type=product&#038;p=78814"},"modified":"2026-01-20T10:33:35","modified_gmt":"2026-01-20T09:33:35","slug":"koszula-satynowa-zapinana-na-guziki-biala","status":"publish","type":"product","link":"https:\/\/madelinefashion.pl\/sk\/koszula-satynowa-zapinana-na-guziki-biala\/","title":{"rendered":"Sat\u00e9nov\u00e1 ko\u0161e\u013ea s gomb\u00edkmi v bielej farbe"},"content":{"rendered":"<h3 style=\"text-align: center;\">Sat\u00e9nov\u00e1 ko\u0161e\u013ea s gomb\u00edkmi v bielej farbe<\/h3>\n<p style=\"text-align: center;\"><strong>Sat\u00e9nov\u00e1 ko\u0161e\u013ea Buttoned White je neoddelite\u013enou s\u00fa\u010das\u0165ou ka\u017ed\u00e9ho \u0161atn\u00edka! <\/strong>\u0160t\u00fdl je zapnut\u00fd<strong> tla\u010didl\u00e1. <\/strong>Ko\u0161e\u013ea klasick\u00e9ho strihu je skvel\u00e1 na mnoh\u00e9 pr\u00edle\u017eitosti<strong>ako ofici\u00e1lne, tak aj<\/strong> ka\u017ed\u00fd de\u0148.<strong>\u00a0Tento model je dostupn\u00fd vo viacer\u00fdch farebn\u00fdch variantoch. <\/strong>Strih je ide\u00e1lny na zastr\u010denie do nohav\u00edc alebo sukne \u2013 model odpor\u00fa\u010dame <a href=\"https:\/\/madelinefashion.pl\/sk\/spodnica-mini-crezy-czarna\/\">\u0161ialen\u00fd<\/a> Na\u0161a ko\u0161e\u013ea m\u00f4\u017ee by\u0165 z\u00e1kladom mnoh\u00fdch elegantn\u00fdch a nad\u010dasov\u00fdch \u0161tyliz\u00e1ci\u00ed <a href=\"https:\/\/madelinefashion.pl\/sk\/spodnica-skora-mini-czarna\/\">ceruzky <\/a>sukne alebo klasika <a href=\"https:\/\/madelinefashion.pl\/sk\/spodnie-jeansowe-paradise-jasne\/\">d\u017e\u00ednsy, <\/a>\u00a0ale aj pre ni\u017e\u0161ie d\u00e1my ako tunika. Ko\u0161e\u013ea je ide\u00e1lnym n\u00e1vrhom do pr\u00e1ce, na ka\u017ed\u00fd de\u0148, na rodinn\u00e9 stretnutia a mnoh\u00e9 in\u00e9 pr\u00edle\u017eitosti. Odpor\u00fa\u010da sa pre \u017eeny, ktor\u00e9 nosia ve\u013e <strong>S, M, L, XL, XXL<\/strong><\/p>\n<h3 style=\"text-align: center;\">\u00a0 \u00a0 \u00a0Rozmery:<\/h3>\n<p style=\"text-align: center;\"><strong>36\/S<\/strong><\/p>\n<ul>\n<li style=\"text-align: center;\">celkov\u00e1 predn\u00e1 d\u013a\u017eka: 77 cm<\/li>\n<li style=\"text-align: center;\">celkov\u00e1 d\u013a\u017eka chrbta: 87 cm<\/li>\n<li style=\"text-align: center;\">\u0161\u00edrka od pazuchy po pazuchu: 74 cm<\/li>\n<li style=\"text-align: center;\">d\u013a\u017eka ruk\u00e1va od ramena: 58 cm<\/li>\n<li style=\"text-align: center;\">d\u013a\u017eka ruk\u00e1va od podpazu\u0161ia: 28 cm<\/li>\n<li style=\"text-align: center;\"><\/li>\n<\/ul>\n<p style=\"text-align: center;\"><strong>38\/M<\/strong><\/p>\n<ul>\n<li style=\"text-align: center;\">celkov\u00e1 predn\u00e1 d\u013a\u017eka: 78 cm<\/li>\n<li style=\"text-align: center;\">celkov\u00e1 d\u013a\u017eka chrbta: 90 cm<\/li>\n<li style=\"text-align: center;\">\u0161\u00edrka od pazuchy po pazuchu: 77 cm<\/li>\n<li style=\"text-align: center;\">d\u013a\u017eka ruk\u00e1va od ramena: 61 cm<\/li>\n<li style=\"text-align: center;\">d\u013a\u017eka ruk\u00e1va od podpazu\u0161ia: 29 cm<\/li>\n<li style=\"text-align: center;\"><\/li>\n<\/ul>\n<p style=\"text-align: center;\"><strong>40\/L<\/strong><\/p>\n<ul>\n<li style=\"text-align: center;\">celkov\u00e1 predn\u00e1 d\u013a\u017eka: 82 cm<\/li>\n<li style=\"text-align: center;\">celkov\u00e1 d\u013a\u017eka chrbta: 92 cm<\/li>\n<li style=\"text-align: center;\">\u0161\u00edrka od pazuchy po pazuchu: 80 cm<\/li>\n<li style=\"text-align: center;\">d\u013a\u017eka ruk\u00e1va od ramena: 62 cm<\/li>\n<li style=\"text-align: center;\">d\u013a\u017eka ruk\u00e1va od podpazu\u0161ia: 31 cm<\/li>\n<\/ul>\n<p>&nbsp;<\/p>\n<p style=\"text-align: center;\"><strong>42\/XL<\/strong><\/p>\n<ul>\n<li style=\"text-align: center;\">celkov\u00e1 predn\u00e1 d\u013a\u017eka: 82 cm<\/li>\n<li style=\"text-align: center;\">celkov\u00e1 d\u013a\u017eka chrbta: 92 cm<\/li>\n<li style=\"text-align: center;\">\u0161\u00edrka od pazuchy po pazuchu: 83 cm<\/li>\n<li style=\"text-align: center;\">d\u013a\u017eka ruk\u00e1va od ramena: 63 cm<\/li>\n<li style=\"text-align: center;\">d\u013a\u017eka ruk\u00e1va od podpazu\u0161ia: 31 cm<\/li>\n<\/ul>\n<p style=\"text-align: center;\"><strong>44\/XXL<\/strong><\/p>\n<ul>\n<li style=\"text-align: center;\">celkov\u00e1 predn\u00e1 d\u013a\u017eka: 84 cm<\/li>\n<li style=\"text-align: center;\">celkov\u00e1 d\u013a\u017eka chrbta: 96 cm<\/li>\n<li style=\"text-align: center;\">\u0161\u00edrka od pazuchy po pazuchu: 86 cm<\/li>\n<li style=\"text-align: center;\">d\u013a\u017eka ruk\u00e1va od ramena: 64 cm<\/li>\n<li style=\"text-align: center;\">d\u013a\u017eka ruk\u00e1va od podpazu\u0161ia: 32 cm<\/li>\n<\/ul>\n<ul style=\"text-align: center;\">\n<li style=\"list-style-type: none;\">\n<ul>\n<li><\/li>\n<\/ul>\n<p>Rozmery sa m\u00f4\u017eu mierne l\u00ed\u0161i\u0165 od uveden\u00fdch +\/- 2cm. V\u0161etky uveden\u00e9 rozmery s\u00fa meran\u00e9 plo\u0161ne.<\/li>\n<\/ul>\n<table style=\"height: 288px;\" width=\"433\">\n<tbody>\n<tr>\n<td>Meno modela<\/td>\n<td>Sat\u00e9nov\u00e1 ko\u0161e\u013ea s gomb\u00edkmi<\/td>\n<\/tr>\n<tr>\n<td>Farba<\/td>\n<td>biely<\/td>\n<\/tr>\n<tr>\n<td>Zbierka<\/td>\n<td>Jar leto jese\u0148 zima<\/td>\n<\/tr>\n<tr>\n<td>Ve\u013ekos\u0165<\/td>\n<td>SML XL<\/td>\n<\/tr>\n<tr>\n<td>M\u00f3da<\/td>\n<td>nadrozmern\u00e9<\/td>\n<\/tr>\n<tr>\n<td>zap\u00ednanie<\/td>\n<td>Zlat\u00e9 gomb\u00edky<\/td>\n<\/tr>\n<tr>\n<td>Zlo\u017eenie materi\u00e1lov<\/td>\n<td>Polyester 100%<\/td>\n<\/tr>\n<\/tbody>\n<\/table>\n<p style=\"text-align: center;\">\u00a0Model m\u00e1\u00a0<strong>169<\/strong>\u00a0cm vysok\u00fd, nos\u00ed ve\u013ekos\u0165 ka\u017ed\u00fd de\u0148\u00a0<strong>S<\/strong><\/p>\n<p style=\"text-align: center;\">\u0160\u00edrka cez prsia 92 cm<\/p>\n<p style=\"text-align: center;\">\u0160\u00edrka v p\u00e1se 62 cm<\/p>\n<p style=\"text-align: center;\">\u0160\u00edrka v bokoch 94 cm<strong>\u00a0<\/strong><\/p>","protected":false},"excerpt":{"rendered":"<p>Koszula Satynowa Zapinana na Guziki Bia\u0142a Koszula Satynowa Zapinana na Guziki Bia\u0142a\u00a0 to nieod\u0142\u0105czny element ka\u017cdej garderoby! Fason zapinany jest na guziki. Koszula o klasycznym kr\u00f3ju \u015bwietnie sprawdzi si\u0119 w wielu ods\u0142onach, zar\u00f3wno tych oficjalnych, jak i codziennych.\u00a0Ten model dost\u0119pny jest w kilku wariantach kolorystycznych. Fason idealnie nadaje si\u0119 do &#8222;wpuszczenia&#8221; w spodnie czy w<\/p>\n<div class=\"klb-readmore post-buttons\"><a class=\"button black outline size-sm\" href=\"https:\/\/madelinefashion.pl\/sk\/koszula-satynowa-zapinana-na-guziki-biala\/\">\u010c\u00edta\u0165 \u010falej <i class=\"klbth-icon-right-arrow\"><\/i><\/a><\/div>","protected":false},"featured_media":78797,"template":"","meta":[],"product_brand":[],"product_cat":[92,395],"product_tag":[414],"class_list":{"0":"post-78814","1":"product","2":"type-product","3":"status-publish","4":"has-post-thumbnail","6":"product_cat-koszule","7":"product_cat-nowosci","8":"product_tag-koszule","9":"pa_rozmiar-xxl","10":"pa_rozmiar-s","11":"pa_rozmiar-m","12":"pa_rozmiar-l","13":"pa_rozmiar-xl","15":"first","16":"instock","17":"sale","18":"purchasable","19":"product-type-variable"},"_links":{"self":[{"href":"https:\/\/madelinefashion.pl\/sk\/wp-json\/wp\/v2\/product\/78814","targetHints":{"allow":["GET"]}}],"collection":[{"href":"https:\/\/madelinefashion.pl\/sk\/wp-json\/wp\/v2\/product"}],"about":[{"href":"https:\/\/madelinefashion.pl\/sk\/wp-json\/wp\/v2\/types\/product"}],"wp:featuredmedia":[{"embeddable":true,"href":"https:\/\/madelinefashion.pl\/sk\/wp-json\/wp\/v2\/media\/78797"}],"wp:attachment":[{"href":"https:\/\/madelinefashion.pl\/sk\/wp-json\/wp\/v2\/media?parent=78814"}],"wp:term":[{"taxonomy":"product_brand","embeddable":true,"href":"https:\/\/madelinefashion.pl\/sk\/wp-json\/wp\/v2\/product_brand?post=78814"},{"taxonomy":"product_cat","embeddable":true,"href":"https:\/\/madelinefashion.pl\/sk\/wp-json\/wp\/v2\/product_cat?post=78814"},{"taxonomy":"product_tag","embeddable":true,"href":"https:\/\/madelinefashion.pl\/sk\/wp-json\/wp\/v2\/product_tag?post=78814"}],"curies":[{"name":"pracovn\u00fd list","href":"https:\/\/api.w.org\/{rel}","templated":true}]}}