{"id":78863,"date":"2023-02-27T14:11:40","date_gmt":"2023-02-27T13:11:40","guid":{"rendered":"https:\/\/madelinefashion.pl\/?post_type=product&#038;p=78863"},"modified":"2026-01-20T10:33:35","modified_gmt":"2026-01-20T09:33:35","slug":"koszula-asymetryczna-bezowa-naomi","status":"publish","type":"product","link":"https:\/\/madelinefashion.pl\/sk\/koszula-asymetryczna-bezowa-naomi\/","title":{"rendered":"B\u00e9\u017eov\u00e1 asymetrick\u00e1 ko\u0161e\u013ea Naomi"},"content":{"rendered":"<h3 style=\"text-align: center;\">B\u00e9\u017eov\u00e1 asymetrick\u00e1 ko\u0161e\u013ea Naomi<\/h3>\n<p>&nbsp;<\/p>\n<p style=\"text-align: center;\"><strong>Ko\u0161e\u013ea<\/strong> je vynikaj\u00facou vo\u013ebou, ak chcete vytvori\u0165 elegantnej\u0161\u00ed \u0161t\u00fdl. Ku ko\u0161eli bol pripevnen\u00fd ozdobn\u00fd n\u00e1hrdeln\u00edk. \u0160aty sa zap\u00ednaj\u00fa na mal\u00e9 gomb\u00edky, ktor\u00fdmi si nastav\u00edte h\u013abku v\u00fdstrihu. V\u00fdstrih \u0161iat bol ukon\u010den\u00fd golierom. M\u00e1 \u0161ir\u0161\u00ed ruk\u00e1v zviazan\u00fd ma\u0161li\u010dkou. \u0160aty s\u00fa z pr\u00edjemn\u00e9ho, mierne stre\u010dov\u00e9ho materi\u00e1lu. Vybra\u0165 si ho m\u00f4\u017eete v na\u0161ej predajni <a href=\"https:\/\/madelinefashion.pl\/sk\/buty\/\">top\u00e1nky<\/a> a <a href=\"https:\/\/madelinefashion.pl\/sk\/product-tag\/torebki-damskie\/\">kabelka<\/a>. Odpor\u00fa\u010dame ko\u0161e\u013eu v kombin\u00e1cii s ko\u017een\u00fdmi nohavicami, \u0161ortkami alebo leg\u00ednami. Ni\u017e\u0161ie d\u00e1my ho m\u00f4\u017eu nosi\u0165 ako \u0161aty.<\/p>\n<p style=\"text-align: center;\">Ve\u013ekos\u0165 \u0161iat <strong>SML XL\u00a0<\/strong><\/p>\n<h3 style=\"text-align: center;\">Rozmery:<\/h3>\n<ul>\n<li style=\"text-align: center;\"><strong>S\/36<br \/>\n<\/strong><\/li>\n<li style=\"text-align: center;\">CELKOV\u00c1 D\u0139\u017dKA 65cm<br \/>\nCELKOV\u00c1 D\u0139\u017dKA CHRBTA 96 cm<\/li>\n<li style=\"text-align: center;\">\u0160\u00cdRKA OD AARM PO AARM 44-53 cm<\/li>\n<li style=\"text-align: center;\">D\u0139\u017dKA RUK\u00c1VU OD RAMENA 65 cm<\/li>\n<li style=\"text-align: center;\">D\u0139\u017dKA RUK\u00c1VU OD PA\u017d\u00cd 45 cm<br \/>\n\u0160\u00cdRKA V PASE 33- 43 cm<\/li>\n<li style=\"text-align: center;\"><\/li>\n<li style=\"text-align: center;\"><\/li>\n<li style=\"text-align: center;\"><strong>M\/38<\/strong><\/li>\n<li style=\"text-align: center;\">CELKOV\u00c1 D\u0139\u017dKA 66 cm<br \/>\nCELKOV\u00c1 D\u0139\u017dKA CHRBTA 98 cm<\/li>\n<li style=\"text-align: center;\">\u0160\u00cdRKA OD AARM PO AARM 44-53 cm<\/li>\n<li style=\"text-align: center;\">D\u0139\u017dKA RUK\u00c1VU OD RAMENA 65 cm<\/li>\n<li style=\"text-align: center;\">D\u0139\u017dKA RUK\u00c1VU OD PA\u017d\u00cd 45 cm<br \/>\n\u0160\u00cdRKA V PASE 33- 45 cm<\/li>\n<li style=\"text-align: center;\"><\/li>\n<li style=\"text-align: center;\"><\/li>\n<li style=\"text-align: center;\"><strong>L\/40<\/strong><\/li>\n<li style=\"text-align: center;\">CELKOV\u00c1 D\u0139\u017dKA 67 cm<br \/>\nCELKOV\u00c1 D\u0139\u017dKA CHRBTA 100 cm<\/li>\n<li style=\"text-align: center;\">\u0160\u00cdRKA OD AARM AARM 48-59 cm<\/li>\n<li style=\"text-align: center;\">D\u0139\u017dKA RUK\u00c1VU OD RAMENA 65 cm<\/li>\n<li style=\"text-align: center;\">D\u0139\u017dKA RUK\u00c1VU OD PA\u017d\u00cd 45 cm<br \/>\n\u0160\u00cdRKA V PASE 34- 47 cm<\/li>\n<li style=\"text-align: center;\"><\/li>\n<li style=\"text-align: center;\"><strong>42\/XL<\/strong><\/li>\n<li style=\"text-align: center;\">CELKOV\u00c1 D\u0139\u017dKA 67 cm<br \/>\nCELKOV\u00c1 D\u0139\u017dKA CHRBTA 100 cm<\/li>\n<li style=\"text-align: center;\">\u0160\u00cdRKA OD AARM AARM 48-59 cm<\/li>\n<li style=\"text-align: center;\">D\u0139\u017dKA RUK\u00c1VU OD RAMENA 65 cm<\/li>\n<li style=\"text-align: center;\">D\u0139\u017dKA RUK\u00c1VU OD PA\u017d\u00cd 45 cm<br \/>\n\u0160\u00cdRKA V PASE 36- 49 cm<\/li>\n<li style=\"text-align: center;\"><\/li>\n<\/ul>\n<p style=\"text-align: center;\">Rozmery sa m\u00f4\u017eu l\u00ed\u0161i\u0165 od uveden\u00fdch +\/- 2cm. V\u0161etky uveden\u00e9 rozmery s\u00fa meran\u00e9 plo\u0161ne. Rozmer <strong>x2<\/strong><\/p>\n<table class=\"table\" width=\"591\">\n<tbody>\n<tr>\n<td width=\"302\">Meno modela<\/td>\n<td width=\"302\">Asymetrick\u00e1 ko\u0161e\u013ea Naomi<\/td>\n<\/tr>\n<tr>\n<td width=\"302\">Farba<\/td>\n<td width=\"302\">B\u00e9\u017eov\u00e1<\/td>\n<\/tr>\n<tr>\n<td width=\"302\">zap\u00ednanie<\/td>\n<td width=\"302\">S gomb\u00edkmi<\/td>\n<\/tr>\n<tr>\n<td width=\"302\">Ve\u013ekos\u0165<\/td>\n<td width=\"302\">S, M, L, XL<\/td>\n<\/tr>\n<tr>\n<td width=\"302\">Zahrnut\u00e9<\/td>\n<td width=\"302\">Opasok<\/td>\n<\/tr>\n<tr>\n<td width=\"302\">Materi\u00e1l<\/td>\n<td width=\"302\">\u00a077% Bavlna 21%Polyester 2% Elastan<\/td>\n<\/tr>\n<tr>\n<td width=\"302\">D\u013a\u017eka<\/td>\n<td width=\"302\">Asymetrick\u00e9<\/td>\n<\/tr>\n<\/tbody>\n<\/table>\n<p>&nbsp;<\/p>\n<p>&nbsp;<\/p>\n<p style=\"text-align: center;\">Model m\u00e1\u00a0<strong>169<\/strong>\u00a0cm vysok\u00fd, nos\u00ed ve\u013ekos\u0165 ka\u017ed\u00fd de\u0148\u00a0<strong>S<\/strong><\/p>\n<p style=\"text-align: center;\">\u0160\u00edrka cez prsia 92 cm<\/p>\n<p style=\"text-align: center;\">\u0160\u00edrka v p\u00e1se 62 cm<\/p>\n<p style=\"text-align: center;\">\u0160\u00edrka v bokoch 94 cm<\/p>","protected":false},"excerpt":{"rendered":"<p>Koszula Asymetryczna Be\u017cowa Naomi &nbsp; Koszula to doskona\u0142y wyb\u00f3r je\u015bli chcesz stworzy\u0107 bardziej eleganck\u0105 stylizacj\u0119. Do koszuli zosta\u0142 do\u0142\u0105czony ozdobny naszyjnik.\u00a0 Sukienka zapinana jest na drobne guziczki, za pomoc\u0105 kt\u00f3rych mo\u017cesz regulowa\u0107 g\u0142\u0119boko\u015b\u0107 dekoltu. Dekolt sukienki zosta\u0142 wyko\u0144czony ko\u0142nierzykiem. Posiada szerszy r\u0119kaw wi\u0105zany na kokardk\u0119. Sukienka posiada przyjemny, delikatnie naddaj\u0105cy si\u0119 materia\u0142. Mo\u017cesz do niej<\/p>\n<div class=\"klb-readmore post-buttons\"><a class=\"button black outline size-sm\" href=\"https:\/\/madelinefashion.pl\/sk\/koszula-asymetryczna-bezowa-naomi\/\">\u010c\u00edta\u0165 \u010falej <i class=\"klbth-icon-right-arrow\"><\/i><\/a><\/div>","protected":false},"featured_media":78869,"template":"","meta":[],"product_brand":[],"product_cat":[125,92,395],"product_tag":[],"class_list":{"0":"post-78863","1":"product","2":"type-product","3":"status-publish","4":"has-post-thumbnail","6":"product_cat-sukienki","7":"product_cat-koszule","8":"product_cat-nowosci","10":"first","11":"instock","12":"sale","13":"purchasable","14":"product-type-variable"},"_links":{"self":[{"href":"https:\/\/madelinefashion.pl\/sk\/wp-json\/wp\/v2\/product\/78863","targetHints":{"allow":["GET"]}}],"collection":[{"href":"https:\/\/madelinefashion.pl\/sk\/wp-json\/wp\/v2\/product"}],"about":[{"href":"https:\/\/madelinefashion.pl\/sk\/wp-json\/wp\/v2\/types\/product"}],"wp:featuredmedia":[{"embeddable":true,"href":"https:\/\/madelinefashion.pl\/sk\/wp-json\/wp\/v2\/media\/78869"}],"wp:attachment":[{"href":"https:\/\/madelinefashion.pl\/sk\/wp-json\/wp\/v2\/media?parent=78863"}],"wp:term":[{"taxonomy":"product_brand","embeddable":true,"href":"https:\/\/madelinefashion.pl\/sk\/wp-json\/wp\/v2\/product_brand?post=78863"},{"taxonomy":"product_cat","embeddable":true,"href":"https:\/\/madelinefashion.pl\/sk\/wp-json\/wp\/v2\/product_cat?post=78863"},{"taxonomy":"product_tag","embeddable":true,"href":"https:\/\/madelinefashion.pl\/sk\/wp-json\/wp\/v2\/product_tag?post=78863"}],"curies":[{"name":"pracovn\u00fd list","href":"https:\/\/api.w.org\/{rel}","templated":true}]}}