{"id":78904,"date":"2023-02-27T14:40:32","date_gmt":"2023-02-27T13:40:32","guid":{"rendered":"https:\/\/madelinefashion.pl\/?post_type=product&#038;p=78904"},"modified":"2026-03-26T12:39:40","modified_gmt":"2026-03-26T11:39:40","slug":"sukienka-ofelia-bezowa-dopasowana","status":"publish","type":"product","link":"https:\/\/madelinefashion.pl\/sk\/sukienka-ofelia-bezowa-dopasowana\/","title":{"rendered":"\u0160aty Ofelia B\u00e9\u017eov\u00e1 priliehav\u00e9"},"content":{"rendered":"<h3 style=\"text-align: center;\">\u0160aty Ofelia B\u00e9\u017eov\u00e1 priliehav\u00e9<\/h3>\n<p style=\"text-align: center;\"><span style=\"font-size: 10pt;\">Kr\u00e1sne dlh\u00e9 <strong>ve\u010dern\u00e1 r\u00f3ba <\/strong>\u00a0na ramienkach v jedine\u010dnej levandu\u013eovej farbe. Dlh\u00e9 ve\u010dern\u00e9 \u0161aty\u00a0 <strong>priliehav\u00fd strih ako \u201eryba\u201d<\/strong> Kr\u00e1sne odha\u013euje \u017eensk\u00e9 tvary. Dlh\u00e9 trblietav\u00e9 \u0161aty v <strong>glamour \u0161t\u00fdl<\/strong> . Je vyroben\u00e1 z elastick\u00e9ho materi\u00e1lu. Dlh\u00e9 \u0161aty bez ramienok s v\u00fdstrihom do V <strong>kr\u00e1sne odha\u013euje poprsie<\/strong>. Navy\u0161e<strong> Model m\u00e1 otvoren\u00fd chrb\u00e1t<\/strong>\u00a0a zips pre \u013eahk\u00e9 obliekanie. Zozn\u00e1mte sa s na\u0161ou ponukou <strong><a href=\"https:\/\/madelinefashion.pl\/sk\/sukienki-i-kombinezony\/sukienki-okolicznosciowe\/\">ve\u010dern\u00e9 \u0161aty<\/a>\u00a0a vyberte si model, <\/strong>v ktorom budete <strong>vyzera\u0165 ako hviezda a vy\u010dnieva\u0165 z davu. Maxi \u0161aty sa vo svetle l\u00e1mp rozpr\u00e1vkovo trblietaj\u00fa. <\/strong>Nem\u00f4\u017eete by\u0165 k tomu \u013eahostajn\u00ed.<strong> Maxi \u0161aty a\u017e po zem.<\/strong><\/span><span style=\"font-size: 10pt;\"><strong> Dlh\u00e1 b\u00e9\u017eov\u00e1<\/strong>\u00a0\u0160aty maj\u00fa vpredu v\u0161it\u00e9 ko\u0161\u00ed\u010dky, tak\u017ee nemus\u00edte nosi\u0165 podprsenku. Vyroben\u00e9 a \u0161it\u00e9 v Po\u013esku. <strong>\u0160aty Of\u00e9lie\u00a0 <\/strong>k dispoz\u00edcii <\/span><span style=\"font-size: 10pt;\">\u00a0vo ve\u013ekostiach <strong>34, 36, 38, <\/strong>. \u0160aty <strong>Pekn\u00e1 \u017eena<\/strong> je v\u00fdbornou vo\u013ebou pre <strong>svadba, ples, Silvester a in\u00e9 elegantn\u00e9 pr\u00edle\u017eitostn\u00e9 udalosti<\/strong>. Dostupn\u00e9 na na\u0161om e-shope vo viacer\u00fdch farebn\u00fdch variantoch, tak nev\u00e1hajte a vyberte si t\u00fa, ktor\u00e1 je pre v\u00e1s ako stvoren\u00e1. Ak sa neviete rozhodn\u00fa\u0165 ak\u00fa farbu, <strong>ve\u013ekos\u0165<\/strong> je pre v\u00e1s to najlep\u0161ie <strong>kontaktuj n\u00e1s<\/strong> cez <a href=\"https:\/\/www.facebook.com\/madelinefashionbutik\" target=\"_blank\" rel=\"noopener\">Facebook<\/a> alebo <a href=\"https:\/\/madelinefashion.pl\/sk\/kontakt\/\">telef\u00f3n<\/a>. Ak ve\u013ekos\u0165 nie je na str\u00e1nke, kontaktujte n\u00e1s.\u00a0 <strong>Svoje rozmery m\u00f4\u017eete \u0161pecifikova\u0165 v inform\u00e1ci\u00e1ch po n\u00e1kupe<\/strong> P\u00e1s a poprsie <strong>vyberieme pre v\u00e1s spr\u00e1vnu ve\u013ekos\u0165<\/strong> !!\u00a0<\/span><\/p>\n<h3 style=\"text-align: center;\">ROZMERY \u0161iat:<\/h3>\n<p style=\"text-align: center;\"><img fetchpriority=\"high\" decoding=\"async\" class=\"alignnone size-medium wp-image-16801\" src=\"https:\/\/madelinefashion.pl\/wp-content\/uploads\/2021\/08\/wymiary-suknia-300x194.png\" alt=\"\" width=\"300\" height=\"194\" title=\"\"><\/p>\n<table class=\"table\" width=\"749\">\n<tbody>\n<tr>\n<td>VE\u013dKOS\u0164<\/td>\n<td>34<\/td>\n<td>36<\/td>\n<td>38<\/td>\n<td>40<\/td>\n<\/tr>\n<tr>\n<td>poprsia<\/td>\n<td>84-86<\/td>\n<td>88-90<\/td>\n<td>92-94<\/td>\n<td>96-98<\/td>\n<\/tr>\n<tr>\n<td>P\u00e1s<\/td>\n<td>64<\/td>\n<td>68<\/td>\n<td>72<\/td>\n<td>76<\/td>\n<\/tr>\n<tr>\n<td>Boky<\/td>\n<td>\u00a0ak\u00fdko\u013evek<\/td>\n<td>\u00a0ak\u00fdko\u013evek<\/td>\n<td>\u00a0ak\u00fdko\u013evek<\/td>\n<td>ak\u00fdko\u013evek<\/td>\n<\/tr>\n<\/tbody>\n<\/table>\n<p style=\"text-align: center;\">\u00a0 celkov\u00e1 d\u013a\u017eka cca 157 cm<\/p>\n<p style=\"text-align: center;\">\u0160aty s\u00fa dostupn\u00e9 aj v in\u00fdch farb\u00e1ch - odpor\u00fa\u010dame v\u00e1m zozn\u00e1mi\u0165 sa s na\u0161imi \u010fal\u0161\u00edmi produktmi.<\/p>\n<p style=\"text-align: center;\">Rozmery sa m\u00f4\u017eu mierne l\u00ed\u0161i\u0165 od uveden\u00fdch +\/- 2cm.<\/p>\n<p style=\"text-align: center;\"><strong>\u00a0<\/strong><\/p>\n<p>&nbsp;<\/p>\n<table>\n<tbody>\n<tr>\n<td width=\"302\">Meno modela<\/td>\n<td width=\"302\">Vypasovan\u00e9 \u0161aty Ophelia<\/td>\n<\/tr>\n<tr>\n<td width=\"302\">Farba<\/td>\n<td width=\"302\"><span style=\"font-size: 13.3333px;\">B\u00e9\u017eov\u00e1<\/span><\/td>\n<\/tr>\n<tr>\n<td width=\"302\">Marka<\/td>\n<td width=\"302\">Pekn\u00e1 \u017eena<\/td>\n<\/tr>\n<tr>\n<td width=\"302\">ve\u013ekosti<\/td>\n<td width=\"302\">34 36 38<\/td>\n<\/tr>\n<tr>\n<td width=\"302\">M\u00f3da<\/td>\n<td width=\"302\">Zhoda<\/td>\n<\/tr>\n<tr>\n<td width=\"302\">Materi\u00e1l<\/td>\n<td width=\"302\">Visk\u00f3za, polyester, bavlna<\/td>\n<\/tr>\n<tr>\n<td width=\"302\">D\u013a\u017eka<\/td>\n<td width=\"302\">Na zem<\/td>\n<\/tr>\n<\/tbody>\n<\/table>\n<p>&nbsp;<\/p>\n<p style=\"text-align: center;\">Aby ste si vybrali\u00a0<strong>perfektn\u00e9 \u0161aty<\/strong>\u00a0kontaktujte n\u00e1s pros\u00edm telefonicky alebo cez n\u00e1\u0161 facebook.<br \/>\nN\u00e1\u0161 t\u00edm v\u00e1m pom\u00f4\u017ee\u00a0<strong>Vyberte si ten spr\u00e1vny<\/strong>\u00a0.\u00a0<strong>Na \u017eelanie kupuj\u00faceho vyrob\u00edme ak\u00e9ko\u013evek \u0161aty\u00a0<\/strong><strong>opatrne mera\u0165.\u00a0<\/strong><\/p>\n<div class=\"additional-details\">\n<p style=\"text-align: center;\">\n<\/div>","protected":false},"excerpt":{"rendered":"<p>Sukienka Ofelia Be\u017cowa Dopasowana Pi\u0119kna d\u0142uga suknia wieczorowa \u00a0na rami\u0105czkach w wyj\u0105tkowym kolorze lawendowym. D\u0142uga wieczorowa suknia\u00a0 dopasowanym kroju a&#8217;la &#8222;rybka&#8221; Pi\u0119knie eksponuje kobiece kszta\u0142ty. D\u0142uga mieni\u0105ca suknia w stylu glamour . Uszyta jest z z elastycznego materia\u0142u. D\u0142uga suknia na rami\u0105czkach\u00a0 z dekoltem\u00a0 w liter\u0119 V pi\u0119knie eksponuje biust. Ponadto model posiada odkryte plecy\u00a0oraz<\/p>\n<div class=\"klb-readmore post-buttons\"><a class=\"button black outline size-sm\" href=\"https:\/\/madelinefashion.pl\/sk\/sukienka-ofelia-bezowa-dopasowana\/\">\u010c\u00edta\u0165 \u010falej <i class=\"klbth-icon-right-arrow\"><\/i><\/a><\/div>","protected":false},"featured_media":78881,"template":"","meta":[],"product_brand":[],"product_cat":[124,395,559],"product_tag":[257,163],"class_list":{"0":"post-78904","1":"product","2":"type-product","3":"status-publish","4":"has-post-thumbnail","6":"product_cat-sukienki-okolicznosciowe","7":"product_cat-nowosci","8":"product_cat-noworoczna-sekcja-okazji","9":"product_tag-madelinefashion","10":"product_tag-sukienki-dlugie","12":"first","13":"instock","14":"sale","15":"purchasable","16":"product-type-variable"},"_links":{"self":[{"href":"https:\/\/madelinefashion.pl\/sk\/wp-json\/wp\/v2\/product\/78904","targetHints":{"allow":["GET"]}}],"collection":[{"href":"https:\/\/madelinefashion.pl\/sk\/wp-json\/wp\/v2\/product"}],"about":[{"href":"https:\/\/madelinefashion.pl\/sk\/wp-json\/wp\/v2\/types\/product"}],"wp:featuredmedia":[{"embeddable":true,"href":"https:\/\/madelinefashion.pl\/sk\/wp-json\/wp\/v2\/media\/78881"}],"wp:attachment":[{"href":"https:\/\/madelinefashion.pl\/sk\/wp-json\/wp\/v2\/media?parent=78904"}],"wp:term":[{"taxonomy":"product_brand","embeddable":true,"href":"https:\/\/madelinefashion.pl\/sk\/wp-json\/wp\/v2\/product_brand?post=78904"},{"taxonomy":"product_cat","embeddable":true,"href":"https:\/\/madelinefashion.pl\/sk\/wp-json\/wp\/v2\/product_cat?post=78904"},{"taxonomy":"product_tag","embeddable":true,"href":"https:\/\/madelinefashion.pl\/sk\/wp-json\/wp\/v2\/product_tag?post=78904"}],"curies":[{"name":"pracovn\u00fd list","href":"https:\/\/api.w.org\/{rel}","templated":true}]}}