{"id":7902,"date":"2021-04-10T04:13:49","date_gmt":"2021-04-10T02:13:49","guid":{"rendered":"https:\/\/madelinefashion.pl\/?post_type=product&#038;p=7902"},"modified":"2025-07-12T16:25:47","modified_gmt":"2025-07-12T14:25:47","slug":"body-z-lancuszkiem-biale-villa","status":"publish","type":"product","link":"https:\/\/madelinefashion.pl\/sk\/body-z-lancuszkiem-biale-villa\/","title":{"rendered":"Telo s re\u0165azou White Villa"},"content":{"rendered":"<h3 style=\"text-align: center;\">Telo s re\u0165azou White Villa<\/h3>\n<p style=\"text-align: center;\">Stavte na outfit s paz\u00farikom! <strong>Sexy medved\u00edk<\/strong>, vyroben\u00fd z \u013eahk\u00e9ho materi\u00e1lu, bude ide\u00e1lny pre v\u00e4\u010d\u0161inu \u0161tyliz\u00e1ci\u00ed. Pru\u017en\u00e1 l\u00e1tka bude tvarova\u0165 postavu. Telo vyroben\u00e9 z \u013eahkej a na dotyk pr\u00edjemnej l\u00e1tky. Vybran\u00e9 pre mnoho \u0161t\u00fdlov. <strong>Model, ktor\u00fd si zamilujete<\/strong>. M\u00f4\u017eete ich nosi\u0165 k \u0161ortk\u00e1m, d\u017e\u00ednsom, sukni a dokonca aj ko\u017een\u00fdm nohaviciam. Telo s retiazkou - dokonal\u00e9<strong> zv\u00fdrazn\u00ed va\u0161u siluetu<\/strong>. Body mo\u017eno nosi\u0165 vo\u013ene - retiazky vpredu na v\u00fdstrihu alebo na chrbte. Eur\u00f3psky v\u00fdrobok, ve\u013emi dobr\u00e1 kvalita. Ide\u00e1lne do \u0161koly, pr\u00e1ce, na rande alebo na stretnutie s priate\u013emi! <strong>Ide\u00e1lne pre ka\u017ed\u00fa pr\u00edle\u017eitos\u0165 a \u010das!\u00a0<\/strong>Ve\u013ekos\u0165\u00a0<strong>odpor\u00fa\u010dan\u00e9 univerz\u00e1lne<\/strong>\u00a0pre d\u00e1my vo ve\u013ekosti od<strong> XS a\u017e L\u00a0 \u00a0 <\/strong>\u00a0\u0160irok\u00e1 \u0161k\u00e1la farieb v\u00e1m umo\u017en\u00ed vybra\u0165 si telo, ktor\u00e9 zv\u00fdrazn\u00ed v\u00e1\u0161 charakter!<\/p>\n<h3 style=\"text-align: center;\">Rozmery<\/h3>\n<ul style=\"text-align: center;\">\n<li>celkov\u00e1 d\u013a\u017eka na zap\u00ednanie: 72 cm - 80 cm<\/li>\n<li>\u0161\u00edrka od pazuchy po pazuchu: 40-52 cm<\/li>\n<li>\u0161\u00edrka p\u00e1sa: 37-48 cm<\/li>\n<li><\/li>\n<\/ul>\n<p style=\"text-align: center;\">Rozmery sa m\u00f4\u017eu mierne l\u00ed\u0161i\u0165 od uveden\u00fdch +\/- 2cm. V\u0161etky uveden\u00e9 rozmery s\u00fa meran\u00e9 plo\u0161ne.<\/p>\n<p style=\"text-align: center;\"><strong>\u00a0<\/strong><\/p>\n<table width=\"623\">\n<tbody>\n<tr>\n<td width=\"302\">Meno modela<\/td>\n<td width=\"302\">Body Chain Villa<\/td>\n<\/tr>\n<tr>\n<td width=\"302\">Farba<\/td>\n<td width=\"302\">biely<\/td>\n<\/tr>\n<tr>\n<td width=\"302\">Zbierka<\/td>\n<td width=\"302\">Jar leto jese\u0148 zima<\/td>\n<\/tr>\n<tr>\n<td width=\"302\">ve\u013ekosti<\/td>\n<td width=\"302\">Univerz\u00e1lny<\/td>\n<\/tr>\n<tr>\n<td width=\"302\">M\u00f3da<\/td>\n<td width=\"302\">Vypasovan\u00e9 \/ slipy<\/td>\n<\/tr>\n<tr>\n<td width=\"302\">\u0160tiepenie<\/td>\n<td width=\"302\">Okr\u00fahly<\/td>\n<\/tr>\n<tr>\n<td width=\"302\">Ko\u0161\u00ed\u010dky na spevnenie poprsia<\/td>\n<td width=\"302\">Nie<\/td>\n<\/tr>\n<tr>\n<td width=\"302\">Materi\u00e1l<\/td>\n<td width=\"302\">95% Polyester 5% Elastan<\/td>\n<\/tr>\n<\/tbody>\n<\/table>\n<p>&nbsp;<\/p>\n<p style=\"text-align: center;\">Model m\u00e1\u00a0<strong>169<\/strong>\u00a0cm vysok\u00fd, nos\u00ed ve\u013ekos\u0165 ka\u017ed\u00fd de\u0148\u00a0<strong>S<\/strong><\/p>\n<p style=\"text-align: center;\">\u0160\u00edrka cez prsia 92 cm<\/p>\n<p style=\"text-align: center;\">\u0160\u00edrka v p\u00e1se 62 cm<\/p>\n<p style=\"text-align: center;\">\u0160\u00edrka v bokoch 94 cm<\/p>","protected":false},"excerpt":{"rendered":"<p>Body z \u0141a\u0144cuszkiem Bia\u0142e Villa Postaw na outfit z pazurem! Seksowne body, wykonane z lekkiego, materia\u0142u sprawdz\u0105 si\u0119 idealnie w wi\u0119kszo\u015bci stylizacji. Elastyczna tkanina wymodeluje sylwetk\u0119. Body wykonane z lekkiej i przyjemnej w dotyku tkaniny. Wybierane do wielu stylizacji. Model w kt\u00f3rym si\u0119 zakochasz. Mo\u017cesz je nosi\u0107 do szort\u00f3w, d\u017cins\u00f3w, sp\u00f3dnicy, a nawet spodni ze<\/p>\n<div class=\"klb-readmore post-buttons\"><a class=\"button black outline size-sm\" href=\"https:\/\/madelinefashion.pl\/sk\/body-z-lancuszkiem-biale-villa\/\">\u010c\u00edta\u0165 \u010falej <i class=\"klbth-icon-right-arrow\"><\/i><\/a><\/div>","protected":false},"featured_media":52394,"template":"","meta":[],"product_brand":[],"product_cat":[84],"product_tag":[],"class_list":{"0":"post-7902","1":"product","2":"type-product","3":"status-publish","4":"has-post-thumbnail","6":"product_cat-body","8":"first","9":"instock","10":"purchasable","11":"product-type-simple"},"_links":{"self":[{"href":"https:\/\/madelinefashion.pl\/sk\/wp-json\/wp\/v2\/product\/7902","targetHints":{"allow":["GET"]}}],"collection":[{"href":"https:\/\/madelinefashion.pl\/sk\/wp-json\/wp\/v2\/product"}],"about":[{"href":"https:\/\/madelinefashion.pl\/sk\/wp-json\/wp\/v2\/types\/product"}],"wp:featuredmedia":[{"embeddable":true,"href":"https:\/\/madelinefashion.pl\/sk\/wp-json\/wp\/v2\/media\/52394"}],"wp:attachment":[{"href":"https:\/\/madelinefashion.pl\/sk\/wp-json\/wp\/v2\/media?parent=7902"}],"wp:term":[{"taxonomy":"product_brand","embeddable":true,"href":"https:\/\/madelinefashion.pl\/sk\/wp-json\/wp\/v2\/product_brand?post=7902"},{"taxonomy":"product_cat","embeddable":true,"href":"https:\/\/madelinefashion.pl\/sk\/wp-json\/wp\/v2\/product_cat?post=7902"},{"taxonomy":"product_tag","embeddable":true,"href":"https:\/\/madelinefashion.pl\/sk\/wp-json\/wp\/v2\/product_tag?post=7902"}],"curies":[{"name":"pracovn\u00fd list","href":"https:\/\/api.w.org\/{rel}","templated":true}]}}