{"id":79081,"date":"2023-02-27T17:51:14","date_gmt":"2023-02-27T16:51:14","guid":{"rendered":"https:\/\/madelinefashion.pl\/?post_type=product&#038;p=79081"},"modified":"2025-06-10T13:29:25","modified_gmt":"2025-06-10T11:29:25","slug":"sandalki-lustrzane-na-slupku-zlote","status":"publish","type":"product","link":"https:\/\/madelinefashion.pl\/sk\/sandalki-lustrzane-na-slupku-zlote\/","title":{"rendered":"Zrkadlov\u00e9 sand\u00e1le na zlatej ty\u010di"},"content":{"rendered":"<h3 style=\"text-align: center;\">Zrkadlov\u00e9 sand\u00e1le na zlatej ty\u010di<\/h3>\n<p>Skvel\u00e9 a pohodln\u00e9<strong> sand\u00e1le<\/strong> na poste. P\u00f4sobiv\u00fd materi\u00e1l, z ktor\u00e9ho boli vyroben\u00e9, pote\u0161\u00ed ka\u017ed\u00e9ho! O va\u0161e pohodlie sa postar\u00e1 m\u00e4kk\u00e1 stielka z ekoko\u017ee. Tento model sa bude hodi\u0165 k r\u00f4znym \u0161t\u00fdlom, nielen k elegantn\u00fdm \u0161at\u00e1m. Kr\u00e1sne farebn\u00e9 a zirk\u00f3nov\u00e9 ozdoby up\u00fataj\u00fa pozornos\u0165 ka\u017ed\u00e9ho. <strong>Pri v\u00fdbere ve\u013ekosti sa ria\u010fte tabu\u013ekou ve\u013ekost\u00ed<\/strong><\/p>\n<h3 style=\"text-align: center;\">Charakteristika:<\/h3>\n<p>&nbsp;<\/p>\n<p style=\"text-align: center;\"><strong>Farba: <\/strong>Zlat\u00e9 zrkadlo<br \/>\n<strong>Vonkaj\u0161\u00ed materi\u00e1l:\u00a0<\/strong>Umel\u00e1 ko\u017ea<br \/>\n<strong>\u010c\u00edslovanie:\u00a0<\/strong>Typick\u00e9 - odpor\u00fa\u010dame vybra\u0165 si ve\u013ekos\u0165, ktor\u00fa nos\u00edte<br \/>\n<strong>Typ podp\u00e4tku: <\/strong>Pr\u00edspevok<br \/>\n<strong>Vlo\u017ei\u0165:\u00a0<\/strong>Umel\u00e1 ko\u017ea<\/p>\n<h3 style=\"text-align: center;\">Rozmery<\/h3>\n<p style=\"text-align: center;\">V\u00fd\u0161ka podp\u00e4tku: 8 cm<\/p>\n<table width=\"540\">\n<thead>\n<tr>\n<td width=\"216\"><strong>Ve\u013ekos\u0165 E\u00da<\/strong><\/td>\n<td width=\"316\"><strong>D\u013a\u017eka vlo\u017eky<\/strong><\/td>\n<\/tr>\n<\/thead>\n<tbody>\n<tr>\n<td width=\"216\"><strong>36<\/strong><\/td>\n<td width=\"316\">23,5 cm<\/td>\n<\/tr>\n<tr>\n<td width=\"216\"><strong>37<\/strong><\/td>\n<td width=\"316\">24 cm<\/td>\n<\/tr>\n<tr>\n<td width=\"216\"><strong>38<\/strong><\/td>\n<td width=\"316\">24,5 cm<\/td>\n<\/tr>\n<tr>\n<td width=\"216\"><strong>39<\/strong><\/td>\n<td width=\"316\">25 cm<\/td>\n<\/tr>\n<tr>\n<td width=\"216\"><strong>40<\/strong><\/td>\n<td width=\"316\">25,5 cm<\/td>\n<\/tr>\n<tr>\n<td width=\"216\"><strong>41<\/strong><\/td>\n<td width=\"316\">26,5 cm<\/td>\n<\/tr>\n<\/tbody>\n<\/table>\n<div class=\"wrap-content\">\n<div class=\"main-container container\">\n<div class=\"row\">\n<section class=\"main-content sidebar-left-false\">\n<div class=\"product-page page\">\n<div class=\"page-content\">\n<div id=\"ProductSizing\" class=\"product-sizing modal fade in\" tabindex=\"-1\" role=\"dialog\" aria-hidden=\"false\">\n<div class=\"modal-dialog\">\n<div class=\"modal-content\">\n<div class=\"widget html_editor\">\n<p>&nbsp;<\/p>\n<\/div>\n<p>&nbsp;<\/p>\n<\/div>\n<\/div>\n<\/div>\n<\/div>\n<\/div>\n<\/section>\n<\/div>\n<\/div>\n<\/div>\n<div class=\"wrap-footer\">\n<footer class=\"\">\n<div class=\"container\">\n<div class=\"footer-newsletter-box\"><\/div>\n<\/div>\n<\/footer>\n<\/div>\n<table>\n<tbody>\n<tr>\n<td width=\"302\">Meno modela<\/td>\n<td width=\"302\">Zrkadlov\u00e9 sand\u00e1le Na Podp\u00e4tku<\/td>\n<\/tr>\n<tr>\n<td width=\"302\">Farba<\/td>\n<td width=\"302\">Zlat\u00fd<\/td>\n<\/tr>\n<tr>\n<td width=\"302\">ve\u013ekosti<\/td>\n<td width=\"302\">36 37\u00a0 38\u00a0 39 40 41<\/td>\n<\/tr>\n<tr>\n<td width=\"302\">Materi\u00e1l<\/td>\n<td width=\"302\">Umel\u00e1 ko\u017ea<\/td>\n<\/tr>\n<tr>\n<td width=\"302\">Ozdoby<\/td>\n<td width=\"302\">kamienky<\/td>\n<\/tr>\n<tr>\n<td width=\"302\">Spona<\/td>\n<td width=\"302\">Nedostatok<\/td>\n<\/tr>\n<tr>\n<td width=\"302\">Zbierka<\/td>\n<td width=\"302\">Jar\/Jese\u0148\/Leto<\/td>\n<\/tr>\n<\/tbody>\n<\/table>\n<div class=\"tabs tabs-bb clear mb-80\">\n<div class=\"tab-content\">\n<div id=\"tab-description\" class=\"tab-pane fade in woocommerce-Tabs-panel--description active\">\n<p style=\"text-align: center;\">\n<\/div>\n<\/div>\n<\/div>\n<section class=\"up-sells upsells products mb-80\"><\/section>\n<p style=\"text-align: left;\">K\u00f3d produktu: gg116<\/p>","protected":false},"excerpt":{"rendered":"<p>Sanda\u0142ki Lustrzane Na S\u0142upku Z\u0142ote \u015awietne i wygodne sanda\u0142ki na s\u0142upku. Efektowny materia\u0142, z kt\u00f3rego zosta\u0142y wykonane sprawi, \u017ce b\u0119dziesz zachwyca\u0107 ka\u017cdego! O Tw\u00f3j komfort zadba mi\u0119kka wk\u0142adka z eko sk\u00f3ry. Model ten b\u0119dzie pasowa\u0107 do r\u00f3\u017cnych stylizacji, nie tylko do eleganckich sukni. Pi\u0119kny kolor oraz zdobienia cyrkoniami przyci\u0105gnie uwag\u0119 ka\u017cdego. Przy wyborze rozmiaru prosimy<\/p>\n<div class=\"klb-readmore post-buttons\"><a class=\"button black outline size-sm\" href=\"https:\/\/madelinefashion.pl\/sk\/sandalki-lustrzane-na-slupku-zlote\/\">\u010c\u00edta\u0165 \u010falej <i class=\"klbth-icon-right-arrow\"><\/i><\/a><\/div>","protected":false},"featured_media":79064,"template":"","meta":[],"product_brand":[],"product_cat":[400],"product_tag":[496,440],"class_list":{"0":"post-79081","1":"product","2":"type-product","3":"status-publish","4":"has-post-thumbnail","6":"product_cat-buty","7":"product_tag-sandalki","8":"product_tag-szpilki","10":"first","11":"instock","12":"product-type-variable"},"_links":{"self":[{"href":"https:\/\/madelinefashion.pl\/sk\/wp-json\/wp\/v2\/product\/79081","targetHints":{"allow":["GET"]}}],"collection":[{"href":"https:\/\/madelinefashion.pl\/sk\/wp-json\/wp\/v2\/product"}],"about":[{"href":"https:\/\/madelinefashion.pl\/sk\/wp-json\/wp\/v2\/types\/product"}],"wp:featuredmedia":[{"embeddable":true,"href":"https:\/\/madelinefashion.pl\/sk\/wp-json\/wp\/v2\/media\/79064"}],"wp:attachment":[{"href":"https:\/\/madelinefashion.pl\/sk\/wp-json\/wp\/v2\/media?parent=79081"}],"wp:term":[{"taxonomy":"product_brand","embeddable":true,"href":"https:\/\/madelinefashion.pl\/sk\/wp-json\/wp\/v2\/product_brand?post=79081"},{"taxonomy":"product_cat","embeddable":true,"href":"https:\/\/madelinefashion.pl\/sk\/wp-json\/wp\/v2\/product_cat?post=79081"},{"taxonomy":"product_tag","embeddable":true,"href":"https:\/\/madelinefashion.pl\/sk\/wp-json\/wp\/v2\/product_tag?post=79081"}],"curies":[{"name":"pracovn\u00fd list","href":"https:\/\/api.w.org\/{rel}","templated":true}]}}