{"id":79167,"date":"2023-02-28T12:18:32","date_gmt":"2023-02-28T11:18:32","guid":{"rendered":"https:\/\/madelinefashion.pl\/?post_type=product&#038;p=79167"},"modified":"2026-01-17T02:54:46","modified_gmt":"2026-01-17T01:54:46","slug":"body-z-siateczka-na-dlugi-rekaw-czerwone","status":"publish","type":"product","link":"https:\/\/madelinefashion.pl\/sk\/body-z-siateczka-na-dlugi-rekaw-czerwone\/","title":{"rendered":"\u010cerven\u00e9 body zo sie\u0165oviny s dlh\u00fdmi ruk\u00e1vmi"},"content":{"rendered":"<h3 style=\"text-align: center;\">\u010cerven\u00e9 body zo sie\u0165oviny s dlh\u00fdmi ruk\u00e1vmi<\/h3>\n<p>Nech sa n\u00e1\u0161 sexy medved\u00edk stane dokonal\u00fdm doplnkom v\u00e1\u0161ho stylingu. Jemn\u00fd bavlnen\u00fd materi\u00e1l a vyv\u00fd\u0161en\u00fd rol\u00e1k je kombin\u00e1cia, ktor\u00e1 v\u00e1m umo\u017en\u00ed vyu\u017ei\u0165 ich nielen ako sexi spodn\u00fa bielize\u0148, ale aj ako zvr\u0161ok v\u00e1\u0161ho ka\u017edodenn\u00e9ho outfitu. <strong>Sexy medved\u00edk<\/strong>vyroben\u00e9 z elastickej l\u00e1tky dokonale modeluj\u00fa postavu. Telo vyroben\u00e9 z \u013eahkej a na dotyk pr\u00edjemnej l\u00e1tky. Vybran\u00e9 pre mnoho \u0161t\u00fdlov. <strong>Model, ktor\u00fd si zamilujete<\/strong>. M\u00f4\u017eete ich nosi\u0165 k \u0161ortk\u00e1m, d\u017e\u00ednsom, sukni a dokonca aj ko\u017een\u00fdm nohaviciam. Eur\u00f3psky v\u00fdrobok, ve\u013emi dobr\u00e1 kvalita. Ide\u00e1lne do \u0161koly, pr\u00e1ce, na rande alebo na stretnutie s priate\u013emi! <strong>Ide\u00e1lne pre ka\u017ed\u00fa pr\u00edle\u017eitos\u0165 a \u010das!\u00a0<\/strong>Ve\u013ekos\u0165\u00a0<strong>odpor\u00fa\u010dan\u00e9 univerz\u00e1lne<\/strong>\u00a0pre d\u00e1my vo ve\u013ekosti od<strong> XS a\u017e L\u00a0 \u00a0 <\/strong>\u00a0\u0160irok\u00e1 \u0161k\u00e1la farieb v\u00e1m umo\u017en\u00ed vybra\u0165 si telo, ktor\u00e9 zv\u00fdrazn\u00ed v\u00e1\u0161 charakter!<\/p>\n<h3 style=\"text-align: center;\">Rozmery<\/h3>\n<p>&nbsp;<\/p>\n<ul>\n<li style=\"text-align: center;\">celkov\u00e1 d\u013a\u017eka: 69-85 cm<\/li>\n<li style=\"text-align: center;\">\u0161\u00edrka od pazuchy po pazuchu: 39-53 cm<\/li>\n<li style=\"text-align: center;\">\u0161\u00edrka p\u00e1sa: 34-46 cm<\/li>\n<li style=\"text-align: center;\">d\u013a\u017eka ruk\u00e1va od pazuchy: 46 cm<\/li>\n<li style=\"text-align: center;\">d\u013a\u017eka ruk\u00e1va od ramena: 58 cm<\/li>\n<\/ul>\n<p>&nbsp;<\/p>\n<p style=\"text-align: center;\">Rozmery sa m\u00f4\u017eu mierne l\u00ed\u0161i\u0165 od uveden\u00fdch +\/- 2cm. V\u0161etky uveden\u00e9 rozmery s\u00fa meran\u00e9 plo\u0161ne. <strong>rozmer x2<\/strong><\/p>\n<p style=\"text-align: center;\"><strong>\u00a0<\/strong><\/p>\n<table width=\"623\">\n<tbody>\n<tr>\n<td width=\"302\">Meno modela<\/td>\n<td width=\"302\">Sie\u0165ovan\u00e9 body s dlh\u00fdm ruk\u00e1vom<\/td>\n<\/tr>\n<tr>\n<td width=\"302\">Farba<\/td>\n<td width=\"302\">\u010cerven\u00e1<\/td>\n<\/tr>\n<tr>\n<td width=\"302\">Zbierka<\/td>\n<td width=\"302\">Jar leto jese\u0148 zima<\/td>\n<\/tr>\n<tr>\n<td width=\"302\">ve\u013ekosti<\/td>\n<td width=\"302\">Univerz\u00e1lny<\/td>\n<\/tr>\n<tr>\n<td width=\"302\">M\u00f3da<\/td>\n<td width=\"302\">Vypasovan\u00e9 \/ slipy<\/td>\n<\/tr>\n<tr>\n<td width=\"302\">\u0160tiepenie<\/td>\n<td width=\"302\">Okr\u00fahly<\/td>\n<\/tr>\n<tr>\n<td width=\"302\">Ko\u0161\u00ed\u010dky na spevnenie poprsia<\/td>\n<td width=\"302\">Nie<\/td>\n<\/tr>\n<tr>\n<td width=\"302\">Materi\u00e1l<\/td>\n<td width=\"302\">Zlo\u017eenie: 90% bavlna 10% Elastan<\/td>\n<\/tr>\n<\/tbody>\n<\/table>\n<p style=\"text-align: center;\">\u00a0Model m\u00e1\u00a0<strong>169<\/strong>\u00a0cm vysok\u00fd, nos\u00ed ve\u013ekos\u0165 ka\u017ed\u00fd de\u0148\u00a0<strong>S<\/strong><\/p>\n<p style=\"text-align: center;\">\u0160\u00edrka cez prsia 92 cm<\/p>\n<p style=\"text-align: center;\">\u0160\u00edrka v p\u00e1se 62 cm<\/p>\n<p style=\"text-align: center;\">\u0160\u00edrka v bokoch 94 cm<\/p>","protected":false},"excerpt":{"rendered":"<p>Body Z Siateczk\u0105 Na D\u0142ugi R\u0119kaw Czerwone Pozw\u00f3l by nasze seksowne body sta\u0142o si\u0119 idealnym dope\u0142nieniem Twojej stylizacji. Delikatny, bawe\u0142niany materia\u0142 i zabudowana g\u00f3ra z golfem to kombinacja, kt\u00f3ra pozwoli Ci wykorzysta\u0107 je nie tylko jako seksown\u0105 bielizn\u0119, ale tak\u017ce jako g\u00f3r\u0119 codziennego outfitu. Seksowne body, wykonane z elastycznej tkaniny wymodeluj\u0105 idealnie sylwetk\u0119. Body wykonane<\/p>\n<div class=\"klb-readmore post-buttons\"><a class=\"button black outline size-sm\" href=\"https:\/\/madelinefashion.pl\/sk\/body-z-siateczka-na-dlugi-rekaw-czerwone\/\">\u010c\u00edta\u0165 \u010falej <i class=\"klbth-icon-right-arrow\"><\/i><\/a><\/div>","protected":false},"featured_media":79141,"template":"","meta":[],"product_brand":[],"product_cat":[84,395],"product_tag":[],"class_list":{"0":"post-79167","1":"product","2":"type-product","3":"status-publish","4":"has-post-thumbnail","6":"product_cat-body","7":"product_cat-nowosci","9":"first","10":"instock","11":"purchasable","12":"product-type-simple"},"_links":{"self":[{"href":"https:\/\/madelinefashion.pl\/sk\/wp-json\/wp\/v2\/product\/79167","targetHints":{"allow":["GET"]}}],"collection":[{"href":"https:\/\/madelinefashion.pl\/sk\/wp-json\/wp\/v2\/product"}],"about":[{"href":"https:\/\/madelinefashion.pl\/sk\/wp-json\/wp\/v2\/types\/product"}],"wp:featuredmedia":[{"embeddable":true,"href":"https:\/\/madelinefashion.pl\/sk\/wp-json\/wp\/v2\/media\/79141"}],"wp:attachment":[{"href":"https:\/\/madelinefashion.pl\/sk\/wp-json\/wp\/v2\/media?parent=79167"}],"wp:term":[{"taxonomy":"product_brand","embeddable":true,"href":"https:\/\/madelinefashion.pl\/sk\/wp-json\/wp\/v2\/product_brand?post=79167"},{"taxonomy":"product_cat","embeddable":true,"href":"https:\/\/madelinefashion.pl\/sk\/wp-json\/wp\/v2\/product_cat?post=79167"},{"taxonomy":"product_tag","embeddable":true,"href":"https:\/\/madelinefashion.pl\/sk\/wp-json\/wp\/v2\/product_tag?post=79167"}],"curies":[{"name":"pracovn\u00fd list","href":"https:\/\/api.w.org\/{rel}","templated":true}]}}