{"id":7943,"date":"2021-04-10T15:51:48","date_gmt":"2021-04-10T13:51:48","guid":{"rendered":"https:\/\/madelinefashion.pl\/?post_type=product&#038;p=7943"},"modified":"2025-10-01T07:35:20","modified_gmt":"2025-10-01T05:35:20","slug":"spodnie-jeans-z-dziurami-samanta","status":"publish","type":"product","link":"https:\/\/madelinefashion.pl\/sk\/spodnie-jeans-z-dziurami-samanta\/","title":{"rendered":"D\u017e\u00ednsy s dierami Samanta Boyfriend"},"content":{"rendered":"<h3 style=\"text-align: center;\">D\u017e\u00ednsy s dierami Samantha<\/h3>\n<p style=\"text-align: center;\"><span style=\"vertical-align: inherit;\"><span style=\"vertical-align: inherit;\">M\u00f3dne <strong>roztrhan\u00e9 d\u017e\u00ednsy<\/strong> <\/span><\/span><span style=\"vertical-align: inherit;\"><span style=\"vertical-align: inherit;\"> je m\u00f3dny prvok, ktor\u00fd nesmie ch\u00fdba\u0165 vo va\u0161om \u0161atn\u00edku. <\/span><span style=\"vertical-align: inherit;\">Nohavice vyroben\u00e9 z <\/span><\/span><strong><span style=\"vertical-align: inherit;\"><span style=\"vertical-align: inherit;\">kvalitn\u00fd materi\u00e1l s vysok\u00fdm p\u00e1som,<\/span><\/span><\/strong><span style=\"vertical-align: inherit;\"><span style=\"vertical-align: inherit;\"> \u00a0ktor\u00e9 dokonale modeluj\u00fa postavu.\u00a0 <strong>Nohavice <\/strong><\/span><\/span>priate\u013e <span style=\"vertical-align: inherit;\"><span style=\"vertical-align: inherit;\"><strong>D\u017e\u00ednsy s dierami Samantha<\/strong> maj\u00fa ozdobn\u00e9 odreniny, ktor\u00e9 bez poch\u00fdb <strong>dodaj\u00fa<\/strong> jedine\u010dn\u00fd <strong>charakter<\/strong>. <\/span><span style=\"vertical-align: inherit;\">S\u00fa ve\u013emi pohodln\u00e9<\/span><\/span><span style=\"vertical-align: inherit;\"><span style=\"vertical-align: inherit;\"> a \u013eahko sa kombinuj\u00fa, \u013eahko sa kombinuj\u00fa s kardig\u00e1nmi, bundami alebo \u013eahk\u00fdmi svetrami - ktor\u00e9 n\u00e1jdete aj u n\u00e1s <a href=\"https:\/\/madelinefashion.pl\/sk\/swetry\/\">e-shop \u00a0<\/a><\/span><\/span> <span style=\"vertical-align: inherit;\"><span style=\"vertical-align: inherit;\">\u00a0Bud\u00fa perfektn\u00e9 s vysok\u00fdmi op\u00e4tkami, Adidas, snakermi alebo teniskami. <\/span><span style=\"vertical-align: inherit;\">Pon\u00fakame ich vo ve\u013ekostiach <strong> XS, S, M, L, XL, <\/strong><\/span><\/span><span style=\"vertical-align: inherit;\"><span style=\"vertical-align: inherit;\">\u00a0 ,odpor\u00fa\u010dame\u00a0 <\/span><\/span><span style=\"vertical-align: inherit;\"><span style=\"vertical-align: inherit;\"><b>presne tak\u00a0<\/b><\/span><\/span><strong><span style=\"vertical-align: inherit;\"><span style=\"vertical-align: inherit;\">mera\u0165<\/span><\/span><\/strong><span style=\"vertical-align: inherit;\"><span style=\"vertical-align: inherit;\"> pod\u013ea tabu\u013eky rozmerov ni\u017e\u0161ie. <\/span><span style=\"vertical-align: inherit;\">Dopl\u0148te svoj \u0161atn\u00edk o tento najpred\u00e1vanej\u0161\u00ed model. Zap\u00ednanie na zips a jeden strieborn\u00fd gomb\u00edk\u00a0 <strong>odreniny a diery<\/strong> pred.\u00a0 <\/span><\/span><span style=\"vertical-align: inherit;\"><span style=\"vertical-align: inherit;\">V pr\u00edpade \u010fal\u0161\u00edch ot\u00e1zok k tomuto produktu n\u00e1s nev\u00e1hajte kontaktova\u0165 telefonicky alebo cez Facebook. Sledujte nov\u00e9 trendy s\u00a0<strong>Madelinefashion.\u00a0<\/strong>V inform\u00e1ci\u00e1ch po zak\u00fapen\u00ed m\u00f4\u017eete posla\u0165 svoje miery, vyberieme pre v\u00e1s ide\u00e1lne nohavice.\u00a0<\/span><\/span><\/p>\n<h3 style=\"text-align: center;\"><span style=\"vertical-align: inherit;\"><span style=\"vertical-align: inherit;\">Rozmery nohav\u00edc:<\/span><\/span><\/h3>\n<p style=\"text-align: center;\"><strong>VE\u013dKOS\u0164 XS 34 <\/strong><\/p>\n<ul style=\"text-align: center;\">\n<li>Celkov\u00e1 d\u013a\u017eka: 90 cm<\/li>\n<li>Vn\u00fatorn\u00e1 d\u013a\u017eka nohav\u00edc: 65 cm<\/li>\n<li>\u0160\u00edrka v p\u00e1se: 30-39 cm<\/li>\n<li>V\u00fd\u0161ka: 33 cm<\/li>\n<li>\u0160\u00edrka bokov: 45-58 cm<\/li>\n<\/ul>\n<p style=\"text-align: center;\"><strong>VE\u013dKOS\u0164 S 36\u00a0<\/strong><\/p>\n<ul style=\"text-align: center;\">\n<li>Celkov\u00e1 d\u013a\u017eka: 91 cm<\/li>\n<li>Vn\u00fatorn\u00e1 d\u013a\u017eka nohav\u00edc: 63 cm<\/li>\n<li>\u0160\u00edrka v p\u00e1se: 31-41 cm<\/li>\n<li>V\u00fd\u0161ka: 32,5 cm<\/li>\n<li>\u0160\u00edrka bokov: 47-58 cm<\/li>\n<\/ul>\n<p style=\"text-align: center;\"><strong>VE\u013dKOS\u0164 M 38\u00a0<\/strong><\/p>\n<ul style=\"text-align: center;\">\n<li>Celkov\u00e1 d\u013a\u017eka: 91 cm<\/li>\n<li>Vn\u00fatorn\u00e1 d\u013a\u017eka nohav\u00edc: 64 cm<\/li>\n<li>\u0160\u00edrka v p\u00e1se: 35-43 cm<\/li>\n<li>V\u00fd\u0161ka: 33,5 cm<\/li>\n<li>\u0160\u00edrka bokov: 50-63 cm<\/li>\n<\/ul>\n<p style=\"text-align: center;\"><strong>VE\u013dKOS\u0164 L 40\u00a0<\/strong><\/p>\n<ul style=\"text-align: center;\">\n<li>Celkov\u00e1 d\u013a\u017eka: 91 cm<\/li>\n<li>Vn\u00fatorn\u00e1 d\u013a\u017eka nohav\u00edc: 64 cm<\/li>\n<li>\u0160\u00edrka v p\u00e1se: 36-47 cm<\/li>\n<li>P\u00e1s: 36,5 cm<\/li>\n<li>\u0160\u00edrka bokov: 51-65 cm<\/li>\n<\/ul>\n<p style=\"text-align: center;\"><strong>Ve\u013ekos\u0165 XL 42\u00a0<\/strong><\/p>\n<ul style=\"text-align: center;\">\n<li>Celkov\u00e1 d\u013a\u017eka: 92 cm<\/li>\n<li>Vn\u00fatorn\u00e1 d\u013a\u017eka nohav\u00edc: 64 cm<\/li>\n<li>\u0160\u00edrka v p\u00e1se: 38-50 cm<\/li>\n<li>P\u00e1s: 36,5 cm<\/li>\n<li>\u0160\u00edrka bokov: 53-69 cm<\/li>\n<\/ul>\n<p style=\"text-align: center;\"><span style=\"vertical-align: inherit;\"><span style=\"vertical-align: inherit;\">Rozmery sa m\u00f4\u017eu l\u00ed\u0161i\u0165 od uveden\u00fdch +\/- 2cm. <\/span><span style=\"vertical-align: inherit;\">V\u0161etky uveden\u00e9 rozmery s\u00fa meran\u00e9 plo\u0161ne.<\/span><\/span><\/p>\n<p style=\"text-align: center;\">Sk\u0142ad:93%bawe\u0142na, 5%poliester 2%elastan<\/p>\n<p style=\"text-align: center;\"><strong><span style=\"vertical-align: inherit;\"><span style=\"vertical-align: inherit;\">Dokonale padn\u00fa ka\u017edej postave<\/span><\/span><\/strong><\/p>\n<p style=\"text-align: center;\">\u00a0Model m\u00e1\u00a0<strong>165<\/strong>\u00a0cm vysok\u00fd, nos\u00ed ve\u013ekos\u0165 ka\u017ed\u00fd de\u0148\u00a0<strong>S<\/strong><\/p>\n<div class=\"additional-details\"><\/div>","protected":false},"excerpt":{"rendered":"<p>Spodnie Jeans z Dziurami Samanta Modne spodnie jeansowe z dziurami to modny element, kt\u00f3rego nie mo\u017ce zabrakn\u0105\u0107 w Twojej garderobie. Spodnie wykonane z wysokiej jako\u015bci materia\u0142u z wysokim stanem, \u00a0kt\u00f3re doskonale modeluj\u0105 sylwetk\u0119.\u00a0 Spodnie Boyfriend Jeans z Dziurami Samanta posiadaj\u0105 ozdobne przetarcia , kt\u00f3re bez w\u0105tpienia dodadz\u0105 niepowtarzalnego charakteru. S\u0105 bardzo wygodne oraz \u0142atwe w<\/p>\n<div class=\"klb-readmore post-buttons\"><a class=\"button black outline size-sm\" href=\"https:\/\/madelinefashion.pl\/sk\/spodnie-jeans-z-dziurami-samanta\/\">\u010c\u00edta\u0165 \u010falej <i class=\"klbth-icon-right-arrow\"><\/i><\/a><\/div>","protected":false},"featured_media":7940,"template":"","meta":[],"product_brand":[],"product_cat":[83],"product_tag":[240,475],"class_list":{"0":"post-7943","1":"product","2":"type-product","3":"status-publish","4":"has-post-thumbnail","6":"product_cat-spodnie","7":"product_tag-jeans","8":"product_tag-spodnie-dlugie","9":"pa_rozmiar-34-42-142","10":"pa_rozmiar-34-42-36-2","11":"pa_rozmiar-34-42-38-2","12":"pa_rozmiar-34-42-40-2","13":"pa_rozmiar-34-42-42-2","15":"first","16":"instock","17":"product-type-variable"},"_links":{"self":[{"href":"https:\/\/madelinefashion.pl\/sk\/wp-json\/wp\/v2\/product\/7943","targetHints":{"allow":["GET"]}}],"collection":[{"href":"https:\/\/madelinefashion.pl\/sk\/wp-json\/wp\/v2\/product"}],"about":[{"href":"https:\/\/madelinefashion.pl\/sk\/wp-json\/wp\/v2\/types\/product"}],"wp:featuredmedia":[{"embeddable":true,"href":"https:\/\/madelinefashion.pl\/sk\/wp-json\/wp\/v2\/media\/7940"}],"wp:attachment":[{"href":"https:\/\/madelinefashion.pl\/sk\/wp-json\/wp\/v2\/media?parent=7943"}],"wp:term":[{"taxonomy":"product_brand","embeddable":true,"href":"https:\/\/madelinefashion.pl\/sk\/wp-json\/wp\/v2\/product_brand?post=7943"},{"taxonomy":"product_cat","embeddable":true,"href":"https:\/\/madelinefashion.pl\/sk\/wp-json\/wp\/v2\/product_cat?post=7943"},{"taxonomy":"product_tag","embeddable":true,"href":"https:\/\/madelinefashion.pl\/sk\/wp-json\/wp\/v2\/product_tag?post=7943"}],"curies":[{"name":"pracovn\u00fd list","href":"https:\/\/api.w.org\/{rel}","templated":true}]}}