{"id":79466,"date":"2023-03-02T15:52:42","date_gmt":"2023-03-02T14:52:42","guid":{"rendered":"https:\/\/madelinefashion.pl\/?post_type=product&#038;p=79466"},"modified":"2026-03-01T12:58:09","modified_gmt":"2026-03-01T11:58:09","slug":"torebka-brokatowa-zlota","status":"publish","type":"product","link":"https:\/\/madelinefashion.pl\/sk\/torebka-brokatowa-zlota\/","title":{"rendered":"Zlat\u00e1 trblietav\u00e1 kabelka"},"content":{"rendered":"<h3 style=\"text-align: center;\">Zlat\u00e1 trblietav\u00e1 kabelka<\/h3>\n<p style=\"text-align: center;\">Kabelka je nevyhnutnou s\u00fa\u010das\u0165ou ve\u010dern\u00e9ho outfitu. Tento model sa vyzna\u010duje nielen svojou praktickos\u0165ou, ale aj eleganciou. Elegantn\u00e1 kabelka sa bude hodi\u0165 ka\u017edej \u017eene, ktor\u00e1 sleduje najnov\u0161ie m\u00f3dne trendy. Odpor\u00fa\u010dame brok\u00e1tov\u00fa kabelku, ktor\u00e1 kr\u00e1sne dopln\u00ed a zv\u00fdrazn\u00ed v\u00e1\u0161 look. Ta\u0161ka v s\u00faprave m\u00e1 popruh.<\/p>\n<p>&nbsp;<\/p>\n<h3 style=\"text-align: center;\">Charakteristika:<\/h3>\n<p>&nbsp;<\/p>\n<p style=\"text-align: center;\">ve\u010der<\/p>\n<p style=\"text-align: center;\">ide\u00e1lne na svadbu \/ ples \/ ples<\/p>\n<p>&nbsp;<\/p>\n<h3 style=\"text-align: center;\">Rozmery ta\u0161ky:<\/h3>\n<ul style=\"text-align: center;\">\n<li>v\u00fd\u0161ka - 21 cm<\/li>\n<li>\u0161\u00edrka - 14 cm<br \/>\nh\u013abka - 4 cm<\/li>\n<li><\/li>\n<\/ul>","protected":false},"excerpt":{"rendered":"<p>Torebka Brokatowa Z\u0142ota Torebka, to niezb\u0119dny cz\u0119\u015b\u0107 stylizacji wieczorowej. Ten model charakteryzuje si\u0119 nie tylko sw\u0105 praktyczno\u015bci\u0105, ale r\u00f3wnie\u017c elegancj\u0105.\u00a0 Elegancka torebka sprawdzi si\u0119 idealnie\u00a0 dla ka\u017cdej kobiety pod\u0105\u017caj\u0105cej za najnowszymi trendami w modzie. Polecamy brokatow\u0105 torebk\u0119 , kt\u00f3ra pi\u0119knie uzupe\u0142ni i podkre\u015bli Tw\u00f3j look. Torebka w zestawie ma pasek. &nbsp; Cechy Charakterystyczne: &nbsp; wieczorowa<\/p>\n<div class=\"klb-readmore post-buttons\"><a class=\"button black outline size-sm\" href=\"https:\/\/madelinefashion.pl\/sk\/torebka-brokatowa-zlota\/\">\u010c\u00edta\u0165 \u010falej <i class=\"klbth-icon-right-arrow\"><\/i><\/a><\/div>","protected":false},"featured_media":88287,"template":"","meta":[],"product_brand":[],"product_cat":[113],"product_tag":[504,412],"class_list":{"0":"post-79466","1":"product","2":"type-product","3":"status-publish","4":"has-post-thumbnail","6":"product_cat-dodatki","7":"product_tag-party-time","8":"product_tag-torebki-damskie","10":"first","11":"instock","12":"sale","13":"purchasable","14":"product-type-simple"},"_links":{"self":[{"href":"https:\/\/madelinefashion.pl\/sk\/wp-json\/wp\/v2\/product\/79466","targetHints":{"allow":["GET"]}}],"collection":[{"href":"https:\/\/madelinefashion.pl\/sk\/wp-json\/wp\/v2\/product"}],"about":[{"href":"https:\/\/madelinefashion.pl\/sk\/wp-json\/wp\/v2\/types\/product"}],"wp:featuredmedia":[{"embeddable":true,"href":"https:\/\/madelinefashion.pl\/sk\/wp-json\/wp\/v2\/media\/88287"}],"wp:attachment":[{"href":"https:\/\/madelinefashion.pl\/sk\/wp-json\/wp\/v2\/media?parent=79466"}],"wp:term":[{"taxonomy":"product_brand","embeddable":true,"href":"https:\/\/madelinefashion.pl\/sk\/wp-json\/wp\/v2\/product_brand?post=79466"},{"taxonomy":"product_cat","embeddable":true,"href":"https:\/\/madelinefashion.pl\/sk\/wp-json\/wp\/v2\/product_cat?post=79466"},{"taxonomy":"product_tag","embeddable":true,"href":"https:\/\/madelinefashion.pl\/sk\/wp-json\/wp\/v2\/product_tag?post=79466"}],"curies":[{"name":"pracovn\u00fd list","href":"https:\/\/api.w.org\/{rel}","templated":true}]}}