{"id":80379,"date":"2023-03-13T17:42:23","date_gmt":"2023-03-13T16:42:23","guid":{"rendered":"https:\/\/madelinefashion.pl\/?post_type=product&#038;p=80379"},"modified":"2026-03-01T12:58:08","modified_gmt":"2026-03-01T11:58:08","slug":"bransoletka-ze-stali-chirurgicznej-ze-srebnymi-kamieniami-b1","status":"publish","type":"product","link":"https:\/\/madelinefashion.pl\/sk\/bransoletka-ze-stali-chirurgicznej-ze-srebnymi-kamieniami-b1\/","title":{"rendered":"N\u00e1ramok z chirurgickej ocele so strieborn\u00fdmi kame\u0148mi B1"},"content":{"rendered":"<h3 style=\"text-align: center;\" align=\"CENTER\">N\u00e1ramok z chirurgickej ocele so strieborn\u00fdmi kame\u0148mi B1<\/h3>\n<p style=\"text-align: center;\">Niekedy sta\u010d\u00ed naozaj m\u00e1lo, aby bol v\u00e1\u0161 ka\u017edodenn\u00fd \u0161atn\u00edk v\u00fdrazn\u00fd. Pozrite si na\u0161u ponuku u\u017e teraz a zistite, ako ve\u013emi sa m\u00f4\u017ee n\u00e1ramok zmeni\u0165. V z\u00e1vislosti od v\u00e1\u0161ho individu\u00e1lneho \u0161t\u00fdlu si m\u00f4\u017eete vybra\u0165 pozl\u00e1ten\u00fd n\u00e1ramok alebo strieborn\u00e9 n\u00e1ramky. M\u00f4\u017eete si vybra\u0165 jemn\u00fa retiazku alebo \u0161n\u00farku, n\u00e1ramok s pr\u00edveskami, kor\u00e1lky, kry\u0161t\u00e1ly alebo perlu. Ka\u017ed\u00fd z nich v\u00e1m umo\u017en\u00ed prejavi\u0165 sa a dokonale dopln\u00ed v\u00e1\u0161 styling<\/p>\n<p style=\"text-align: center;\"><strong>Spoznajte tajomstvo \u017eien, ktor\u00e9 up\u00fataj\u00fa pozornos\u0165 m\u00f3dnymi \u0161perkami a vytvor\u00edte s nimi skvel\u00e9 outfity!<\/strong><\/p>\n<p class=\"p2\" style=\"text-align: center;\">","protected":false},"excerpt":{"rendered":"<p>Bransoletka Ze Stali Chirurgicznej Ze Srebnymi Kamieniami B1 Czasami potrzeba naprawd\u0119 niewiele, aby codzienna garderoba nabra\u0142a wyrazistego charakteru. Ju\u017c teraz sprawd\u017a Nasz\u0105 ofert\u0119 i przekonaj si\u0119 jak wiele mo\u017ce zmieni\u0107 bransoletka. W zale\u017cno\u015bci od indywidualnego stylu, mo\u017cesz wybra\u0107 bransoletk\u0119 poz\u0142acan\u0105 lub srebrne bransoletki. Mo\u017cesz zdecydowa\u0107 si\u0119 na delikatny \u0142a\u0144cuszek lub sznurek, bransoletk\u0119 z zawieszkami, koralikami,<\/p>\n<div class=\"klb-readmore post-buttons\"><a class=\"button black outline size-sm\" href=\"https:\/\/madelinefashion.pl\/sk\/bransoletka-ze-stali-chirurgicznej-ze-srebnymi-kamieniami-b1\/\">\u010c\u00edta\u0165 \u010falej <i class=\"klbth-icon-right-arrow\"><\/i><\/a><\/div>","protected":false},"featured_media":80387,"template":"","meta":[],"product_brand":[],"product_cat":[519],"product_tag":[],"class_list":{"0":"post-80379","1":"product","2":"type-product","3":"status-publish","4":"has-post-thumbnail","6":"product_cat-bizuteria-damska","8":"first","9":"instock","10":"sale","11":"purchasable","12":"product-type-simple"},"_links":{"self":[{"href":"https:\/\/madelinefashion.pl\/sk\/wp-json\/wp\/v2\/product\/80379","targetHints":{"allow":["GET"]}}],"collection":[{"href":"https:\/\/madelinefashion.pl\/sk\/wp-json\/wp\/v2\/product"}],"about":[{"href":"https:\/\/madelinefashion.pl\/sk\/wp-json\/wp\/v2\/types\/product"}],"wp:featuredmedia":[{"embeddable":true,"href":"https:\/\/madelinefashion.pl\/sk\/wp-json\/wp\/v2\/media\/80387"}],"wp:attachment":[{"href":"https:\/\/madelinefashion.pl\/sk\/wp-json\/wp\/v2\/media?parent=80379"}],"wp:term":[{"taxonomy":"product_brand","embeddable":true,"href":"https:\/\/madelinefashion.pl\/sk\/wp-json\/wp\/v2\/product_brand?post=80379"},{"taxonomy":"product_cat","embeddable":true,"href":"https:\/\/madelinefashion.pl\/sk\/wp-json\/wp\/v2\/product_cat?post=80379"},{"taxonomy":"product_tag","embeddable":true,"href":"https:\/\/madelinefashion.pl\/sk\/wp-json\/wp\/v2\/product_tag?post=80379"}],"curies":[{"name":"pracovn\u00fd list","href":"https:\/\/api.w.org\/{rel}","templated":true}]}}