{"id":80665,"date":"2023-03-15T15:52:12","date_gmt":"2023-03-15T14:52:12","guid":{"rendered":"https:\/\/madelinefashion.pl\/?post_type=product&#038;p=80665"},"modified":"2026-04-29T13:37:37","modified_gmt":"2026-04-29T11:37:37","slug":"bolerko-szare-dzianinowe","status":"publish","type":"product","link":"https:\/\/madelinefashion.pl\/sk\/bolerko-szare-dzianinowe\/","title":{"rendered":"\u0160ed\u00e9 pleten\u00e9 bolerko"},"content":{"rendered":"<h3 style=\"text-align: center;\">\u0160ed\u00e9 pleten\u00e9 bolerko<\/h3>\n<p style=\"text-align: center;\"><strong>Bolero <\/strong>je klasick\u00fd model odpor\u00fa\u010dan\u00fd ako doplnok k stylingu. Hrub\u0161\u00ed materi\u00e1l, ve\u013emi elegantn\u00fd. S pod\u0161\u00edvkou. Bolerko m\u00e1 v\u0161it\u00e9 vypch\u00e1vky na ramen\u00e1ch. Vysoko kvalitn\u00fd materi\u00e1l. <strong>Klasick\u00e9 bolerko<\/strong>\u00a0v tv\u00e1ri a m\u00f3dnom odtieni <strong>sivej farby <\/strong>mus\u00ed n\u00e1js\u0165 miesto vo va\u0161om \u0161atn\u00edku - najm\u00e4 ak h\u013ead\u00e1te spestrenie minimalistick\u00fdch setov.<br \/>\n<strong>Vysoko kvalitn\u00fd materi\u00e1l<\/strong>Materi\u00e1l, z ktor\u00e9ho je bunda vyroben\u00e1, zaru\u010duje trvanlivos\u0165 produktu a je vhodn\u00e1 na mnoho sez\u00f3n. Spojte ich s <strong>elegantn\u00e9 nohavice<\/strong> cigarky alebo ceruzkov\u00e1 suk\u0148a. M\u00f4\u017eete si pre \u0148u vybra\u0165 <strong>nohavice v rovnakom odtieni vytv\u00e1raj\u00face \u0161t\u00fdlov\u00fd oblek<\/strong>. Ide\u00e1lne pre <a href=\"https:\/\/madelinefashion.pl\/sk\/sukienki-i-kombinezony\/sukienki-okolicznosciowe\/\">pr\u00edle\u017eitostn\u00e9 \u0161aty<\/a> alebo<a href=\"https:\/\/madelinefashion.pl\/sk\/product-tag\/sukienka-biala\/\"> svadobn\u00e9 \u0161aty<\/a>. Ide\u00e1lny model na mnoh\u00e9 pr\u00edle\u017eitosti a <strong>pre pr\u00e1cu<\/strong>. Nad\u010dasov\u00fd model, bude v\u00e1m sl\u00fa\u017ei\u0165 dlh\u00e9 roky a vyu\u017eijete ho na r\u00f4zne sp\u00f4soby a pr\u00edle\u017eitosti. Dostupn\u00e9 v mnoh\u00fdch farebn\u00fdch variantoch.<\/p>\n<p>&nbsp;<\/p>\n<p>&nbsp;<\/p>\n<p style=\"text-align: center;\"><strong>34\/XS<\/strong><\/p>\n<p style=\"text-align: center;\">Celkov\u00e1 predn\u00e1 d\u013a\u017eka - 45 cm<br \/>\nCelkov\u00e1 d\u013a\u017eka chrbta: 43 cm<br \/>\n\u0160\u00edrka od pazuchy po pazuchu - 42 cm x2<br \/>\nD\u013a\u017eka ruk\u00e1va od ramena - 43 cm<br \/>\nD\u013a\u017eka ruk\u00e1va od podpazu\u0161ia - 28 cm<\/p>\n<p style=\"text-align: center;\"><strong>36\/S<\/strong><\/p>\n<p style=\"text-align: center;\">Celkov\u00e1 predn\u00e1 d\u013a\u017eka - 47 cm<br \/>\nCelkov\u00e1 d\u013a\u017eka chrbta: 45 cm<br \/>\n\u0160\u00edrka od pazuchy po pazuchu - 45 cm x2<br \/>\nD\u013a\u017eka ruk\u00e1va od ramena - 44 cm<br \/>\nD\u013a\u017eka ruk\u00e1va od podpazu\u0161ia - 29 cm<\/p>\n<p style=\"text-align: center;\"><strong>38\/M<\/strong><\/p>\n<p style=\"text-align: center;\">Celkov\u00e1 predn\u00e1 d\u013a\u017eka - 47 cm<br \/>\nCelkov\u00e1 d\u013a\u017eka chrbta: 45 cm<br \/>\n\u0160\u00edrka od pazuchy po pazuchu - 47 cm x2<br \/>\nD\u013a\u017eka ruk\u00e1va od ramena - 45 cm<br \/>\nD\u013a\u017eka ruk\u00e1va od podpazu\u0161ia - 29 cm<\/p>\n<p style=\"text-align: center;\"><strong>40\/L<\/strong><\/p>\n<p style=\"text-align: center;\">Celkov\u00e1 predn\u00e1 d\u013a\u017eka - 50 cm<br \/>\nCelkov\u00e1 d\u013a\u017eka chrbta: 47 cm<br \/>\n\u0160\u00edrka od pazuchy po pazuchu - 50 cm x2<br \/>\nD\u013a\u017eka ruk\u00e1va od ramena - 46 cm<br \/>\nD\u013a\u017eka ruk\u00e1va od podpazu\u0161ia - 28 cm<\/p>\n<p style=\"text-align: center;\"><strong>42\/XL<\/strong><\/p>\n<p style=\"text-align: center;\">Celkov\u00e1 predn\u00e1 d\u013a\u017eka - 53 cm<br \/>\nCelkov\u00e1 d\u013a\u017eka chrbta: 50 cm<br \/>\n\u0160\u00edrka od pazuchy po pazuchu - 53 cm x2<br \/>\nD\u013a\u017eka ruk\u00e1va od ramena - 46 cm<br \/>\nD\u013a\u017eka ruk\u00e1va od podpazu\u0161ia - 28 cm<\/p>\n<p style=\"text-align: center;\"><strong>44\/XXL<\/strong><\/p>\n<p style=\"text-align: center;\">Celkov\u00e1 predn\u00e1 d\u013a\u017eka - 56 cm<br \/>\nCelkov\u00e1 d\u013a\u017eka chrbta: 50 cm<br \/>\n\u0160\u00edrka od pazuchy po pazuchu - 59 cm x2<br \/>\nD\u013a\u017eka ruk\u00e1va od ramena - 46 cm<br \/>\nD\u013a\u017eka ruk\u00e1va od podpazu\u0161ia - 28 cm<\/p>\n<p style=\"text-align: center;\"><strong>46\/XXXL<\/strong><\/p>\n<p style=\"text-align: center;\">Celkov\u00e1 predn\u00e1 d\u013a\u017eka - 59 cm<br \/>\nCelkov\u00e1 d\u013a\u017eka chrbta: 50 cm<br \/>\n\u0160\u00edrka od pazuchy po pazuchu - 62 cm x2<br \/>\nD\u013a\u017eka ruk\u00e1va od ramena - 46 cm<br \/>\nD\u013a\u017eka ruk\u00e1va od podpazu\u0161ia - 30 cm<\/p>\n<p style=\"text-align: center;\"><strong>48\/XXXXL<\/strong><\/p>\n<p style=\"text-align: center;\">Celkov\u00e1 predn\u00e1 d\u013a\u017eka - 62 cm<br \/>\nCelkov\u00e1 d\u013a\u017eka chrbta: 50 cm<br \/>\n\u0160\u00edrka od pazuchy po pazuchu - 63 cm x2<br \/>\nD\u013a\u017eka ruk\u00e1va od ramena - 47 cm<br \/>\nD\u013a\u017eka ruk\u00e1va od podpazu\u0161ia - 30 cm<\/p>\n<p style=\"text-align: center;\"><strong>50\/XXXXXXL<\/strong><\/p>\n<p style=\"text-align: center;\">Celkov\u00e1 predn\u00e1 d\u013a\u017eka - 64 cm<br \/>\nCelkov\u00e1 d\u013a\u017eka chrbta: 51 cm<br \/>\n\u0160\u00edrka od pazuchy po pazuchu - 65 cm x2<br \/>\nD\u013a\u017eka ruk\u00e1va od ramena - 47 cm<br \/>\nD\u013a\u017eka ruk\u00e1va od podpazu\u0161ia - 30 cm<\/p>\n<p style=\"text-align: center;\"><strong>52\/XXXXXXXL<\/strong><\/p>\n<p style=\"text-align: center;\">Celkov\u00e1 predn\u00e1 d\u013a\u017eka - 66 cm<br \/>\nCelkov\u00e1 d\u013a\u017eka chrbta: 52 cm<br \/>\n\u0160\u00edrka od pazuchy po pazuchu - 67 cm x2<br \/>\nD\u013a\u017eka ruk\u00e1va od ramena - 47 cm<br \/>\nD\u013a\u017eka ruk\u00e1va od podpazu\u0161ia - 30 cm<\/p>\n<p style=\"text-align: center;\">Rozmery sa m\u00f4\u017eu l\u00ed\u0161i\u0165 od uveden\u00fdch +\/- 2cm. V\u0161etky uveden\u00e9 rozmery s\u00fa meran\u00e9 plo\u0161ne. Rozmer <strong>x2<\/strong><\/p>\n<p>&nbsp;<\/p>\n<h3 style=\"text-align: center;\">Charakteristika:<strong><br \/>\n<\/strong><\/h3>\n<ul>\n<li style=\"text-align: center;\">s krat\u0161\u00edm strihom<\/li>\n<li style=\"text-align: center;\">bez zap\u00ednania<\/li>\n<li style=\"text-align: center;\">s pod\u0161\u00edvkou<\/li>\n<li style=\"text-align: center;\">Po\u013esk\u00fd v\u00fdrobok<\/li>\n<\/ul>\n<p style=\"text-align: center;\"><strong>\u00a0<\/strong><\/p>\n<table>\n<tbody>\n<tr>\n<td width=\"302\">Meno modela<\/td>\n<td width=\"302\">Pleten\u00e9 bolerko<\/td>\n<\/tr>\n<tr>\n<td width=\"302\">Farba<\/td>\n<td width=\"302\">\u0160ed\u00e1<\/td>\n<\/tr>\n<tr>\n<td width=\"302\">ve\u013ekosti<\/td>\n<td width=\"302\">34 36 38 40 42 44 46 48 50 52<\/td>\n<\/tr>\n<tr>\n<td width=\"302\">M\u00f3da<\/td>\n<td width=\"302\">Elegantn\u00fd<\/td>\n<\/tr>\n<tr>\n<td width=\"302\">Materi\u00e1l<\/td>\n<td width=\"302\">95% visk\u00f3za 5 % elastan<\/td>\n<\/tr>\n<\/tbody>\n<\/table>\n<p style=\"text-align: center;\">","protected":false},"excerpt":{"rendered":"<p>Bolerko Szare Dzianinowe Bolerko to klasyczny model\u00a0 polecany jako dope\u0142nienie stylizacji. Materia\u0142 grubszy, bardzo elegancki. Z podszewk\u0105. Bolerko posiada wszyte poduszki na ramionach. Wysoka jako\u015b\u0107 materia\u0142u. Klasyczne bolerko\u00a0w twarzowym i modnym odcieniu koloru szarego musi znale\u017a\u0107 miejsce w Twojej garderobie \u2013 szczeg\u00f3lnie je\u015bli poszukujesz urozmaicenia minimalistycznych zestaw\u00f3w. Wysoka jako\u015b\u0107 materia\u0142u, z kt\u00f3rego wykonana jest marynarka<\/p>\n<div class=\"klb-readmore post-buttons\"><a class=\"button black outline size-sm\" href=\"https:\/\/madelinefashion.pl\/sk\/bolerko-szare-dzianinowe\/\">\u010c\u00edta\u0165 \u010falej <i class=\"klbth-icon-right-arrow\"><\/i><\/a><\/div>","protected":false},"featured_media":80643,"template":"","meta":[],"product_brand":[],"product_cat":[95,116,395],"product_tag":[],"class_list":{"0":"post-80665","1":"product","2":"type-product","3":"status-publish","4":"has-post-thumbnail","6":"product_cat-marynarki-i-zakiety","7":"product_cat-bolerka","8":"product_cat-nowosci","9":"pa_rozmiar-s-36","10":"pa_rozmiar-m-38","11":"pa_rozmiar-l-40","12":"pa_rozmiar-xl-42","13":"pa_rozmiar-xxl-44","14":"pa_rozmiar-xxxl-46","15":"pa_rozmiar-xxxxl-48","16":"pa_rozmiar-xs-34","17":"pa_rozmiar-438","18":"pa_rozmiar-439","20":"first","21":"instock","22":"purchasable","23":"product-type-variable"},"_links":{"self":[{"href":"https:\/\/madelinefashion.pl\/sk\/wp-json\/wp\/v2\/product\/80665","targetHints":{"allow":["GET"]}}],"collection":[{"href":"https:\/\/madelinefashion.pl\/sk\/wp-json\/wp\/v2\/product"}],"about":[{"href":"https:\/\/madelinefashion.pl\/sk\/wp-json\/wp\/v2\/types\/product"}],"wp:featuredmedia":[{"embeddable":true,"href":"https:\/\/madelinefashion.pl\/sk\/wp-json\/wp\/v2\/media\/80643"}],"wp:attachment":[{"href":"https:\/\/madelinefashion.pl\/sk\/wp-json\/wp\/v2\/media?parent=80665"}],"wp:term":[{"taxonomy":"product_brand","embeddable":true,"href":"https:\/\/madelinefashion.pl\/sk\/wp-json\/wp\/v2\/product_brand?post=80665"},{"taxonomy":"product_cat","embeddable":true,"href":"https:\/\/madelinefashion.pl\/sk\/wp-json\/wp\/v2\/product_cat?post=80665"},{"taxonomy":"product_tag","embeddable":true,"href":"https:\/\/madelinefashion.pl\/sk\/wp-json\/wp\/v2\/product_tag?post=80665"}],"curies":[{"name":"pracovn\u00fd list","href":"https:\/\/api.w.org\/{rel}","templated":true}]}}