{"id":8195,"date":"2021-04-15T20:55:34","date_gmt":"2021-04-15T18:55:34","guid":{"rendered":"https:\/\/madelinefashion.pl\/?post_type=product&#038;p=8195"},"modified":"2026-02-20T14:59:02","modified_gmt":"2026-02-20T13:59:02","slug":"kardigan-azurowy-bessa-pudrowy-roz","status":"publish","type":"product","link":"https:\/\/madelinefashion.pl\/sk\/kardigan-azurowy-bessa-pudrowy-roz\/","title":{"rendered":"Bessa Openwork Cardigan Powder Pink"},"content":{"rendered":"<h3 style=\"text-align: center;\">Bessa Openwork Cardigan Powder Pink<\/h3>\n<p style=\"text-align: center;\"><strong>Prelamovan\u00fd kardigan Bessa <\/strong>je to ide\u00e1lny model na jarn\u00e9 a letn\u00e9 dni. Kardigan je u\u0161it\u00fd z vrko\u010dovej v\u00e4zby, ve\u013emi pr\u00edjemn\u00fd na dotyk. V\u010faka m\u00f3dnemu vo\u013enej\u0161iemu strihu sa v nej budete c\u00edti\u0165 ve\u013emi pohodlne. Dlh\u00fd ruk\u00e1v a spodn\u00e1 \u010das\u0165 svetra s\u00fa ukon\u010den\u00e9 \u013eahk\u00fdm lemom. Rob\u00ed to peler\u00edna s unik\u00e1tnou v\u00e4zbou <strong>budete vy\u010dnieva\u0165 z davu<\/strong> a pritiahne\u0161 poh\u013eady v\u0161etk\u00fdch. Peler\u00edna bude perfektn\u00e1 v kombin\u00e1cii so suk\u0148ou, \u0161atami alebo klasick\u00fdmi d\u017e\u00ednsami. Tak\u00fdto sveter by mala ma\u0165 v \u0161atn\u00edku ka\u017ed\u00e1 z n\u00e1s. Klasick\u00fd strih, jedine\u010dn\u00fd v le\u017e\u00e9rnom \u0161t\u00fdle. \u00da\u017easn\u00e1 kvalita za najlep\u0161iu cenu! Eur\u00f3psky v\u00fdrobok, ve\u013emi kvalitn\u00fd materi\u00e1l. Dokonale sa prisp\u00f4sob\u00ed postave.<strong>\u00a0<\/strong>Ide\u00e1lne do \u0161koly, pr\u00e1ce, na rande alebo na stretnutie s priate\u013emi! Odpor\u00fa\u010dame pre d\u00e1my vo ve\u013ekosti SML XL, ak nos\u00edte v\u00e4\u010d\u0161iu ve\u013ekos\u0165, pozrite si tabu\u013eku ni\u017e\u0161ie.<\/p>\n<h3 style=\"text-align: center;\">Perfektn\u00fd kardigan na ka\u017ed\u00fa pr\u00edle\u017eitos\u0165<\/h3>\n<ul style=\"text-align: center;\">\n<li><strong>M\u00f3dny \u0161t\u00fdl\u00a0<\/strong><\/li>\n<li>Kr\u00e1sna prelamovan\u00e1 v\u00e4zba<\/li>\n<li>\u0160t\u00fdlov\u00fd<\/li>\n<li>Zhoda<\/li>\n<li>Ve\u013emi tepl\u00e9 a pr\u00edjemn\u00e9 na dotyk<\/li>\n<\/ul>\n<h3 style=\"text-align: center;\">Rozmery<\/h3>\n<ul style=\"text-align: center;\">\n<li>D\u013a\u017eka: 85 cm<\/li>\n<li>\u0160\u00edrka pod pazuchami: 2 x 50-60 cm<\/li>\n<li>\u0160\u00edrka v p\u00e1se: 2 x 53-62 cm<\/li>\n<li>D\u013a\u017eka ruk\u00e1va od podpazu\u0161ia: 45 cm<\/li>\n<\/ul>\n<p style=\"text-align: center;\">Rozmery sa m\u00f4\u017eu mierne l\u00ed\u0161i\u0165 od uveden\u00fdch +\/- 2cm. V\u0161etky uveden\u00e9 rozmery s\u00fa meran\u00e9 plo\u0161ne. <strong>rozmer x2<\/strong><\/p>\n<p style=\"text-align: center;\"><strong>\u00a0<\/strong><\/p>\n<p>&nbsp;<\/p>\n<table>\n<tbody>\n<tr>\n<td width=\"302\">Meno modela<\/td>\n<td width=\"302\">Prelamovan\u00fd kardigan Bessa<\/td>\n<\/tr>\n<tr>\n<td width=\"302\">Farba<\/td>\n<td width=\"302\">P\u00fadrov\u00e1 ru\u017eov\u00e1<\/td>\n<\/tr>\n<tr>\n<td width=\"302\">ve\u013ekosti<\/td>\n<td width=\"302\">Univerz\u00e1lny<\/td>\n<\/tr>\n<tr>\n<td width=\"302\">M\u00f3da<\/td>\n<td width=\"302\">nadrozmern\u00e9<\/td>\n<\/tr>\n<tr>\n<td width=\"302\">Hood<\/td>\n<td width=\"302\">Nie<\/td>\n<\/tr>\n<tr>\n<td width=\"302\">izolovan\u00e9<\/td>\n<td width=\"302\">jednopl\u00e1\u0161\u0165ov\u00e9<\/td>\n<\/tr>\n<tr>\n<td width=\"302\">Materi\u00e1l<\/td>\n<td width=\"302\">Akryl 85% Nylon 15%<\/td>\n<\/tr>\n<\/tbody>\n<\/table>\n<p>&nbsp;<\/p>\n<div class=\"tabs tabs-bb clear mb-80\">\n<div class=\"tab-content\">\n<div id=\"tab-description\" class=\"tab-pane fade in woocommerce-Tabs-panel--description active\">\n<p style=\"text-align: center;\">Model m\u00e1\u00a0<strong>165<\/strong>\u00a0cm vysok\u00fd, nos\u00ed ho ka\u017ed\u00fd de\u0148\u00a0<strong>ve\u013ekos\u0165 S<\/strong><\/p>\n<p>&nbsp;<\/p>\n<\/div>\n<\/div>\n<\/div>\n<section class=\"related products mb-80\"><\/section>","protected":false},"excerpt":{"rendered":"<p>Kardigan Bessa Openwork v p\u00fadrovo ru\u017eovej farbe Kardigan Bessa Openwork je ide\u00e1lny na jarn\u00e9 a letn\u00e9 dni. Kardigan je vyroben\u00fd z cop\u00e1nkov\u00e9ho \u00fapletu, ktor\u00fd je ve\u013emi m\u00e4kk\u00fd na dotyk. M\u00f3dny, vo\u013enej\u0161\u00ed strih v\u00e1m zaru\u010d\u00ed ve\u013emi pr\u00edjemn\u00fd pocit. Dlh\u00e9 ruk\u00e1vy a lem s\u00fa zakon\u010den\u00e9 \u013eahkou rebrovanou man\u017eetou. Tento kardigan s jedine\u010dnou v\u00e4zbou v\u00e1s odl\u00ed\u0161i od ostatn\u00fdch.<\/p>\n<div class=\"klb-readmore post-buttons\"><a class=\"button black outline size-sm\" href=\"https:\/\/madelinefashion.pl\/sk\/kardigan-azurowy-bessa-pudrowy-roz\/\">\u010c\u00edta\u0165 \u010falej <i class=\"klbth-icon-right-arrow\"><\/i><\/a><\/div>","protected":false},"featured_media":8173,"template":"","meta":[],"product_brand":[],"product_cat":[91],"product_tag":[],"class_list":{"0":"post-8195","1":"product","2":"type-product","3":"status-publish","4":"has-post-thumbnail","6":"product_cat-kardigany-damskie","8":"first","9":"instock","10":"purchasable","11":"product-type-simple"},"_links":{"self":[{"href":"https:\/\/madelinefashion.pl\/sk\/wp-json\/wp\/v2\/product\/8195","targetHints":{"allow":["GET"]}}],"collection":[{"href":"https:\/\/madelinefashion.pl\/sk\/wp-json\/wp\/v2\/product"}],"about":[{"href":"https:\/\/madelinefashion.pl\/sk\/wp-json\/wp\/v2\/types\/product"}],"wp:featuredmedia":[{"embeddable":true,"href":"https:\/\/madelinefashion.pl\/sk\/wp-json\/wp\/v2\/media\/8173"}],"wp:attachment":[{"href":"https:\/\/madelinefashion.pl\/sk\/wp-json\/wp\/v2\/media?parent=8195"}],"wp:term":[{"taxonomy":"product_brand","embeddable":true,"href":"https:\/\/madelinefashion.pl\/sk\/wp-json\/wp\/v2\/product_brand?post=8195"},{"taxonomy":"product_cat","embeddable":true,"href":"https:\/\/madelinefashion.pl\/sk\/wp-json\/wp\/v2\/product_cat?post=8195"},{"taxonomy":"product_tag","embeddable":true,"href":"https:\/\/madelinefashion.pl\/sk\/wp-json\/wp\/v2\/product_tag?post=8195"}],"curies":[{"name":"pracovn\u00fd list","href":"https:\/\/api.w.org\/{rel}","templated":true}]}}