{"id":81982,"date":"2023-03-25T15:24:47","date_gmt":"2023-03-25T14:24:47","guid":{"rendered":"https:\/\/madelinefashion.pl\/?post_type=product&#038;p=81982"},"modified":"2026-03-26T12:39:37","modified_gmt":"2026-03-26T11:39:37","slug":"sukienka-maxi-salsa-chabrowa","status":"publish","type":"product","link":"https:\/\/madelinefashion.pl\/sk\/sukienka-maxi-salsa-chabrowa\/","title":{"rendered":"Salsa Cornflower Maxi \u0161aty"},"content":{"rendered":"<h3 style=\"text-align: center;\">Salsa Cornflower Maxi \u0161aty<\/h3>\n<p style=\"text-align: center;\">Elegantn\u00e9, dlh\u00e9 \u0161aty origin\u00e1lneho strihu. Vrch \u0161iat je dobre padn\u00faci, s v\u00fdstrihom a nastavite\u013en\u00fdmi ramienkami. Zadn\u00e1 \u010das\u0165 s v\u00fdrezom na zips. V p\u00e1se maj\u00fa \u0161aty \u0161irok\u00fd ozdobn\u00fd opasok, ktor\u00fd dokonale zv\u00fdraz\u0148uje p\u00e1s. Dno z kruhu s v\u00fdrezom odha\u013euj\u00facim nohu. Cel\u00e1 je vyroben\u00e1 z elegantnej, mierne stre\u010dovej l\u00e1tky. \u0160aty maj\u00fa otvoren\u00fd chrb\u00e1t.<span style=\"font-size: 10pt;\"> \u0160aty maj\u00fa vpredu v\u0161it\u00e9 ko\u0161\u00ed\u010dky, tak\u017ee nemus\u00edte nosi\u0165 podprsenku. Vyroben\u00e9 a \u0161it\u00e9 v Po\u013esku.\u00a0 <\/span><span style=\"font-size: 10pt;\">Dostupn\u00e9 vo ve\u013ekostiach 32 34 36 38 40. Dostupn\u00e9 na na\u0161om e-shope vo viacer\u00fdch farebn\u00fdch variantoch, tak nev\u00e1hajte a vyberte si t\u00fa, ktor\u00e1 je pre v\u00e1s ako stvoren\u00e1. Ak sa neviete rozhodn\u00fa\u0165 ak\u00fa farbu, <strong>ve\u013ekos\u0165<\/strong> je pre v\u00e1s to najlep\u0161ie <strong>kontaktuj n\u00e1s<\/strong> cez <a href=\"https:\/\/www.facebook.com\/madelinefashionbutik\" target=\"_blank\" rel=\"noopener\">Facebook<\/a> alebo <a href=\"https:\/\/madelinefashion.pl\/sk\/kontakt\/\">telef\u00f3n<\/a>. Ak ve\u013ekos\u0165 nie je na str\u00e1nke, kontaktujte n\u00e1s.\u00a0<\/span><\/p>\n<h3 style=\"text-align: center;\">ROZMERY \u0161iat:<\/h3>\n<div class=\"additional-details\" style=\"text-align: center;\">\n<table style=\"height: 150px;\" width=\"485\">\n<tbody>\n<tr>\n<td>VE\u013dKOS\u0164<\/td>\n<td>34<\/td>\n<td>36<\/td>\n<td>38<\/td>\n<td>40<\/td>\n<\/tr>\n<tr>\n<td>poprsia<\/td>\n<td>74-76<\/td>\n<td>78-80<\/td>\n<td>80-86<\/td>\n<td>84-90<\/td>\n<\/tr>\n<tr>\n<td>P\u00e1s<\/td>\n<td>60<\/td>\n<td>66<\/td>\n<td>70<\/td>\n<td>74<\/td>\n<\/tr>\n<\/tbody>\n<\/table>\n<p>&nbsp;<\/p>\n<\/div>\n<p style=\"text-align: center;\"><span style=\"font-size: 10pt;\">\u00a0 <\/span><\/p>\n<p style=\"text-align: center;\"><span style=\"font-size: 10pt;\">celkov\u00e1 d\u013a\u017eka cca 150 cm\u00a0<\/span><\/p>\n<p style=\"text-align: center;\"><span style=\"font-size: 10pt;\">\u0160aty s\u00fa dostupn\u00e9 aj v in\u00fdch farb\u00e1ch - odpor\u00fa\u010dame v\u00e1m zozn\u00e1mi\u0165 sa s na\u0161imi \u010fal\u0161\u00edmi produktmi.<\/span><\/p>\n<p style=\"text-align: center;\"><span style=\"font-size: 10pt;\">Rozmery sa m\u00f4\u017eu mierne l\u00ed\u0161i\u0165 od uveden\u00fdch +\/- 2cm.\u00a0<\/span><\/p>\n<p style=\"text-align: center;\"><span style=\"font-size: 10pt;\"><strong>\u00a0<\/strong>\u00a0<\/span><\/p>\n<table width=\"620\">\n<tbody>\n<tr>\n<td width=\"302\">Meno modela<\/td>\n<td width=\"302\">\u0160aty Maxi Salsa<\/td>\n<\/tr>\n<tr>\n<td width=\"302\">Farba<\/td>\n<td width=\"302\">Modr\u00e1<\/td>\n<\/tr>\n<tr>\n<td width=\"302\">Producent<\/td>\n<td width=\"302\">trieda<\/td>\n<\/tr>\n<tr>\n<td width=\"302\">ve\u013ekosti<\/td>\n<td width=\"302\">34 36 38 40<\/td>\n<\/tr>\n<tr>\n<td width=\"302\">M\u00f3da<\/td>\n<td width=\"302\">Zhoda<\/td>\n<\/tr>\n<tr>\n<td width=\"302\">Materi\u00e1l<\/td>\n<td width=\"302\">50 % Polyester 40% Visk\u00f3za 10% Elastan<\/td>\n<\/tr>\n<tr>\n<td width=\"302\">D\u013a\u017eka<\/td>\n<td width=\"302\">Na zem<\/td>\n<\/tr>\n<\/tbody>\n<\/table>\n<p style=\"text-align: center;\"><span style=\"font-size: 10pt;\">\u00a0<\/span><\/p>\n<p>&nbsp;<\/p>\n<p style=\"text-align: center;\"><span style=\"font-size: 10pt;\">Aby ste si vybrali <strong>perfektn\u00e9 \u0161aty<\/strong> kontaktujte n\u00e1s telefonicky alebo prostredn\u00edctvom na\u0161ej webovej str\u00e1nky <a href=\"https:\/\/www.facebook.com\/madelinefashionbutik\" target=\"_blank\" rel=\"noopener\">Facebook<\/a> .<\/span><br \/>\n<span style=\"font-size: 10pt;\">N\u00e1\u0161 t\u00edm v\u00e1m pom\u00f4\u017ee <strong>Vyberte si ten spr\u00e1vny<\/strong> . <strong>Na \u017eelanie kupuj\u00faceho vyrob\u00edme ak\u00e9ko\u013evek \u0161aty\u00a0<\/strong><strong>opatrne mera\u0165.\u00a0<\/strong><\/span><\/p>\n<div class=\"additional-details\" style=\"text-align: center;\">\n<p style=\"text-align: center;\"><span style=\"font-size: 10pt;\">\u00a0<\/span><\/p>\n<\/div>","protected":false},"excerpt":{"rendered":"<p>Sukienka Maxi Salsa Chabrowa Elegancka, d\u0142uga sukienka o oryginalnym kroju. G\u00f3ra sukienki dobrze dopasowana, z dekoltem i regulowanymi rami\u0105czkami. Ty\u0142\u00a0 wyci\u0119ty zapinany na zamek. W pasie sukienka posiada szeroki ozdobny pasek, kt\u00f3ry \u015bwietnie podkre\u015bla talie. D\u00f3\u0142 uszyty z ko\u0142a z rozci\u0119ciem eksponuj\u0105cym nog\u0119. Ca\u0142o\u015b\u0107 wykonana jest z eleganckiej , lekko rozci\u0105gliwej tkaniny.\u00a0 Sukienka posiada odkryte<\/p>\n<div class=\"klb-readmore post-buttons\"><a class=\"button black outline size-sm\" href=\"https:\/\/madelinefashion.pl\/sk\/sukienka-maxi-salsa-chabrowa\/\">\u010c\u00edta\u0165 \u010falej <i class=\"klbth-icon-right-arrow\"><\/i><\/a><\/div>","protected":false},"featured_media":81975,"template":"","meta":[],"product_brand":[],"product_cat":[124,380],"product_tag":[163,261],"class_list":{"0":"post-81982","1":"product","2":"type-product","3":"status-publish","4":"has-post-thumbnail","6":"product_cat-sukienki-okolicznosciowe","7":"product_cat-wyprzedaz","8":"product_tag-sukienki-dlugie","9":"product_tag-sukienki-niebieskie","11":"first","12":"instock","13":"sale","14":"purchasable","15":"product-type-variable"},"_links":{"self":[{"href":"https:\/\/madelinefashion.pl\/sk\/wp-json\/wp\/v2\/product\/81982","targetHints":{"allow":["GET"]}}],"collection":[{"href":"https:\/\/madelinefashion.pl\/sk\/wp-json\/wp\/v2\/product"}],"about":[{"href":"https:\/\/madelinefashion.pl\/sk\/wp-json\/wp\/v2\/types\/product"}],"wp:featuredmedia":[{"embeddable":true,"href":"https:\/\/madelinefashion.pl\/sk\/wp-json\/wp\/v2\/media\/81975"}],"wp:attachment":[{"href":"https:\/\/madelinefashion.pl\/sk\/wp-json\/wp\/v2\/media?parent=81982"}],"wp:term":[{"taxonomy":"product_brand","embeddable":true,"href":"https:\/\/madelinefashion.pl\/sk\/wp-json\/wp\/v2\/product_brand?post=81982"},{"taxonomy":"product_cat","embeddable":true,"href":"https:\/\/madelinefashion.pl\/sk\/wp-json\/wp\/v2\/product_cat?post=81982"},{"taxonomy":"product_tag","embeddable":true,"href":"https:\/\/madelinefashion.pl\/sk\/wp-json\/wp\/v2\/product_tag?post=81982"}],"curies":[{"name":"pracovn\u00fd list","href":"https:\/\/api.w.org\/{rel}","templated":true}]}}