{"id":8227,"date":"2021-04-15T22:48:09","date_gmt":"2021-04-15T20:48:09","guid":{"rendered":"https:\/\/madelinefashion.pl\/?post_type=product&#038;p=8227"},"modified":"2026-03-23T16:09:34","modified_gmt":"2026-03-23T15:09:34","slug":"ramoneska-valentino-bezowa-%e2%ad%90","status":"publish","type":"product","link":"https:\/\/madelinefashion.pl\/sk\/ramoneska-valentino-bezowa-%e2%ad%90\/","title":{"rendered":"Ramones Valentino B\u00e9\u017eov\u00e1"},"content":{"rendered":"<h3 style=\"text-align: center;\">Ramones Valentino B\u00e9\u017eov\u00e1<\/h3>\n<p style=\"text-align: center;\"><strong>ramoneska<\/strong> Valentino w <strong>b\u00e9\u017eovej farby<\/strong> z eko ko\u017ee so zap\u00ednan\u00edm na zips. M\u00e1 dekorat\u00edvne <strong>pre\u0161\u00edvanie a zipsy<\/strong>. Mierne asymetrick\u00fd strih, m\u00e1 ozdobn\u00e9 v\u00fdrezy a odop\u00ednate\u013en\u00fd spodok s mo\u017enos\u0165ou skr\u00e1tenia d\u013a\u017eky. Stuhnut\u00e9 ruky. Perfektn\u00e9 <strong>doplnenie stylingu<\/strong>. Na\u0161a bunda v\u00e1s prid\u00e1 <strong>jedine\u010dn\u00fd vzh\u013ead<\/strong> - dop\u013a\u0148a ak\u00fdko\u013evek styling. <strong>Ramones Valentino B\u00e9\u017eov\u00e1<\/strong> vyroben\u00e9 z m\u00e4kkej, kvalitnej ekologickej ko\u017ee. Pevne vyroben\u00e9, s d\u00f4razom na najmen\u0161ie detaily. Pod\u0161it\u00e1 bunda m\u00e1 stoja\u010dik zakon\u010den\u00fd ozdobn\u00fdmi nitmi a dvojit\u00e9 chlopne <strong>ukon\u010den\u00e9 zipsom<\/strong>. V p\u00e1se m\u00e1 navy\u0161e ozdobn\u00e9 zipsy. M\u00f4\u017eete nosi\u0165 bundu <strong>skr\u00e1ti\u0165 odopnut\u00edm spodnej \u010dasti<\/strong> \u2013 v\u010faka \u010domu pre \u0148u n\u00e1jdete vyu\u017eitie v r\u00f4znych \u0161tyliz\u00e1ci\u00e1ch.<\/p>\n<h3 style=\"text-align: center;\">Rozmery:<\/h3>\n<p style=\"text-align: center;\"><strong>Ve\u013ekos\u0165 S:<\/strong><\/p>\n<p style=\"text-align: center;\">\u0160\u00edrka hrudn\u00edka: 40 cm x 2<\/p>\n<p style=\"text-align: center;\">\u0160\u00edrka ramien: 34 cm x 2<\/p>\n<p style=\"text-align: center;\">D\u013a\u017eka ruk\u00e1va od podpazu\u0161ia: 43 cm<\/p>\n<p style=\"text-align: center;\">Celkov\u00e1 d\u013a\u017eka: 52 cm - 61 cm<\/p>\n<p style=\"text-align: center;\"><strong>Ve\u013ekos\u0165 M:<\/strong><\/p>\n<p style=\"text-align: center;\">\u0160\u00edrka hrudn\u00edka: 42 cm x 2<\/p>\n<p style=\"text-align: center;\">\u0160\u00edrka ramien: 35 cm x 2<\/p>\n<p style=\"text-align: center;\">D\u013a\u017eka ruk\u00e1va od podpazu\u0161ia: 43 cm<\/p>\n<p style=\"text-align: center;\">Celkov\u00e1 d\u013a\u017eka: 53 cm - 62 cm<\/p>\n<p style=\"text-align: center;\"><strong>Ve\u013ekos\u0165 L:<\/strong><\/p>\n<p style=\"text-align: center;\">\u0160\u00edrka hrudn\u00edka: 44 cm x 2<\/p>\n<p style=\"text-align: center;\">\u0160\u00edrka ramien: 37 cm x 2<\/p>\n<p style=\"text-align: center;\">D\u013a\u017eka ruk\u00e1va od podpazu\u0161ia: 44 cm<\/p>\n<p style=\"text-align: center;\">Celkov\u00e1 d\u013a\u017eka: 54 cm - 63 cm<\/p>\n<p style=\"text-align: center;\"><strong>ve\u013ekos\u0165 XL:<\/strong><\/p>\n<p style=\"text-align: center;\">\u0160\u00edrka hrudn\u00edka: 46 cm x 2<\/p>\n<p style=\"text-align: center;\">\u0160\u00edrka ramien: 38 cm x 2<\/p>\n<p style=\"text-align: center;\">D\u013a\u017eka ruk\u00e1va od podpazu\u0161ia: 45 cm<\/p>\n<p style=\"text-align: center;\">Celkov\u00e1 d\u013a\u017eka: 55 cm - 65 cm<\/p>\n<p style=\"text-align: center;\">Oble\u010denie meran\u00e9 naplocho +\/- 2 cm<\/p>\n<table class=\"table\" width=\"605\">\n<tbody>\n<tr>\n<td width=\"302\">Meno modela<\/td>\n<td width=\"302\">Ramones Valentino<\/td>\n<\/tr>\n<tr>\n<td width=\"302\">Farba<\/td>\n<td width=\"302\">B\u00e9\u017eov\u00e1<\/td>\n<\/tr>\n<tr>\n<td width=\"302\">ve\u013ekosti<\/td>\n<td width=\"302\">SML XL<\/td>\n<\/tr>\n<tr>\n<td width=\"302\">M\u00f3da<\/td>\n<td width=\"302\">Priliehav\u00e9 \/ \u0161t\u00edhle<\/td>\n<\/tr>\n<tr>\n<td width=\"302\">Hood<\/td>\n<td width=\"302\">Nie<\/td>\n<\/tr>\n<tr>\n<td width=\"302\">Kvalita<\/td>\n<td width=\"302\">Premium<\/td>\n<\/tr>\n<tr>\n<td width=\"302\">zap\u00ednanie<\/td>\n<td width=\"302\">Z\u00e1mok<\/td>\n<\/tr>\n<\/tbody>\n<\/table>\n<div class=\"tabs tabs-bb clear mb-80\">\n<div class=\"tab-content\">\n<div id=\"tab-description\" class=\"tab-pane fade in woocommerce-Tabs-panel--description active\">\n<p style=\"text-align: center;\">Valentino<\/p>\n<\/div>\n<\/div>\n<\/div>\n<section class=\"related products mb-80\"><\/section>\n<section class=\"page-product-box\">\n<div class=\"rte\"><\/div>\n<\/section>\n<p style=\"text-align: center;\">","protected":false},"excerpt":{"rendered":"<p>Ramoneska Valentino Be\u017cowa Ramoneska Valentino w kolorze be\u017cowym wykonana z eko sk\u00f3ry zapinana na zamek. Posiada ozdobne przeszycia oraz zamki. Lekko asymetryczny kr\u00f3j, posiada ozdobne wyci\u0119cia\u00a0 oraz odpinany d\u00f3\u0142 z mo\u017cliwo\u015bci\u0105 skr\u00f3cenia d\u0142ugo\u015bci. Usztywniane ramiona.\u00a0 Idealne dope\u0142nienie stylizacji. Nasza kurtka doda Ci unikalnego wygl\u0105du &#8211; stanowi dope\u0142nienie ka\u017cdej stylizacji. Ramoneska Valentino Be\u017cowa wykonana z mi\u0119kkiej<\/p>\n<div class=\"klb-readmore post-buttons\"><a class=\"button black outline size-sm\" href=\"https:\/\/madelinefashion.pl\/sk\/ramoneska-valentino-bezowa-%e2%ad%90\/\">\u010c\u00edta\u0165 \u010falej <i class=\"klbth-icon-right-arrow\"><\/i><\/a><\/div>","protected":false},"featured_media":52258,"template":"","meta":[],"product_brand":[],"product_cat":[117],"product_tag":[295],"class_list":{"0":"post-8227","1":"product","2":"type-product","3":"status-publish","4":"has-post-thumbnail","6":"product_cat-kurtki","7":"product_tag-ramoneski","8":"pa_rozmiar-s","9":"pa_rozmiar-m","10":"pa_rozmiar-l","11":"pa_rozmiar-xl","13":"first","14":"instock","15":"sale","16":"purchasable","17":"product-type-variable"},"_links":{"self":[{"href":"https:\/\/madelinefashion.pl\/sk\/wp-json\/wp\/v2\/product\/8227","targetHints":{"allow":["GET"]}}],"collection":[{"href":"https:\/\/madelinefashion.pl\/sk\/wp-json\/wp\/v2\/product"}],"about":[{"href":"https:\/\/madelinefashion.pl\/sk\/wp-json\/wp\/v2\/types\/product"}],"wp:featuredmedia":[{"embeddable":true,"href":"https:\/\/madelinefashion.pl\/sk\/wp-json\/wp\/v2\/media\/52258"}],"wp:attachment":[{"href":"https:\/\/madelinefashion.pl\/sk\/wp-json\/wp\/v2\/media?parent=8227"}],"wp:term":[{"taxonomy":"product_brand","embeddable":true,"href":"https:\/\/madelinefashion.pl\/sk\/wp-json\/wp\/v2\/product_brand?post=8227"},{"taxonomy":"product_cat","embeddable":true,"href":"https:\/\/madelinefashion.pl\/sk\/wp-json\/wp\/v2\/product_cat?post=8227"},{"taxonomy":"product_tag","embeddable":true,"href":"https:\/\/madelinefashion.pl\/sk\/wp-json\/wp\/v2\/product_tag?post=8227"}],"curies":[{"name":"pracovn\u00fd list","href":"https:\/\/api.w.org\/{rel}","templated":true}]}}