{"id":82413,"date":"2023-03-27T17:32:23","date_gmt":"2023-03-27T15:32:23","guid":{"rendered":"https:\/\/madelinefashion.pl\/?post_type=product&#038;p=82413"},"modified":"2026-04-10T15:07:02","modified_gmt":"2026-04-10T13:07:02","slug":"sukienka-tiulowa-na-ramiaczkach-czerwona-irmina-maxi","status":"publish","type":"product","link":"https:\/\/madelinefashion.pl\/sk\/sukienka-tiulowa-na-ramiaczkach-czerwona-irmina-maxi\/","title":{"rendered":"\u010cerven\u00e9 Maxi tylov\u00e9 \u0161aty Irmina s ramienkami"},"content":{"rendered":"<h3 style=\"text-align: center;\">\u010cerven\u00e9 Maxi tylov\u00e9 \u0161aty Irmina s ramienkami<\/h3>\n<p style=\"text-align: center;\">O\u010daruj\u00face \u0161aty <strong>tylu<\/strong> na ramenn\u00fdch popruhoch s <strong>\u010dipkovan\u00fd top<\/strong> je n\u00e1vrh vhodn\u00fd pre v\u00fdnimo\u010dn\u00e9 okolnosti. Skvel\u00fd vzdu\u0161n\u00fd roz\u0161\u00edren\u00fd <strong>tylov\u00e9 \u0161aty<\/strong> \u2013 dostupn\u00e9 v na\u0161ej predajni vo viacer\u00fdch <strong>farebn\u00e9 verzie<\/strong>. Tylov\u00e1 aplik\u00e1cia zaru\u010d\u00ed jedine\u010dn\u00fd vzh\u013ead. Jej \u0161t\u00fdl je kr\u00e1sny <strong>odkryje p\u00e1s. \u0160aty <\/strong> m\u00e1 vystu\u017een\u00fd ko\u0161\u00ed\u010dek a gumi\u010dku na chrbte. Spodn\u00e1 \u010das\u0165 \u0161iat <b>tylu <\/b>pozost\u00e1va z roz\u0161\u00edrenej tylovej tkaniny a pod\u0161\u00edvky, ktor\u00e1 sa efekt\u00edvne prezentuje v pohybe. <strong>maxi \u0161aty<\/strong>\u00a0 s odhalen\u00fdmi ramenami a zdoben\u00fdm \u010dipkovan\u00fdm topom s <strong>V\u00fdstrih v tvare V<\/strong>.. Univerz\u00e1lna ve\u013ekos\u0165 odpor\u00fa\u010dan\u00e1 pre \u017eeny nosiace XS SM. Ak nos\u00edte v\u00e4\u010d\u0161iu ve\u013ekos\u0165, pozrite si rozmery<\/p>\n<h3 style=\"text-align: center;\">Rozmery \u0161iat<\/h3>\n<ul style=\"text-align: center;\">\n<li>celkov\u00e1 d\u013a\u017eka 156 cm<\/li>\n<li>d\u013a\u017eka po pod\u0161\u00edvku 136 cm<\/li>\n<li>\u0161\u00edrka hrudn\u00edka: 39-45 cm x2<\/li>\n<li>\u0161\u00edrka p\u00e1sa: 24-34 cm x2<\/li>\n<\/ul>\n<p style=\"text-align: center;\">Rozmery sa m\u00f4\u017eu mierne l\u00ed\u0161i\u0165 od uveden\u00fdch +\/- 2cm. V\u0161etky uveden\u00e9 rozmery s\u00fa meran\u00e9 plo\u0161ne. <strong>rozmer x2<\/strong><\/p>\n<p style=\"text-align: center;\"><strong>\u00a0<\/strong><\/p>\n<table style=\"height: 214px;\" width=\"548\">\n<tbody>\n<tr>\n<td width=\"302\">Meno modela<\/td>\n<td width=\"302\">Irmina tylov\u00e9 \u0161aty s ramienkami<\/td>\n<\/tr>\n<tr>\n<td width=\"302\">Farba<\/td>\n<td width=\"302\">\u010cerven\u00e1<\/td>\n<\/tr>\n<tr>\n<td width=\"302\">Zbierka<\/td>\n<td width=\"302\">Jar leto<\/td>\n<\/tr>\n<tr>\n<td width=\"302\">ve\u013ekosti<\/td>\n<td width=\"302\">Univerz\u00e1lny<\/td>\n<\/tr>\n<tr>\n<td width=\"302\">M\u00f3da<\/td>\n<td width=\"302\">Vzplanul<\/td>\n<\/tr>\n<tr>\n<td width=\"302\">Dekor\u00e1cia<\/td>\n<td width=\"302\">tylov\u00e1 \u010dipka<\/td>\n<\/tr>\n<tr>\n<td width=\"302\">Materi\u00e1l<\/td>\n<td width=\"302\">95 % Polyester 5% Elastan<\/td>\n<\/tr>\n<\/tbody>\n<\/table>\n<section class=\"page-product-box\">\n<div class=\"rte\">\n<p style=\"text-align: center;\">Model m\u00e1\u00a0<strong>169<\/strong>\u00a0cm vysok\u00fd, nos\u00ed ve\u013ekos\u0165 ka\u017ed\u00fd de\u0148\u00a0<strong>S<\/strong><\/p>\n<p style=\"text-align: center;\">\u0160\u00edrka cez prsia 92 cm<\/p>\n<p style=\"text-align: center;\">\u0160\u00edrka v p\u00e1se 62 cm<\/p>\n<p style=\"text-align: center;\">\u0160\u00edrka v bokoch 94 cm<\/p>\n<\/div>\n<\/section>","protected":false},"excerpt":{"rendered":"<p>Sukienka Tiulowa Na Rami\u0105czkach Czerwona Irmina Maxi Efektowna sukienka tiulowa na rami\u0105czkach z koronkow\u0105 g\u00f3r\u0105 to propozycja odpowiednia na wyj\u0105tkowe okoliczno\u015bci . Wspania\u0142a zwiewna rozkloszowana sukienka tiulowa &#8211; dost\u0119pna w Naszym sklepie w kilku wersjach kolorystycznych.\u00a0 Aplikacja tiulu zagwarantuje niepowtarzalny look. Jej fason przepi\u0119knie wyeksponuje tali\u0119. Sukienka posiada usztywnian\u0105 miseczk\u0119 i gumk\u0119 na plecach.\u00a0Dolna cz\u0119\u015b\u0107<\/p>\n<div class=\"klb-readmore post-buttons\"><a class=\"button black outline size-sm\" href=\"https:\/\/madelinefashion.pl\/sk\/sukienka-tiulowa-na-ramiaczkach-czerwona-irmina-maxi\/\">\u010c\u00edta\u0165 \u010falej <i class=\"klbth-icon-right-arrow\"><\/i><\/a><\/div>","protected":false},"featured_media":82379,"template":"","meta":[],"product_brand":[],"product_cat":[125,395,561],"product_tag":[258,163],"class_list":{"0":"post-82413","1":"product","2":"type-product","3":"status-publish","4":"has-post-thumbnail","6":"product_cat-sukienki","7":"product_cat-nowosci","8":"product_cat-sukienki-tiulowe","9":"product_tag-sukienka-czerwona","10":"product_tag-sukienki-dlugie","11":"pa_rozmiar-xs-34","12":"pa_rozmiar-s-36","14":"first","15":"instock","16":"sale","17":"purchasable","18":"product-type-simple"},"_links":{"self":[{"href":"https:\/\/madelinefashion.pl\/sk\/wp-json\/wp\/v2\/product\/82413","targetHints":{"allow":["GET"]}}],"collection":[{"href":"https:\/\/madelinefashion.pl\/sk\/wp-json\/wp\/v2\/product"}],"about":[{"href":"https:\/\/madelinefashion.pl\/sk\/wp-json\/wp\/v2\/types\/product"}],"wp:featuredmedia":[{"embeddable":true,"href":"https:\/\/madelinefashion.pl\/sk\/wp-json\/wp\/v2\/media\/82379"}],"wp:attachment":[{"href":"https:\/\/madelinefashion.pl\/sk\/wp-json\/wp\/v2\/media?parent=82413"}],"wp:term":[{"taxonomy":"product_brand","embeddable":true,"href":"https:\/\/madelinefashion.pl\/sk\/wp-json\/wp\/v2\/product_brand?post=82413"},{"taxonomy":"product_cat","embeddable":true,"href":"https:\/\/madelinefashion.pl\/sk\/wp-json\/wp\/v2\/product_cat?post=82413"},{"taxonomy":"product_tag","embeddable":true,"href":"https:\/\/madelinefashion.pl\/sk\/wp-json\/wp\/v2\/product_tag?post=82413"}],"curies":[{"name":"pracovn\u00fd list","href":"https:\/\/api.w.org\/{rel}","templated":true}]}}