{"id":826,"date":"2019-02-16T09:54:11","date_gmt":"2019-02-16T09:54:11","guid":{"rendered":"http:\/\/serwer2078743.home.pl\/?post_type=product&#038;p=826"},"modified":"2022-09-29T12:15:49","modified_gmt":"2022-09-29T10:15:49","slug":"body-hiszpanka-granat","status":"publish","type":"product","link":"https:\/\/madelinefashion.pl\/sk\/body-hiszpanka-granat\/","title":{"rendered":"Body \u0161panielska n\u00e1morn\u00edcka modr\u00e1"},"content":{"rendered":"<p style=\"text-align: center;\">Vyroben\u00e9 z kvalitn\u00e9ho materi\u00e1lu, dokonale zv\u00fdrazn\u00ed \u017eensk\u00e9 tvary a prisp\u00f4sob\u00ed sa ka\u017edej postave.<\/p>\n<p style=\"text-align: center;\">Spodn\u00e1 \u010das\u0165 sa zap\u00edna na h\u00e1\u010diky.<\/p>\n<p style=\"text-align: center;\">Udr\u017eiavan\u00e9 v \u0161panielskom \u0161t\u00fdle - top je zdoben\u00fd origin\u00e1lnym, sexi vol\u00e1nom.<\/p>\n<p style=\"text-align: center;\"><strong>UNIVERZ\u00c1LNA VE\u013dKOS\u0164 odpor\u00fa\u010dan\u00e1 od S po XL\u00a0<\/strong><\/p>\n<p style=\"text-align: center;\">A-\u0160\u00cdRKA OD AARM K AARM 38 cm-50 cm<\/p>\n<p style=\"text-align: center;\">D-CELKOV\u00c1 D\u0139\u017dKA 62-67 cm<\/p>\n<p style=\"text-align: center;\">D\u0139\u017dKA E-RUK\u00c1VA OD PA\u017d\u00cd 45,5 cm<\/p>\n<p style=\"text-align: center;\">D\u0139\u017dKA RUK\u00c1VU F OD RAMENA 53 cm<\/p>\n<p style=\"text-align: center;\">\u00a0+\/- 2 cm<\/p>\n<p style=\"text-align: center;\">\u00a0Model m\u00e1\u00a0<strong>169<\/strong>\u00a0cm vysok\u00fd, nos\u00ed ve\u013ekos\u0165 ka\u017ed\u00fd de\u0148\u00a0<strong>S<\/strong><\/p>\n<p style=\"text-align: center;\">\u0160\u00edrka cez prsia 92 cm<\/p>\n<p style=\"text-align: center;\">\u0160\u00edrka v p\u00e1se 62 cm<\/p>\n<p style=\"text-align: center;\">\u0160\u00edrka v bokoch 94 cm<\/p>","protected":false},"excerpt":{"rendered":"<p>Vyroben\u00e9 z vysoko kvalitn\u00e9ho materi\u00e1lu, dokonale zv\u00fdraz\u0148uje \u017eensk\u00e9 tvary a prisp\u00f4sob\u00ed sa ka\u017edej postave. Spodn\u00e1 \u010das\u0165 sa zap\u00edna na h\u00e1\u010diky. V \u0161panielskom \u0161t\u00fdle - vrch je zdoben\u00fd origin\u00e1lnym, sexi vol\u00e1nom. JEDNA VE\u013dKOS\u0164, odpor\u00fa\u010dan\u00e1 od S do XL. A - \u0160\u00cdRKA OD PAZUHA K PAZUHA 38 cm - 50 cm. D - CELKOV\u00c1 D\u0139\u017dKA 62-67 cm. E - D\u0139\u017dKA RUK\u00c1VA OD PAZUHA 45,5 cm. F - D\u0139\u017dKA RUK\u00c1VA OD RAMENA.<\/p>\n<div class=\"klb-readmore post-buttons\"><a class=\"button black outline size-sm\" href=\"https:\/\/madelinefashion.pl\/sk\/body-hiszpanka-granat\/\">\u010c\u00edta\u0165 \u010falej <i class=\"klbth-icon-right-arrow\"><\/i><\/a><\/div>","protected":false},"featured_media":32815,"template":"","meta":[],"product_brand":[],"product_cat":[84],"product_tag":[],"class_list":{"0":"post-826","1":"product","2":"type-product","3":"status-publish","4":"has-post-thumbnail","6":"product_cat-body","8":"first","9":"instock","10":"purchasable","11":"product-type-simple"},"_links":{"self":[{"href":"https:\/\/madelinefashion.pl\/sk\/wp-json\/wp\/v2\/product\/826","targetHints":{"allow":["GET"]}}],"collection":[{"href":"https:\/\/madelinefashion.pl\/sk\/wp-json\/wp\/v2\/product"}],"about":[{"href":"https:\/\/madelinefashion.pl\/sk\/wp-json\/wp\/v2\/types\/product"}],"wp:featuredmedia":[{"embeddable":true,"href":"https:\/\/madelinefashion.pl\/sk\/wp-json\/wp\/v2\/media\/32815"}],"wp:attachment":[{"href":"https:\/\/madelinefashion.pl\/sk\/wp-json\/wp\/v2\/media?parent=826"}],"wp:term":[{"taxonomy":"product_brand","embeddable":true,"href":"https:\/\/madelinefashion.pl\/sk\/wp-json\/wp\/v2\/product_brand?post=826"},{"taxonomy":"product_cat","embeddable":true,"href":"https:\/\/madelinefashion.pl\/sk\/wp-json\/wp\/v2\/product_cat?post=826"},{"taxonomy":"product_tag","embeddable":true,"href":"https:\/\/madelinefashion.pl\/sk\/wp-json\/wp\/v2\/product_tag?post=826"}],"curies":[{"name":"pracovn\u00fd list","href":"https:\/\/api.w.org\/{rel}","templated":true}]}}