{"id":84054,"date":"2023-04-11T16:00:31","date_gmt":"2023-04-11T14:00:31","guid":{"rendered":"https:\/\/madelinefashion.pl\/?post_type=product&#038;p=84054"},"modified":"2026-03-01T12:58:07","modified_gmt":"2026-03-01T11:58:07","slug":"bon-podarunkowy-400zl","status":"publish","type":"product","link":"https:\/\/madelinefashion.pl\/sk\/bon-podarunkowy-400zl\/","title":{"rendered":"Dar\u010dekov\u00fd poukaz v hodnote 400 PLN"},"content":{"rendered":"<h3 style=\"text-align: center;\">Dar\u010dekov\u00fd poukaz v hodnote 400 PLN<\/h3>\n<p style=\"text-align: center;\">Darujte svojmu bl\u00edzkemu ten najlep\u0161\u00ed dar\u010dek. N\u00e1kupn\u00fd poukaz na <strong>Madeline Fashion<\/strong>. Kr\u00e1sne vytla\u010den\u00fd a elegantne zabalen\u00fd, bude odoslan\u00fd tradi\u010dne na dodaciu adresu uveden\u00fa pri objedn\u00e1vke alebo elektronicky na va\u0161u e-mailov\u00fa adresu. Po zak\u00fapen\u00ed pouk\u00e1\u017eky n\u00e1s pros\u00edm kontaktujte telefonicky na \u010d\u00edsle <strong>510-050-269<\/strong> zabezpe\u010di\u0165 dopravu. Dar\u010dekov\u00e1 karta v\u00e1s opr\u00e1v\u0148uje na n\u00e1kup produktov online alebo v predajni. Ak si vyberiete produkty s hodnotou vy\u0161\u0161ou ako je hodnota pouk\u00e1\u017eky, kupuj\u00faci je povinn\u00fd uhradi\u0165 rozdiel. N\u00e1kupn\u00e1 pouk\u00e1\u017eka je perfektn\u00fdm dar\u010dekom na sviatky, meniny, v\u00fdro\u010dia alebo narodeniny.<\/p>","protected":false},"excerpt":{"rendered":"<p>Bon Podarunkowy 400z\u0142 Podaruj najbli\u017cszej osobie, najlepszy prezent. Bon na zakupy w Madeline Fashion. Pi\u0119knie wydrukowany i elegancko zapakowany jest wysy\u0142any w formie tradycyjnej na adres dostawy wpisywany podczas sk\u0142adania zam\u00f3wienia lub elektronicznie na adres mailowy. Po zakupie bonu prosimy o kontakt telefoniczny na numer 510-050-269 w celu ustalenia sposobu wysy\u0142ki. Karta podarunkowa upowa\u017cnia do<\/p>\n<div class=\"klb-readmore post-buttons\"><a class=\"button black outline size-sm\" href=\"https:\/\/madelinefashion.pl\/sk\/bon-podarunkowy-400zl\/\">\u010c\u00edta\u0165 \u010falej <i class=\"klbth-icon-right-arrow\"><\/i><\/a><\/div>","protected":false},"featured_media":84046,"template":"","meta":[],"product_brand":[],"product_cat":[113,395],"product_tag":[524],"class_list":{"0":"post-84054","1":"product","2":"type-product","3":"status-publish","4":"has-post-thumbnail","6":"product_cat-dodatki","7":"product_cat-nowosci","8":"product_tag-bon-podarunkowy","10":"first","11":"instock","12":"sale","13":"purchasable","14":"product-type-simple"},"_links":{"self":[{"href":"https:\/\/madelinefashion.pl\/sk\/wp-json\/wp\/v2\/product\/84054","targetHints":{"allow":["GET"]}}],"collection":[{"href":"https:\/\/madelinefashion.pl\/sk\/wp-json\/wp\/v2\/product"}],"about":[{"href":"https:\/\/madelinefashion.pl\/sk\/wp-json\/wp\/v2\/types\/product"}],"wp:featuredmedia":[{"embeddable":true,"href":"https:\/\/madelinefashion.pl\/sk\/wp-json\/wp\/v2\/media\/84046"}],"wp:attachment":[{"href":"https:\/\/madelinefashion.pl\/sk\/wp-json\/wp\/v2\/media?parent=84054"}],"wp:term":[{"taxonomy":"product_brand","embeddable":true,"href":"https:\/\/madelinefashion.pl\/sk\/wp-json\/wp\/v2\/product_brand?post=84054"},{"taxonomy":"product_cat","embeddable":true,"href":"https:\/\/madelinefashion.pl\/sk\/wp-json\/wp\/v2\/product_cat?post=84054"},{"taxonomy":"product_tag","embeddable":true,"href":"https:\/\/madelinefashion.pl\/sk\/wp-json\/wp\/v2\/product_tag?post=84054"}],"curies":[{"name":"pracovn\u00fd list","href":"https:\/\/api.w.org\/{rel}","templated":true}]}}