{"id":8416,"date":"2021-04-17T00:41:00","date_gmt":"2021-04-16T22:41:00","guid":{"rendered":"https:\/\/madelinefashion.pl\/?post_type=product&#038;p=8416"},"modified":"2026-03-26T12:40:39","modified_gmt":"2026-03-26T11:40:39","slug":"sukienka-koktajlowa-guziki-marina-biala","status":"publish","type":"product","link":"https:\/\/madelinefashion.pl\/sk\/sukienka-koktajlowa-guziki-marina-biala\/","title":{"rendered":"Gomb\u00edky na koktailov\u00e9 \u0161aty Marina White"},"content":{"rendered":"<h3 style=\"text-align: center;\">Gomb\u00edky na koktailov\u00e9 \u0161aty Marina White<\/h3>\n<p style=\"text-align: center;\"><strong>Koktejlov\u00e9 \u0161aty<\/strong> do polovice zap\u00ednanie na gomb\u00edky z materi\u00e1lu pr\u00edjemn\u00e9ho na dotyk. Zmyseln\u00fd a jemn\u00fd strih bude fungova\u0165 v \u0161atn\u00edku ka\u017edej \u017eeny, ktor\u00e1 ho m\u00e1 rada <strong>vy\u010dnieva\u0165 z davu. \u0160aty s dlh\u00fdm ruk\u00e1vom <\/strong>s ozdobn\u00fdm vol\u00e1nom sa dokonale prisp\u00f4sob\u00ed postave. \u0160aty s dlh\u00fdmi ruk\u00e1vmi zakon\u010den\u00e9 jemnou ozdobou <strong>s vol\u00e1nmi a lemom.<\/strong> <strong>Mini \u0161aty<\/strong> <strong>uviazan\u00e9 v p\u00e1se<\/strong> je ve\u013emi \u017eensk\u00e1 ponuka, ktor\u00e1 sa hod\u00ed ako na ka\u017edodenn\u00e9 nosenie, tak aj na p\u00e1rty. Dokonale sa prisp\u00f4sob\u00ed postave. Ide\u00e1lne do \u0161koly, pr\u00e1ce, na rande alebo na stretnutie s priate\u013emi! <strong>Ide\u00e1lne pre ka\u017ed\u00fa pr\u00edle\u017eitos\u0165 a \u010das! Neuverite\u013ene \u017eensk\u00e9, elegantn\u00e9 \u0161aty v univerz\u00e1lnej ve\u013ekosti odpor\u00fa\u010dan\u00e9 od XS po XL.<\/strong> Dostupn\u00e9 vo viacer\u00fdch farb\u00e1ch. Odpor\u00fa\u010dame kombinova\u0165 s na\u0161imi \u010diernymi <a href=\"https:\/\/madelinefashion.pl\/sk\/product-tag\/ramoneski\/\">Ramones.<\/a>Bude dobre fungova\u0165 na dovolenk\u00e1ch, rande, neform\u00e1lnych stretnutiach s priate\u013emi, ako aj na svadb\u00e1ch, rodinn\u00fdch okolnostiach<\/p>\n<h3 style=\"text-align: center;\">Rozmery:<span style=\"font-size: 10pt;\">\u00a0 \u00a0<\/span><\/h3>\n<ul style=\"text-align: center;\">\n<li style=\"text-align: center;\"><span style=\"font-size: 10pt;\">celkov\u00e1 predn\u00e1 d\u013a\u017eka: 90 cm<\/span><\/li>\n<li style=\"text-align: center;\"><span style=\"font-size: 10pt;\">\u00a0\u00a0\u00a0\u00a0\u00a0\u00a0\u00a0 \u0161\u00edrka od pazuchy po pazuchu: 49-59 cm<\/span><\/li>\n<li style=\"text-align: center;\"><span style=\"font-size: 10pt;\">\u00a0\u00a0\u00a0\u00a0\u00a0\u00a0\u00a0 d\u013a\u017eka ruk\u00e1va od ramena: 58 cm<\/span><\/li>\n<li style=\"text-align: center;\"><span style=\"font-size: 10pt;\">d\u013a\u017eka ruk\u00e1va od podpazu\u0161ia: 44 cm<br \/>\n<\/span><\/li>\n<\/ul>\n<p>&nbsp;<\/p>\n<p style=\"text-align: center;\"><span style=\"font-size: 10pt;\">Rozmery sa m\u00f4\u017eu mierne l\u00ed\u0161i\u0165 od uveden\u00fdch +\/- 2cm. V\u0161etko dan\u00e9 <strong>rozmery s\u00fa meran\u00e9 plo\u0161ne. rozmer x2<\/strong><\/span><\/p>\n<p>&nbsp;<\/p>\n<h3 style=\"text-align: center;\">Charakteristika:<\/h3>\n<p style=\"text-align: center;\"><span style=\"font-size: 10pt;\">- opasok<br \/>\n- Dlh\u00fd ruk\u00e1v;<br \/>\n- roz\u0161\u00edren\u00e9 \u0161aty;<br \/>\n\u2013 midi d\u013a\u017eka;<br \/>\n- zap\u00ednanie na gomb\u00edky;<br \/>\n\u2013 vol\u00e1niky<br \/>\n<\/span><\/p>\n<table width=\"621\">\n<tbody>\n<tr>\n<td width=\"302\">Meno modela<\/td>\n<td width=\"302\">Koktejlov\u00e9 \u0161aty Marina Buttons<\/td>\n<\/tr>\n<tr>\n<td width=\"302\">Farba<\/td>\n<td width=\"302\">biely<\/td>\n<\/tr>\n<tr>\n<td width=\"302\">M\u00f3da<\/td>\n<td width=\"302\">nadrozmern\u00e9<\/td>\n<\/tr>\n<tr>\n<td width=\"302\">Materi\u00e1l<\/td>\n<td width=\"302\">100 % Polyester<\/td>\n<\/tr>\n<tr>\n<td width=\"302\">D\u013a\u017eka<\/td>\n<td width=\"302\">Pred kolenom<\/td>\n<\/tr>\n<\/tbody>\n<\/table>\n<p>&nbsp;<\/p>\n<p style=\"text-align: center;\">Model m\u00e1\u00a0<strong>169<\/strong>\u00a0cm vysok\u00fd, nos\u00ed ve\u013ekos\u0165 ka\u017ed\u00fd de\u0148\u00a0<strong>S<\/strong><\/p>\n<p style=\"text-align: center;\">\u0160\u00edrka cez prsia 92 cm<\/p>\n<p style=\"text-align: center;\">\u0160\u00edrka v p\u00e1se 62 cm<\/p>\n<p style=\"text-align: center;\">\u0160\u00edrka v bokoch 94 cm<\/p>","protected":false},"excerpt":{"rendered":"<p>Sukienka Koktajlowa Guziki Marina Bia\u0142a Sukienka Koktajlowa zapinana do po\u0142owy na Guziki wykonana z przyjemnego w dotyku materia\u0142u. Zmys\u0142owy i subtelny kr\u00f3j sprawdzi si\u0119 w szafie ka\u017cdej kobiety, kt\u00f3ra lubi wyr\u00f3\u017cni\u0107 si\u0119 z t\u0142umu. Sukienka na d\u0142ugi r\u0119kaw z ozdobnymi falbankami idealnie dopasowuje si\u0119 do sylwetki. Sukienka z d\u0142ugim r\u0119kawem zako\u0144czonym ozdobnymi delikatnymi falbankami oraz<\/p>\n<div class=\"klb-readmore post-buttons\"><a class=\"button black outline size-sm\" href=\"https:\/\/madelinefashion.pl\/sk\/sukienka-koktajlowa-guziki-marina-biala\/\">\u010c\u00edta\u0165 \u010falej <i class=\"klbth-icon-right-arrow\"><\/i><\/a><\/div>","protected":false},"featured_media":52465,"template":"","meta":[],"product_brand":[],"product_cat":[125,380],"product_tag":[219],"class_list":{"0":"post-8416","1":"product","2":"type-product","3":"status-publish","4":"has-post-thumbnail","6":"product_cat-sukienki","7":"product_cat-wyprzedaz","8":"product_tag-sukienka-biala","10":"first","11":"instock","12":"sale","13":"purchasable","14":"product-type-simple"},"_links":{"self":[{"href":"https:\/\/madelinefashion.pl\/sk\/wp-json\/wp\/v2\/product\/8416","targetHints":{"allow":["GET"]}}],"collection":[{"href":"https:\/\/madelinefashion.pl\/sk\/wp-json\/wp\/v2\/product"}],"about":[{"href":"https:\/\/madelinefashion.pl\/sk\/wp-json\/wp\/v2\/types\/product"}],"wp:featuredmedia":[{"embeddable":true,"href":"https:\/\/madelinefashion.pl\/sk\/wp-json\/wp\/v2\/media\/52465"}],"wp:attachment":[{"href":"https:\/\/madelinefashion.pl\/sk\/wp-json\/wp\/v2\/media?parent=8416"}],"wp:term":[{"taxonomy":"product_brand","embeddable":true,"href":"https:\/\/madelinefashion.pl\/sk\/wp-json\/wp\/v2\/product_brand?post=8416"},{"taxonomy":"product_cat","embeddable":true,"href":"https:\/\/madelinefashion.pl\/sk\/wp-json\/wp\/v2\/product_cat?post=8416"},{"taxonomy":"product_tag","embeddable":true,"href":"https:\/\/madelinefashion.pl\/sk\/wp-json\/wp\/v2\/product_tag?post=8416"}],"curies":[{"name":"pracovn\u00fd list","href":"https:\/\/api.w.org\/{rel}","templated":true}]}}