{"id":85614,"date":"2023-04-24T15:13:12","date_gmt":"2023-04-24T13:13:12","guid":{"rendered":"https:\/\/madelinefashion.pl\/?post_type=product&#038;p=85614"},"modified":"2026-03-11T12:14:38","modified_gmt":"2026-03-11T11:14:38","slug":"bluzka-dopasowana-z-bufkami-na-rekawach-biala","status":"publish","type":"product","link":"https:\/\/madelinefashion.pl\/sk\/bluzka-dopasowana-z-bufkami-na-rekawach-biala\/","title":{"rendered":"Biela vypasovan\u00e1 bl\u00fazka s naberan\u00fdmi ruk\u00e1vmi"},"content":{"rendered":"<h3 style=\"text-align: center;\">Biela vypasovan\u00e1 bl\u00fazka s naberan\u00fdmi ruk\u00e1vmi<\/h3>\n<p style=\"text-align: center;\">Stavte na outfit s paz\u00farikom! Vyroben\u00e9 z \u013eahk\u00e9ho materi\u00e1lu, bude ide\u00e1lne pre v\u00e4\u010d\u0161inu \u0161t\u00fdlov. Pru\u017en\u00e1 l\u00e1tka bude tvarova\u0165 postavu. Bl\u00fazka vyroben\u00e1 z \u013eahkej a na dotyk pr\u00edjemnej l\u00e1tky. Vybran\u00e9 pre mnoho \u0161t\u00fdlov. <strong>Model, ktor\u00fd si zamilujete<\/strong>. M\u00f4\u017eete ho nosi\u0165 k \u0161ortk\u00e1m, d\u017e\u00ednsom, sukni a dokonca aj ko\u017een\u00fdm nohaviciam. Bl\u00fazka s brmbolcami sa perfektne prisp\u00f4sob\u00ed postave. Eur\u00f3psky v\u00fdrobok, ve\u013emi dobr\u00e1 kvalita. Ide\u00e1lne do \u0161koly, pr\u00e1ce, na rande alebo na stretnutie s priate\u013emi! <strong>Ide\u00e1lne pre ka\u017ed\u00fa pr\u00edle\u017eitos\u0165 a \u010das!\u00a0<\/strong><\/p>\n<h3 style=\"text-align: center;\">Rozmery<\/h3>\n<p style=\"text-align: center;\"><strong>S\/M<\/strong><br \/>\ncelkov\u00e1 d\u013a\u017eka 53 cm<br \/>\n\u0161\u00edrka od pazuchy po pazuchu: 41-50 cm<br \/>\nd\u013a\u017eka ruk\u00e1va z vonkaj\u0161ej strany 66 cm<br \/>\nd\u013a\u017eka ruk\u00e1va z vn\u00fatornej strany 46 cm<\/p>\n<p style=\"text-align: center;\"><strong>M\/L<\/strong><br \/>\ncelkov\u00e1 d\u013a\u017eka 55 cm<br \/>\n\u0161\u00edrka od pazuchy po pazuchu: 43-52 cm<br \/>\nd\u013a\u017eka ruk\u00e1va z vonkaj\u0161ej strany 69 cm<br \/>\nd\u013a\u017eka ruk\u00e1va z vn\u00fatornej strany 48 cm<\/p>\n<p style=\"text-align: center;\">Rozmery sa m\u00f4\u017eu mierne l\u00ed\u0161i\u0165 od uveden\u00fdch +\/- 2cm. V\u0161etky uveden\u00e9 rozmery s\u00fa meran\u00e9 plo\u0161ne. <strong>rozmer x2<\/strong><\/p>\n<p style=\"text-align: center;\"><strong>\u00a0<\/strong><\/p>\n<table width=\"623\">\n<tbody>\n<tr>\n<td width=\"302\">Meno modela<\/td>\n<td width=\"302\">Priliehav\u00e1 bl\u00fazka s naberan\u00fdmi ruk\u00e1vmi<\/td>\n<\/tr>\n<tr>\n<td width=\"302\">Farba<\/td>\n<td width=\"302\">biely<\/td>\n<\/tr>\n<tr>\n<td width=\"302\">Zbierka<\/td>\n<td width=\"302\">Jar leto jese\u0148 zima<\/td>\n<\/tr>\n<tr>\n<td width=\"302\">ve\u013ekosti<\/td>\n<td width=\"302\">S\/M, M\/L<\/td>\n<\/tr>\n<tr>\n<td width=\"302\">M\u00f3da<\/td>\n<td width=\"302\">Zhoda<\/td>\n<\/tr>\n<tr>\n<td width=\"302\">\u0160tiepenie<\/td>\n<td width=\"302\">Okr\u00fahle, okolo krku<\/td>\n<\/tr>\n<tr>\n<td width=\"302\">Ko\u0161\u00ed\u010dky na spevnenie poprsia<\/td>\n<td width=\"302\">Nie<\/td>\n<\/tr>\n<tr>\n<td width=\"302\">Materi\u00e1l<\/td>\n<td width=\"302\">Polyester 100%<\/td>\n<\/tr>\n<\/tbody>\n<\/table>\n<p style=\"text-align: center;\">Model m\u00e1\u00a0<strong>169<\/strong>\u00a0cm vysok\u00fd, nos\u00ed ve\u013ekos\u0165 ka\u017ed\u00fd de\u0148\u00a0<strong>S<\/strong><\/p>\n<p style=\"text-align: center;\">\u0160\u00edrka hrudn\u00edka 91 cm<\/p>\n<p style=\"text-align: center;\">\u0160\u00edrka p\u00e1su 71 cm<\/p>\n<p style=\"text-align: center;\">\u0160\u00edrka bokov 96 cm<\/p>","protected":false},"excerpt":{"rendered":"<p>Bluzka Dopasowana z Bufkami na R\u0119kawach Bia\u0142a Postaw na outfit z pazurem! Wykonana z lekkiego, materia\u0142u sprawdz\u0105 si\u0119 idealnie w wi\u0119kszo\u015bci stylizacji. Elastyczna tkanina wymodeluje sylwetk\u0119. Bluzka wykonana z lekkiej i przyjemnej w dotyku tkaniny. Wybierane do wielu stylizacji. Model w kt\u00f3rym si\u0119 zakochasz. Mo\u017cesz j\u0105 nosi\u0107 do szort\u00f3w, d\u017cins\u00f3w, sp\u00f3dnicy, a nawet spodni ze<\/p>\n<div class=\"klb-readmore post-buttons\"><a class=\"button black outline size-sm\" href=\"https:\/\/madelinefashion.pl\/sk\/bluzka-dopasowana-z-bufkami-na-rekawach-biala\/\">\u010c\u00edta\u0165 \u010falej <i class=\"klbth-icon-right-arrow\"><\/i><\/a><\/div>","protected":false},"featured_media":597155,"template":"","meta":[],"product_brand":[],"product_cat":[77],"product_tag":[251,477],"class_list":{"0":"post-85614","1":"product","2":"type-product","3":"status-publish","4":"has-post-thumbnail","6":"product_cat-bluzki","7":"product_tag-bluzka-biala","8":"product_tag-bluzki-z-dlugim-rekawem","9":"pa_rozmiar-s-m","10":"pa_rozmiar-m-l","12":"first","13":"instock","14":"sale","15":"purchasable","16":"product-type-variable"},"_links":{"self":[{"href":"https:\/\/madelinefashion.pl\/sk\/wp-json\/wp\/v2\/product\/85614","targetHints":{"allow":["GET"]}}],"collection":[{"href":"https:\/\/madelinefashion.pl\/sk\/wp-json\/wp\/v2\/product"}],"about":[{"href":"https:\/\/madelinefashion.pl\/sk\/wp-json\/wp\/v2\/types\/product"}],"wp:featuredmedia":[{"embeddable":true,"href":"https:\/\/madelinefashion.pl\/sk\/wp-json\/wp\/v2\/media\/597155"}],"wp:attachment":[{"href":"https:\/\/madelinefashion.pl\/sk\/wp-json\/wp\/v2\/media?parent=85614"}],"wp:term":[{"taxonomy":"product_brand","embeddable":true,"href":"https:\/\/madelinefashion.pl\/sk\/wp-json\/wp\/v2\/product_brand?post=85614"},{"taxonomy":"product_cat","embeddable":true,"href":"https:\/\/madelinefashion.pl\/sk\/wp-json\/wp\/v2\/product_cat?post=85614"},{"taxonomy":"product_tag","embeddable":true,"href":"https:\/\/madelinefashion.pl\/sk\/wp-json\/wp\/v2\/product_tag?post=85614"}],"curies":[{"name":"pracovn\u00fd list","href":"https:\/\/api.w.org\/{rel}","templated":true}]}}