{"id":8574,"date":"2021-04-17T22:02:50","date_gmt":"2021-04-17T20:02:50","guid":{"rendered":"https:\/\/madelinefashion.pl\/?post_type=product&#038;p=8574"},"modified":"2026-04-15T12:08:48","modified_gmt":"2026-04-15T10:08:48","slug":"sukienka-w-kwiatki-pati-blekitna","status":"publish","type":"product","link":"https:\/\/madelinefashion.pl\/sk\/sukienka-w-kwiatki-pati-blekitna\/","title":{"rendered":"Modr\u00e9 Pati kvetinov\u00e9 \u0161aty"},"content":{"rendered":"<h3 style=\"text-align: center;\">Modr\u00e9 Pati kvetinov\u00e9 \u0161aty<\/h3>\n<p style=\"text-align: center;\"><span lang=\"pl-pl\" xml:lang=\"pl-pl\"><strong>Fenomen\u00e1lne \u0161aty s drobn\u00fdmi kvietkami<\/strong> perfektn\u00e1 ponuka na jarn\u00e9 a letn\u00e9 dni, skvel\u00e1 kombin\u00e1cia kvetov a kr\u00e1snych farieb zv\u00fdrazn\u00ed va\u0161e op\u00e1lenie. \u0160aty s v\u00fdstrihom do V jemne odhalia poprsie.\u00a0 <strong>D\u00e1mske \u0161aty<\/strong> s kvetinovou potla\u010dou zap\u00ednan\u00e1 na gomb\u00edky s jemn\u00fdm rozparkom v spodnej \u010dasti \u0161iat. Vysok\u00e1 kvalita v\u00fdrobcu zabezpe\u010d\u00ed pohodlie a komfort. Skvel\u00fd n\u00e1vrh na ka\u017edodenn\u00e9 pou\u017eitie, odpor\u00fa\u010dan\u00fd pre \u017eeny vo ve\u013ekosti<b> XS SML Dostupn\u00e9 v na\u0161ej predajni vo viacer\u00fdch farebn\u00fdch variantoch.<\/b><\/span><\/p>\n<h3 style=\"text-align: center;\">Charakteristika:<\/h3>\n<ul>\n<li style=\"text-align: center;\">- kvetinov\u00fd mot\u00edv<\/li>\n<li style=\"text-align: center;\">- Ma\u0161\u013ea zap\u00ednan\u00e1 na gomb\u00edky<\/li>\n<li style=\"text-align: center;\">\u2013 elastick\u00fd p\u00e1s v zadnej \u010dasti \u0161iat<\/li>\n<li style=\"text-align: center;\">\u2013 roz\u0161\u00edren\u00fd strih<\/li>\n<li style=\"text-align: center;\">- priesvitn\u00e9 \u0161aty<\/li>\n<li style=\"text-align: center;\">- V\u00fdstrih do V<\/li>\n<\/ul>\n<h3 style=\"text-align: center;\">\u00a0Rozmery:<\/h3>\n<ul style=\"text-align: center;\">\n<li><span style=\"font-size: 10pt;\">\u00a0\u00a0\u00a0\u00a0\u00a0\u00a0\u00a0 celkov\u00e1 d\u013a\u017eka: 110 cm\u00a0<\/span><\/li>\n<li>celkov\u00e1 d\u013a\u017eka chrbta: 113 cm<\/li>\n<li><span style=\"font-size: 10pt;\">\u00a0\u00a0\u00a0\u00a0\u00a0\u00a0\u00a0 \u0161\u00edrka od pazuchy po pazuchu: 40-48 cm<\/span><\/li>\n<li><span style=\"font-size: 10pt;\">\u00a0\u00a0\u00a0\u00a0\u00a0\u00a0\u00a0 \u0161\u00edrka p\u00e1sa: 30-39 cm<\/span><\/li>\n<li><span style=\"font-size: 10pt;\">\u00a0 \u00a0 \u00a0 \u00a0 d\u013a\u017eka ruk\u00e1va od podpazu\u0161ia: 11 cm<br \/>\nd\u013a\u017eka ruk\u00e1va od ramena: 26 cm<\/span><\/li>\n<\/ul>\n<p style=\"text-align: center;\"><span style=\"font-size: 10pt;\">Rozmery sa m\u00f4\u017eu mierne l\u00ed\u0161i\u0165 od uveden\u00fdch +\/- 2cm. V\u0161etky uveden\u00e9 rozmery s\u00fa meran\u00e9 plo\u0161ne.<\/span><\/p>\n<p style=\"text-align: center;\"><span style=\"font-size: 10pt;\">\u00a0<\/span><\/p>\n<table>\n<tbody>\n<tr>\n<td width=\"302\"><span style=\"font-size: 10pt;\">Meno modela<\/span><\/td>\n<td width=\"302\">Kvetinov\u00e9 \u0161aty Pati<\/td>\n<\/tr>\n<tr>\n<td width=\"302\"><span style=\"font-size: 10pt;\">Farba<\/span><\/td>\n<td width=\"302\"><span style=\"font-size: 10pt;\">Modr\u00e1<\/span><\/td>\n<\/tr>\n<tr>\n<td width=\"302\"><span style=\"font-size: 10pt;\">M\u00f3da<\/span><\/td>\n<td width=\"302\"><span style=\"font-size: 10pt;\">Na mieru<\/span><\/td>\n<\/tr>\n<tr>\n<td width=\"302\"><span style=\"font-size: 10pt;\">Materi\u00e1l<\/span><\/td>\n<td width=\"302\"><span style=\"font-size: 10pt;\">100 % Polyester\u00a0\u00a0<\/span><\/td>\n<\/tr>\n<tr>\n<td width=\"302\"><span style=\"font-size: 10pt;\">D\u013a\u017eka<\/span><\/td>\n<td width=\"302\"><span style=\"font-size: 10pt;\">Cez koleno<\/span><\/td>\n<\/tr>\n<\/tbody>\n<\/table>\n<p>&nbsp;<\/p>\n<p style=\"text-align: center;\">Model m\u00e1\u00a0<strong>169<\/strong>\u00a0cm vysok\u00fd, nos\u00ed ve\u013ekos\u0165 ka\u017ed\u00fd de\u0148\u00a0<strong>S<\/strong><\/p>\n<p style=\"text-align: center;\">\u0160\u00edrka cez prsia 92 cm<\/p>\n<p style=\"text-align: center;\">\u0160\u00edrka v p\u00e1se 62 cm<\/p>\n<p style=\"text-align: center;\">\u0160\u00edrka v bokoch 94 cm<\/p>","protected":false},"excerpt":{"rendered":"<p>Sukienka w Kwiatki Pati B\u0142\u0119kitna Fenomenalna sukienka w drobne kwiatki idealne propozycja na wiosenne i letnie dni, wspania\u0142e po\u0142\u0105czenie kwiat\u00f3w oraz pi\u0119knych kolor\u00f3w podkre\u015bli Twoj\u0105 opalenizn\u0119. Sukienka z dekoltem V delikatnie wyeksponuje biust.\u00a0 Damska sukienka z printem kwiatowym zapinana na guziki z delikatnym rozci\u0119ciem na dole sukienki. Wysoka jako\u015b\u0107 producenta zapewni komfort i wygod\u0119 noszenia.<\/p>\n<div class=\"klb-readmore post-buttons\"><a class=\"button black outline size-sm\" href=\"https:\/\/madelinefashion.pl\/sk\/sukienka-w-kwiatki-pati-blekitna\/\">\u010c\u00edta\u0165 \u010falej <i class=\"klbth-icon-right-arrow\"><\/i><\/a><\/div>","protected":false},"featured_media":48011,"template":"","meta":[],"product_brand":[],"product_cat":[125,380],"product_tag":[730,396],"class_list":{"0":"post-8574","1":"product","2":"type-product","3":"status-publish","4":"has-post-thumbnail","6":"product_cat-sukienki","7":"product_cat-wyprzedaz","8":"product_tag-sukienki-blekitne","9":"product_tag-sukienki-w-kwiaty","11":"first","12":"instock","13":"sale","14":"purchasable","15":"product-type-simple"},"_links":{"self":[{"href":"https:\/\/madelinefashion.pl\/sk\/wp-json\/wp\/v2\/product\/8574","targetHints":{"allow":["GET"]}}],"collection":[{"href":"https:\/\/madelinefashion.pl\/sk\/wp-json\/wp\/v2\/product"}],"about":[{"href":"https:\/\/madelinefashion.pl\/sk\/wp-json\/wp\/v2\/types\/product"}],"wp:featuredmedia":[{"embeddable":true,"href":"https:\/\/madelinefashion.pl\/sk\/wp-json\/wp\/v2\/media\/48011"}],"wp:attachment":[{"href":"https:\/\/madelinefashion.pl\/sk\/wp-json\/wp\/v2\/media?parent=8574"}],"wp:term":[{"taxonomy":"product_brand","embeddable":true,"href":"https:\/\/madelinefashion.pl\/sk\/wp-json\/wp\/v2\/product_brand?post=8574"},{"taxonomy":"product_cat","embeddable":true,"href":"https:\/\/madelinefashion.pl\/sk\/wp-json\/wp\/v2\/product_cat?post=8574"},{"taxonomy":"product_tag","embeddable":true,"href":"https:\/\/madelinefashion.pl\/sk\/wp-json\/wp\/v2\/product_tag?post=8574"}],"curies":[{"name":"pracovn\u00fd list","href":"https:\/\/api.w.org\/{rel}","templated":true}]}}