{"id":85861,"date":"2023-04-25T14:02:03","date_gmt":"2023-04-25T12:02:03","guid":{"rendered":"https:\/\/madelinefashion.pl\/?post_type=product&#038;p=85861"},"modified":"2025-09-09T10:16:45","modified_gmt":"2025-09-09T08:16:45","slug":"sukienka-mini-zielona-keronna","status":"publish","type":"product","link":"https:\/\/madelinefashion.pl\/sk\/sukienka-mini-zielona-keronna\/","title":{"rendered":"Zelen\u00e9 mini \u0161aty Keronna"},"content":{"rendered":"<h3 style=\"text-align: center;\">Zelen\u00e9 mini \u0161aty Keronna<\/h3>\n<p style=\"text-align: center;\"><strong>Mini \u0161aty Keronna<\/strong> je senza\u010dn\u00fd model vypasovan\u00fdch \u0161iat. Vyroben\u00e9 z pru\u017en\u00e9ho pr\u00edjemn\u00e9ho materi\u00e1lu, ktor\u00fd je ako stvoren\u00fd na p\u00e1rty, stretnutie s priate\u013emi alebo prech\u00e1dzku. \u0160aty s\u00fa <strong>vybaven\u00e9<\/strong> v\u010faka \u010domu zv\u00fdrazn\u00ed dokonale \u017eensk\u00e9 tvary. Je to po bokoch <strong>pokr\u010den\u00fd<\/strong>. \u0160aty maj\u00fa lodi\u010dkov\u00fd v\u00fdstrih. Keronna je jedine\u010dn\u00e1 v\u010faka z\u00e1hybom na bokoch. M\u00e1 kr\u00e1tke ruk\u00e1vy. M\u00e1 zabudovan\u00e9 ramenn\u00e9 vypch\u00e1vky. Je to skvel\u00e1 ponuka ako pre \u0161portov\u00fd styling s teniskami, tak aj pre elegantn\u00e9 s vysok\u00fdmi op\u00e4tkami<span style=\"font-size: 10pt; text-align: center;\">. ve\u013ekos\u0165 <strong>univerz\u00e1lny<\/strong>. Odpor\u00fa\u010da sa pre \u017eeny vo ve\u013ekosti <strong>XS SML\u00a0<\/strong><\/span><\/p>\n<h3 style=\"text-align: center;\">Rozmery:<\/h3>\n<p style=\"text-align: center;\">celkov\u00e1 d\u013a\u017eka: 99 cm<br \/>\n\u0161\u00edrka od pazuchy po pazuchu: 39-50 cm<br \/>\np\u00e1s: 30 cm - 45 cm<br \/>\nboky 35 cm - 50 cm<\/p>\n<p style=\"text-align: center;\"><span style=\"font-size: 10pt;\">Rozmery sa m\u00f4\u017eu mierne l\u00ed\u0161i\u0165 od uveden\u00fdch +\/- 2cm. V\u0161etky uveden\u00e9 rozmery s\u00fa meran\u00e9 plo\u0161ne.<\/span><\/p>\n<p style=\"text-align: center;\"><span style=\"font-size: 10pt;\">\u00a0<\/span><\/p>\n<table width=\"627\">\n<tbody>\n<tr>\n<td width=\"302\">Meno modela<\/td>\n<td width=\"302\">Mini \u0161aty Keronna<\/td>\n<\/tr>\n<tr>\n<td width=\"302\">Farba<\/td>\n<td width=\"302\">Ne\u00f3novo zelen\u00e1<\/td>\n<\/tr>\n<tr>\n<td width=\"302\">M\u00f3da<\/td>\n<td width=\"302\">Na mieru<\/td>\n<\/tr>\n<tr>\n<td width=\"302\">Materi\u00e1l<\/td>\n<td width=\"302\">92% Polyester 8% Elastan<\/td>\n<\/tr>\n<tr>\n<td width=\"302\">D\u013a\u017eka<\/td>\n<td width=\"302\">Do polovice stehien<\/td>\n<\/tr>\n<\/tbody>\n<\/table>\n<p>Oran\u017eov\u00e9 mini \u0161aty Keronna<\/p>\n<div class=\"tabs tabs-bb clear mb-80\">\n<div class=\"tab-content\">\n<div id=\"tab-description\" class=\"tab-pane fade in woocommerce-Tabs-panel--description active\">\n<p style=\"text-align: center;\">\u00a0Model m\u00e1 <strong>169<\/strong>\u00a0cm vysok\u00fd, nos\u00ed ve\u013ekos\u0165 ka\u017ed\u00fd de\u0148\u00a0<strong>S<\/strong><\/p>\n<p style=\"text-align: center;\">\u0160\u00edrka cez prsia 92 cm<\/p>\n<p style=\"text-align: center;\">\u0160\u00edrka v p\u00e1se 62 cm<\/p>\n<p style=\"text-align: center;\">\u0160\u00edrka v bokoch 94 cm<\/p>\n<\/div>\n<\/div>\n<\/div>","protected":false},"excerpt":{"rendered":"<p>Sukienka Mini Zielona Keronna Sukienka Mini Keronna to rewelacyjny model sukienki dopasowanej . Wykonana z elastycznego, przyjemnego materia\u0142u, kt\u00f3ry idealnie sprawdzi si\u0119 na imprez\u0119, spotkanie ze znajomymi czy spacer. Sukienka jest dopasowana dzi\u0119ki czemu podkre\u015bla idealnie kobiece kszta\u0142ty. Po bokach jest marszczona. Sukienka ma dekolt w \u0142\u00f3dk\u0119. Keronna jest unikatowa dzi\u0119ki marszczeniu po bokach. Posiada<\/p>\n<div class=\"klb-readmore post-buttons\"><a class=\"button black outline size-sm\" href=\"https:\/\/madelinefashion.pl\/sk\/sukienka-mini-zielona-keronna\/\">\u010c\u00edta\u0165 \u010falej <i class=\"klbth-icon-right-arrow\"><\/i><\/a><\/div>","protected":false},"featured_media":85767,"template":"","meta":[],"product_brand":[],"product_cat":[125],"product_tag":[],"class_list":{"0":"post-85861","1":"product","2":"type-product","3":"status-publish","4":"has-post-thumbnail","6":"product_cat-sukienki","8":"first","9":"instock","10":"purchasable","11":"product-type-simple"},"_links":{"self":[{"href":"https:\/\/madelinefashion.pl\/sk\/wp-json\/wp\/v2\/product\/85861","targetHints":{"allow":["GET"]}}],"collection":[{"href":"https:\/\/madelinefashion.pl\/sk\/wp-json\/wp\/v2\/product"}],"about":[{"href":"https:\/\/madelinefashion.pl\/sk\/wp-json\/wp\/v2\/types\/product"}],"wp:featuredmedia":[{"embeddable":true,"href":"https:\/\/madelinefashion.pl\/sk\/wp-json\/wp\/v2\/media\/85767"}],"wp:attachment":[{"href":"https:\/\/madelinefashion.pl\/sk\/wp-json\/wp\/v2\/media?parent=85861"}],"wp:term":[{"taxonomy":"product_brand","embeddable":true,"href":"https:\/\/madelinefashion.pl\/sk\/wp-json\/wp\/v2\/product_brand?post=85861"},{"taxonomy":"product_cat","embeddable":true,"href":"https:\/\/madelinefashion.pl\/sk\/wp-json\/wp\/v2\/product_cat?post=85861"},{"taxonomy":"product_tag","embeddable":true,"href":"https:\/\/madelinefashion.pl\/sk\/wp-json\/wp\/v2\/product_tag?post=85861"}],"curies":[{"name":"pracovn\u00fd list","href":"https:\/\/api.w.org\/{rel}","templated":true}]}}