{"id":85867,"date":"2023-04-25T14:21:57","date_gmt":"2023-04-25T12:21:57","guid":{"rendered":"https:\/\/madelinefashion.pl\/?post_type=product&#038;p=85867"},"modified":"2025-09-09T10:16:45","modified_gmt":"2025-09-09T08:16:45","slug":"sukienka-asymetryczna-dopasowana-fuksja-maribell","status":"publish","type":"product","link":"https:\/\/madelinefashion.pl\/sk\/sukienka-asymetryczna-dopasowana-fuksja-maribell\/","title":{"rendered":"Asymetrick\u00e9 fuchsiov\u00e9 \u0161aty Maribell"},"content":{"rendered":"<h3 style=\"text-align: center;\">Asymetrick\u00e9 fuchsiov\u00e9 \u0161aty Maribell<\/h3>\n<p style=\"text-align: center;\"><strong>Asymetrick\u00e9 \u0161aty priliehav\u00e9 Maribell<\/strong> je senza\u010dn\u00fd model vypasovan\u00fdch \u0161iat. Vyroben\u00e9 z pru\u017en\u00e9ho pr\u00edjemn\u00e9ho materi\u00e1lu, ktor\u00fd je ako stvoren\u00fd na p\u00e1rty, stretnutie s priate\u013emi alebo prech\u00e1dzku. \u0160aty s\u00fa <strong>vybaven\u00e9<\/strong> v\u010faka \u010domu zv\u00fdrazn\u00ed dokonale \u017eensk\u00e9 tvary. \u0160aty s\u00fa asymetrick\u00e9. Na noh\u00e1ch m\u00e1 rozparok. \u0160aty s kr\u00e1tkym ruk\u00e1vom. \u0160aty s\u00fa <strong>pokr\u010den\u00fd<\/strong>. Je to vynikaj\u00faca ponuka ako pre \u0161portov\u00fd styling s teniskami, tak aj pre elegantn\u00fd s vysok\u00fdmi podp\u00e4tkami<span style=\"font-size: 10pt; text-align: center;\">. ve\u013ekos\u0165 <strong>univerz\u00e1lny<\/strong>. Odpor\u00fa\u010da sa pre \u017eeny vo ve\u013ekosti <strong>XS SML\u00a0<\/strong><\/span><\/p>\n<p>&nbsp;<\/p>\n<h3 style=\"text-align: center;\">Rozmery:<\/h3>\n<ul style=\"text-align: center;\">\n<li><span style=\"font-size: 10pt;\">\u00a0 \u00a0 \u00a0 \u00a0celkov\u00e1 d\u013a\u017eka chrbta: 126 cm<br \/>\n<\/span><\/li>\n<li><span style=\"font-size: 10pt;\">\u00a0 \u00a0celkov\u00e1 d\u013a\u017eka prednej \u010dasti na rez<\/span>: 67 cm<\/li>\n<li><span style=\"font-size: 10pt;\">\u00a0\u00a0\u00a0\u00a0\u00a0\u00a0\u00a0 \u0161\u00edrka od pazuchy po pazuchu: 36-47 cm <\/span><span style=\"font-size: 10pt;\"><span style=\"font-size: 10pt;\">\u00a0 \u00a0 \u00a0 \u00a0<\/span><\/span><\/li>\n<li>p\u00e1s: 30 cm - 38 cm<\/li>\n<li>boky 37 cm - 43 cm<\/li>\n<\/ul>\n<p style=\"text-align: center;\"><span style=\"font-size: 10pt;\">Rozmery sa m\u00f4\u017eu mierne l\u00ed\u0161i\u0165 od uveden\u00fdch +\/- 2cm. V\u0161etky uveden\u00e9 rozmery s\u00fa meran\u00e9 plo\u0161ne.<\/span><\/p>\n<p style=\"text-align: center;\"><span style=\"font-size: 10pt;\">\u00a0<\/span><\/p>\n<table width=\"627\">\n<tbody>\n<tr>\n<td width=\"302\">Meno modela<\/td>\n<td width=\"302\">Asymetrick\u00e9 \u0161aty priliehav\u00e9 Maribell<\/td>\n<\/tr>\n<tr>\n<td width=\"302\">Farba<\/td>\n<td width=\"302\">Fuchsiov\u00e1<\/td>\n<\/tr>\n<tr>\n<td width=\"302\">M\u00f3da<\/td>\n<td width=\"302\">Na mieru<\/td>\n<\/tr>\n<tr>\n<td width=\"302\">Materi\u00e1l<\/td>\n<td width=\"302\">95% Polyester 5% Elastan<\/td>\n<\/tr>\n<tr>\n<td width=\"302\">D\u013a\u017eka<\/td>\n<td width=\"302\">Asymetrick\u00e9<\/td>\n<\/tr>\n<\/tbody>\n<\/table>\n<div class=\"tabs tabs-bb clear mb-80\">\n<div class=\"tab-content\">\n<div id=\"tab-description\" class=\"tab-pane fade in woocommerce-Tabs-panel--description active\">\n<p style=\"text-align: center;\">\u00a0Model m\u00e1\u00a0<strong>169<\/strong>\u00a0cm vysok\u00fd, nos\u00ed ve\u013ekos\u0165 ka\u017ed\u00fd de\u0148\u00a0<strong>S<\/strong><\/p>\n<p style=\"text-align: center;\">\u0160\u00edrka cez prsia 92 cm<\/p>\n<p style=\"text-align: center;\">\u0160\u00edrka v p\u00e1se 62 cm<\/p>\n<p style=\"text-align: center;\">\u0160\u00edrka v bokoch 94 cm<\/p>\n<\/div>\n<\/div>\n<\/div>","protected":false},"excerpt":{"rendered":"<p>Sukienka Asymetryczna Dopasowana Fuksja Maribell Sukienka Asymetryczna Dopasowana Maribell to rewelacyjny model sukienki dopasowanej . Wykonana z elastycznego, przyjemnego materia\u0142u, kt\u00f3ry idealnie sprawdzi si\u0119 na imprez\u0119, spotkanie ze znajomymi czy spacer. Sukienka jest dopasowana dzi\u0119ki czemu podkre\u015bla idealnie kobiece kszta\u0142ty. Sukienka jest asymetryczna. Posiada rozci\u0119cie na nogach. Sukienka na kr\u00f3tki r\u0119kawek. Sukienka jest marszczona. Jest<\/p>\n<div class=\"klb-readmore post-buttons\"><a class=\"button black outline size-sm\" href=\"https:\/\/madelinefashion.pl\/sk\/sukienka-asymetryczna-dopasowana-fuksja-maribell\/\">\u010c\u00edta\u0165 \u010falej <i class=\"klbth-icon-right-arrow\"><\/i><\/a><\/div>","protected":false},"featured_media":85798,"template":"","meta":[],"product_brand":[],"product_cat":[125],"product_tag":[215],"class_list":{"0":"post-85867","1":"product","2":"type-product","3":"status-publish","4":"has-post-thumbnail","6":"product_cat-sukienki","7":"product_tag-sukienki-rozowe","9":"first","10":"instock","11":"purchasable","12":"product-type-simple"},"_links":{"self":[{"href":"https:\/\/madelinefashion.pl\/sk\/wp-json\/wp\/v2\/product\/85867","targetHints":{"allow":["GET"]}}],"collection":[{"href":"https:\/\/madelinefashion.pl\/sk\/wp-json\/wp\/v2\/product"}],"about":[{"href":"https:\/\/madelinefashion.pl\/sk\/wp-json\/wp\/v2\/types\/product"}],"wp:featuredmedia":[{"embeddable":true,"href":"https:\/\/madelinefashion.pl\/sk\/wp-json\/wp\/v2\/media\/85798"}],"wp:attachment":[{"href":"https:\/\/madelinefashion.pl\/sk\/wp-json\/wp\/v2\/media?parent=85867"}],"wp:term":[{"taxonomy":"product_brand","embeddable":true,"href":"https:\/\/madelinefashion.pl\/sk\/wp-json\/wp\/v2\/product_brand?post=85867"},{"taxonomy":"product_cat","embeddable":true,"href":"https:\/\/madelinefashion.pl\/sk\/wp-json\/wp\/v2\/product_cat?post=85867"},{"taxonomy":"product_tag","embeddable":true,"href":"https:\/\/madelinefashion.pl\/sk\/wp-json\/wp\/v2\/product_tag?post=85867"}],"curies":[{"name":"pracovn\u00fd list","href":"https:\/\/api.w.org\/{rel}","templated":true}]}}