{"id":85933,"date":"2023-04-25T16:54:16","date_gmt":"2023-04-25T14:54:16","guid":{"rendered":"https:\/\/madelinefashion.pl\/?post_type=product&#038;p=85933"},"modified":"2025-09-09T10:16:44","modified_gmt":"2025-09-09T08:16:44","slug":"sukienka-maxi-plisowana-print-kwiaty-paradise-fuksja","status":"publish","type":"product","link":"https:\/\/madelinefashion.pl\/sk\/sukienka-maxi-plisowana-print-kwiaty-paradise-fuksja\/","title":{"rendered":"Tla\u010di\u0165 skladan\u00e9 Maxi \u0161aty Flowers Paradise Fuchsia"},"content":{"rendered":"<h3 style=\"text-align: center;\">Tla\u010di\u0165 skladan\u00e9 Maxi \u0161aty Flowers Paradise Fuchsia<\/h3>\n<p style=\"text-align: center;\"><strong>Plisovan\u00e9 maxi \u0161aty s potla\u010dou Paradise Flowers<\/strong> s\u00fa neskuto\u010dne \u017eensk\u00e9, elegantn\u00e9 plisovan\u00e9 maxi \u0161aty so zav\u00e4zovan\u00edm okolo krku. \u0160aty maj\u00fa v\u00fdstrih. Kvetinov\u00e1 potla\u010d dod\u00e1va \u0161at\u00e1m p\u00f4vab. \u0160aty maj\u00fa pod\u0161\u00edvku. Vzdu\u0161n\u00fd strih je fantastick\u00fd pri pohybe. Ide\u00e1lna ponuka pre rodinn\u00e9 oslavy a bankety. <strong> \u0160aty<\/strong><strong><span lang=\"pl-pl\" xml:lang=\"pl-pl\"> je vyroben\u00e1 z \u013eahk\u00e9ho materi\u00e1lu, v\u010faka \u010domu sa v nej budete c\u00edti\u0165 pohodlne.\u00a0 <\/span><\/strong><span lang=\"pl-pl\" xml:lang=\"pl-pl\">Dostupn\u00e9 v na\u0161ej predajni vo viacer\u00fdch farebn\u00fdch variantoch. Univerz\u00e1lna ve\u013ekos\u0165. Odpor\u00fa\u010dame pre d\u00e1my vo ve\u013ekosti SML XL<\/span><\/p>\n<h3 style=\"text-align: center;\">Rozmery:<\/h3>\n<ul style=\"text-align: center;\">\n<li><span style=\"font-size: 10pt;\">\u00a0\u00a0\u00a0\u00a0\u00a0\u00a0\u00a0 celkov\u00e1 d\u013a\u017eka: 130 cm<\/span><\/li>\n<li><span style=\"font-size: 10pt;\">\u00a0\u00a0\u00a0\u00a0\u00a0\u00a0\u00a0 \u0161\u00edrka od pazuchy po pazuchu: 35 cm-60 cm<\/span><\/li>\n<li><span style=\"font-size: 10pt;\">\u00a0\u00a0\u00a0\u00a0\u00a0\u00a0\u00a0 \u0161\u00edrka p\u00e1sa po maxim\u00e1lnom natiahnut\u00ed: 90 cm<\/span><\/li>\n<\/ul>\n<p style=\"text-align: center;\"><span style=\"vertical-align: inherit;\">Rozmery sa m\u00f4\u017eu l\u00ed\u0161i\u0165 od uveden\u00fdch +\/- 2cm. V\u0161etky uveden\u00e9 rozmery s\u00fa meran\u00e9 plo\u0161ne. rozmer x2<\/span><\/p>\n<h3 style=\"text-align: center;\">Vlastnosti produktu:<\/h3>\n<p style=\"text-align: center;\"><span style=\"color: #000000;\"><strong>Dod\u00e1van\u00e9 s opaskom vo farbe \u0161iat.<\/strong><\/span><\/p>\n<p style=\"text-align: center;\"><span style=\"font-size: 10pt;\">- vzdu\u0161n\u00fd materi\u00e1l<\/span><br \/>\n<span style=\"font-size: 10pt;\">- pod\u0161\u00edvka<br \/>\n<\/span>- v\u00fdstrih<br \/>\n\u2013 max<br \/>\n- plisovan\u00fd<\/p>\n<p style=\"text-align: center;\"><span style=\"font-size: 10pt;\"><strong>\u00a0<\/strong>\u00a0<\/span><\/p>\n<p>&nbsp;<\/p>\n<table style=\"height: 166px;\" width=\"670\">\n<tbody>\n<tr>\n<td width=\"302\"><span style=\"font-size: 10pt;\">Meno modela<\/span><\/td>\n<td width=\"302\">Plisovan\u00e9 maxi \u0161aty s potla\u010dou Paradise Flowers<\/td>\n<\/tr>\n<tr>\n<td width=\"302\"><span style=\"font-size: 10pt;\">Farba<\/span><\/td>\n<td width=\"302\"><span style=\"font-size: 10pt;\">Ru\u017eov\u00e1\/fuchsiov\u00e1<\/span><\/td>\n<\/tr>\n<tr>\n<td width=\"302\"><span style=\"font-size: 10pt;\">M\u00f3da<\/span><\/td>\n<td width=\"302\"><span style=\"font-size: 10pt;\">Roz\u0161\u00edren\u00e9\/vzdu\u0161n\u00e9<\/span><\/td>\n<\/tr>\n<tr>\n<td width=\"302\"><span style=\"font-size: 10pt;\">Materi\u00e1l<\/span><\/td>\n<td width=\"302\"><span style=\"font-size: 10pt;\">Polyester 100%<\/span><\/td>\n<\/tr>\n<tr>\n<td width=\"302\"><span style=\"font-size: 10pt;\">D\u013a\u017eka<\/span><\/td>\n<td width=\"302\"><span style=\"font-size: 13.3333px;\">maxi<\/span><\/td>\n<\/tr>\n<\/tbody>\n<\/table>\n<p style=\"text-align: center;\">Model m\u00e1\u00a0<strong>169<\/strong>\u00a0cm vysok\u00fd, nos\u00ed ve\u013ekos\u0165 ka\u017ed\u00fd de\u0148\u00a0<strong>S<\/strong><\/p>\n<p style=\"text-align: center;\">\u0160\u00edrka cez prsia 92 cm<\/p>\n<p style=\"text-align: center;\">\u0160\u00edrka v p\u00e1se 62 cm<\/p>\n<p style=\"text-align: center;\">\u0160\u00edrka v bokoch 94 cm<\/p>\n<div class=\"additional-details\" style=\"text-align: center;\">\n<p style=\"text-align: center;\"><span style=\"font-size: 10pt;\">\u00a0<\/span><\/p>\n<\/div>","protected":false},"excerpt":{"rendered":"<p>Sukienka Maxi Plisowana Print Kwiaty Paradise Fuksja Sukienka Maxi Plisowana Print Kwiaty Paradise to niesamowicie kobieca, elegancka plisowana o d\u0142ugo\u015bci maxi wi\u0105zana na szyj\u0119. Sukienka posiada dekolt pod szyj\u0119.\u00a0 Print w kwiaty dodaje sukience uroku. Sukienka posiada podszewk\u0119. Zwiewny fason fantastycznie uk\u0142ada si\u0119 podczas ruchu. Idealna propozycja na rodzinne uroczysto\u015bci, bankiety. Sukienka jest wykonana z<\/p>\n<div class=\"klb-readmore post-buttons\"><a class=\"button black outline size-sm\" href=\"https:\/\/madelinefashion.pl\/sk\/sukienka-maxi-plisowana-print-kwiaty-paradise-fuksja\/\">\u010c\u00edta\u0165 \u010falej <i class=\"klbth-icon-right-arrow\"><\/i><\/a><\/div>","protected":false},"featured_media":85895,"template":"","meta":[],"product_brand":[],"product_cat":[125],"product_tag":[215,396],"class_list":{"0":"post-85933","1":"product","2":"type-product","3":"status-publish","4":"has-post-thumbnail","6":"product_cat-sukienki","7":"product_tag-sukienki-rozowe","8":"product_tag-sukienki-w-kwiaty","10":"first","11":"instock","12":"purchasable","13":"product-type-simple"},"_links":{"self":[{"href":"https:\/\/madelinefashion.pl\/sk\/wp-json\/wp\/v2\/product\/85933","targetHints":{"allow":["GET"]}}],"collection":[{"href":"https:\/\/madelinefashion.pl\/sk\/wp-json\/wp\/v2\/product"}],"about":[{"href":"https:\/\/madelinefashion.pl\/sk\/wp-json\/wp\/v2\/types\/product"}],"wp:featuredmedia":[{"embeddable":true,"href":"https:\/\/madelinefashion.pl\/sk\/wp-json\/wp\/v2\/media\/85895"}],"wp:attachment":[{"href":"https:\/\/madelinefashion.pl\/sk\/wp-json\/wp\/v2\/media?parent=85933"}],"wp:term":[{"taxonomy":"product_brand","embeddable":true,"href":"https:\/\/madelinefashion.pl\/sk\/wp-json\/wp\/v2\/product_brand?post=85933"},{"taxonomy":"product_cat","embeddable":true,"href":"https:\/\/madelinefashion.pl\/sk\/wp-json\/wp\/v2\/product_cat?post=85933"},{"taxonomy":"product_tag","embeddable":true,"href":"https:\/\/madelinefashion.pl\/sk\/wp-json\/wp\/v2\/product_tag?post=85933"}],"curies":[{"name":"pracovn\u00fd list","href":"https:\/\/api.w.org\/{rel}","templated":true}]}}