{"id":86201,"date":"2023-04-26T12:06:50","date_gmt":"2023-04-26T10:06:50","guid":{"rendered":"https:\/\/madelinefashion.pl\/?post_type=product&#038;p=86201"},"modified":"2025-09-09T10:16:44","modified_gmt":"2025-09-09T08:16:44","slug":"sukienka-hiszpanka-rozkloszowana-w-kwiaty-turkusowa-diva","status":"publish","type":"product","link":"https:\/\/madelinefashion.pl\/sk\/sukienka-hiszpanka-rozkloszowana-w-kwiaty-turkusowa-diva\/","title":{"rendered":"\u0160panielske \u0161aty s kvetmi tyrkysov\u00e1 diva"},"content":{"rendered":"<h3 style=\"text-align: center;\">\u0160panielske \u0161aty s kvetmi tyrkysov\u00e1 diva<\/h3>\n<p style=\"text-align: center;\"><span style=\"vertical-align: inherit;\"><span style=\"vertical-align: inherit;\">\u0160aty Spanish Diva zaujm\u00fa strihom a farbou <\/span><\/span><strong><span style=\"vertical-align: inherit;\"><span style=\"vertical-align: inherit;\">\u0161aty\u00a0<\/span><\/span><\/strong><span style=\"vertical-align: inherit;\"><span style=\"vertical-align: inherit;\"> s hol\u00fdmi rukami.\u00a0<\/span><\/span><b><span style=\"vertical-align: inherit;\"><span style=\"vertical-align: inherit;\">\u0160aty<\/span><\/span><\/b><span style=\"vertical-align: inherit;\"><span style=\"vertical-align: inherit;\"> m\u00e1 gumi\u010dku <\/span><\/span><b><span style=\"vertical-align: inherit;\"><span style=\"vertical-align: inherit;\">v p\u00e1se a na ruk\u00e1voch - v\u010faka \u010domu sa dobre prisp\u00f4sob\u00ed postave. <\/span><\/span><\/b><span style=\"vertical-align: inherit;\"><span style=\"vertical-align: inherit;\">Model o\u010daruj\u00faceho \u013eahk\u00e9ho strihu na ramienka s jemn\u00fdm vol\u00e1nom. <\/span><span style=\"vertical-align: inherit;\">Na\u0161e \u0161aty s\u00fa n\u00e1vrhom pre \u017eeny, ktor\u00e9 miluj\u00fa svetlo <\/span><\/span><strong><span style=\"vertical-align: inherit;\"><span style=\"vertical-align: inherit;\">\u00a0, vzdu\u0161n\u00e9, diev\u010densk\u00e9 \u0161aty.\u00a0 <\/span><\/span><\/strong><span style=\"vertical-align: inherit;\"><span style=\"vertical-align: inherit;\">\u0160panielska \u010diapka sa d\u00e1 nosi\u0165 ako \u0161aty alebo ako <strong>bl\u00fazka<\/strong> k leg\u00ednam alebo \u0161ortk\u00e1m. <\/span><\/span><span style=\"vertical-align: inherit;\"><span style=\"vertical-align: inherit;\">R<\/span><\/span>dokon\u010di\u0165 ruk\u00e1vy \u0161iat<span style=\"vertical-align: inherit;\"><span style=\"vertical-align: inherit;\">\u0161aty s\u00fa zdoben\u00e9 vol\u00e1nmi a jemn\u00fd spodok \u0161iat je navrchu mierne roz\u0161\u00edren\u00fd. <\/span><span style=\"vertical-align: inherit;\">obliec\u0165 sa <\/span><\/span><strong><span style=\"vertical-align: inherit;\"><span style=\"vertical-align: inherit;\">kvetinov\u00e1 potla\u010d<\/span><\/span><\/strong><span style=\"vertical-align: inherit;\"><span style=\"vertical-align: inherit;\"> je ide\u00e1lnou vo\u013ebou pre <\/span><\/span><strong><span style=\"vertical-align: inherit;\"><span style=\"vertical-align: inherit;\">tepl\u00fd<\/span><\/span><\/strong><span style=\"vertical-align: inherit;\"><span style=\"vertical-align: inherit;\"> \u00a0dni <\/span><strong><span style=\"vertical-align: inherit;\">jar a leto<\/span><\/strong><span style=\"vertical-align: inherit;\"> dni.\u00a0<\/span><\/span><strong><span style=\"vertical-align: inherit;\"><span style=\"vertical-align: inherit;\">Najpred\u00e1vanej\u0161\u00ed model za cenu<\/span><\/span><\/strong><span style=\"vertical-align: inherit;\"><span style=\"vertical-align: inherit;\"> . <\/span><span style=\"vertical-align: inherit;\">Model odpor\u00fa\u010dan\u00fd pre \u017eeny vo ve\u013e <strong>SML<\/strong>\u00a0<\/span><\/span><\/p>\n<h3 style=\"text-align: center;\"><span style=\"vertical-align: inherit;\"><span style=\"vertical-align: inherit;\">Rozmery:<\/span><\/span><\/h3>\n<p style=\"text-align: center;\"><span style=\"vertical-align: inherit;\"><span style=\"vertical-align: inherit;\">\u0160\u00cdRKA OD RAMENA K PARAMI: 38 cm - 55 cm<\/span><\/span><\/p>\n<p style=\"text-align: center;\"><span style=\"vertical-align: inherit;\"><span style=\"vertical-align: inherit;\">\u0160\u00cdRKA P\u00c1SU: 32 cm - 52 cm (s gumi\u010dkou)<\/span><\/span><\/p>\n<p style=\"text-align: center;\"><span style=\"vertical-align: inherit;\"><span style=\"vertical-align: inherit;\">CELKOV\u00c1 D\u0139\u017dKA: 70 cm<\/span><\/span><\/p>\n<p style=\"text-align: center;\"><span style=\"vertical-align: inherit;\"><span style=\"vertical-align: inherit;\">Rozmery sa m\u00f4\u017eu l\u00ed\u0161i\u0165 od uveden\u00fdch +\/- 2cm. <\/span><span style=\"vertical-align: inherit;\">V\u0161etky uveden\u00e9 rozmery s\u00fa meran\u00e9 plo\u0161ne.\u00a0<\/span><\/span><strong><span style=\"vertical-align: inherit;\"><span style=\"vertical-align: inherit;\">rozmer x2<\/span><\/span><\/strong><\/p>\n<p>&nbsp;<\/p>\n<table class=\"table\">\n<tbody>\n<tr>\n<td width=\"302\"><span style=\"vertical-align: inherit;\"><span style=\"vertical-align: inherit;\">Meno modela<\/span><\/span><\/td>\n<td width=\"302\">\u0160panielske \u0161aty s kvetmi Diva<\/td>\n<\/tr>\n<tr>\n<td width=\"302\"><span style=\"vertical-align: inherit;\"><span style=\"vertical-align: inherit;\">Farba<\/span><\/span><\/td>\n<td width=\"302\"><span style=\"vertical-align: inherit;\"><span style=\"vertical-align: inherit;\">tyrkysov\u00e1<\/span><\/span><\/td>\n<\/tr>\n<tr>\n<td width=\"302\"><span style=\"vertical-align: inherit;\"><span style=\"vertical-align: inherit;\">vytla\u010di\u0165<\/span><\/span><\/td>\n<td width=\"302\"><span style=\"vertical-align: inherit;\"><span style=\"vertical-align: inherit;\">Kvety<\/span><\/span><\/td>\n<\/tr>\n<tr>\n<td width=\"302\"><span style=\"vertical-align: inherit;\"><span style=\"vertical-align: inherit;\">Materi\u00e1l<\/span><\/span><\/td>\n<td width=\"302\"><span style=\"vertical-align: inherit;\"><span style=\"vertical-align: inherit;\">Polyester 100%\u00a0<\/span><\/span><\/td>\n<\/tr>\n<tr>\n<td width=\"302\"><span style=\"vertical-align: inherit;\"><span style=\"vertical-align: inherit;\">D\u013a\u017eka<\/span><\/span><\/td>\n<td width=\"302\">Do polovice stehien<strong>\u00a0<\/strong><\/td>\n<\/tr>\n<\/tbody>\n<\/table>\n<div class=\"tabs tabs-bb clear mb-80\">\n<div class=\"tab-content\">\n<div id=\"tab-description\" class=\"tab-pane fade in woocommerce-Tabs-panel--description active\">\n<p style=\"text-align: center;\"><span style=\"vertical-align: inherit;\"><span style=\"vertical-align: inherit;\">\u00a0Model m\u00e1\u00a0 <\/span><\/span><strong><span style=\"vertical-align: inherit;\"><span style=\"vertical-align: inherit;\">165<\/span><\/span><\/strong><span style=\"vertical-align: inherit;\"><span style=\"vertical-align: inherit;\"> \u00a0cm vysok\u00fd, nos\u00ed ve\u013ekos\u0165 ka\u017ed\u00fd de\u0148\u00a0 <\/span><\/span><strong><span style=\"vertical-align: inherit;\"><span style=\"vertical-align: inherit;\">S<br \/>\n<\/span><\/span><\/strong><\/p>\n<p style=\"text-align: center;\">\u0160\u00edrka cez prsia 92 cm<\/p>\n<p style=\"text-align: center;\">\u0160\u00edrka v p\u00e1se 62 cm<\/p>\n<p style=\"text-align: center;\">\u0160\u00edrka v bokoch 94 cm<\/p>\n<p style=\"text-align: center;\"><strong><span style=\"vertical-align: inherit;\"><span style=\"vertical-align: inherit;\">\u00a0<\/span><\/span><\/strong><\/p>\n<\/div>\n<\/div>\n<\/div>\n<section class=\"up-sells upsells products mb-80\"><\/section>\n<p>&nbsp;<\/p>","protected":false},"excerpt":{"rendered":"<p>Sukienka Hiszpanka Rozkloszowana W Kwiaty Turkusowa Diva Sukienka Hiszpanka Diva to urzekaj\u0105ca krojem i kolorem sukienka\u00a0 z ods\u0142oni\u0119tymi ramionami.\u00a0Sukienka posiada gumk\u0119 w pasie oraz na r\u0119kawach &#8211; dzi\u0119ki czemu dobro dopasowuje si\u0119 do sylwetki. Model o uroczym lekkim fasonie na rami\u0105czkach z delikatn\u0105 falbank\u0105. Nasza sukienka jest propozycj\u0105 dla Pa\u0144 kochaj\u0105cych \u015bwiat\u0142a \u00a0, zwiewne, dziewcz\u0119ce<\/p>\n<div class=\"klb-readmore post-buttons\"><a class=\"button black outline size-sm\" href=\"https:\/\/madelinefashion.pl\/sk\/sukienka-hiszpanka-rozkloszowana-w-kwiaty-turkusowa-diva\/\">\u010c\u00edta\u0165 \u010falej <i class=\"klbth-icon-right-arrow\"><\/i><\/a><\/div>","protected":false},"featured_media":86065,"template":"","meta":[],"product_brand":[],"product_cat":[125,395],"product_tag":[396],"class_list":{"0":"post-86201","1":"product","2":"type-product","3":"status-publish","4":"has-post-thumbnail","6":"product_cat-sukienki","7":"product_cat-nowosci","8":"product_tag-sukienki-w-kwiaty","10":"first","11":"instock","12":"purchasable","13":"product-type-simple"},"_links":{"self":[{"href":"https:\/\/madelinefashion.pl\/sk\/wp-json\/wp\/v2\/product\/86201","targetHints":{"allow":["GET"]}}],"collection":[{"href":"https:\/\/madelinefashion.pl\/sk\/wp-json\/wp\/v2\/product"}],"about":[{"href":"https:\/\/madelinefashion.pl\/sk\/wp-json\/wp\/v2\/types\/product"}],"wp:featuredmedia":[{"embeddable":true,"href":"https:\/\/madelinefashion.pl\/sk\/wp-json\/wp\/v2\/media\/86065"}],"wp:attachment":[{"href":"https:\/\/madelinefashion.pl\/sk\/wp-json\/wp\/v2\/media?parent=86201"}],"wp:term":[{"taxonomy":"product_brand","embeddable":true,"href":"https:\/\/madelinefashion.pl\/sk\/wp-json\/wp\/v2\/product_brand?post=86201"},{"taxonomy":"product_cat","embeddable":true,"href":"https:\/\/madelinefashion.pl\/sk\/wp-json\/wp\/v2\/product_cat?post=86201"},{"taxonomy":"product_tag","embeddable":true,"href":"https:\/\/madelinefashion.pl\/sk\/wp-json\/wp\/v2\/product_tag?post=86201"}],"curies":[{"name":"pracovn\u00fd list","href":"https:\/\/api.w.org\/{rel}","templated":true}]}}