{"id":86344,"date":"2023-04-26T15:19:17","date_gmt":"2023-04-26T13:19:17","guid":{"rendered":"https:\/\/madelinefashion.pl\/?post_type=product&#038;p=86344"},"modified":"2025-07-30T11:29:10","modified_gmt":"2025-07-30T09:29:10","slug":"elegancki-kombinezon-pudrowy-roz-astonish","status":"publish","type":"product","link":"https:\/\/madelinefashion.pl\/sk\/elegancki-kombinezon-pudrowy-roz-astonish\/","title":{"rendered":"Elegantn\u00fd pudrovoru\u017eov\u00fd overal Astonish"},"content":{"rendered":"<h3 style=\"text-align: center;\">Elegantn\u00fd pudrovoru\u017eov\u00fd overal Astonish<\/h3>\n<p style=\"text-align: center;\">Kr\u00e1sny, nev\u0161edn\u00fd overal, vhodn\u00fd na r\u00f4zne pr\u00edle\u017eitosti. Oblek je vyroben\u00fd z elegantn\u00e9ho stre\u010dov\u00e9ho materi\u00e1lu. Top na tenk\u00fdch nastavite\u013en\u00fdch ramienkach so v\u0161it\u00fdmi ko\u0161\u00ed\u010dkami, overal m\u00e1 na prsiach rozparok v tvare V. \u0160irok\u00fd opasok v p\u00e1se zv\u00fdraz\u0148uj\u00faci p\u00e1s. Nastavite\u013en\u00e9 popruhy. M\u00e1 ko\u0161\u00ed\u010dky, tak\u017ee nemus\u00edte nosi\u0165 podprsenku. Mimoriadne m\u00f3dny overal so \u0161irok\u00fdmi nohavicami. Overal zap\u00ednan\u00fd vzadu na zips. <span style=\"font-size: 10pt;\">Ide\u00e1lne na p\u00e1rty, Silvestra, ve\u010deru alebo von s priate\u013emi. Kombin\u00e9za so \u0161irok\u00fdmi nohavicami prid\u00e1va inov\u00e1ciu.<\/span><span style=\"font-size: 10pt;\">\u00a0 Ak sa neviete rozhodn\u00fa\u0165 ak\u00fa farbu, <strong>ve\u013ekos\u0165<\/strong> je pre v\u00e1s to najlep\u0161ie <strong>kontaktuj n\u00e1s<\/strong> cez <a href=\"https:\/\/www.facebook.com\/madelinefashionbutik\" target=\"_blank\" rel=\"noopener\">Facebook<\/a> alebo <a href=\"https:\/\/madelinefashion.pl\/sk\/kontakt\/\">telef\u00f3n<\/a>. Ak ve\u013ekos\u0165 nie je na str\u00e1nke, kontaktujte n\u00e1s. Ve\u013ekos\u0165 <strong>univerz\u00e1lny<\/strong>, odpor\u00fa\u010dan\u00e9 od S po L.<\/span><\/p>\n<h3 style=\"text-align: center;\">ROZMERY kombin\u00e9zy:<\/h3>\n<p>&nbsp;<\/p>\n<p style=\"text-align: center;\">\u00a0 celkov\u00e1 d\u013a\u017eka: 143 cm<br \/>\n\u0161\u00edrka nohy: 24 cm<br \/>\n\u0161\u00edrka p\u00e1sa: 26 - 41 cm<br \/>\n\u0161\u00edrka od pazuchy po pazuchu: 40 -52 cm<\/p>\n<p style=\"text-align: center;\">\u0160aty s\u00fa dostupn\u00e9 aj v in\u00fdch farb\u00e1ch - odpor\u00fa\u010dame v\u00e1m zozn\u00e1mi\u0165 sa s na\u0161imi \u010fal\u0161\u00edmi produktmi.<\/p>\n<p style=\"text-align: center;\">Rozmery sa m\u00f4\u017eu mierne l\u00ed\u0161i\u0165 od uveden\u00fdch +\/- 2cm.<\/p>\n<p style=\"text-align: center;\"><strong>\u00a0<\/strong><\/p>\n<p>&nbsp;<\/p>\n<table>\n<tbody>\n<tr>\n<td width=\"302\">Meno modela<\/td>\n<td width=\"302\">Elegantn\u00fd overal Astonish<\/td>\n<\/tr>\n<tr>\n<td width=\"302\">Farba<\/td>\n<td width=\"302\"><span style=\"font-size: 10pt;\">P\u00fadrov\u00e1 ru\u017eov\u00e1<\/span><\/td>\n<\/tr>\n<tr>\n<td width=\"302\">Ruk\u00e1v<\/td>\n<td width=\"302\">Na tenk\u00fdch ramienkach<\/td>\n<\/tr>\n<tr>\n<td width=\"302\">Ve\u013ekos\u0165<\/td>\n<td width=\"302\">Univerz\u00e1lny<\/td>\n<\/tr>\n<tr>\n<td width=\"302\">M\u00f3da<\/td>\n<td width=\"302\">Zhoda<\/td>\n<\/tr>\n<tr>\n<td width=\"302\">Materi\u00e1l<\/td>\n<td width=\"302\">95% Polyester 5% Elastan<\/td>\n<\/tr>\n<tr>\n<td width=\"302\">D\u013a\u017eka<\/td>\n<td width=\"302\">Na zem<\/td>\n<\/tr>\n<\/tbody>\n<\/table>\n<p>&nbsp;<\/p>\n<p style=\"text-align: center;\">Aby ste si vybrali\u00a0<strong>perfektn\u00e9 \u0161aty<\/strong>\u00a0kontaktujte n\u00e1s pros\u00edm telefonicky alebo cez n\u00e1\u0161 facebook.<br \/>\nN\u00e1\u0161 t\u00edm v\u00e1m pom\u00f4\u017ee\u00a0<strong>Vyberte si ten spr\u00e1vny<\/strong>\u00a0.\u00a0<strong>Na \u017eelanie kupuj\u00faceho vyrob\u00edme ak\u00e9ko\u013evek \u0161aty\u00a0<\/strong><strong>opatrne mera\u0165.\u00a0<\/strong><\/p>\n<div class=\"additional-details\">\n<p style=\"text-align: center;\">\n<\/div>","protected":false},"excerpt":{"rendered":"<p>Elegancki Kombinezon Pudrowy R\u00f3\u017c Astonish Pi\u0119kny, nietuzinkowy kombinezon, odpowiedni na r\u00f3\u017cne okazje. Kombinezon uszyty jest z\u00a0 eleganckiego rozci\u0105gliwego materia\u0142u. G\u00f3ra na cienkich regulowanych rami\u0105czkach z wszytymi miseczkami , kombinezon posiada rozci\u0119cie w literk\u0119 V na biu\u015bcie. W pasie szeroki pas podkre\u015blaj\u0105cy tali\u0119. Rami\u0105czka regulowane. Posiada miseczki, dzi\u0119ki czemu nie trzeba zak\u0142ada\u0107 biustonosza. Niezwykle modna szeroka<\/p>\n<div class=\"klb-readmore post-buttons\"><a class=\"button black outline size-sm\" href=\"https:\/\/madelinefashion.pl\/sk\/elegancki-kombinezon-pudrowy-roz-astonish\/\">\u010c\u00edta\u0165 \u010falej <i class=\"klbth-icon-right-arrow\"><\/i><\/a><\/div>","protected":false},"featured_media":86217,"template":"","meta":[],"product_brand":[],"product_cat":[80,395],"product_tag":[297],"class_list":{"0":"post-86344","1":"product","2":"type-product","3":"status-publish","4":"has-post-thumbnail","6":"product_cat-sukienki-i-kombinezony","7":"product_cat-nowosci","8":"product_tag-kombinezony","10":"first","11":"instock","12":"purchasable","13":"product-type-simple"},"_links":{"self":[{"href":"https:\/\/madelinefashion.pl\/sk\/wp-json\/wp\/v2\/product\/86344","targetHints":{"allow":["GET"]}}],"collection":[{"href":"https:\/\/madelinefashion.pl\/sk\/wp-json\/wp\/v2\/product"}],"about":[{"href":"https:\/\/madelinefashion.pl\/sk\/wp-json\/wp\/v2\/types\/product"}],"wp:featuredmedia":[{"embeddable":true,"href":"https:\/\/madelinefashion.pl\/sk\/wp-json\/wp\/v2\/media\/86217"}],"wp:attachment":[{"href":"https:\/\/madelinefashion.pl\/sk\/wp-json\/wp\/v2\/media?parent=86344"}],"wp:term":[{"taxonomy":"product_brand","embeddable":true,"href":"https:\/\/madelinefashion.pl\/sk\/wp-json\/wp\/v2\/product_brand?post=86344"},{"taxonomy":"product_cat","embeddable":true,"href":"https:\/\/madelinefashion.pl\/sk\/wp-json\/wp\/v2\/product_cat?post=86344"},{"taxonomy":"product_tag","embeddable":true,"href":"https:\/\/madelinefashion.pl\/sk\/wp-json\/wp\/v2\/product_tag?post=86344"}],"curies":[{"name":"pracovn\u00fd list","href":"https:\/\/api.w.org\/{rel}","templated":true}]}}