{"id":86987,"date":"2023-04-28T12:10:45","date_gmt":"2023-04-28T10:10:45","guid":{"rendered":"https:\/\/madelinefashion.pl\/?post_type=product&#038;p=86987"},"modified":"2024-10-05T14:25:17","modified_gmt":"2024-10-05T12:25:17","slug":"zakiet-krotki-z-piorkami-boss-brazowy","status":"publish","type":"product","link":"https:\/\/madelinefashion.pl\/sk\/zakiet-krotki-z-piorkami-boss-brazowy\/","title":{"rendered":"Kr\u00e1tka bunda s per\u00edm Boss hned\u00e1"},"content":{"rendered":"<h3 style=\"text-align: center;\">Kr\u00e1tka bunda s per\u00edm Boss hned\u00e1<\/h3>\n<p style=\"text-align: center;\"><strong>Bunda <\/strong>je klasick\u00fd model odpor\u00fa\u010dan\u00fd ako doplnok k stylingu. Hrub\u0161\u00ed materi\u00e1l, ve\u013emi elegantn\u00fd. S pod\u0161\u00edvkou. Bunda m\u00e1 v\u0161it\u00e9 ramenn\u00e9 vypch\u00e1vky. <strong>Klasick\u00e9 sako je prvkom oble\u010denia, ktor\u00fd by mal ma\u0165 v \u0161atn\u00edku ka\u017ed\u00fd z n\u00e1s. <\/strong>Ide\u00e1lne pre elegantn\u00e9 \u0161tyliz\u00e1cie a skvel\u00e9 pre oby\u010dajn\u00e9 tri\u010dko a d\u017e\u00ednsy. Vysoko kvalitn\u00fd materi\u00e1l. <strong>Klasick\u00e1 bunda<\/strong>\u00a0mus\u00ed n\u00e1js\u0165 miesto vo va\u0161om \u0161atn\u00edku - najm\u00e4 ak h\u013ead\u00e1te spestrenie minimalistick\u00fdch setov.<br \/>\n<strong>Origin\u00e1lny \u0161t\u00fdl<\/strong> bundy bud\u00fa fungova\u0165 v elegantnom aj \u0161portovom \u0161t\u00fdle. <strong>Vysoko kvalitn\u00fd materi\u00e1l<\/strong>Materi\u00e1l, z ktor\u00e9ho je bunda vyroben\u00e1, zaru\u010duje trvanlivos\u0165 produktu a je vhodn\u00e1 na mnoho sez\u00f3n. Spojte ho s <strong>elegantn\u00e9 nohavice<\/strong> cigarky alebo ceruzkov\u00e1 suk\u0148a. Mimoriadne \u0161t\u00fdlov\u00e1 ponuka na ka\u017edodenn\u00e9 pou\u017eitie, ako aj na elegantnej\u0161ie \u0161tyliz\u00e1cie. Ide\u00e1lny model na mnoh\u00e9 pr\u00edle\u017eitosti a <strong>pre pr\u00e1cu<\/strong>.<\/p>\n<p>&nbsp;<\/p>\n<h3 style=\"text-align: center;\">Charakteristika:<\/h3>\n<ul>\n<li style=\"text-align: center;\">zap\u00ednanie na gomb\u00edky<\/li>\n<li style=\"text-align: center;\">s dlh\u00fdmi ruk\u00e1vmi<\/li>\n<li style=\"text-align: center;\">s pod\u0161\u00edvkou<\/li>\n<li style=\"text-align: center;\">ozdobn\u00e9 pierka<\/li>\n<\/ul>\n<p style=\"text-align: center;\"><strong>\u00a0<\/strong><\/p>\n<table>\n<tbody>\n<tr>\n<td width=\"302\">Meno modela<\/td>\n<td width=\"302\">Kr\u00e1tka bunda s Boss per\u00edm<\/td>\n<\/tr>\n<tr>\n<td width=\"302\">Farba<\/td>\n<td width=\"302\">Hned\u00e1<\/td>\n<\/tr>\n<tr>\n<td width=\"302\">ve\u013ekosti<\/td>\n<td width=\"302\">Univerz\u00e1lny<\/td>\n<\/tr>\n<tr>\n<td width=\"302\">M\u00f3da<\/td>\n<td width=\"302\">Elegantn\u00fd<\/td>\n<\/tr>\n<tr>\n<td width=\"302\">Materi\u00e1l<\/td>\n<td width=\"302\">95% visk\u00f3za 5 % elastan<\/td>\n<\/tr>\n<\/tbody>\n<\/table>\n<p style=\"text-align: center;\">","protected":false},"excerpt":{"rendered":"<p>\u017bakiet Kr\u00f3tki Z Pi\u00f3rkami Boss Br\u0105zowy Marynarka to\u00a0 klasyczny model\u00a0 polecany jako dope\u0142nienie stylizacji. Materia\u0142 grubszy, bardzo elegancki. Z podszewk\u0105. Marynarka posiada wszyte poduszki na ramionach. Klasyczna marynarka to element garderoby, kt\u00f3ra powinna mie\u0107 ka\u017cda z Nas w swojej szafie. Idealna do eleganckich stylizacji oraz \u015bwietnie si\u0119 sprawdzi do zwyk\u0142ego T-shirtu i jeans\u00f3w. Wysoka jako\u015b\u0107<\/p>\n<div class=\"klb-readmore post-buttons\"><a class=\"button black outline size-sm\" href=\"https:\/\/madelinefashion.pl\/sk\/zakiet-krotki-z-piorkami-boss-brazowy\/\">\u010c\u00edta\u0165 \u010falej <i class=\"klbth-icon-right-arrow\"><\/i><\/a><\/div>","protected":false},"featured_media":86913,"template":"","meta":[],"product_brand":[],"product_cat":[95],"product_tag":[],"class_list":{"0":"post-86987","1":"product","2":"type-product","3":"status-publish","4":"has-post-thumbnail","6":"product_cat-marynarki-i-zakiety","8":"first","9":"outofstock","10":"purchasable","11":"product-type-simple"},"_links":{"self":[{"href":"https:\/\/madelinefashion.pl\/sk\/wp-json\/wp\/v2\/product\/86987","targetHints":{"allow":["GET"]}}],"collection":[{"href":"https:\/\/madelinefashion.pl\/sk\/wp-json\/wp\/v2\/product"}],"about":[{"href":"https:\/\/madelinefashion.pl\/sk\/wp-json\/wp\/v2\/types\/product"}],"wp:featuredmedia":[{"embeddable":true,"href":"https:\/\/madelinefashion.pl\/sk\/wp-json\/wp\/v2\/media\/86913"}],"wp:attachment":[{"href":"https:\/\/madelinefashion.pl\/sk\/wp-json\/wp\/v2\/media?parent=86987"}],"wp:term":[{"taxonomy":"product_brand","embeddable":true,"href":"https:\/\/madelinefashion.pl\/sk\/wp-json\/wp\/v2\/product_brand?post=86987"},{"taxonomy":"product_cat","embeddable":true,"href":"https:\/\/madelinefashion.pl\/sk\/wp-json\/wp\/v2\/product_cat?post=86987"},{"taxonomy":"product_tag","embeddable":true,"href":"https:\/\/madelinefashion.pl\/sk\/wp-json\/wp\/v2\/product_tag?post=86987"}],"curies":[{"name":"pracovn\u00fd list","href":"https:\/\/api.w.org\/{rel}","templated":true}]}}