{"id":87611,"date":"2023-05-06T14:45:37","date_gmt":"2023-05-06T12:45:37","guid":{"rendered":"https:\/\/madelinefashion.pl\/?post_type=product&#038;p=87611"},"modified":"2026-03-01T12:58:06","modified_gmt":"2026-03-01T11:58:06","slug":"torebka-ala-pinko-karmelowa","status":"publish","type":"product","link":"https:\/\/madelinefashion.pl\/sk\/torebka-ala-pinko-karmelowa\/","title":{"rendered":"Kabelka A la Pinko Caramel"},"content":{"rendered":"<h3 style=\"text-align: center;\">Torebka a\u2019la Pinko Karmelowa<\/h3>\n<p style=\"text-align: center;\">Kabelka je nevyhnutnos\u0165ou<strong> \u0161atn\u00edk ka\u017edej \u017eeny<\/strong>. Ten model charakteryzuje si\u0119 nie tylko sw\u0105 praktyczno\u015bci\u0105, ale r\u00f3wnie\u017c elegancj\u0105.\u00a0 Elegancka torebka damska z eko-sk\u00f3ry dla kobiet pod\u0105\u017caj\u0105cych za najnowszymi trendami w modzie. Charakterystyczne jask\u00f3\u0142ki zosta\u0142y zainspirowane stylem \u015bwiatowego prekursora mody. Torebka ze z\u0142otym \u0142a\u0144cuszkiem stanowi \u015bwietne uzupe\u0142nienie formalnych stylizacji.W zetawie r\u00f3wnie\u017c sk\u00f3rzany pasek. Mo\u017cesz za\u0142o\u017cy\u0107 j\u0105 do p\u0142aszcza, sukienki, a tak\u017ce damskiego garnituru \u2013 w ka\u017cdym tym zestawieniu b\u0119dzie wygl\u0105da\u0107 \u015bwietnie.<\/p>\n<p>\u00a0<\/p>\n<h3 style=\"text-align: center;\">Charakteristika:<\/h3>\n<ul>\n<li style=\"text-align: center;\">2 hlavn\u00e9 priehradky<br \/>\nextra ko\u017een\u00fd remienok<\/li>\n<li style=\"text-align: center;\">vn\u00fatorn\u00e9 vrecko na zips<\/li>\n<li style=\"text-align: center;\">2 \u010fal\u0161ie mal\u00e9 vreck\u00e1<\/li>\n<li style=\"text-align: center;\">v\u0161etko upevnen\u00e9 na magnet<\/li>\n<\/ul>\n<p>\u00a0<\/p>\n<h3 style=\"text-align: center;\">Rozmery ta\u0161ky:<\/h3>\n<ul style=\"text-align: center;\">\n<li>v\u00fd\u0161ka \u2013 17,5 cm<\/li>\n<li>\u0161\u00edrka \u2013 27,5 cm<\/li>\n<li>d\u0142ugo\u015b\u0107 paska (\u0142a\u0144cuszka) \u2013 128 cm<\/li>\n<li><\/li>\n<\/ul>","protected":false},"excerpt":{"rendered":"<p>Torebka a\u2019la Pinko Karmelowa Torebka, to niezb\u0119dny przedmiot w garderobie ka\u017cdej kobiety. Ten model charakteryzuje si\u0119 nie tylko sw\u0105 praktyczno\u015bci\u0105, ale r\u00f3wnie\u017c elegancj\u0105.\u00a0 Elegancka torebka damska z eko-sk\u00f3ry dla kobiet pod\u0105\u017caj\u0105cych za najnowszymi trendami w modzie. Charakterystyczne jask\u00f3\u0142ki zosta\u0142y zainspirowane stylem \u015bwiatowego prekursora mody. Torebka ze z\u0142otym \u0142a\u0144cuszkiem stanowi \u015bwietne uzupe\u0142nienie formalnych stylizacji.W zetawie r\u00f3wnie\u017c<\/p>\n<div class=\"klb-readmore post-buttons\"><a class=\"button black outline size-sm\" href=\"https:\/\/madelinefashion.pl\/sk\/torebka-ala-pinko-karmelowa\/\">\u010c\u00edta\u0165 \u010falej <i class=\"klbth-icon-right-arrow\"><\/i><\/a><\/div>","protected":false},"featured_media":87612,"template":"","meta":[],"product_brand":[],"product_cat":[113],"product_tag":[412],"class_list":{"0":"post-87611","1":"product","2":"type-product","3":"status-publish","4":"has-post-thumbnail","6":"product_cat-dodatki","7":"product_tag-torebki-damskie","9":"first","10":"outofstock","11":"sale","12":"purchasable","13":"product-type-simple"},"_links":{"self":[{"href":"https:\/\/madelinefashion.pl\/sk\/wp-json\/wp\/v2\/product\/87611","targetHints":{"allow":["GET"]}}],"collection":[{"href":"https:\/\/madelinefashion.pl\/sk\/wp-json\/wp\/v2\/product"}],"about":[{"href":"https:\/\/madelinefashion.pl\/sk\/wp-json\/wp\/v2\/types\/product"}],"wp:featuredmedia":[{"embeddable":true,"href":"https:\/\/madelinefashion.pl\/sk\/wp-json\/wp\/v2\/media\/87612"}],"wp:attachment":[{"href":"https:\/\/madelinefashion.pl\/sk\/wp-json\/wp\/v2\/media?parent=87611"}],"wp:term":[{"taxonomy":"product_brand","embeddable":true,"href":"https:\/\/madelinefashion.pl\/sk\/wp-json\/wp\/v2\/product_brand?post=87611"},{"taxonomy":"product_cat","embeddable":true,"href":"https:\/\/madelinefashion.pl\/sk\/wp-json\/wp\/v2\/product_cat?post=87611"},{"taxonomy":"product_tag","embeddable":true,"href":"https:\/\/madelinefashion.pl\/sk\/wp-json\/wp\/v2\/product_tag?post=87611"}],"curies":[{"name":"pracovn\u00fd list","href":"https:\/\/api.w.org\/{rel}","templated":true}]}}